{"id":3045,"date":"2023-05-23T08:28:32","date_gmt":"2023-05-23T08:28:32","guid":{"rendered":"https:\/\/jobo-borstels.dapprgemaakt.nl\/technische-industrie\/"},"modified":"2024-08-07T09:23:26","modified_gmt":"2024-08-07T09:23:26","slug":"technische-industrie","status":"publish","type":"page","link":"https:\/\/jobo-borstels.dapprgemaakt.nl\/de\/technische-industrie\/","title":{"rendered":"Technische Industrie"},"content":{"rendered":"","protected":false},"excerpt":{"rendered":"","protected":false},"author":2,"featured_media":2311,"parent":0,"menu_order":0,"comment_status":"closed","ping_status":"closed","template":"template-category.php","meta":{"_acf_changed":false,"footnotes":""},"class_list":["post-3045","page","type-page","status-publish","has-post-thumbnail","hentry"],"acf":[],"yoast_head":"<!-- This site is optimized with the Yoast SEO plugin v24.0 - https:\/\/yoast.com\/wordpress\/plugins\/seo\/ -->\n<title>Sonderl\u00f6sungen und ma\u00dfgeschneiderte B\u00fcrsten f\u00fcr die Industrie<\/title>\n<meta name=\"description\" content=\"Entdecken Sie ma\u00dfgeschneiderte B\u00fcrsten und Sonderl\u00f6sungen f\u00fcr die Industrie. Optimieren Sie Ihre Prozesse mit unseren B\u00fcrstenl\u00f6sungen.\" \/>\n<meta name=\"robots\" content=\"noindex, follow, max-snippet:-1, max-image-preview:large, max-video-preview:-1\" \/>\n<meta property=\"og:locale\" content=\"de_DE\" \/>\n<meta property=\"og:type\" content=\"article\" \/>\n<meta property=\"og:title\" content=\"Sonderl\u00f6sungen und ma\u00dfgeschneiderte B\u00fcrsten f\u00fcr die Industrie\" \/>\n<meta property=\"og:description\" content=\"Entdecken Sie ma\u00dfgeschneiderte B\u00fcrsten und Sonderl\u00f6sungen f\u00fcr die Industrie. Optimieren Sie Ihre Prozesse mit unseren B\u00fcrstenl\u00f6sungen.\" \/>\n<meta property=\"og:url\" content=\"https:\/\/jobo-borstels.dapprgemaakt.nl\/de\/technische-industrie\/\" \/>\n<meta property=\"og:site_name\" content=\"Jobo Borstelfabriek\" \/>\n<meta property=\"article:modified_time\" content=\"2024-08-07T09:23:26+00:00\" \/>\n<meta property=\"og:image\" content=\"https:\/\/jobo-borstels.dapprgemaakt.nl\/wp-content\/uploads\/2024\/06\/van-dorsten-schoonmaken-eancode-schip.jpg\" \/>\n\t<meta property=\"og:image:width\" content=\"1600\" \/>\n\t<meta property=\"og:image:height\" content=\"1200\" \/>\n\t<meta property=\"og:image:type\" content=\"image\/jpeg\" \/>\n<meta name=\"twitter:card\" content=\"summary_large_image\" \/>\n<meta name=\"twitter:label1\" content=\"Gesch\u00e4tzte Lesezeit\" \/>\n\t<meta name=\"twitter:data1\" content=\"1\u00a0Minute\" \/>\n<script type=\"application\/ld+json\" class=\"yoast-schema-graph\">{\"@context\":\"https:\/\/schema.org\",\"@graph\":[{\"@type\":\"WebPage\",\"@id\":\"https:\/\/jobo-borstels.dapprgemaakt.nl\/de\/technische-industrie\/\",\"url\":\"https:\/\/jobo-borstels.dapprgemaakt.nl\/de\/technische-industrie\/\",\"name\":\"Sonderl\u00f6sungen und ma\u00dfgeschneiderte B\u00fcrsten f\u00fcr die Industrie\",\"isPartOf\":{\"@id\":\"https:\/\/jobo-borstels.dapprgemaakt.nl\/de\/#website\"},\"primaryImageOfPage\":{\"@id\":\"https:\/\/jobo-borstels.dapprgemaakt.nl\/de\/technische-industrie\/#primaryimage\"},\"image\":{\"@id\":\"https:\/\/jobo-borstels.dapprgemaakt.nl\/de\/technische-industrie\/#primaryimage\"},\"thumbnailUrl\":\"https:\/\/jobo-borstels.dapprgemaakt.nl\/wp-content\/uploads\/2024\/06\/van-dorsten-schoonmaken-eancode-schip.jpg\",\"datePublished\":\"2023-05-23T08:28:32+00:00\",\"dateModified\":\"2024-08-07T09:23:26+00:00\",\"description\":\"Entdecken Sie ma\u00dfgeschneiderte B\u00fcrsten und Sonderl\u00f6sungen f\u00fcr die Industrie. Optimieren Sie Ihre Prozesse mit unseren B\u00fcrstenl\u00f6sungen.\",\"breadcrumb\":{\"@id\":\"https:\/\/jobo-borstels.dapprgemaakt.nl\/de\/technische-industrie\/#breadcrumb\"},\"inLanguage\":\"de\",\"potentialAction\":[{\"@type\":\"ReadAction\",\"target\":[\"https:\/\/jobo-borstels.dapprgemaakt.nl\/de\/technische-industrie\/\"]}]},{\"@type\":\"ImageObject\",\"inLanguage\":\"de\",\"@id\":\"https:\/\/jobo-borstels.dapprgemaakt.nl\/de\/technische-industrie\/#primaryimage\",\"url\":\"https:\/\/jobo-borstels.dapprgemaakt.nl\/wp-content\/uploads\/2024\/06\/van-dorsten-schoonmaken-eancode-schip.jpg\",\"contentUrl\":\"https:\/\/jobo-borstels.dapprgemaakt.nl\/wp-content\/uploads\/2024\/06\/van-dorsten-schoonmaken-eancode-schip.jpg\",\"width\":1600,\"height\":1200,\"caption\":\"technische industrie\"},{\"@type\":\"BreadcrumbList\",\"@id\":\"https:\/\/jobo-borstels.dapprgemaakt.nl\/de\/technische-industrie\/#breadcrumb\",\"itemListElement\":[{\"@type\":\"ListItem\",\"position\":1,\"name\":\"Home\",\"item\":\"https:\/\/besenundbuersten.de\/\"},{\"@type\":\"ListItem\",\"position\":2,\"name\":\"Technische Industrie\"}]},{\"@type\":\"WebSite\",\"@id\":\"https:\/\/jobo-borstels.dapprgemaakt.nl\/de\/#website\",\"url\":\"https:\/\/jobo-borstels.dapprgemaakt.nl\/de\/\",\"name\":\"Jobo Borstelfabriek\",\"description\":\"\",\"potentialAction\":[{\"@type\":\"SearchAction\",\"target\":{\"@type\":\"EntryPoint\",\"urlTemplate\":\"https:\/\/jobo-borstels.dapprgemaakt.nl\/de\/?s={search_term_string}\"},\"query-input\":{\"@type\":\"PropertyValueSpecification\",\"valueRequired\":true,\"valueName\":\"search_term_string\"}}],\"inLanguage\":\"de\"}]}<\/script>\n<!-- \/ Yoast SEO plugin. -->","yoast_head_json":{"title":"Sonderl\u00f6sungen und ma\u00dfgeschneiderte B\u00fcrsten f\u00fcr die Industrie","description":"Entdecken Sie ma\u00dfgeschneiderte B\u00fcrsten und Sonderl\u00f6sungen f\u00fcr die Industrie. Optimieren Sie Ihre Prozesse mit unseren B\u00fcrstenl\u00f6sungen.","robots":{"index":"noindex","follow":"follow","max-snippet":"max-snippet:-1","max-image-preview":"max-image-preview:large","max-video-preview":"max-video-preview:-1"},"og_locale":"de_DE","og_type":"article","og_title":"Sonderl\u00f6sungen und ma\u00dfgeschneiderte B\u00fcrsten f\u00fcr die Industrie","og_description":"Entdecken Sie ma\u00dfgeschneiderte B\u00fcrsten und Sonderl\u00f6sungen f\u00fcr die Industrie. Optimieren Sie Ihre Prozesse mit unseren B\u00fcrstenl\u00f6sungen.","og_url":"https:\/\/jobo-borstels.dapprgemaakt.nl\/de\/technische-industrie\/","og_site_name":"Jobo Borstelfabriek","article_modified_time":"2024-08-07T09:23:26+00:00","og_image":[{"width":1600,"height":1200,"url":"https:\/\/jobo-borstels.dapprgemaakt.nl\/wp-content\/uploads\/2024\/06\/van-dorsten-schoonmaken-eancode-schip.jpg","type":"image\/jpeg"}],"twitter_card":"summary_large_image","twitter_misc":{"Gesch\u00e4tzte Lesezeit":"1\u00a0Minute"},"schema":{"@context":"https:\/\/schema.org","@graph":[{"@type":"WebPage","@id":"https:\/\/jobo-borstels.dapprgemaakt.nl\/de\/technische-industrie\/","url":"https:\/\/jobo-borstels.dapprgemaakt.nl\/de\/technische-industrie\/","name":"Sonderl\u00f6sungen und ma\u00dfgeschneiderte B\u00fcrsten f\u00fcr die Industrie","isPartOf":{"@id":"https:\/\/jobo-borstels.dapprgemaakt.nl\/de\/#website"},"primaryImageOfPage":{"@id":"https:\/\/jobo-borstels.dapprgemaakt.nl\/de\/technische-industrie\/#primaryimage"},"image":{"@id":"https:\/\/jobo-borstels.dapprgemaakt.nl\/de\/technische-industrie\/#primaryimage"},"thumbnailUrl":"https:\/\/jobo-borstels.dapprgemaakt.nl\/wp-content\/uploads\/2024\/06\/van-dorsten-schoonmaken-eancode-schip.jpg","datePublished":"2023-05-23T08:28:32+00:00","dateModified":"2024-08-07T09:23:26+00:00","description":"Entdecken Sie ma\u00dfgeschneiderte B\u00fcrsten und Sonderl\u00f6sungen f\u00fcr die Industrie. Optimieren Sie Ihre Prozesse mit unseren B\u00fcrstenl\u00f6sungen.","breadcrumb":{"@id":"https:\/\/jobo-borstels.dapprgemaakt.nl\/de\/technische-industrie\/#breadcrumb"},"inLanguage":"de","potentialAction":[{"@type":"ReadAction","target":["https:\/\/jobo-borstels.dapprgemaakt.nl\/de\/technische-industrie\/"]}]},{"@type":"ImageObject","inLanguage":"de","@id":"https:\/\/jobo-borstels.dapprgemaakt.nl\/de\/technische-industrie\/#primaryimage","url":"https:\/\/jobo-borstels.dapprgemaakt.nl\/wp-content\/uploads\/2024\/06\/van-dorsten-schoonmaken-eancode-schip.jpg","contentUrl":"https:\/\/jobo-borstels.dapprgemaakt.nl\/wp-content\/uploads\/2024\/06\/van-dorsten-schoonmaken-eancode-schip.jpg","width":1600,"height":1200,"caption":"technische industrie"},{"@type":"BreadcrumbList","@id":"https:\/\/jobo-borstels.dapprgemaakt.nl\/de\/technische-industrie\/#breadcrumb","itemListElement":[{"@type":"ListItem","position":1,"name":"Home","item":"https:\/\/besenundbuersten.de\/"},{"@type":"ListItem","position":2,"name":"Technische Industrie"}]},{"@type":"WebSite","@id":"https:\/\/jobo-borstels.dapprgemaakt.nl\/de\/#website","url":"https:\/\/jobo-borstels.dapprgemaakt.nl\/de\/","name":"Jobo Borstelfabriek","description":"","potentialAction":[{"@type":"SearchAction","target":{"@type":"EntryPoint","urlTemplate":"https:\/\/jobo-borstels.dapprgemaakt.nl\/de\/?s={search_term_string}"},"query-input":{"@type":"PropertyValueSpecification","valueRequired":true,"valueName":"search_term_string"}}],"inLanguage":"de"}]}},"_links":{"self":[{"href":"https:\/\/jobo-borstels.dapprgemaakt.nl\/de\/wp-json\/wp\/v2\/pages\/3045","targetHints":{"allow":["GET"]}}],"collection":[{"href":"https:\/\/jobo-borstels.dapprgemaakt.nl\/de\/wp-json\/wp\/v2\/pages"}],"about":[{"href":"https:\/\/jobo-borstels.dapprgemaakt.nl\/de\/wp-json\/wp\/v2\/types\/page"}],"author":[{"embeddable":true,"href":"https:\/\/jobo-borstels.dapprgemaakt.nl\/de\/wp-json\/wp\/v2\/users\/2"}],"replies":[{"embeddable":true,"href":"https:\/\/jobo-borstels.dapprgemaakt.nl\/de\/wp-json\/wp\/v2\/comments?post=3045"}],"version-history":[{"count":7,"href":"https:\/\/jobo-borstels.dapprgemaakt.nl\/de\/wp-json\/wp\/v2\/pages\/3045\/revisions"}],"predecessor-version":[{"id":3205,"href":"https:\/\/jobo-borstels.dapprgemaakt.nl\/de\/wp-json\/wp\/v2\/pages\/3045\/revisions\/3205"}],"wp:featuredmedia":[{"embeddable":true,"href":"https:\/\/jobo-borstels.dapprgemaakt.nl\/de\/wp-json\/wp\/v2\/media\/2311"}],"wp:attachment":[{"href":"https:\/\/jobo-borstels.dapprgemaakt.nl\/de\/wp-json\/wp\/v2\/media?parent=3045"}],"curies":[{"name":"wp","href":"https:\/\/api.w.org\/{rel}","templated":true}]}}