{"id":3078,"date":"2023-05-23T08:28:32","date_gmt":"2023-05-23T08:28:32","guid":{"rendered":"https:\/\/jobo-borstels.dapprgemaakt.nl\/fussabstreifer\/"},"modified":"2024-11-25T14:51:09","modified_gmt":"2024-11-25T14:51:09","slug":"fussabtreter","status":"publish","type":"page","link":"https:\/\/jobo-borstels.dapprgemaakt.nl\/de\/fussabtreter\/","title":{"rendered":"Fu\u00dfabtreter"},"content":{"rendered":"","protected":false},"excerpt":{"rendered":"","protected":false},"author":2,"featured_media":1334,"parent":0,"menu_order":0,"comment_status":"closed","ping_status":"closed","template":"template-category.php","meta":{"_acf_changed":false,"footnotes":""},"class_list":["post-3078","page","type-page","status-publish","has-post-thumbnail","hentry"],"acf":[],"yoast_head":"<!-- This site is optimized with the Yoast SEO plugin v24.0 - https:\/\/yoast.com\/wordpress\/plugins\/seo\/ -->\n<title>Kehrmaschinen f\u00fcr saubere Eing\u00e4nge - Jobo Brush Factory<\/title>\n<meta name=\"description\" content=\"Halten Sie Ihren Eingang mit den Jobo&#039;s Fu\u00dft\u00fcchern sauber. Stark, effektiv und f\u00fcr jede T\u00fcr geeignet.\" \/>\n<meta name=\"robots\" content=\"noindex, follow, max-snippet:-1, max-image-preview:large, max-video-preview:-1\" \/>\n<meta property=\"og:locale\" content=\"de_DE\" \/>\n<meta property=\"og:type\" content=\"article\" \/>\n<meta property=\"og:title\" content=\"Kehrmaschinen f\u00fcr saubere Eing\u00e4nge - Jobo Brush Factory\" \/>\n<meta property=\"og:description\" content=\"Halten Sie Ihren Eingang mit den Jobo&#039;s Fu\u00dft\u00fcchern sauber. Stark, effektiv und f\u00fcr jede T\u00fcr geeignet.\" \/>\n<meta property=\"og:url\" content=\"https:\/\/jobo-borstels.dapprgemaakt.nl\/de\/fussabtreter\/\" \/>\n<meta property=\"og:site_name\" content=\"Jobo Borstelfabriek\" \/>\n<meta property=\"article:modified_time\" content=\"2024-11-25T14:51:09+00:00\" \/>\n<meta property=\"og:image\" content=\"https:\/\/jobo-borstels.dapprgemaakt.nl\/wp-content\/uploads\/2023\/11\/Voetenveger-dubbel-zwart.jpg\" \/>\n\t<meta property=\"og:image:width\" content=\"2000\" \/>\n\t<meta property=\"og:image:height\" content=\"1788\" \/>\n\t<meta property=\"og:image:type\" content=\"image\/jpeg\" \/>\n<meta name=\"twitter:card\" content=\"summary_large_image\" \/>\n<meta name=\"twitter:label1\" content=\"Gesch\u00e4tzte Lesezeit\" \/>\n\t<meta name=\"twitter:data1\" content=\"1\u00a0Minute\" \/>\n<script type=\"application\/ld+json\" class=\"yoast-schema-graph\">{\"@context\":\"https:\/\/schema.org\",\"@graph\":[{\"@type\":\"WebPage\",\"@id\":\"https:\/\/jobo-borstels.dapprgemaakt.nl\/de\/fussabtreter\/\",\"url\":\"https:\/\/jobo-borstels.dapprgemaakt.nl\/de\/fussabtreter\/\",\"name\":\"Kehrmaschinen f\u00fcr saubere Eing\u00e4nge - Jobo Brush Factory\",\"isPartOf\":{\"@id\":\"https:\/\/jobo-borstels.dapprgemaakt.nl\/de\/#website\"},\"primaryImageOfPage\":{\"@id\":\"https:\/\/jobo-borstels.dapprgemaakt.nl\/de\/fussabtreter\/#primaryimage\"},\"image\":{\"@id\":\"https:\/\/jobo-borstels.dapprgemaakt.nl\/de\/fussabtreter\/#primaryimage\"},\"thumbnailUrl\":\"https:\/\/jobo-borstels.dapprgemaakt.nl\/wp-content\/uploads\/2023\/11\/Voetenveger-dubbel-zwart.jpg\",\"datePublished\":\"2023-05-23T08:28:32+00:00\",\"dateModified\":\"2024-11-25T14:51:09+00:00\",\"description\":\"Halten Sie Ihren Eingang mit den Jobo's Fu\u00dft\u00fcchern sauber. Stark, effektiv und f\u00fcr jede T\u00fcr geeignet.\",\"breadcrumb\":{\"@id\":\"https:\/\/jobo-borstels.dapprgemaakt.nl\/de\/fussabtreter\/#breadcrumb\"},\"inLanguage\":\"de\",\"potentialAction\":[{\"@type\":\"ReadAction\",\"target\":[\"https:\/\/jobo-borstels.dapprgemaakt.nl\/de\/fussabtreter\/\"]}]},{\"@type\":\"ImageObject\",\"inLanguage\":\"de\",\"@id\":\"https:\/\/jobo-borstels.dapprgemaakt.nl\/de\/fussabtreter\/#primaryimage\",\"url\":\"https:\/\/jobo-borstels.dapprgemaakt.nl\/wp-content\/uploads\/2023\/11\/Voetenveger-dubbel-zwart.jpg\",\"contentUrl\":\"https:\/\/jobo-borstels.dapprgemaakt.nl\/wp-content\/uploads\/2023\/11\/Voetenveger-dubbel-zwart.jpg\",\"width\":2000,\"height\":1788,\"caption\":\"Voetenveger dubbel zwart\"},{\"@type\":\"BreadcrumbList\",\"@id\":\"https:\/\/jobo-borstels.dapprgemaakt.nl\/de\/fussabtreter\/#breadcrumb\",\"itemListElement\":[{\"@type\":\"ListItem\",\"position\":1,\"name\":\"Home\",\"item\":\"https:\/\/besenundbuersten.de\/\"},{\"@type\":\"ListItem\",\"position\":2,\"name\":\"Fu\u00dfabtreter\"}]},{\"@type\":\"WebSite\",\"@id\":\"https:\/\/jobo-borstels.dapprgemaakt.nl\/de\/#website\",\"url\":\"https:\/\/jobo-borstels.dapprgemaakt.nl\/de\/\",\"name\":\"Jobo Borstelfabriek\",\"description\":\"\",\"potentialAction\":[{\"@type\":\"SearchAction\",\"target\":{\"@type\":\"EntryPoint\",\"urlTemplate\":\"https:\/\/jobo-borstels.dapprgemaakt.nl\/de\/?s={search_term_string}\"},\"query-input\":{\"@type\":\"PropertyValueSpecification\",\"valueRequired\":true,\"valueName\":\"search_term_string\"}}],\"inLanguage\":\"de\"}]}<\/script>\n<!-- \/ Yoast SEO plugin. -->","yoast_head_json":{"title":"Kehrmaschinen f\u00fcr saubere Eing\u00e4nge - Jobo Brush Factory","description":"Halten Sie Ihren Eingang mit den Jobo's Fu\u00dft\u00fcchern sauber. Stark, effektiv und f\u00fcr jede T\u00fcr geeignet.","robots":{"index":"noindex","follow":"follow","max-snippet":"max-snippet:-1","max-image-preview":"max-image-preview:large","max-video-preview":"max-video-preview:-1"},"og_locale":"de_DE","og_type":"article","og_title":"Kehrmaschinen f\u00fcr saubere Eing\u00e4nge - Jobo Brush Factory","og_description":"Halten Sie Ihren Eingang mit den Jobo's Fu\u00dft\u00fcchern sauber. Stark, effektiv und f\u00fcr jede T\u00fcr geeignet.","og_url":"https:\/\/jobo-borstels.dapprgemaakt.nl\/de\/fussabtreter\/","og_site_name":"Jobo Borstelfabriek","article_modified_time":"2024-11-25T14:51:09+00:00","og_image":[{"width":2000,"height":1788,"url":"https:\/\/jobo-borstels.dapprgemaakt.nl\/wp-content\/uploads\/2023\/11\/Voetenveger-dubbel-zwart.jpg","type":"image\/jpeg"}],"twitter_card":"summary_large_image","twitter_misc":{"Gesch\u00e4tzte Lesezeit":"1\u00a0Minute"},"schema":{"@context":"https:\/\/schema.org","@graph":[{"@type":"WebPage","@id":"https:\/\/jobo-borstels.dapprgemaakt.nl\/de\/fussabtreter\/","url":"https:\/\/jobo-borstels.dapprgemaakt.nl\/de\/fussabtreter\/","name":"Kehrmaschinen f\u00fcr saubere Eing\u00e4nge - Jobo Brush Factory","isPartOf":{"@id":"https:\/\/jobo-borstels.dapprgemaakt.nl\/de\/#website"},"primaryImageOfPage":{"@id":"https:\/\/jobo-borstels.dapprgemaakt.nl\/de\/fussabtreter\/#primaryimage"},"image":{"@id":"https:\/\/jobo-borstels.dapprgemaakt.nl\/de\/fussabtreter\/#primaryimage"},"thumbnailUrl":"https:\/\/jobo-borstels.dapprgemaakt.nl\/wp-content\/uploads\/2023\/11\/Voetenveger-dubbel-zwart.jpg","datePublished":"2023-05-23T08:28:32+00:00","dateModified":"2024-11-25T14:51:09+00:00","description":"Halten Sie Ihren Eingang mit den Jobo's Fu\u00dft\u00fcchern sauber. Stark, effektiv und f\u00fcr jede T\u00fcr geeignet.","breadcrumb":{"@id":"https:\/\/jobo-borstels.dapprgemaakt.nl\/de\/fussabtreter\/#breadcrumb"},"inLanguage":"de","potentialAction":[{"@type":"ReadAction","target":["https:\/\/jobo-borstels.dapprgemaakt.nl\/de\/fussabtreter\/"]}]},{"@type":"ImageObject","inLanguage":"de","@id":"https:\/\/jobo-borstels.dapprgemaakt.nl\/de\/fussabtreter\/#primaryimage","url":"https:\/\/jobo-borstels.dapprgemaakt.nl\/wp-content\/uploads\/2023\/11\/Voetenveger-dubbel-zwart.jpg","contentUrl":"https:\/\/jobo-borstels.dapprgemaakt.nl\/wp-content\/uploads\/2023\/11\/Voetenveger-dubbel-zwart.jpg","width":2000,"height":1788,"caption":"Voetenveger dubbel zwart"},{"@type":"BreadcrumbList","@id":"https:\/\/jobo-borstels.dapprgemaakt.nl\/de\/fussabtreter\/#breadcrumb","itemListElement":[{"@type":"ListItem","position":1,"name":"Home","item":"https:\/\/besenundbuersten.de\/"},{"@type":"ListItem","position":2,"name":"Fu\u00dfabtreter"}]},{"@type":"WebSite","@id":"https:\/\/jobo-borstels.dapprgemaakt.nl\/de\/#website","url":"https:\/\/jobo-borstels.dapprgemaakt.nl\/de\/","name":"Jobo Borstelfabriek","description":"","potentialAction":[{"@type":"SearchAction","target":{"@type":"EntryPoint","urlTemplate":"https:\/\/jobo-borstels.dapprgemaakt.nl\/de\/?s={search_term_string}"},"query-input":{"@type":"PropertyValueSpecification","valueRequired":true,"valueName":"search_term_string"}}],"inLanguage":"de"}]}},"_links":{"self":[{"href":"https:\/\/jobo-borstels.dapprgemaakt.nl\/de\/wp-json\/wp\/v2\/pages\/3078","targetHints":{"allow":["GET"]}}],"collection":[{"href":"https:\/\/jobo-borstels.dapprgemaakt.nl\/de\/wp-json\/wp\/v2\/pages"}],"about":[{"href":"https:\/\/jobo-borstels.dapprgemaakt.nl\/de\/wp-json\/wp\/v2\/types\/page"}],"author":[{"embeddable":true,"href":"https:\/\/jobo-borstels.dapprgemaakt.nl\/de\/wp-json\/wp\/v2\/users\/2"}],"replies":[{"embeddable":true,"href":"https:\/\/jobo-borstels.dapprgemaakt.nl\/de\/wp-json\/wp\/v2\/comments?post=3078"}],"version-history":[{"count":3,"href":"https:\/\/jobo-borstels.dapprgemaakt.nl\/de\/wp-json\/wp\/v2\/pages\/3078\/revisions"}],"predecessor-version":[{"id":3313,"href":"https:\/\/jobo-borstels.dapprgemaakt.nl\/de\/wp-json\/wp\/v2\/pages\/3078\/revisions\/3313"}],"wp:featuredmedia":[{"embeddable":true,"href":"https:\/\/jobo-borstels.dapprgemaakt.nl\/de\/wp-json\/wp\/v2\/media\/1334"}],"wp:attachment":[{"href":"https:\/\/jobo-borstels.dapprgemaakt.nl\/de\/wp-json\/wp\/v2\/media?parent=3078"}],"curies":[{"name":"wp","href":"https:\/\/api.w.org\/{rel}","templated":true}]}}