{"id":2643,"date":"2024-04-27T17:51:31","date_gmt":"2024-04-27T17:51:31","guid":{"rendered":"https:\/\/jobo-borstels.dapprgemaakt.nl\/product\/massgeschneiderte-buerstenwalzen\/"},"modified":"2024-07-12T09:06:55","modified_gmt":"2024-07-12T09:06:55","slug":"massgeschneiderte-buerstenwalzen","status":"publish","type":"product","link":"https:\/\/jobo-borstels.dapprgemaakt.nl\/de\/produkt\/massgeschneiderte-buerstenwalzen\/","title":{"rendered":"Ma\u00dfgeschneiderte B\u00fcrstenwalzen"},"content":{"rendered":"<p>B\u00fcrstenwalzen sind zylindrische B\u00fcrsten, die enorm vielseitig sind und f\u00fcr eine breite Palette von Anwendungen eingesetzt werden. Jobo hat sich auf die Herstellung dieser B\u00fcrstenwalzen aus Kunststoffkernen mit Kunststoffborsten spezialisiert, die mit einem Schaftloch versehen sind. Je nach Verwendung wird ein bestimmtes Muster von L\u00f6chern in diese Kerne gebohrt. Diesega ten werden dann mit Borsten gef\u00fcllt, wobei sowohl die Art als auch die L\u00e4nge der Borsten an die Bed\u00fcrfnisse der jeweiligen Anwendung angepasst werden.<\/p>\n<p>Ob es sich nun um B\u00fcrstenwalzen handelt, die festsitzendes Material von den Sieben entfernen, oder um Walzen, die zur Produktf\u00fchrung eingesetzt werden, jede Variante hat ihre eigenen Merkmale. Zum Beispiel m\u00fcssen B\u00fcrstenwalzen f\u00fcr die Lebensmittelindustrie ganz andere Kriterien erf\u00fcllen als die f\u00fcr den Agrarsektor.<\/p>\n","protected":false},"excerpt":{"rendered":"<p>B\u00fcrstenwalzen aus Kunststoff, die auf Ihre spezielle Anwendung zugeschnitten sind.<\/p>\n","protected":false},"featured_media":2014,"template":"","meta":{"_acf_changed":false},"product_cat":[231,235,248],"product_tag":[],"class_list":{"0":"post-2643","1":"product","2":"type-product","3":"status-publish","4":"has-post-thumbnail","6":"product_cat-alle-buersten","7":"product_cat-buerstenwalzen","8":"product_cat-technische-und-spezielle-buersten","10":"first","11":"instock","12":"shipping-taxable","13":"product-type-simple"},"acf":[],"yoast_head":"<!-- This site is optimized with the Yoast SEO plugin v24.0 - https:\/\/yoast.com\/wordpress\/plugins\/seo\/ -->\n<title>Ma\u00dfgeschneiderte B\u00fcrstenwalzen - Jobo Borstelfabriek<\/title>\n<meta name=\"robots\" content=\"noindex, follow, max-snippet:-1, max-image-preview:large, max-video-preview:-1\" \/>\n<meta property=\"og:locale\" content=\"de_DE\" \/>\n<meta property=\"og:type\" content=\"article\" \/>\n<meta property=\"og:title\" content=\"Ma\u00dfgeschneiderte B\u00fcrstenwalzen - Jobo Borstelfabriek\" \/>\n<meta property=\"og:description\" content=\"B\u00fcrstenwalzen aus Kunststoff, die auf Ihre spezielle Anwendung zugeschnitten sind.\" \/>\n<meta property=\"og:url\" content=\"https:\/\/jobo-borstels.dapprgemaakt.nl\/de\/produkt\/massgeschneiderte-buerstenwalzen\/\" \/>\n<meta property=\"og:site_name\" content=\"Jobo Borstelfabriek\" \/>\n<meta property=\"article:modified_time\" content=\"2024-07-12T09:06:55+00:00\" \/>\n<meta property=\"og:image\" content=\"https:\/\/besenundbuersten.de\/wp-content\/uploads\/2023\/11\/Borstelwalsen.jpg\" \/>\n\t<meta property=\"og:image:width\" content=\"2000\" \/>\n\t<meta property=\"og:image:height\" content=\"1333\" \/>\n\t<meta property=\"og:image:type\" content=\"image\/jpeg\" \/>\n<meta name=\"twitter:card\" content=\"summary_large_image\" \/>\n<meta name=\"twitter:label1\" content=\"Gesch\u00e4tzte Lesezeit\" \/>\n\t<meta name=\"twitter:data1\" content=\"1\u00a0Minute\" \/>\n<script type=\"application\/ld+json\" class=\"yoast-schema-graph\">{\"@context\":\"https:\/\/schema.org\",\"@graph\":[{\"@type\":\"WebPage\",\"@id\":\"https:\/\/jobo-borstels.dapprgemaakt.nl\/de\/produkt\/massgeschneiderte-buerstenwalzen\/\",\"url\":\"https:\/\/jobo-borstels.dapprgemaakt.nl\/de\/produkt\/massgeschneiderte-buerstenwalzen\/\",\"name\":\"Ma\u00dfgeschneiderte B\u00fcrstenwalzen - Jobo Borstelfabriek\",\"isPartOf\":{\"@id\":\"https:\/\/jobo-borstels.dapprgemaakt.nl\/de\/#website\"},\"primaryImageOfPage\":{\"@id\":\"https:\/\/jobo-borstels.dapprgemaakt.nl\/de\/produkt\/massgeschneiderte-buerstenwalzen\/#primaryimage\"},\"image\":{\"@id\":\"https:\/\/jobo-borstels.dapprgemaakt.nl\/de\/produkt\/massgeschneiderte-buerstenwalzen\/#primaryimage\"},\"thumbnailUrl\":\"https:\/\/jobo-borstels.dapprgemaakt.nl\/wp-content\/uploads\/2023\/11\/Borstelwalsen.jpg\",\"datePublished\":\"2024-04-27T17:51:31+00:00\",\"dateModified\":\"2024-07-12T09:06:55+00:00\",\"breadcrumb\":{\"@id\":\"https:\/\/jobo-borstels.dapprgemaakt.nl\/de\/produkt\/massgeschneiderte-buerstenwalzen\/#breadcrumb\"},\"inLanguage\":\"de\",\"potentialAction\":[{\"@type\":\"ReadAction\",\"target\":[\"https:\/\/jobo-borstels.dapprgemaakt.nl\/de\/produkt\/massgeschneiderte-buerstenwalzen\/\"]}]},{\"@type\":\"ImageObject\",\"inLanguage\":\"de\",\"@id\":\"https:\/\/jobo-borstels.dapprgemaakt.nl\/de\/produkt\/massgeschneiderte-buerstenwalzen\/#primaryimage\",\"url\":\"https:\/\/jobo-borstels.dapprgemaakt.nl\/wp-content\/uploads\/2023\/11\/Borstelwalsen.jpg\",\"contentUrl\":\"https:\/\/jobo-borstels.dapprgemaakt.nl\/wp-content\/uploads\/2023\/11\/Borstelwalsen.jpg\",\"width\":2000,\"height\":1333,\"caption\":\"Borstelwalsen\"},{\"@type\":\"BreadcrumbList\",\"@id\":\"https:\/\/jobo-borstels.dapprgemaakt.nl\/de\/produkt\/massgeschneiderte-buerstenwalzen\/#breadcrumb\",\"itemListElement\":[{\"@type\":\"ListItem\",\"position\":1,\"name\":\"Home\",\"item\":\"https:\/\/besenundbuersten.de\/\"},{\"@type\":\"ListItem\",\"position\":2,\"name\":\"Produkte\",\"item\":\"https:\/\/jobo-borstels.dapprgemaakt.nl\/de\/shop\/\"},{\"@type\":\"ListItem\",\"position\":3,\"name\":\"Ma\u00dfgeschneiderte B\u00fcrstenwalzen\"}]},{\"@type\":\"WebSite\",\"@id\":\"https:\/\/jobo-borstels.dapprgemaakt.nl\/de\/#website\",\"url\":\"https:\/\/jobo-borstels.dapprgemaakt.nl\/de\/\",\"name\":\"Jobo Borstelfabriek\",\"description\":\"\",\"potentialAction\":[{\"@type\":\"SearchAction\",\"target\":{\"@type\":\"EntryPoint\",\"urlTemplate\":\"https:\/\/jobo-borstels.dapprgemaakt.nl\/de\/?s={search_term_string}\"},\"query-input\":{\"@type\":\"PropertyValueSpecification\",\"valueRequired\":true,\"valueName\":\"search_term_string\"}}],\"inLanguage\":\"de\"}]}<\/script>\n<!-- \/ Yoast SEO plugin. -->","yoast_head_json":{"title":"Ma\u00dfgeschneiderte B\u00fcrstenwalzen - Jobo Borstelfabriek","robots":{"index":"noindex","follow":"follow","max-snippet":"max-snippet:-1","max-image-preview":"max-image-preview:large","max-video-preview":"max-video-preview:-1"},"og_locale":"de_DE","og_type":"article","og_title":"Ma\u00dfgeschneiderte B\u00fcrstenwalzen - Jobo Borstelfabriek","og_description":"B\u00fcrstenwalzen aus Kunststoff, die auf Ihre spezielle Anwendung zugeschnitten sind.","og_url":"https:\/\/jobo-borstels.dapprgemaakt.nl\/de\/produkt\/massgeschneiderte-buerstenwalzen\/","og_site_name":"Jobo Borstelfabriek","article_modified_time":"2024-07-12T09:06:55+00:00","og_image":[{"width":2000,"height":1333,"url":"https:\/\/besenundbuersten.de\/wp-content\/uploads\/2023\/11\/Borstelwalsen.jpg","type":"image\/jpeg"}],"twitter_card":"summary_large_image","twitter_misc":{"Gesch\u00e4tzte Lesezeit":"1\u00a0Minute"},"schema":{"@context":"https:\/\/schema.org","@graph":[{"@type":"WebPage","@id":"https:\/\/jobo-borstels.dapprgemaakt.nl\/de\/produkt\/massgeschneiderte-buerstenwalzen\/","url":"https:\/\/jobo-borstels.dapprgemaakt.nl\/de\/produkt\/massgeschneiderte-buerstenwalzen\/","name":"Ma\u00dfgeschneiderte B\u00fcrstenwalzen - Jobo Borstelfabriek","isPartOf":{"@id":"https:\/\/jobo-borstels.dapprgemaakt.nl\/de\/#website"},"primaryImageOfPage":{"@id":"https:\/\/jobo-borstels.dapprgemaakt.nl\/de\/produkt\/massgeschneiderte-buerstenwalzen\/#primaryimage"},"image":{"@id":"https:\/\/jobo-borstels.dapprgemaakt.nl\/de\/produkt\/massgeschneiderte-buerstenwalzen\/#primaryimage"},"thumbnailUrl":"https:\/\/jobo-borstels.dapprgemaakt.nl\/wp-content\/uploads\/2023\/11\/Borstelwalsen.jpg","datePublished":"2024-04-27T17:51:31+00:00","dateModified":"2024-07-12T09:06:55+00:00","breadcrumb":{"@id":"https:\/\/jobo-borstels.dapprgemaakt.nl\/de\/produkt\/massgeschneiderte-buerstenwalzen\/#breadcrumb"},"inLanguage":"de","potentialAction":[{"@type":"ReadAction","target":["https:\/\/jobo-borstels.dapprgemaakt.nl\/de\/produkt\/massgeschneiderte-buerstenwalzen\/"]}]},{"@type":"ImageObject","inLanguage":"de","@id":"https:\/\/jobo-borstels.dapprgemaakt.nl\/de\/produkt\/massgeschneiderte-buerstenwalzen\/#primaryimage","url":"https:\/\/jobo-borstels.dapprgemaakt.nl\/wp-content\/uploads\/2023\/11\/Borstelwalsen.jpg","contentUrl":"https:\/\/jobo-borstels.dapprgemaakt.nl\/wp-content\/uploads\/2023\/11\/Borstelwalsen.jpg","width":2000,"height":1333,"caption":"Borstelwalsen"},{"@type":"BreadcrumbList","@id":"https:\/\/jobo-borstels.dapprgemaakt.nl\/de\/produkt\/massgeschneiderte-buerstenwalzen\/#breadcrumb","itemListElement":[{"@type":"ListItem","position":1,"name":"Home","item":"https:\/\/besenundbuersten.de\/"},{"@type":"ListItem","position":2,"name":"Produkte","item":"https:\/\/jobo-borstels.dapprgemaakt.nl\/de\/shop\/"},{"@type":"ListItem","position":3,"name":"Ma\u00dfgeschneiderte B\u00fcrstenwalzen"}]},{"@type":"WebSite","@id":"https:\/\/jobo-borstels.dapprgemaakt.nl\/de\/#website","url":"https:\/\/jobo-borstels.dapprgemaakt.nl\/de\/","name":"Jobo Borstelfabriek","description":"","potentialAction":[{"@type":"SearchAction","target":{"@type":"EntryPoint","urlTemplate":"https:\/\/jobo-borstels.dapprgemaakt.nl\/de\/?s={search_term_string}"},"query-input":{"@type":"PropertyValueSpecification","valueRequired":true,"valueName":"search_term_string"}}],"inLanguage":"de"}]}},"_links":{"self":[{"href":"https:\/\/jobo-borstels.dapprgemaakt.nl\/de\/wp-json\/wp\/v2\/product\/2643","targetHints":{"allow":["GET"]}}],"collection":[{"href":"https:\/\/jobo-borstels.dapprgemaakt.nl\/de\/wp-json\/wp\/v2\/product"}],"about":[{"href":"https:\/\/jobo-borstels.dapprgemaakt.nl\/de\/wp-json\/wp\/v2\/types\/product"}],"wp:featuredmedia":[{"embeddable":true,"href":"https:\/\/jobo-borstels.dapprgemaakt.nl\/de\/wp-json\/wp\/v2\/media\/2014"}],"wp:attachment":[{"href":"https:\/\/jobo-borstels.dapprgemaakt.nl\/de\/wp-json\/wp\/v2\/media?parent=2643"}],"wp:term":[{"taxonomy":"product_cat","embeddable":true,"href":"https:\/\/jobo-borstels.dapprgemaakt.nl\/de\/wp-json\/wp\/v2\/product_cat?post=2643"},{"taxonomy":"product_tag","embeddable":true,"href":"https:\/\/jobo-borstels.dapprgemaakt.nl\/de\/wp-json\/wp\/v2\/product_tag?post=2643"}],"curies":[{"name":"wp","href":"https:\/\/api.w.org\/{rel}","templated":true}]}}