{"id":2644,"date":"2024-03-18T15:27:35","date_gmt":"2024-03-18T15:27:35","guid":{"rendered":"https:\/\/jobo-borstels.dapprgemaakt.nl\/product\/massgeschneiderte-handfeger\/"},"modified":"2024-07-12T09:08:13","modified_gmt":"2024-07-12T09:08:13","slug":"massgeschneiderte-handfeger","status":"publish","type":"product","link":"https:\/\/jobo-borstels.dapprgemaakt.nl\/de\/produkt\/massgeschneiderte-handfeger\/","title":{"rendered":"Ma\u00dfgeschneiderte Handfeger"},"content":{"rendered":"<div class=\"flex-1 overflow-hidden\">\n<div class=\"react-scroll-to-bottom--css-pkojz-79elbk h-full\">\n<div class=\"react-scroll-to-bottom--css-pkojz-1n7m0yu\">\n<div class=\"flex flex-col text-sm pb-9\">\n<div class=\"w-full text-token-text-primary\" data-testid=\"conversation-turn-7\">\n<div class=\"px-4 py-2 justify-center text-base md:gap-6 m-auto\">\n<div class=\"flex flex-1 text-base mx-auto gap-3 md:px-5 lg:px-1 xl:px-5 md:max-w-3xl lg:max-w-[40rem] xl:max-w-[48rem] group final-completion\">\n<div class=\"relative flex w-full flex-col agent-turn\">\n<div class=\"flex-col gap-1 md:gap-3\">\n<div class=\"flex flex-grow flex-col max-w-full\">\n<div class=\"min-h-[20px] text-message flex flex-col items-start gap-3 whitespace-pre-wrap break-words [.text-message+&amp;]:mt-5 overflow-x-auto\" data-message-author-role=\"assistant\" data-message-id=\"b5282f51-03ee-40db-bc36-7846136209b4\">\n<div class=\"markdown prose w-full break-words dark:prose-invert light\">\n<p>Handb\u00fcrsten sind f\u00fcr eine Vielzahl von Anwendungen unverzichtbar. Sie sind in verschiedenen Gr\u00f6\u00dfen und mit Borsten von hart bis kratzfrei erh\u00e4ltlich. Harte B\u00fcrsten, z.B. aus Nylon oder PBT, eignen sich perfekt zum Entfernen von Schmutz, Fett oder Rost an Maschinen ohne den Einsatz von scharfen Chemikalien. Weiche, kratzfreie B\u00fcrsten mit Schweineborsten oder Pflanzenfasern bieten eine sichere Reinigung f\u00fcr empfindliche Oberfl\u00e4chen wie Metall, Glas oder lackierte Gegenst\u00e4nde. Diese Vielfalt an H\u00e4rte und Gr\u00f6\u00dfe macht sie unentbehrlich f\u00fcr effiziente Wartungs- und Reinigungsaufgaben in verschiedenen Branchen, wobei die richtige B\u00fcrste die besten Ergebnisse ohne Besch\u00e4digung gew\u00e4hrleistet.<\/p>\n<\/div>\n<\/div>\n<\/div>\n<\/div>\n<\/div>\n<\/div>\n<\/div>\n<\/div>\n<\/div>\n<\/div>\n<\/div>\n<\/div>\n","protected":false},"excerpt":{"rendered":"<p>Handb\u00fcrsten sind f\u00fcr eine Vielzahl von Anwendungen unverzichtbar. Sie sind in verschiedenen Gr\u00f6\u00dfen und mit Borsten von hart bis kratzfrei erh\u00e4ltlich. Harte B\u00fcrsten, z.B. aus [&hellip;]<\/p>\n","protected":false},"featured_media":2374,"template":"","meta":{"_acf_changed":false},"product_cat":[231,240,248],"product_tag":[],"class_list":{"0":"post-2644","1":"product","2":"type-product","3":"status-publish","4":"has-post-thumbnail","6":"product_cat-alle-buersten","7":"product_cat-handbuersten","8":"product_cat-technische-und-spezielle-buersten","10":"first","11":"instock","12":"shipping-taxable","13":"product-type-simple"},"acf":[],"yoast_head":"<!-- This site is optimized with the Yoast SEO plugin v24.0 - https:\/\/yoast.com\/wordpress\/plugins\/seo\/ -->\n<title>Ma\u00dfgeschneiderte Handfeger - Jobo Borstelfabriek<\/title>\n<meta name=\"robots\" content=\"noindex, follow, max-snippet:-1, max-image-preview:large, max-video-preview:-1\" \/>\n<meta property=\"og:locale\" content=\"de_DE\" \/>\n<meta property=\"og:type\" content=\"article\" \/>\n<meta property=\"og:title\" content=\"Ma\u00dfgeschneiderte Handfeger - Jobo Borstelfabriek\" \/>\n<meta property=\"og:description\" content=\"Handb\u00fcrsten sind f\u00fcr eine Vielzahl von Anwendungen unverzichtbar. Sie sind in verschiedenen Gr\u00f6\u00dfen und mit Borsten von hart bis kratzfrei erh\u00e4ltlich. Harte B\u00fcrsten, z.B. aus [&hellip;]\" \/>\n<meta property=\"og:url\" content=\"https:\/\/jobo-borstels.dapprgemaakt.nl\/de\/produkt\/massgeschneiderte-handfeger\/\" \/>\n<meta property=\"og:site_name\" content=\"Jobo Borstelfabriek\" \/>\n<meta property=\"article:modified_time\" content=\"2024-07-12T09:08:13+00:00\" \/>\n<meta property=\"og:image\" content=\"https:\/\/besenundbuersten.de\/wp-content\/uploads\/2024\/06\/Handborstel-scaled.jpg\" \/>\n\t<meta property=\"og:image:width\" content=\"2560\" \/>\n\t<meta property=\"og:image:height\" content=\"2558\" \/>\n\t<meta property=\"og:image:type\" content=\"image\/jpeg\" \/>\n<meta name=\"twitter:card\" content=\"summary_large_image\" \/>\n<meta name=\"twitter:label1\" content=\"Gesch\u00e4tzte Lesezeit\" \/>\n\t<meta name=\"twitter:data1\" content=\"1\u00a0Minute\" \/>\n<script type=\"application\/ld+json\" class=\"yoast-schema-graph\">{\"@context\":\"https:\/\/schema.org\",\"@graph\":[{\"@type\":\"WebPage\",\"@id\":\"https:\/\/jobo-borstels.dapprgemaakt.nl\/de\/produkt\/massgeschneiderte-handfeger\/\",\"url\":\"https:\/\/jobo-borstels.dapprgemaakt.nl\/de\/produkt\/massgeschneiderte-handfeger\/\",\"name\":\"Ma\u00dfgeschneiderte Handfeger - Jobo Borstelfabriek\",\"isPartOf\":{\"@id\":\"https:\/\/jobo-borstels.dapprgemaakt.nl\/de\/#website\"},\"primaryImageOfPage\":{\"@id\":\"https:\/\/jobo-borstels.dapprgemaakt.nl\/de\/produkt\/massgeschneiderte-handfeger\/#primaryimage\"},\"image\":{\"@id\":\"https:\/\/jobo-borstels.dapprgemaakt.nl\/de\/produkt\/massgeschneiderte-handfeger\/#primaryimage\"},\"thumbnailUrl\":\"https:\/\/jobo-borstels.dapprgemaakt.nl\/wp-content\/uploads\/2024\/06\/Handborstel-scaled.jpg\",\"datePublished\":\"2024-03-18T15:27:35+00:00\",\"dateModified\":\"2024-07-12T09:08:13+00:00\",\"breadcrumb\":{\"@id\":\"https:\/\/jobo-borstels.dapprgemaakt.nl\/de\/produkt\/massgeschneiderte-handfeger\/#breadcrumb\"},\"inLanguage\":\"de\",\"potentialAction\":[{\"@type\":\"ReadAction\",\"target\":[\"https:\/\/jobo-borstels.dapprgemaakt.nl\/de\/produkt\/massgeschneiderte-handfeger\/\"]}]},{\"@type\":\"ImageObject\",\"inLanguage\":\"de\",\"@id\":\"https:\/\/jobo-borstels.dapprgemaakt.nl\/de\/produkt\/massgeschneiderte-handfeger\/#primaryimage\",\"url\":\"https:\/\/jobo-borstels.dapprgemaakt.nl\/wp-content\/uploads\/2024\/06\/Handborstel-scaled.jpg\",\"contentUrl\":\"https:\/\/jobo-borstels.dapprgemaakt.nl\/wp-content\/uploads\/2024\/06\/Handborstel-scaled.jpg\",\"width\":2560,\"height\":2558,\"caption\":\"Handborstel\"},{\"@type\":\"BreadcrumbList\",\"@id\":\"https:\/\/jobo-borstels.dapprgemaakt.nl\/de\/produkt\/massgeschneiderte-handfeger\/#breadcrumb\",\"itemListElement\":[{\"@type\":\"ListItem\",\"position\":1,\"name\":\"Home\",\"item\":\"https:\/\/besenundbuersten.de\/\"},{\"@type\":\"ListItem\",\"position\":2,\"name\":\"Produkte\",\"item\":\"https:\/\/jobo-borstels.dapprgemaakt.nl\/de\/shop\/\"},{\"@type\":\"ListItem\",\"position\":3,\"name\":\"Ma\u00dfgeschneiderte Handfeger\"}]},{\"@type\":\"WebSite\",\"@id\":\"https:\/\/jobo-borstels.dapprgemaakt.nl\/de\/#website\",\"url\":\"https:\/\/jobo-borstels.dapprgemaakt.nl\/de\/\",\"name\":\"Jobo Borstelfabriek\",\"description\":\"\",\"potentialAction\":[{\"@type\":\"SearchAction\",\"target\":{\"@type\":\"EntryPoint\",\"urlTemplate\":\"https:\/\/jobo-borstels.dapprgemaakt.nl\/de\/?s={search_term_string}\"},\"query-input\":{\"@type\":\"PropertyValueSpecification\",\"valueRequired\":true,\"valueName\":\"search_term_string\"}}],\"inLanguage\":\"de\"}]}<\/script>\n<!-- \/ Yoast SEO plugin. -->","yoast_head_json":{"title":"Ma\u00dfgeschneiderte Handfeger - Jobo Borstelfabriek","robots":{"index":"noindex","follow":"follow","max-snippet":"max-snippet:-1","max-image-preview":"max-image-preview:large","max-video-preview":"max-video-preview:-1"},"og_locale":"de_DE","og_type":"article","og_title":"Ma\u00dfgeschneiderte Handfeger - Jobo Borstelfabriek","og_description":"Handb\u00fcrsten sind f\u00fcr eine Vielzahl von Anwendungen unverzichtbar. Sie sind in verschiedenen Gr\u00f6\u00dfen und mit Borsten von hart bis kratzfrei erh\u00e4ltlich. Harte B\u00fcrsten, z.B. aus [&hellip;]","og_url":"https:\/\/jobo-borstels.dapprgemaakt.nl\/de\/produkt\/massgeschneiderte-handfeger\/","og_site_name":"Jobo Borstelfabriek","article_modified_time":"2024-07-12T09:08:13+00:00","og_image":[{"width":2560,"height":2558,"url":"https:\/\/besenundbuersten.de\/wp-content\/uploads\/2024\/06\/Handborstel-scaled.jpg","type":"image\/jpeg"}],"twitter_card":"summary_large_image","twitter_misc":{"Gesch\u00e4tzte Lesezeit":"1\u00a0Minute"},"schema":{"@context":"https:\/\/schema.org","@graph":[{"@type":"WebPage","@id":"https:\/\/jobo-borstels.dapprgemaakt.nl\/de\/produkt\/massgeschneiderte-handfeger\/","url":"https:\/\/jobo-borstels.dapprgemaakt.nl\/de\/produkt\/massgeschneiderte-handfeger\/","name":"Ma\u00dfgeschneiderte Handfeger - Jobo Borstelfabriek","isPartOf":{"@id":"https:\/\/jobo-borstels.dapprgemaakt.nl\/de\/#website"},"primaryImageOfPage":{"@id":"https:\/\/jobo-borstels.dapprgemaakt.nl\/de\/produkt\/massgeschneiderte-handfeger\/#primaryimage"},"image":{"@id":"https:\/\/jobo-borstels.dapprgemaakt.nl\/de\/produkt\/massgeschneiderte-handfeger\/#primaryimage"},"thumbnailUrl":"https:\/\/jobo-borstels.dapprgemaakt.nl\/wp-content\/uploads\/2024\/06\/Handborstel-scaled.jpg","datePublished":"2024-03-18T15:27:35+00:00","dateModified":"2024-07-12T09:08:13+00:00","breadcrumb":{"@id":"https:\/\/jobo-borstels.dapprgemaakt.nl\/de\/produkt\/massgeschneiderte-handfeger\/#breadcrumb"},"inLanguage":"de","potentialAction":[{"@type":"ReadAction","target":["https:\/\/jobo-borstels.dapprgemaakt.nl\/de\/produkt\/massgeschneiderte-handfeger\/"]}]},{"@type":"ImageObject","inLanguage":"de","@id":"https:\/\/jobo-borstels.dapprgemaakt.nl\/de\/produkt\/massgeschneiderte-handfeger\/#primaryimage","url":"https:\/\/jobo-borstels.dapprgemaakt.nl\/wp-content\/uploads\/2024\/06\/Handborstel-scaled.jpg","contentUrl":"https:\/\/jobo-borstels.dapprgemaakt.nl\/wp-content\/uploads\/2024\/06\/Handborstel-scaled.jpg","width":2560,"height":2558,"caption":"Handborstel"},{"@type":"BreadcrumbList","@id":"https:\/\/jobo-borstels.dapprgemaakt.nl\/de\/produkt\/massgeschneiderte-handfeger\/#breadcrumb","itemListElement":[{"@type":"ListItem","position":1,"name":"Home","item":"https:\/\/besenundbuersten.de\/"},{"@type":"ListItem","position":2,"name":"Produkte","item":"https:\/\/jobo-borstels.dapprgemaakt.nl\/de\/shop\/"},{"@type":"ListItem","position":3,"name":"Ma\u00dfgeschneiderte Handfeger"}]},{"@type":"WebSite","@id":"https:\/\/jobo-borstels.dapprgemaakt.nl\/de\/#website","url":"https:\/\/jobo-borstels.dapprgemaakt.nl\/de\/","name":"Jobo Borstelfabriek","description":"","potentialAction":[{"@type":"SearchAction","target":{"@type":"EntryPoint","urlTemplate":"https:\/\/jobo-borstels.dapprgemaakt.nl\/de\/?s={search_term_string}"},"query-input":{"@type":"PropertyValueSpecification","valueRequired":true,"valueName":"search_term_string"}}],"inLanguage":"de"}]}},"_links":{"self":[{"href":"https:\/\/jobo-borstels.dapprgemaakt.nl\/de\/wp-json\/wp\/v2\/product\/2644","targetHints":{"allow":["GET"]}}],"collection":[{"href":"https:\/\/jobo-borstels.dapprgemaakt.nl\/de\/wp-json\/wp\/v2\/product"}],"about":[{"href":"https:\/\/jobo-borstels.dapprgemaakt.nl\/de\/wp-json\/wp\/v2\/types\/product"}],"wp:featuredmedia":[{"embeddable":true,"href":"https:\/\/jobo-borstels.dapprgemaakt.nl\/de\/wp-json\/wp\/v2\/media\/2374"}],"wp:attachment":[{"href":"https:\/\/jobo-borstels.dapprgemaakt.nl\/de\/wp-json\/wp\/v2\/media?parent=2644"}],"wp:term":[{"taxonomy":"product_cat","embeddable":true,"href":"https:\/\/jobo-borstels.dapprgemaakt.nl\/de\/wp-json\/wp\/v2\/product_cat?post=2644"},{"taxonomy":"product_tag","embeddable":true,"href":"https:\/\/jobo-borstels.dapprgemaakt.nl\/de\/wp-json\/wp\/v2\/product_tag?post=2644"}],"curies":[{"name":"wp","href":"https:\/\/api.w.org\/{rel}","templated":true}]}}