{"id":2645,"date":"2024-03-16T12:56:19","date_gmt":"2024-03-16T12:56:19","guid":{"rendered":"https:\/\/jobo-borstels.dapprgemaakt.nl\/product\/massgeschneiderte-buersten-fuer-hohlraumwaende\/"},"modified":"2024-07-12T09:08:25","modified_gmt":"2024-07-12T09:08:25","slug":"massgeschneiderte-buersten-fuer-hohlraumwaende","status":"publish","type":"product","link":"https:\/\/jobo-borstels.dapprgemaakt.nl\/de\/produkt\/massgeschneiderte-buersten-fuer-hohlraumwaende\/","title":{"rendered":"Ma\u00dfgeschneiderte B\u00fcrsten f\u00fcr Hohlraumw\u00e4nde"},"content":{"rendered":"<p>Ma\u00dfgeschneiderte Hohlraumb\u00fcrsten werden f\u00fcr Hohlraumw\u00e4nde verwendet, die eine andere Gr\u00f6\u00dfe haben. Die B\u00fcrsten verhindern, dass das Isoliermaterial zu den Nachbarn abf\u00e4llt. Durch kleine L\u00f6cher im Fugenm\u00f6rtel werden B\u00fcrsten in die Hohlraumwand an der Grundst\u00fccksgrenze eingesetzt. Sobald sich die B\u00fcrsten in der Hohlwand befinden, dehnen sie sich aus, dann kann das Isoliermaterial eingespritzt werden.<\/p>\n<p>Als Hersteller von Hohlwandb\u00fcrsten in den Niederlanden liefern wir B\u00fcrsten, die Ihr D\u00e4mmmaterial tats\u00e4chlich stoppen. Neben den Standardgr\u00f6\u00dfen bieten wir Ihnen die M\u00f6glichkeit, den Durchmesser und die Farbe der B\u00fcrsten an Ihre speziellen Bed\u00fcrfnisse anzupassen. Das macht unsere B\u00fcrsten zu einer flexiblen und zuverl\u00e4ssigen Wahl f\u00fcr professionelle Anwendungen im Bereich der Wandisolierung.<\/p>\n","protected":false},"excerpt":{"rendered":"<p>Hohlraumb\u00fcrsten, die f\u00fcr die Hohlraumwand ma\u00dfgeschneidert sind, um zu verhindern, dass das D\u00e4mmmaterial zu den Nachbarn abf\u00e4llt.<\/p>\n","protected":false},"featured_media":1538,"template":"","meta":{"_acf_changed":false},"product_cat":[231,243,239,246],"product_tag":[],"class_list":{"0":"post-2645","1":"product","2":"type-product","3":"status-publish","4":"has-post-thumbnail","6":"product_cat-alle-buersten","7":"product_cat-beliebt","8":"product_cat-grosse-rundbuersten","9":"product_cat-hohlwandbuersten","11":"first","12":"instock","13":"shipping-taxable","14":"product-type-simple"},"acf":[],"yoast_head":"<!-- This site is optimized with the Yoast SEO plugin v24.0 - https:\/\/yoast.com\/wordpress\/plugins\/seo\/ -->\n<title>Ma\u00dfgeschneiderte B\u00fcrsten f\u00fcr Hohlraumw\u00e4nde - Jobo Borstelfabriek<\/title>\n<meta name=\"robots\" content=\"noindex, follow, max-snippet:-1, max-image-preview:large, max-video-preview:-1\" \/>\n<meta property=\"og:locale\" content=\"de_DE\" \/>\n<meta property=\"og:type\" content=\"article\" \/>\n<meta property=\"og:title\" content=\"Ma\u00dfgeschneiderte B\u00fcrsten f\u00fcr Hohlraumw\u00e4nde - Jobo Borstelfabriek\" \/>\n<meta property=\"og:description\" content=\"Hohlraumb\u00fcrsten, die f\u00fcr die Hohlraumwand ma\u00dfgeschneidert sind, um zu verhindern, dass das D\u00e4mmmaterial zu den Nachbarn abf\u00e4llt.\" \/>\n<meta property=\"og:url\" content=\"https:\/\/jobo-borstels.dapprgemaakt.nl\/de\/produkt\/massgeschneiderte-buersten-fuer-hohlraumwaende\/\" \/>\n<meta property=\"og:site_name\" content=\"Jobo Borstelfabriek\" \/>\n<meta property=\"article:modified_time\" content=\"2024-07-12T09:08:25+00:00\" \/>\n<meta property=\"og:image\" content=\"https:\/\/besenundbuersten.de\/wp-content\/uploads\/2023\/11\/spouwborstels-3.jpg\" \/>\n\t<meta property=\"og:image:width\" content=\"2000\" \/>\n\t<meta property=\"og:image:height\" content=\"2000\" \/>\n\t<meta property=\"og:image:type\" content=\"image\/jpeg\" \/>\n<meta name=\"twitter:card\" content=\"summary_large_image\" \/>\n<meta name=\"twitter:label1\" content=\"Gesch\u00e4tzte Lesezeit\" \/>\n\t<meta name=\"twitter:data1\" content=\"1\u00a0Minute\" \/>\n<script type=\"application\/ld+json\" class=\"yoast-schema-graph\">{\"@context\":\"https:\/\/schema.org\",\"@graph\":[{\"@type\":\"WebPage\",\"@id\":\"https:\/\/jobo-borstels.dapprgemaakt.nl\/de\/produkt\/massgeschneiderte-buersten-fuer-hohlraumwaende\/\",\"url\":\"https:\/\/jobo-borstels.dapprgemaakt.nl\/de\/produkt\/massgeschneiderte-buersten-fuer-hohlraumwaende\/\",\"name\":\"Ma\u00dfgeschneiderte B\u00fcrsten f\u00fcr Hohlraumw\u00e4nde - Jobo Borstelfabriek\",\"isPartOf\":{\"@id\":\"https:\/\/jobo-borstels.dapprgemaakt.nl\/de\/#website\"},\"primaryImageOfPage\":{\"@id\":\"https:\/\/jobo-borstels.dapprgemaakt.nl\/de\/produkt\/massgeschneiderte-buersten-fuer-hohlraumwaende\/#primaryimage\"},\"image\":{\"@id\":\"https:\/\/jobo-borstels.dapprgemaakt.nl\/de\/produkt\/massgeschneiderte-buersten-fuer-hohlraumwaende\/#primaryimage\"},\"thumbnailUrl\":\"https:\/\/jobo-borstels.dapprgemaakt.nl\/wp-content\/uploads\/2023\/11\/spouwborstels-3.jpg\",\"datePublished\":\"2024-03-16T12:56:19+00:00\",\"dateModified\":\"2024-07-12T09:08:25+00:00\",\"breadcrumb\":{\"@id\":\"https:\/\/jobo-borstels.dapprgemaakt.nl\/de\/produkt\/massgeschneiderte-buersten-fuer-hohlraumwaende\/#breadcrumb\"},\"inLanguage\":\"de\",\"potentialAction\":[{\"@type\":\"ReadAction\",\"target\":[\"https:\/\/jobo-borstels.dapprgemaakt.nl\/de\/produkt\/massgeschneiderte-buersten-fuer-hohlraumwaende\/\"]}]},{\"@type\":\"ImageObject\",\"inLanguage\":\"de\",\"@id\":\"https:\/\/jobo-borstels.dapprgemaakt.nl\/de\/produkt\/massgeschneiderte-buersten-fuer-hohlraumwaende\/#primaryimage\",\"url\":\"https:\/\/jobo-borstels.dapprgemaakt.nl\/wp-content\/uploads\/2023\/11\/spouwborstels-3.jpg\",\"contentUrl\":\"https:\/\/jobo-borstels.dapprgemaakt.nl\/wp-content\/uploads\/2023\/11\/spouwborstels-3.jpg\",\"width\":2000,\"height\":2000,\"caption\":\"spouwborstels\"},{\"@type\":\"BreadcrumbList\",\"@id\":\"https:\/\/jobo-borstels.dapprgemaakt.nl\/de\/produkt\/massgeschneiderte-buersten-fuer-hohlraumwaende\/#breadcrumb\",\"itemListElement\":[{\"@type\":\"ListItem\",\"position\":1,\"name\":\"Home\",\"item\":\"https:\/\/besenundbuersten.de\/\"},{\"@type\":\"ListItem\",\"position\":2,\"name\":\"Produkte\",\"item\":\"https:\/\/jobo-borstels.dapprgemaakt.nl\/de\/shop\/\"},{\"@type\":\"ListItem\",\"position\":3,\"name\":\"Ma\u00dfgeschneiderte B\u00fcrsten f\u00fcr Hohlraumw\u00e4nde\"}]},{\"@type\":\"WebSite\",\"@id\":\"https:\/\/jobo-borstels.dapprgemaakt.nl\/de\/#website\",\"url\":\"https:\/\/jobo-borstels.dapprgemaakt.nl\/de\/\",\"name\":\"Jobo Borstelfabriek\",\"description\":\"\",\"potentialAction\":[{\"@type\":\"SearchAction\",\"target\":{\"@type\":\"EntryPoint\",\"urlTemplate\":\"https:\/\/jobo-borstels.dapprgemaakt.nl\/de\/?s={search_term_string}\"},\"query-input\":{\"@type\":\"PropertyValueSpecification\",\"valueRequired\":true,\"valueName\":\"search_term_string\"}}],\"inLanguage\":\"de\"}]}<\/script>\n<!-- \/ Yoast SEO plugin. -->","yoast_head_json":{"title":"Ma\u00dfgeschneiderte B\u00fcrsten f\u00fcr Hohlraumw\u00e4nde - Jobo Borstelfabriek","robots":{"index":"noindex","follow":"follow","max-snippet":"max-snippet:-1","max-image-preview":"max-image-preview:large","max-video-preview":"max-video-preview:-1"},"og_locale":"de_DE","og_type":"article","og_title":"Ma\u00dfgeschneiderte B\u00fcrsten f\u00fcr Hohlraumw\u00e4nde - Jobo Borstelfabriek","og_description":"Hohlraumb\u00fcrsten, die f\u00fcr die Hohlraumwand ma\u00dfgeschneidert sind, um zu verhindern, dass das D\u00e4mmmaterial zu den Nachbarn abf\u00e4llt.","og_url":"https:\/\/jobo-borstels.dapprgemaakt.nl\/de\/produkt\/massgeschneiderte-buersten-fuer-hohlraumwaende\/","og_site_name":"Jobo Borstelfabriek","article_modified_time":"2024-07-12T09:08:25+00:00","og_image":[{"width":2000,"height":2000,"url":"https:\/\/besenundbuersten.de\/wp-content\/uploads\/2023\/11\/spouwborstels-3.jpg","type":"image\/jpeg"}],"twitter_card":"summary_large_image","twitter_misc":{"Gesch\u00e4tzte Lesezeit":"1\u00a0Minute"},"schema":{"@context":"https:\/\/schema.org","@graph":[{"@type":"WebPage","@id":"https:\/\/jobo-borstels.dapprgemaakt.nl\/de\/produkt\/massgeschneiderte-buersten-fuer-hohlraumwaende\/","url":"https:\/\/jobo-borstels.dapprgemaakt.nl\/de\/produkt\/massgeschneiderte-buersten-fuer-hohlraumwaende\/","name":"Ma\u00dfgeschneiderte B\u00fcrsten f\u00fcr Hohlraumw\u00e4nde - Jobo Borstelfabriek","isPartOf":{"@id":"https:\/\/jobo-borstels.dapprgemaakt.nl\/de\/#website"},"primaryImageOfPage":{"@id":"https:\/\/jobo-borstels.dapprgemaakt.nl\/de\/produkt\/massgeschneiderte-buersten-fuer-hohlraumwaende\/#primaryimage"},"image":{"@id":"https:\/\/jobo-borstels.dapprgemaakt.nl\/de\/produkt\/massgeschneiderte-buersten-fuer-hohlraumwaende\/#primaryimage"},"thumbnailUrl":"https:\/\/jobo-borstels.dapprgemaakt.nl\/wp-content\/uploads\/2023\/11\/spouwborstels-3.jpg","datePublished":"2024-03-16T12:56:19+00:00","dateModified":"2024-07-12T09:08:25+00:00","breadcrumb":{"@id":"https:\/\/jobo-borstels.dapprgemaakt.nl\/de\/produkt\/massgeschneiderte-buersten-fuer-hohlraumwaende\/#breadcrumb"},"inLanguage":"de","potentialAction":[{"@type":"ReadAction","target":["https:\/\/jobo-borstels.dapprgemaakt.nl\/de\/produkt\/massgeschneiderte-buersten-fuer-hohlraumwaende\/"]}]},{"@type":"ImageObject","inLanguage":"de","@id":"https:\/\/jobo-borstels.dapprgemaakt.nl\/de\/produkt\/massgeschneiderte-buersten-fuer-hohlraumwaende\/#primaryimage","url":"https:\/\/jobo-borstels.dapprgemaakt.nl\/wp-content\/uploads\/2023\/11\/spouwborstels-3.jpg","contentUrl":"https:\/\/jobo-borstels.dapprgemaakt.nl\/wp-content\/uploads\/2023\/11\/spouwborstels-3.jpg","width":2000,"height":2000,"caption":"spouwborstels"},{"@type":"BreadcrumbList","@id":"https:\/\/jobo-borstels.dapprgemaakt.nl\/de\/produkt\/massgeschneiderte-buersten-fuer-hohlraumwaende\/#breadcrumb","itemListElement":[{"@type":"ListItem","position":1,"name":"Home","item":"https:\/\/besenundbuersten.de\/"},{"@type":"ListItem","position":2,"name":"Produkte","item":"https:\/\/jobo-borstels.dapprgemaakt.nl\/de\/shop\/"},{"@type":"ListItem","position":3,"name":"Ma\u00dfgeschneiderte B\u00fcrsten f\u00fcr Hohlraumw\u00e4nde"}]},{"@type":"WebSite","@id":"https:\/\/jobo-borstels.dapprgemaakt.nl\/de\/#website","url":"https:\/\/jobo-borstels.dapprgemaakt.nl\/de\/","name":"Jobo Borstelfabriek","description":"","potentialAction":[{"@type":"SearchAction","target":{"@type":"EntryPoint","urlTemplate":"https:\/\/jobo-borstels.dapprgemaakt.nl\/de\/?s={search_term_string}"},"query-input":{"@type":"PropertyValueSpecification","valueRequired":true,"valueName":"search_term_string"}}],"inLanguage":"de"}]}},"_links":{"self":[{"href":"https:\/\/jobo-borstels.dapprgemaakt.nl\/de\/wp-json\/wp\/v2\/product\/2645","targetHints":{"allow":["GET"]}}],"collection":[{"href":"https:\/\/jobo-borstels.dapprgemaakt.nl\/de\/wp-json\/wp\/v2\/product"}],"about":[{"href":"https:\/\/jobo-borstels.dapprgemaakt.nl\/de\/wp-json\/wp\/v2\/types\/product"}],"wp:featuredmedia":[{"embeddable":true,"href":"https:\/\/jobo-borstels.dapprgemaakt.nl\/de\/wp-json\/wp\/v2\/media\/1538"}],"wp:attachment":[{"href":"https:\/\/jobo-borstels.dapprgemaakt.nl\/de\/wp-json\/wp\/v2\/media?parent=2645"}],"wp:term":[{"taxonomy":"product_cat","embeddable":true,"href":"https:\/\/jobo-borstels.dapprgemaakt.nl\/de\/wp-json\/wp\/v2\/product_cat?post=2645"},{"taxonomy":"product_tag","embeddable":true,"href":"https:\/\/jobo-borstels.dapprgemaakt.nl\/de\/wp-json\/wp\/v2\/product_tag?post=2645"}],"curies":[{"name":"wp","href":"https:\/\/api.w.org\/{rel}","templated":true}]}}