{"id":2646,"date":"2024-03-16T11:50:50","date_gmt":"2024-03-16T11:50:50","guid":{"rendered":"https:\/\/jobo-borstels.dapprgemaakt.nl\/product\/arbeitsbuersten-nach-mass\/"},"modified":"2024-07-12T08:06:04","modified_gmt":"2024-07-12T08:06:04","slug":"arbeitsbuersten-nach-mass","status":"publish","type":"product","link":"https:\/\/jobo-borstels.dapprgemaakt.nl\/de\/produkt\/arbeitsbuersten-nach-mass\/","title":{"rendered":"Arbeitsb\u00fcrsten nach Ma\u00df"},"content":{"rendered":"<p>Suchen Sie nach einer Repellent-B\u00fcrste in einer anderen Gr\u00f6\u00dfe oder f\u00fcr eine andere Anwendung? Kein Problem! Mailen Sie uns die gew\u00fcnschten Gr\u00f6\u00dfen f\u00fcr ein Angebot. Eile? Ein Telefonanruf gen\u00fcgt, um sofort zu besprechen, was m\u00f6glich ist. Dank unserer verschiedenen Maschinen k\u00f6nnen wir viele verschiedene Arten von B\u00fcrsten herstellen. Lassen Sie uns wissen, was Sie brauchen, und wir werden gemeinsam eine L\u00f6sung finden.<\/p>\n","protected":false},"excerpt":{"rendered":"<p>Arbeitsb\u00fcrsten nach Ma\u00df.<\/p>\n","protected":false},"featured_media":1540,"template":"","meta":{"_acf_changed":false},"product_cat":[231,236,243,239],"product_tag":[],"class_list":{"0":"post-2646","1":"product","2":"type-product","3":"status-publish","4":"has-post-thumbnail","6":"product_cat-alle-buersten","7":"product_cat-baugewerbe","8":"product_cat-beliebt","9":"product_cat-grosse-rundbuersten","11":"first","12":"instock","13":"shipping-taxable","14":"product-type-simple"},"acf":[],"yoast_head":"<!-- This site is optimized with the Yoast SEO plugin v24.0 - https:\/\/yoast.com\/wordpress\/plugins\/seo\/ -->\n<title>Arbeitsb\u00fcrsten nach Ma\u00df - Jobo Borstelfabriek<\/title>\n<meta name=\"robots\" content=\"noindex, follow, max-snippet:-1, max-image-preview:large, max-video-preview:-1\" \/>\n<meta property=\"og:locale\" content=\"de_DE\" \/>\n<meta property=\"og:type\" content=\"article\" \/>\n<meta property=\"og:title\" content=\"Arbeitsb\u00fcrsten nach Ma\u00df - Jobo Borstelfabriek\" \/>\n<meta property=\"og:description\" content=\"Arbeitsb\u00fcrsten nach Ma\u00df.\" \/>\n<meta property=\"og:url\" content=\"https:\/\/jobo-borstels.dapprgemaakt.nl\/de\/produkt\/arbeitsbuersten-nach-mass\/\" \/>\n<meta property=\"og:site_name\" content=\"Jobo Borstelfabriek\" \/>\n<meta property=\"article:modified_time\" content=\"2024-07-12T08:06:04+00:00\" \/>\n<meta property=\"og:image\" content=\"https:\/\/besenundbuersten.de\/wp-content\/uploads\/2023\/11\/weringsborstel-1024x922.jpg\" \/>\n\t<meta property=\"og:image:width\" content=\"1024\" \/>\n\t<meta property=\"og:image:height\" content=\"922\" \/>\n\t<meta property=\"og:image:type\" content=\"image\/jpeg\" \/>\n<meta name=\"twitter:card\" content=\"summary_large_image\" \/>\n<meta name=\"twitter:label1\" content=\"Gesch\u00e4tzte Lesezeit\" \/>\n\t<meta name=\"twitter:data1\" content=\"1\u00a0Minute\" \/>\n<script type=\"application\/ld+json\" class=\"yoast-schema-graph\">{\"@context\":\"https:\/\/schema.org\",\"@graph\":[{\"@type\":\"WebPage\",\"@id\":\"https:\/\/jobo-borstels.dapprgemaakt.nl\/de\/produkt\/arbeitsbuersten-nach-mass\/\",\"url\":\"https:\/\/jobo-borstels.dapprgemaakt.nl\/de\/produkt\/arbeitsbuersten-nach-mass\/\",\"name\":\"Arbeitsb\u00fcrsten nach Ma\u00df - Jobo Borstelfabriek\",\"isPartOf\":{\"@id\":\"https:\/\/jobo-borstels.dapprgemaakt.nl\/de\/#website\"},\"primaryImageOfPage\":{\"@id\":\"https:\/\/jobo-borstels.dapprgemaakt.nl\/de\/produkt\/arbeitsbuersten-nach-mass\/#primaryimage\"},\"image\":{\"@id\":\"https:\/\/jobo-borstels.dapprgemaakt.nl\/de\/produkt\/arbeitsbuersten-nach-mass\/#primaryimage\"},\"thumbnailUrl\":\"https:\/\/jobo-borstels.dapprgemaakt.nl\/wp-content\/uploads\/2023\/11\/weringsborstel.jpg\",\"datePublished\":\"2024-03-16T11:50:50+00:00\",\"dateModified\":\"2024-07-12T08:06:04+00:00\",\"breadcrumb\":{\"@id\":\"https:\/\/jobo-borstels.dapprgemaakt.nl\/de\/produkt\/arbeitsbuersten-nach-mass\/#breadcrumb\"},\"inLanguage\":\"de\",\"potentialAction\":[{\"@type\":\"ReadAction\",\"target\":[\"https:\/\/jobo-borstels.dapprgemaakt.nl\/de\/produkt\/arbeitsbuersten-nach-mass\/\"]}]},{\"@type\":\"ImageObject\",\"inLanguage\":\"de\",\"@id\":\"https:\/\/jobo-borstels.dapprgemaakt.nl\/de\/produkt\/arbeitsbuersten-nach-mass\/#primaryimage\",\"url\":\"https:\/\/jobo-borstels.dapprgemaakt.nl\/wp-content\/uploads\/2023\/11\/weringsborstel.jpg\",\"contentUrl\":\"https:\/\/jobo-borstels.dapprgemaakt.nl\/wp-content\/uploads\/2023\/11\/weringsborstel.jpg\",\"width\":2362,\"height\":2126,\"caption\":\"weringsborstel\"},{\"@type\":\"BreadcrumbList\",\"@id\":\"https:\/\/jobo-borstels.dapprgemaakt.nl\/de\/produkt\/arbeitsbuersten-nach-mass\/#breadcrumb\",\"itemListElement\":[{\"@type\":\"ListItem\",\"position\":1,\"name\":\"Home\",\"item\":\"https:\/\/besenundbuersten.de\/\"},{\"@type\":\"ListItem\",\"position\":2,\"name\":\"Produkte\",\"item\":\"https:\/\/jobo-borstels.dapprgemaakt.nl\/de\/shop\/\"},{\"@type\":\"ListItem\",\"position\":3,\"name\":\"Arbeitsb\u00fcrsten nach Ma\u00df\"}]},{\"@type\":\"WebSite\",\"@id\":\"https:\/\/jobo-borstels.dapprgemaakt.nl\/de\/#website\",\"url\":\"https:\/\/jobo-borstels.dapprgemaakt.nl\/de\/\",\"name\":\"Jobo Borstelfabriek\",\"description\":\"\",\"potentialAction\":[{\"@type\":\"SearchAction\",\"target\":{\"@type\":\"EntryPoint\",\"urlTemplate\":\"https:\/\/jobo-borstels.dapprgemaakt.nl\/de\/?s={search_term_string}\"},\"query-input\":{\"@type\":\"PropertyValueSpecification\",\"valueRequired\":true,\"valueName\":\"search_term_string\"}}],\"inLanguage\":\"de\"}]}<\/script>\n<!-- \/ Yoast SEO plugin. -->","yoast_head_json":{"title":"Arbeitsb\u00fcrsten nach Ma\u00df - Jobo Borstelfabriek","robots":{"index":"noindex","follow":"follow","max-snippet":"max-snippet:-1","max-image-preview":"max-image-preview:large","max-video-preview":"max-video-preview:-1"},"og_locale":"de_DE","og_type":"article","og_title":"Arbeitsb\u00fcrsten nach Ma\u00df - Jobo Borstelfabriek","og_description":"Arbeitsb\u00fcrsten nach Ma\u00df.","og_url":"https:\/\/jobo-borstels.dapprgemaakt.nl\/de\/produkt\/arbeitsbuersten-nach-mass\/","og_site_name":"Jobo Borstelfabriek","article_modified_time":"2024-07-12T08:06:04+00:00","og_image":[{"width":1024,"height":922,"url":"https:\/\/besenundbuersten.de\/wp-content\/uploads\/2023\/11\/weringsborstel-1024x922.jpg","type":"image\/jpeg"}],"twitter_card":"summary_large_image","twitter_misc":{"Gesch\u00e4tzte Lesezeit":"1\u00a0Minute"},"schema":{"@context":"https:\/\/schema.org","@graph":[{"@type":"WebPage","@id":"https:\/\/jobo-borstels.dapprgemaakt.nl\/de\/produkt\/arbeitsbuersten-nach-mass\/","url":"https:\/\/jobo-borstels.dapprgemaakt.nl\/de\/produkt\/arbeitsbuersten-nach-mass\/","name":"Arbeitsb\u00fcrsten nach Ma\u00df - Jobo Borstelfabriek","isPartOf":{"@id":"https:\/\/jobo-borstels.dapprgemaakt.nl\/de\/#website"},"primaryImageOfPage":{"@id":"https:\/\/jobo-borstels.dapprgemaakt.nl\/de\/produkt\/arbeitsbuersten-nach-mass\/#primaryimage"},"image":{"@id":"https:\/\/jobo-borstels.dapprgemaakt.nl\/de\/produkt\/arbeitsbuersten-nach-mass\/#primaryimage"},"thumbnailUrl":"https:\/\/jobo-borstels.dapprgemaakt.nl\/wp-content\/uploads\/2023\/11\/weringsborstel.jpg","datePublished":"2024-03-16T11:50:50+00:00","dateModified":"2024-07-12T08:06:04+00:00","breadcrumb":{"@id":"https:\/\/jobo-borstels.dapprgemaakt.nl\/de\/produkt\/arbeitsbuersten-nach-mass\/#breadcrumb"},"inLanguage":"de","potentialAction":[{"@type":"ReadAction","target":["https:\/\/jobo-borstels.dapprgemaakt.nl\/de\/produkt\/arbeitsbuersten-nach-mass\/"]}]},{"@type":"ImageObject","inLanguage":"de","@id":"https:\/\/jobo-borstels.dapprgemaakt.nl\/de\/produkt\/arbeitsbuersten-nach-mass\/#primaryimage","url":"https:\/\/jobo-borstels.dapprgemaakt.nl\/wp-content\/uploads\/2023\/11\/weringsborstel.jpg","contentUrl":"https:\/\/jobo-borstels.dapprgemaakt.nl\/wp-content\/uploads\/2023\/11\/weringsborstel.jpg","width":2362,"height":2126,"caption":"weringsborstel"},{"@type":"BreadcrumbList","@id":"https:\/\/jobo-borstels.dapprgemaakt.nl\/de\/produkt\/arbeitsbuersten-nach-mass\/#breadcrumb","itemListElement":[{"@type":"ListItem","position":1,"name":"Home","item":"https:\/\/besenundbuersten.de\/"},{"@type":"ListItem","position":2,"name":"Produkte","item":"https:\/\/jobo-borstels.dapprgemaakt.nl\/de\/shop\/"},{"@type":"ListItem","position":3,"name":"Arbeitsb\u00fcrsten nach Ma\u00df"}]},{"@type":"WebSite","@id":"https:\/\/jobo-borstels.dapprgemaakt.nl\/de\/#website","url":"https:\/\/jobo-borstels.dapprgemaakt.nl\/de\/","name":"Jobo Borstelfabriek","description":"","potentialAction":[{"@type":"SearchAction","target":{"@type":"EntryPoint","urlTemplate":"https:\/\/jobo-borstels.dapprgemaakt.nl\/de\/?s={search_term_string}"},"query-input":{"@type":"PropertyValueSpecification","valueRequired":true,"valueName":"search_term_string"}}],"inLanguage":"de"}]}},"_links":{"self":[{"href":"https:\/\/jobo-borstels.dapprgemaakt.nl\/de\/wp-json\/wp\/v2\/product\/2646","targetHints":{"allow":["GET"]}}],"collection":[{"href":"https:\/\/jobo-borstels.dapprgemaakt.nl\/de\/wp-json\/wp\/v2\/product"}],"about":[{"href":"https:\/\/jobo-borstels.dapprgemaakt.nl\/de\/wp-json\/wp\/v2\/types\/product"}],"wp:featuredmedia":[{"embeddable":true,"href":"https:\/\/jobo-borstels.dapprgemaakt.nl\/de\/wp-json\/wp\/v2\/media\/1540"}],"wp:attachment":[{"href":"https:\/\/jobo-borstels.dapprgemaakt.nl\/de\/wp-json\/wp\/v2\/media?parent=2646"}],"wp:term":[{"taxonomy":"product_cat","embeddable":true,"href":"https:\/\/jobo-borstels.dapprgemaakt.nl\/de\/wp-json\/wp\/v2\/product_cat?post=2646"},{"taxonomy":"product_tag","embeddable":true,"href":"https:\/\/jobo-borstels.dapprgemaakt.nl\/de\/wp-json\/wp\/v2\/product_tag?post=2646"}],"curies":[{"name":"wp","href":"https:\/\/api.w.org\/{rel}","templated":true}]}}