{"id":2653,"date":"2024-03-07T14:07:22","date_gmt":"2024-03-07T14:07:22","guid":{"rendered":"https:\/\/jobo-borstels.dapprgemaakt.nl\/product\/naturfreundliche-isolierung\/"},"modified":"2024-07-12T09:09:07","modified_gmt":"2024-07-12T09:09:07","slug":"naturfreundliche-isolierung","status":"publish","type":"product","link":"https:\/\/jobo-borstels.dapprgemaakt.nl\/de\/produkt\/naturfreundliche-isolierung\/","title":{"rendered":"Naturfreundliche Isolierung"},"content":{"rendered":"<p><span style=\"text-decoration: underline;\"><em><strong>Naturfreundliche D\u00e4mmung mit Hohlraumb\u00fcrsten &#8211; so machen Sie es, Schritt f\u00fcr Schritt und einfach erkl\u00e4rt:<\/strong><\/em><\/span><\/p>\n<ul>\n<li><strong>Vorbereitung eines Hohlraumgeh\u00e4uses<\/strong>: R\u00e4umen Sie einen Hohlraum in der Wand von D\u00e4mmmaterial frei. Dies wird als Hohlraumbehausung bezeichnet. Ein H\u00f6hlenunterschlupf bietet eine stabilere Temperatur und Luftfeuchtigkeit als ein Fledermauskasten und besseren Schutz vor Raubtieren und menschlichen St\u00f6rungen<\/li>\n<li><strong>Verwendung von Hohlraumb\u00fcrsten<\/strong>: Installieren Sie Hohlraumb\u00fcrsten, um zu verhindern, dass Isoliermaterial in den Hohlraum eindringt. Die B\u00fcrsten halten das Isoliermaterial zur\u00fcck.<\/li>\n<li><strong>Zeitpunkt der Anwendung<\/strong>: Legen Sie die H\u00f6hlenschr\u00e4nke an, wenn Sie auch Ma\u00dfnahmen gegen Flederm\u00e4use ergreifen. Stellen Sie sicher, dass diese Ma\u00dfnahmen den Zugang zu den Hohlr\u00e4umen nicht behindern.<\/li>\n<li><strong>Position des Hohlraumgeh\u00e4uses<\/strong>: Setzen Sie das Hohlraumgeh\u00e4use oben auf die Hohlraumwand. Sie k\u00f6nnen eine Kavit\u00e4tenb\u00fcrste U-f\u00f6rmig von oben in die Kavit\u00e4t einsetzen (siehe Abbildung).<\/li>\n<li><strong>Anschluss an das Dach<\/strong>: Stellen Sie sicher, dass der Hohlraumschrank oben offen und mit dem Dach verbunden ist. Ist der obere Teil des Hohlraums geschlossen? \u00d6ffnen Sie ihn dann mit einem schmalen Schlitz (mindestens 20 mm breit und 50 mm lang), wenn dies technisch m\u00f6glich ist.<\/li>\n<li><strong>Zugang zum Hohlraumgeh\u00e4use<\/strong>: Machen Sie eine \u00d6ffnung in der Fassade, die den Zugang zum Hohlraumgeh\u00e4use erm\u00f6glicht. Diese \u00d6ffnung sollte etwa 20 mm mal 50 mm gro\u00df sein, wie eine offene Stumpfnaht.<\/li>\n<li><strong>Anpassungen aus technischen Gr\u00fcnden<\/strong>: In manchen F\u00e4llen k\u00f6nnen Sie H\u00f6hlengehege durch kleinere oder durch Fledermausk\u00e4sten ersetzen. Dies kann nur aus technischen Gr\u00fcnden geschehen, z.B. wegen der Gefahr von Feuchtigkeitsproblemen aufgrund eines zu gro\u00dfen Verh\u00e4ltnisses zwischen dem Hohlraum und dem zu d\u00e4mmenden Fassadenteil. Erkl\u00e4ren Sie diese Situationen immer in der Benachrichtigung.<\/li>\n<\/ul>\n<p><em><strong><span style=\"text-decoration: underline;\">Abmessungen des Hohlraumgeh\u00e4uses:<\/span><\/strong><\/em><\/p>\n<ul>\n<li><strong>Zwischengeschaltete H\u00e4user<\/strong>: Machen Sie pro Fassade einen kleinen 30 x 30 cm gro\u00dfen Hohlraum. Wenn dies nicht m\u00f6glich ist, kann ein Fledermauskasten als Alternative verwendet werden.<\/li>\n<li><strong>Eckh\u00e4user und Endh\u00e4user<\/strong>: Bauen Sie ein gro\u00dfes 100 x 100 cm gro\u00dfes Hohlraumgeh\u00e4use. Wenn dies nicht m\u00f6glich ist, kann er durch einen mittelgro\u00dfen Hohlraum (60 x 60 cm) und zwei kleine Hohlr\u00e4ume ersetzt werden.<\/li>\n<li><strong>Freistehende H\u00e4user<\/strong>: Im Dachfirst sollte ein gro\u00dfer Hohlraum von 100 x 100 cm vorhanden sein. Wenn dies technisch nicht machbar ist, kann es durch einen mittelgro\u00dfen Hohlraum (60 x 60 cm) und drei kleine Hohlr\u00e4ume (30 x 30 cm) oder im Extremfall durch einen kleinen Hohlraum pro Fassade (30 x 30 cm) oder einen Fledermauskasten pro Fassade als Alternative ersetzt werden.<\/li>\n<li><strong>Niedrige Wohnh\u00e4user (weniger als zwei Stockwerke mit Dachgeschoss)<\/strong>: Es ist ein kleiner Hohlraumschutz pro Fassade erforderlich. Wenn dies technisch nicht m\u00f6glich ist, kann ein Fledermauskasten als Ersatz dienen.<\/li>\n<\/ul>\n<p><em><strong><span style=\"text-decoration: underline;\">Diese Art von Residenz wird gegen\u00fcber Au\u00dfenanlagen bevorzugt, weil:<\/span><\/strong><\/em><\/p>\n<ul>\n<li>Eine Hohlwand profitiert von ihrer W\u00e4rmespeicherkapazit\u00e4t, wodurch sie im Raumklima stabiler ist und auch im Winter l\u00e4nger frostfrei bleibt;<\/li>\n<li>Eine H\u00f6hlenwand passt gut zum Suchmuster der Flederm\u00e4use nach Schlafpl\u00e4tzen, so dass die Akzeptanzrate hoch sein wird;<\/li>\n<li>Interne Scheren sind weniger anf\u00e4llig f\u00fcr Verfall und haben daher eine l\u00e4ngere Lebensdauer.<\/li>\n<\/ul>\n<p>!! Bitte beachten Sie, dass diese Informationen von der Gemeinde Utrecht stammen. Erkundigen Sie sich immer bei den zust\u00e4ndigen Umweltsch\u00fctzern oder Beh\u00f6rden, bevor Sie mit der Isolierung beginnen.<\/p>\n","protected":false},"excerpt":{"rendered":"<p>Naturfreundliche D\u00e4mmung mit Hohlraumb\u00fcrsten &#8211; so machen Sie es, Schritt f\u00fcr Schritt und einfach erkl\u00e4rt: Vorbereitung eines Hohlraumgeh\u00e4uses: R\u00e4umen Sie einen Hohlraum in der Wand [&hellip;]<\/p>\n","protected":false},"featured_media":1538,"template":"","meta":{"_acf_changed":false},"product_cat":[231,243,239,246],"product_tag":[],"class_list":{"0":"post-2653","1":"product","2":"type-product","3":"status-publish","4":"has-post-thumbnail","6":"product_cat-alle-buersten","7":"product_cat-beliebt","8":"product_cat-grosse-rundbuersten","9":"product_cat-hohlwandbuersten","11":"first","12":"instock","13":"shipping-taxable","14":"product-type-simple"},"acf":[],"yoast_head":"<!-- This site is optimized with the Yoast SEO plugin v24.0 - https:\/\/yoast.com\/wordpress\/plugins\/seo\/ -->\n<title>Naturfreundliche Isolierung - Jobo Borstelfabriek<\/title>\n<meta name=\"robots\" content=\"noindex, follow, max-snippet:-1, max-image-preview:large, max-video-preview:-1\" \/>\n<meta property=\"og:locale\" content=\"de_DE\" \/>\n<meta property=\"og:type\" content=\"article\" \/>\n<meta property=\"og:title\" content=\"Naturfreundliche Isolierung - Jobo Borstelfabriek\" \/>\n<meta property=\"og:description\" content=\"Naturfreundliche D\u00e4mmung mit Hohlraumb\u00fcrsten &#8211; so machen Sie es, Schritt f\u00fcr Schritt und einfach erkl\u00e4rt: Vorbereitung eines Hohlraumgeh\u00e4uses: R\u00e4umen Sie einen Hohlraum in der Wand [&hellip;]\" \/>\n<meta property=\"og:url\" content=\"https:\/\/jobo-borstels.dapprgemaakt.nl\/de\/produkt\/naturfreundliche-isolierung\/\" \/>\n<meta property=\"og:site_name\" content=\"Jobo Borstelfabriek\" \/>\n<meta property=\"article:modified_time\" content=\"2024-07-12T09:09:07+00:00\" \/>\n<meta property=\"og:image\" content=\"https:\/\/jobo-borstels.dapprgemaakt.nl\/wp-content\/uploads\/2023\/11\/spouwborstels-3.jpg\" \/>\n\t<meta property=\"og:image:width\" content=\"2000\" \/>\n\t<meta property=\"og:image:height\" content=\"2000\" \/>\n\t<meta property=\"og:image:type\" content=\"image\/jpeg\" \/>\n<meta name=\"twitter:card\" content=\"summary_large_image\" \/>\n<meta name=\"twitter:label1\" content=\"Gesch\u00e4tzte Lesezeit\" \/>\n\t<meta name=\"twitter:data1\" content=\"3\u00a0Minuten\" \/>\n<script type=\"application\/ld+json\" class=\"yoast-schema-graph\">{\"@context\":\"https:\/\/schema.org\",\"@graph\":[{\"@type\":\"WebPage\",\"@id\":\"https:\/\/jobo-borstels.dapprgemaakt.nl\/de\/produkt\/naturfreundliche-isolierung\/\",\"url\":\"https:\/\/jobo-borstels.dapprgemaakt.nl\/de\/produkt\/naturfreundliche-isolierung\/\",\"name\":\"Naturfreundliche Isolierung - Jobo Borstelfabriek\",\"isPartOf\":{\"@id\":\"https:\/\/jobo-borstels.dapprgemaakt.nl\/de\/#website\"},\"primaryImageOfPage\":{\"@id\":\"https:\/\/jobo-borstels.dapprgemaakt.nl\/de\/produkt\/naturfreundliche-isolierung\/#primaryimage\"},\"image\":{\"@id\":\"https:\/\/jobo-borstels.dapprgemaakt.nl\/de\/produkt\/naturfreundliche-isolierung\/#primaryimage\"},\"thumbnailUrl\":\"https:\/\/jobo-borstels.dapprgemaakt.nl\/wp-content\/uploads\/2023\/11\/spouwborstels-3.jpg\",\"datePublished\":\"2024-03-07T14:07:22+00:00\",\"dateModified\":\"2024-07-12T09:09:07+00:00\",\"breadcrumb\":{\"@id\":\"https:\/\/jobo-borstels.dapprgemaakt.nl\/de\/produkt\/naturfreundliche-isolierung\/#breadcrumb\"},\"inLanguage\":\"de\",\"potentialAction\":[{\"@type\":\"ReadAction\",\"target\":[\"https:\/\/jobo-borstels.dapprgemaakt.nl\/de\/produkt\/naturfreundliche-isolierung\/\"]}]},{\"@type\":\"ImageObject\",\"inLanguage\":\"de\",\"@id\":\"https:\/\/jobo-borstels.dapprgemaakt.nl\/de\/produkt\/naturfreundliche-isolierung\/#primaryimage\",\"url\":\"https:\/\/jobo-borstels.dapprgemaakt.nl\/wp-content\/uploads\/2023\/11\/spouwborstels-3.jpg\",\"contentUrl\":\"https:\/\/jobo-borstels.dapprgemaakt.nl\/wp-content\/uploads\/2023\/11\/spouwborstels-3.jpg\",\"width\":2000,\"height\":2000,\"caption\":\"spouwborstels\"},{\"@type\":\"BreadcrumbList\",\"@id\":\"https:\/\/jobo-borstels.dapprgemaakt.nl\/de\/produkt\/naturfreundliche-isolierung\/#breadcrumb\",\"itemListElement\":[{\"@type\":\"ListItem\",\"position\":1,\"name\":\"Home\",\"item\":\"https:\/\/besenundbuersten.de\/\"},{\"@type\":\"ListItem\",\"position\":2,\"name\":\"Produkte\",\"item\":\"https:\/\/jobo-borstels.dapprgemaakt.nl\/de\/shop\/\"},{\"@type\":\"ListItem\",\"position\":3,\"name\":\"Naturfreundliche Isolierung\"}]},{\"@type\":\"WebSite\",\"@id\":\"https:\/\/jobo-borstels.dapprgemaakt.nl\/de\/#website\",\"url\":\"https:\/\/jobo-borstels.dapprgemaakt.nl\/de\/\",\"name\":\"Jobo Borstelfabriek\",\"description\":\"\",\"potentialAction\":[{\"@type\":\"SearchAction\",\"target\":{\"@type\":\"EntryPoint\",\"urlTemplate\":\"https:\/\/jobo-borstels.dapprgemaakt.nl\/de\/?s={search_term_string}\"},\"query-input\":{\"@type\":\"PropertyValueSpecification\",\"valueRequired\":true,\"valueName\":\"search_term_string\"}}],\"inLanguage\":\"de\"}]}<\/script>\n<!-- \/ Yoast SEO plugin. -->","yoast_head_json":{"title":"Naturfreundliche Isolierung - Jobo Borstelfabriek","robots":{"index":"noindex","follow":"follow","max-snippet":"max-snippet:-1","max-image-preview":"max-image-preview:large","max-video-preview":"max-video-preview:-1"},"og_locale":"de_DE","og_type":"article","og_title":"Naturfreundliche Isolierung - Jobo Borstelfabriek","og_description":"Naturfreundliche D\u00e4mmung mit Hohlraumb\u00fcrsten &#8211; so machen Sie es, Schritt f\u00fcr Schritt und einfach erkl\u00e4rt: Vorbereitung eines Hohlraumgeh\u00e4uses: R\u00e4umen Sie einen Hohlraum in der Wand [&hellip;]","og_url":"https:\/\/jobo-borstels.dapprgemaakt.nl\/de\/produkt\/naturfreundliche-isolierung\/","og_site_name":"Jobo Borstelfabriek","article_modified_time":"2024-07-12T09:09:07+00:00","og_image":[{"width":2000,"height":2000,"url":"https:\/\/jobo-borstels.dapprgemaakt.nl\/wp-content\/uploads\/2023\/11\/spouwborstels-3.jpg","type":"image\/jpeg"}],"twitter_card":"summary_large_image","twitter_misc":{"Gesch\u00e4tzte Lesezeit":"3\u00a0Minuten"},"schema":{"@context":"https:\/\/schema.org","@graph":[{"@type":"WebPage","@id":"https:\/\/jobo-borstels.dapprgemaakt.nl\/de\/produkt\/naturfreundliche-isolierung\/","url":"https:\/\/jobo-borstels.dapprgemaakt.nl\/de\/produkt\/naturfreundliche-isolierung\/","name":"Naturfreundliche Isolierung - Jobo Borstelfabriek","isPartOf":{"@id":"https:\/\/jobo-borstels.dapprgemaakt.nl\/de\/#website"},"primaryImageOfPage":{"@id":"https:\/\/jobo-borstels.dapprgemaakt.nl\/de\/produkt\/naturfreundliche-isolierung\/#primaryimage"},"image":{"@id":"https:\/\/jobo-borstels.dapprgemaakt.nl\/de\/produkt\/naturfreundliche-isolierung\/#primaryimage"},"thumbnailUrl":"https:\/\/jobo-borstels.dapprgemaakt.nl\/wp-content\/uploads\/2023\/11\/spouwborstels-3.jpg","datePublished":"2024-03-07T14:07:22+00:00","dateModified":"2024-07-12T09:09:07+00:00","breadcrumb":{"@id":"https:\/\/jobo-borstels.dapprgemaakt.nl\/de\/produkt\/naturfreundliche-isolierung\/#breadcrumb"},"inLanguage":"de","potentialAction":[{"@type":"ReadAction","target":["https:\/\/jobo-borstels.dapprgemaakt.nl\/de\/produkt\/naturfreundliche-isolierung\/"]}]},{"@type":"ImageObject","inLanguage":"de","@id":"https:\/\/jobo-borstels.dapprgemaakt.nl\/de\/produkt\/naturfreundliche-isolierung\/#primaryimage","url":"https:\/\/jobo-borstels.dapprgemaakt.nl\/wp-content\/uploads\/2023\/11\/spouwborstels-3.jpg","contentUrl":"https:\/\/jobo-borstels.dapprgemaakt.nl\/wp-content\/uploads\/2023\/11\/spouwborstels-3.jpg","width":2000,"height":2000,"caption":"spouwborstels"},{"@type":"BreadcrumbList","@id":"https:\/\/jobo-borstels.dapprgemaakt.nl\/de\/produkt\/naturfreundliche-isolierung\/#breadcrumb","itemListElement":[{"@type":"ListItem","position":1,"name":"Home","item":"https:\/\/besenundbuersten.de\/"},{"@type":"ListItem","position":2,"name":"Produkte","item":"https:\/\/jobo-borstels.dapprgemaakt.nl\/de\/shop\/"},{"@type":"ListItem","position":3,"name":"Naturfreundliche Isolierung"}]},{"@type":"WebSite","@id":"https:\/\/jobo-borstels.dapprgemaakt.nl\/de\/#website","url":"https:\/\/jobo-borstels.dapprgemaakt.nl\/de\/","name":"Jobo Borstelfabriek","description":"","potentialAction":[{"@type":"SearchAction","target":{"@type":"EntryPoint","urlTemplate":"https:\/\/jobo-borstels.dapprgemaakt.nl\/de\/?s={search_term_string}"},"query-input":{"@type":"PropertyValueSpecification","valueRequired":true,"valueName":"search_term_string"}}],"inLanguage":"de"}]}},"_links":{"self":[{"href":"https:\/\/jobo-borstels.dapprgemaakt.nl\/de\/wp-json\/wp\/v2\/product\/2653","targetHints":{"allow":["GET"]}}],"collection":[{"href":"https:\/\/jobo-borstels.dapprgemaakt.nl\/de\/wp-json\/wp\/v2\/product"}],"about":[{"href":"https:\/\/jobo-borstels.dapprgemaakt.nl\/de\/wp-json\/wp\/v2\/types\/product"}],"wp:featuredmedia":[{"embeddable":true,"href":"https:\/\/jobo-borstels.dapprgemaakt.nl\/de\/wp-json\/wp\/v2\/media\/1538"}],"wp:attachment":[{"href":"https:\/\/jobo-borstels.dapprgemaakt.nl\/de\/wp-json\/wp\/v2\/media?parent=2653"}],"wp:term":[{"taxonomy":"product_cat","embeddable":true,"href":"https:\/\/jobo-borstels.dapprgemaakt.nl\/de\/wp-json\/wp\/v2\/product_cat?post=2653"},{"taxonomy":"product_tag","embeddable":true,"href":"https:\/\/jobo-borstels.dapprgemaakt.nl\/de\/wp-json\/wp\/v2\/product_tag?post=2653"}],"curies":[{"name":"wp","href":"https:\/\/api.w.org\/{rel}","templated":true}]}}