{"id":2657,"date":"2024-01-17T15:46:00","date_gmt":"2024-01-17T15:46:00","guid":{"rendered":"https:\/\/jobo-borstels.dapprgemaakt.nl\/product\/technische-buersten\/"},"modified":"2024-07-12T08:10:44","modified_gmt":"2024-07-12T08:10:44","slug":"technische-buersten","status":"publish","type":"product","link":"https:\/\/jobo-borstels.dapprgemaakt.nl\/de\/produkt\/technische-buersten\/","title":{"rendered":"Technische B\u00fcrsten"},"content":{"rendered":"<p>Technische B\u00fcrsten werden t\u00e4glich in vielen verschiedenen Branchen eingesetzt, beispielsweise im Maschinenbau, in der Schifffahrt und in der Lebensmittelverarbeitung. \u00dcberall in der Produktion kommen B\u00fcrsten zum Einsatz. Technische B\u00fcrsten sind unverzichtbare Werkzeuge f\u00fcr allt\u00e4gliche Aufgaben. Von der Abdichtung von Bearbeitungseinheiten bis zum Reinigen und Entgraten von L\u00f6chern, von der Produktf\u00fchrung bis zum Zur\u00fcckhalten oder Sammeln von Materialien.<\/p>\n<p>M\u00f6chten Sie mehr dar\u00fcber erfahren, wie technische B\u00fcrsten Ihre Produktion verbessern k\u00f6nnen? F\u00fcr weitere Informationen oder Beratung k\u00f6nnen Sie uns gerne kontaktieren. Wir helfen Ihnen gerne dabei, den richtigen Pinsel f\u00fcr Ihre spezifischen Bed\u00fcrfnisse zu finden.<\/p>\n<p>&nbsp;<\/p>\n<p>&nbsp;<\/p>\n<p>&nbsp;<\/p>\n<div class=\"w-full text-token-text-primary\" data-testid=\"conversation-turn-9\">\n<div class=\"px-4 py-2 justify-center text-base md:gap-6 m-auto\">\n<div class=\"flex flex-1 text-base mx-auto gap-3 md:px-5 lg:px-1 xl:px-5 md:max-w-3xl lg:max-w-[40rem] xl:max-w-[48rem] } group final-completion\">\n<div class=\"flex-shrink-0 flex flex-col relative items-end\">\n<div>\n<div class=\"pt-0.5\">\n<div class=\"gizmo-shadow-stroke flex h-6 w-6 items-center justify-center overflow-hidden rounded-full\">\n<div class=\"relative p-1 rounded-sm h-9 w-9 text-white flex items-center justify-center\"><\/div>\n<\/div>\n<\/div>\n<\/div>\n<\/div>\n<\/div>\n<\/div>\n<\/div>\n","protected":false},"excerpt":{"rendered":"<p>Technische B\u00fcrsten nach Ma\u00df.<\/p>\n","protected":false},"featured_media":2053,"template":"","meta":{"_acf_changed":false},"product_cat":[231,242,243,248],"product_tag":[348],"class_list":{"0":"post-2657","1":"product","2":"type-product","3":"status-publish","4":"has-post-thumbnail","6":"product_cat-alle-buersten","7":"product_cat-andere-buersten","8":"product_cat-beliebt","9":"product_cat-technische-und-spezielle-buersten","10":"product_tag-technische-bursten","12":"first","13":"instock","14":"shipping-taxable","15":"product-type-simple"},"acf":[],"yoast_head":"<!-- This site is optimized with the Yoast SEO plugin v24.0 - https:\/\/yoast.com\/wordpress\/plugins\/seo\/ -->\n<title>Technische B\u00fcrsten - Jobo Borstelfabriek<\/title>\n<meta name=\"robots\" content=\"noindex, follow, max-snippet:-1, max-image-preview:large, max-video-preview:-1\" \/>\n<meta property=\"og:locale\" content=\"de_DE\" \/>\n<meta property=\"og:type\" content=\"article\" \/>\n<meta property=\"og:title\" content=\"Technische B\u00fcrsten - Jobo Borstelfabriek\" \/>\n<meta property=\"og:description\" content=\"Technische B\u00fcrsten nach Ma\u00df.\" \/>\n<meta property=\"og:url\" content=\"https:\/\/jobo-borstels.dapprgemaakt.nl\/de\/produkt\/technische-buersten\/\" \/>\n<meta property=\"og:site_name\" content=\"Jobo Borstelfabriek\" \/>\n<meta property=\"article:modified_time\" content=\"2024-07-12T08:10:44+00:00\" \/>\n<meta property=\"og:image\" content=\"https:\/\/jobo-borstels.dapprgemaakt.nl\/wp-content\/uploads\/2024\/01\/Groep-technisch-borstelwerk-1-1.jpg\" \/>\n\t<meta property=\"og:image:width\" content=\"1999\" \/>\n\t<meta property=\"og:image:height\" content=\"1154\" \/>\n\t<meta property=\"og:image:type\" content=\"image\/jpeg\" \/>\n<meta name=\"twitter:card\" content=\"summary_large_image\" \/>\n<meta name=\"twitter:label1\" content=\"Gesch\u00e4tzte Lesezeit\" \/>\n\t<meta name=\"twitter:data1\" content=\"1\u00a0Minute\" \/>\n<script type=\"application\/ld+json\" class=\"yoast-schema-graph\">{\"@context\":\"https:\/\/schema.org\",\"@graph\":[{\"@type\":\"WebPage\",\"@id\":\"https:\/\/jobo-borstels.dapprgemaakt.nl\/de\/produkt\/technische-buersten\/\",\"url\":\"https:\/\/jobo-borstels.dapprgemaakt.nl\/de\/produkt\/technische-buersten\/\",\"name\":\"Technische B\u00fcrsten - Jobo Borstelfabriek\",\"isPartOf\":{\"@id\":\"https:\/\/jobo-borstels.dapprgemaakt.nl\/de\/#website\"},\"primaryImageOfPage\":{\"@id\":\"https:\/\/jobo-borstels.dapprgemaakt.nl\/de\/produkt\/technische-buersten\/#primaryimage\"},\"image\":{\"@id\":\"https:\/\/jobo-borstels.dapprgemaakt.nl\/de\/produkt\/technische-buersten\/#primaryimage\"},\"thumbnailUrl\":\"https:\/\/jobo-borstels.dapprgemaakt.nl\/wp-content\/uploads\/2024\/01\/Groep-technisch-borstelwerk-1-1.jpg\",\"datePublished\":\"2024-01-17T15:46:00+00:00\",\"dateModified\":\"2024-07-12T08:10:44+00:00\",\"breadcrumb\":{\"@id\":\"https:\/\/jobo-borstels.dapprgemaakt.nl\/de\/produkt\/technische-buersten\/#breadcrumb\"},\"inLanguage\":\"de\",\"potentialAction\":[{\"@type\":\"ReadAction\",\"target\":[\"https:\/\/jobo-borstels.dapprgemaakt.nl\/de\/produkt\/technische-buersten\/\"]}]},{\"@type\":\"ImageObject\",\"inLanguage\":\"de\",\"@id\":\"https:\/\/jobo-borstels.dapprgemaakt.nl\/de\/produkt\/technische-buersten\/#primaryimage\",\"url\":\"https:\/\/jobo-borstels.dapprgemaakt.nl\/wp-content\/uploads\/2024\/01\/Groep-technisch-borstelwerk-1-1.jpg\",\"contentUrl\":\"https:\/\/jobo-borstels.dapprgemaakt.nl\/wp-content\/uploads\/2024\/01\/Groep-technisch-borstelwerk-1-1.jpg\",\"width\":1999,\"height\":1154,\"caption\":\"Technische borstels\"},{\"@type\":\"BreadcrumbList\",\"@id\":\"https:\/\/jobo-borstels.dapprgemaakt.nl\/de\/produkt\/technische-buersten\/#breadcrumb\",\"itemListElement\":[{\"@type\":\"ListItem\",\"position\":1,\"name\":\"Home\",\"item\":\"https:\/\/besenundbuersten.de\/\"},{\"@type\":\"ListItem\",\"position\":2,\"name\":\"Produkte\",\"item\":\"https:\/\/jobo-borstels.dapprgemaakt.nl\/de\/shop\/\"},{\"@type\":\"ListItem\",\"position\":3,\"name\":\"Technische B\u00fcrsten\"}]},{\"@type\":\"WebSite\",\"@id\":\"https:\/\/jobo-borstels.dapprgemaakt.nl\/de\/#website\",\"url\":\"https:\/\/jobo-borstels.dapprgemaakt.nl\/de\/\",\"name\":\"Jobo Borstelfabriek\",\"description\":\"\",\"potentialAction\":[{\"@type\":\"SearchAction\",\"target\":{\"@type\":\"EntryPoint\",\"urlTemplate\":\"https:\/\/jobo-borstels.dapprgemaakt.nl\/de\/?s={search_term_string}\"},\"query-input\":{\"@type\":\"PropertyValueSpecification\",\"valueRequired\":true,\"valueName\":\"search_term_string\"}}],\"inLanguage\":\"de\"}]}<\/script>\n<!-- \/ Yoast SEO plugin. -->","yoast_head_json":{"title":"Technische B\u00fcrsten - Jobo Borstelfabriek","robots":{"index":"noindex","follow":"follow","max-snippet":"max-snippet:-1","max-image-preview":"max-image-preview:large","max-video-preview":"max-video-preview:-1"},"og_locale":"de_DE","og_type":"article","og_title":"Technische B\u00fcrsten - Jobo Borstelfabriek","og_description":"Technische B\u00fcrsten nach Ma\u00df.","og_url":"https:\/\/jobo-borstels.dapprgemaakt.nl\/de\/produkt\/technische-buersten\/","og_site_name":"Jobo Borstelfabriek","article_modified_time":"2024-07-12T08:10:44+00:00","og_image":[{"width":1999,"height":1154,"url":"https:\/\/jobo-borstels.dapprgemaakt.nl\/wp-content\/uploads\/2024\/01\/Groep-technisch-borstelwerk-1-1.jpg","type":"image\/jpeg"}],"twitter_card":"summary_large_image","twitter_misc":{"Gesch\u00e4tzte Lesezeit":"1\u00a0Minute"},"schema":{"@context":"https:\/\/schema.org","@graph":[{"@type":"WebPage","@id":"https:\/\/jobo-borstels.dapprgemaakt.nl\/de\/produkt\/technische-buersten\/","url":"https:\/\/jobo-borstels.dapprgemaakt.nl\/de\/produkt\/technische-buersten\/","name":"Technische B\u00fcrsten - Jobo Borstelfabriek","isPartOf":{"@id":"https:\/\/jobo-borstels.dapprgemaakt.nl\/de\/#website"},"primaryImageOfPage":{"@id":"https:\/\/jobo-borstels.dapprgemaakt.nl\/de\/produkt\/technische-buersten\/#primaryimage"},"image":{"@id":"https:\/\/jobo-borstels.dapprgemaakt.nl\/de\/produkt\/technische-buersten\/#primaryimage"},"thumbnailUrl":"https:\/\/jobo-borstels.dapprgemaakt.nl\/wp-content\/uploads\/2024\/01\/Groep-technisch-borstelwerk-1-1.jpg","datePublished":"2024-01-17T15:46:00+00:00","dateModified":"2024-07-12T08:10:44+00:00","breadcrumb":{"@id":"https:\/\/jobo-borstels.dapprgemaakt.nl\/de\/produkt\/technische-buersten\/#breadcrumb"},"inLanguage":"de","potentialAction":[{"@type":"ReadAction","target":["https:\/\/jobo-borstels.dapprgemaakt.nl\/de\/produkt\/technische-buersten\/"]}]},{"@type":"ImageObject","inLanguage":"de","@id":"https:\/\/jobo-borstels.dapprgemaakt.nl\/de\/produkt\/technische-buersten\/#primaryimage","url":"https:\/\/jobo-borstels.dapprgemaakt.nl\/wp-content\/uploads\/2024\/01\/Groep-technisch-borstelwerk-1-1.jpg","contentUrl":"https:\/\/jobo-borstels.dapprgemaakt.nl\/wp-content\/uploads\/2024\/01\/Groep-technisch-borstelwerk-1-1.jpg","width":1999,"height":1154,"caption":"Technische borstels"},{"@type":"BreadcrumbList","@id":"https:\/\/jobo-borstels.dapprgemaakt.nl\/de\/produkt\/technische-buersten\/#breadcrumb","itemListElement":[{"@type":"ListItem","position":1,"name":"Home","item":"https:\/\/besenundbuersten.de\/"},{"@type":"ListItem","position":2,"name":"Produkte","item":"https:\/\/jobo-borstels.dapprgemaakt.nl\/de\/shop\/"},{"@type":"ListItem","position":3,"name":"Technische B\u00fcrsten"}]},{"@type":"WebSite","@id":"https:\/\/jobo-borstels.dapprgemaakt.nl\/de\/#website","url":"https:\/\/jobo-borstels.dapprgemaakt.nl\/de\/","name":"Jobo Borstelfabriek","description":"","potentialAction":[{"@type":"SearchAction","target":{"@type":"EntryPoint","urlTemplate":"https:\/\/jobo-borstels.dapprgemaakt.nl\/de\/?s={search_term_string}"},"query-input":{"@type":"PropertyValueSpecification","valueRequired":true,"valueName":"search_term_string"}}],"inLanguage":"de"}]}},"_links":{"self":[{"href":"https:\/\/jobo-borstels.dapprgemaakt.nl\/de\/wp-json\/wp\/v2\/product\/2657","targetHints":{"allow":["GET"]}}],"collection":[{"href":"https:\/\/jobo-borstels.dapprgemaakt.nl\/de\/wp-json\/wp\/v2\/product"}],"about":[{"href":"https:\/\/jobo-borstels.dapprgemaakt.nl\/de\/wp-json\/wp\/v2\/types\/product"}],"wp:featuredmedia":[{"embeddable":true,"href":"https:\/\/jobo-borstels.dapprgemaakt.nl\/de\/wp-json\/wp\/v2\/media\/2053"}],"wp:attachment":[{"href":"https:\/\/jobo-borstels.dapprgemaakt.nl\/de\/wp-json\/wp\/v2\/media?parent=2657"}],"wp:term":[{"taxonomy":"product_cat","embeddable":true,"href":"https:\/\/jobo-borstels.dapprgemaakt.nl\/de\/wp-json\/wp\/v2\/product_cat?post=2657"},{"taxonomy":"product_tag","embeddable":true,"href":"https:\/\/jobo-borstels.dapprgemaakt.nl\/de\/wp-json\/wp\/v2\/product_tag?post=2657"}],"curies":[{"name":"wp","href":"https:\/\/api.w.org\/{rel}","templated":true}]}}