{"id":2659,"date":"2024-01-17T10:47:50","date_gmt":"2024-01-17T10:47:50","guid":{"rendered":"https:\/\/jobo-borstels.dapprgemaakt.nl\/product\/dachrinnenbesen-schwarzer-kunststoff\/"},"modified":"2024-07-12T08:15:59","modified_gmt":"2024-07-12T08:15:59","slug":"dachrinnenbesen-schwarzer-kunststoff","status":"publish","type":"product","link":"https:\/\/jobo-borstels.dapprgemaakt.nl\/de\/produkt\/dachrinnenbesen-schwarzer-kunststoff\/","title":{"rendered":"Dachrinnenbesen schwarzer Kunststoff"},"content":{"rendered":"<p>Lernen Sie unseren Stallbesen aus Kunststoff kennen, ein unverzichtbares Werkzeug f\u00fcr die Reinigung von St\u00e4llen, Ecken und Dachrinnen. Dieser Besen mit seinen langen, robusten Kunststoffborsten von 20 cm L\u00e4nge ist ideal zum Entfernen von Stroh, Futter, Laub und Ger\u00fcmpel. Die Kehrbreite sorgt f\u00fcr eine gute Kehrfl\u00e4che und erm\u00f6glicht ein schnelles und einfaches Kehren von gro\u00dfen Fl\u00e4chen. Das geringe Gewicht des Besens und seine Resistenz gegen Bakterienwachstum und Chemikalien machen ihn nicht nur benutzerfreundlich, sondern auch hygienisch und sicher f\u00fcr landwirtschaftliche Umgebungen.<\/p>\n","protected":false},"excerpt":{"rendered":"<p>Handlicher Besen aus Naturfaser zum Reinigen von Ecken und Dachrinnen.<\/p>\n","protected":false},"featured_media":1433,"template":"","meta":{"_acf_changed":false},"product_cat":[231],"product_tag":[],"class_list":{"0":"post-2659","1":"product","2":"type-product","3":"status-publish","4":"has-post-thumbnail","6":"product_cat-alle-buersten","8":"first","9":"instock","10":"shipping-taxable","11":"product-type-simple"},"acf":[],"yoast_head":"<!-- This site is optimized with the Yoast SEO plugin v24.0 - https:\/\/yoast.com\/wordpress\/plugins\/seo\/ -->\n<title>Dachrinnenbesen schwarzer Kunststoff - Jobo Borstelfabriek<\/title>\n<meta name=\"robots\" content=\"noindex, follow, max-snippet:-1, max-image-preview:large, max-video-preview:-1\" \/>\n<meta property=\"og:locale\" content=\"de_DE\" \/>\n<meta property=\"og:type\" content=\"article\" \/>\n<meta property=\"og:title\" content=\"Dachrinnenbesen schwarzer Kunststoff - Jobo Borstelfabriek\" \/>\n<meta property=\"og:description\" content=\"Handlicher Besen aus Naturfaser zum Reinigen von Ecken und Dachrinnen.\" \/>\n<meta property=\"og:url\" content=\"https:\/\/jobo-borstels.dapprgemaakt.nl\/de\/produkt\/dachrinnenbesen-schwarzer-kunststoff\/\" \/>\n<meta property=\"og:site_name\" content=\"Jobo Borstelfabriek\" \/>\n<meta property=\"article:modified_time\" content=\"2024-07-12T08:15:59+00:00\" \/>\n<meta property=\"og:image\" content=\"https:\/\/jobo-borstels.dapprgemaakt.nl\/wp-content\/uploads\/2024\/01\/Schuinebezem-PP-zwart.jpg\" \/>\n\t<meta property=\"og:image:width\" content=\"2016\" \/>\n\t<meta property=\"og:image:height\" content=\"1512\" \/>\n\t<meta property=\"og:image:type\" content=\"image\/jpeg\" \/>\n<meta name=\"twitter:card\" content=\"summary_large_image\" \/>\n<meta name=\"twitter:label1\" content=\"Gesch\u00e4tzte Lesezeit\" \/>\n\t<meta name=\"twitter:data1\" content=\"1\u00a0Minute\" \/>\n<script type=\"application\/ld+json\" class=\"yoast-schema-graph\">{\"@context\":\"https:\/\/schema.org\",\"@graph\":[{\"@type\":\"WebPage\",\"@id\":\"https:\/\/jobo-borstels.dapprgemaakt.nl\/de\/produkt\/dachrinnenbesen-schwarzer-kunststoff\/\",\"url\":\"https:\/\/jobo-borstels.dapprgemaakt.nl\/de\/produkt\/dachrinnenbesen-schwarzer-kunststoff\/\",\"name\":\"Dachrinnenbesen schwarzer Kunststoff - Jobo Borstelfabriek\",\"isPartOf\":{\"@id\":\"https:\/\/jobo-borstels.dapprgemaakt.nl\/de\/#website\"},\"primaryImageOfPage\":{\"@id\":\"https:\/\/jobo-borstels.dapprgemaakt.nl\/de\/produkt\/dachrinnenbesen-schwarzer-kunststoff\/#primaryimage\"},\"image\":{\"@id\":\"https:\/\/jobo-borstels.dapprgemaakt.nl\/de\/produkt\/dachrinnenbesen-schwarzer-kunststoff\/#primaryimage\"},\"thumbnailUrl\":\"https:\/\/jobo-borstels.dapprgemaakt.nl\/wp-content\/uploads\/2024\/01\/Schuinebezem-PP-zwart.jpg\",\"datePublished\":\"2024-01-17T10:47:50+00:00\",\"dateModified\":\"2024-07-12T08:15:59+00:00\",\"breadcrumb\":{\"@id\":\"https:\/\/jobo-borstels.dapprgemaakt.nl\/de\/produkt\/dachrinnenbesen-schwarzer-kunststoff\/#breadcrumb\"},\"inLanguage\":\"de\",\"potentialAction\":[{\"@type\":\"ReadAction\",\"target\":[\"https:\/\/jobo-borstels.dapprgemaakt.nl\/de\/produkt\/dachrinnenbesen-schwarzer-kunststoff\/\"]}]},{\"@type\":\"ImageObject\",\"inLanguage\":\"de\",\"@id\":\"https:\/\/jobo-borstels.dapprgemaakt.nl\/de\/produkt\/dachrinnenbesen-schwarzer-kunststoff\/#primaryimage\",\"url\":\"https:\/\/jobo-borstels.dapprgemaakt.nl\/wp-content\/uploads\/2024\/01\/Schuinebezem-PP-zwart.jpg\",\"contentUrl\":\"https:\/\/jobo-borstels.dapprgemaakt.nl\/wp-content\/uploads\/2024\/01\/Schuinebezem-PP-zwart.jpg\",\"width\":2016,\"height\":1512,\"caption\":\"Schuinebezem PP zwart\"},{\"@type\":\"BreadcrumbList\",\"@id\":\"https:\/\/jobo-borstels.dapprgemaakt.nl\/de\/produkt\/dachrinnenbesen-schwarzer-kunststoff\/#breadcrumb\",\"itemListElement\":[{\"@type\":\"ListItem\",\"position\":1,\"name\":\"Home\",\"item\":\"https:\/\/besenundbuersten.de\/\"},{\"@type\":\"ListItem\",\"position\":2,\"name\":\"Produkte\",\"item\":\"https:\/\/jobo-borstels.dapprgemaakt.nl\/de\/shop\/\"},{\"@type\":\"ListItem\",\"position\":3,\"name\":\"Dachrinnenbesen schwarzer Kunststoff\"}]},{\"@type\":\"WebSite\",\"@id\":\"https:\/\/jobo-borstels.dapprgemaakt.nl\/de\/#website\",\"url\":\"https:\/\/jobo-borstels.dapprgemaakt.nl\/de\/\",\"name\":\"Jobo Borstelfabriek\",\"description\":\"\",\"potentialAction\":[{\"@type\":\"SearchAction\",\"target\":{\"@type\":\"EntryPoint\",\"urlTemplate\":\"https:\/\/jobo-borstels.dapprgemaakt.nl\/de\/?s={search_term_string}\"},\"query-input\":{\"@type\":\"PropertyValueSpecification\",\"valueRequired\":true,\"valueName\":\"search_term_string\"}}],\"inLanguage\":\"de\"}]}<\/script>\n<!-- \/ Yoast SEO plugin. -->","yoast_head_json":{"title":"Dachrinnenbesen schwarzer Kunststoff - Jobo Borstelfabriek","robots":{"index":"noindex","follow":"follow","max-snippet":"max-snippet:-1","max-image-preview":"max-image-preview:large","max-video-preview":"max-video-preview:-1"},"og_locale":"de_DE","og_type":"article","og_title":"Dachrinnenbesen schwarzer Kunststoff - Jobo Borstelfabriek","og_description":"Handlicher Besen aus Naturfaser zum Reinigen von Ecken und Dachrinnen.","og_url":"https:\/\/jobo-borstels.dapprgemaakt.nl\/de\/produkt\/dachrinnenbesen-schwarzer-kunststoff\/","og_site_name":"Jobo Borstelfabriek","article_modified_time":"2024-07-12T08:15:59+00:00","og_image":[{"width":2016,"height":1512,"url":"https:\/\/jobo-borstels.dapprgemaakt.nl\/wp-content\/uploads\/2024\/01\/Schuinebezem-PP-zwart.jpg","type":"image\/jpeg"}],"twitter_card":"summary_large_image","twitter_misc":{"Gesch\u00e4tzte Lesezeit":"1\u00a0Minute"},"schema":{"@context":"https:\/\/schema.org","@graph":[{"@type":"WebPage","@id":"https:\/\/jobo-borstels.dapprgemaakt.nl\/de\/produkt\/dachrinnenbesen-schwarzer-kunststoff\/","url":"https:\/\/jobo-borstels.dapprgemaakt.nl\/de\/produkt\/dachrinnenbesen-schwarzer-kunststoff\/","name":"Dachrinnenbesen schwarzer Kunststoff - Jobo Borstelfabriek","isPartOf":{"@id":"https:\/\/jobo-borstels.dapprgemaakt.nl\/de\/#website"},"primaryImageOfPage":{"@id":"https:\/\/jobo-borstels.dapprgemaakt.nl\/de\/produkt\/dachrinnenbesen-schwarzer-kunststoff\/#primaryimage"},"image":{"@id":"https:\/\/jobo-borstels.dapprgemaakt.nl\/de\/produkt\/dachrinnenbesen-schwarzer-kunststoff\/#primaryimage"},"thumbnailUrl":"https:\/\/jobo-borstels.dapprgemaakt.nl\/wp-content\/uploads\/2024\/01\/Schuinebezem-PP-zwart.jpg","datePublished":"2024-01-17T10:47:50+00:00","dateModified":"2024-07-12T08:15:59+00:00","breadcrumb":{"@id":"https:\/\/jobo-borstels.dapprgemaakt.nl\/de\/produkt\/dachrinnenbesen-schwarzer-kunststoff\/#breadcrumb"},"inLanguage":"de","potentialAction":[{"@type":"ReadAction","target":["https:\/\/jobo-borstels.dapprgemaakt.nl\/de\/produkt\/dachrinnenbesen-schwarzer-kunststoff\/"]}]},{"@type":"ImageObject","inLanguage":"de","@id":"https:\/\/jobo-borstels.dapprgemaakt.nl\/de\/produkt\/dachrinnenbesen-schwarzer-kunststoff\/#primaryimage","url":"https:\/\/jobo-borstels.dapprgemaakt.nl\/wp-content\/uploads\/2024\/01\/Schuinebezem-PP-zwart.jpg","contentUrl":"https:\/\/jobo-borstels.dapprgemaakt.nl\/wp-content\/uploads\/2024\/01\/Schuinebezem-PP-zwart.jpg","width":2016,"height":1512,"caption":"Schuinebezem PP zwart"},{"@type":"BreadcrumbList","@id":"https:\/\/jobo-borstels.dapprgemaakt.nl\/de\/produkt\/dachrinnenbesen-schwarzer-kunststoff\/#breadcrumb","itemListElement":[{"@type":"ListItem","position":1,"name":"Home","item":"https:\/\/besenundbuersten.de\/"},{"@type":"ListItem","position":2,"name":"Produkte","item":"https:\/\/jobo-borstels.dapprgemaakt.nl\/de\/shop\/"},{"@type":"ListItem","position":3,"name":"Dachrinnenbesen schwarzer Kunststoff"}]},{"@type":"WebSite","@id":"https:\/\/jobo-borstels.dapprgemaakt.nl\/de\/#website","url":"https:\/\/jobo-borstels.dapprgemaakt.nl\/de\/","name":"Jobo Borstelfabriek","description":"","potentialAction":[{"@type":"SearchAction","target":{"@type":"EntryPoint","urlTemplate":"https:\/\/jobo-borstels.dapprgemaakt.nl\/de\/?s={search_term_string}"},"query-input":{"@type":"PropertyValueSpecification","valueRequired":true,"valueName":"search_term_string"}}],"inLanguage":"de"}]}},"_links":{"self":[{"href":"https:\/\/jobo-borstels.dapprgemaakt.nl\/de\/wp-json\/wp\/v2\/product\/2659","targetHints":{"allow":["GET"]}}],"collection":[{"href":"https:\/\/jobo-borstels.dapprgemaakt.nl\/de\/wp-json\/wp\/v2\/product"}],"about":[{"href":"https:\/\/jobo-borstels.dapprgemaakt.nl\/de\/wp-json\/wp\/v2\/types\/product"}],"wp:featuredmedia":[{"embeddable":true,"href":"https:\/\/jobo-borstels.dapprgemaakt.nl\/de\/wp-json\/wp\/v2\/media\/1433"}],"wp:attachment":[{"href":"https:\/\/jobo-borstels.dapprgemaakt.nl\/de\/wp-json\/wp\/v2\/media?parent=2659"}],"wp:term":[{"taxonomy":"product_cat","embeddable":true,"href":"https:\/\/jobo-borstels.dapprgemaakt.nl\/de\/wp-json\/wp\/v2\/product_cat?post=2659"},{"taxonomy":"product_tag","embeddable":true,"href":"https:\/\/jobo-borstels.dapprgemaakt.nl\/de\/wp-json\/wp\/v2\/product_tag?post=2659"}],"curies":[{"name":"wp","href":"https:\/\/api.w.org\/{rel}","templated":true}]}}