{"id":2665,"date":"2024-01-16T08:35:38","date_gmt":"2024-01-16T08:35:38","guid":{"rendered":"https:\/\/jobo-borstels.dapprgemaakt.nl\/product\/stadtbesen-rot\/"},"modified":"2024-07-11T13:59:39","modified_gmt":"2024-07-11T13:59:39","slug":"stadtbesen-rot","status":"publish","type":"product","link":"https:\/\/jobo-borstels.dapprgemaakt.nl\/de\/produkt\/stadtbesen-rot\/","title":{"rendered":"Stadtbesen rot"},"content":{"rendered":"<p>Der Stadtbesen rot ist ein stabiler und robuster Besen, der f\u00fcr schwerere Kehrarbeiten in \u00f6ffentlichen Bereichen, auf Baustellen und in der Landwirtschaft eingesetzt wird. Mit seinem breiten 45 cm langen Kopf und den strapazierf\u00e4higen, recycelten Borsten ist dieser Besen ideal zum effektiven Kehren gr\u00f6\u00dferer Fl\u00e4chen. Der Besen ist ideal, um sowohl feinen Sand als auch gr\u00f6beres Ger\u00f6ll zu beseitigen. Ein unverzichtbarer Besen f\u00fcr Kommunalbetriebe, G\u00e4rtner und auf dem Bauernhof, unter anderem.<\/p>\n","protected":false},"excerpt":{"rendered":"<p>Sch\u00f6ner robuster Besen f\u00fcr gr\u00f6\u00dfere Au\u00dfenbereiche.<\/p>\n","protected":false},"featured_media":1402,"template":"","meta":{"_acf_changed":false},"product_cat":[231],"product_tag":[],"class_list":{"0":"post-2665","1":"product","2":"type-product","3":"status-publish","4":"has-post-thumbnail","6":"product_cat-alle-buersten","8":"first","9":"instock","10":"shipping-taxable","11":"product-type-simple"},"acf":[],"yoast_head":"<!-- This site is optimized with the Yoast SEO plugin v24.0 - https:\/\/yoast.com\/wordpress\/plugins\/seo\/ -->\n<title>Stadtbesen rot - Jobo Borstelfabriek<\/title>\n<meta name=\"robots\" content=\"noindex, follow, max-snippet:-1, max-image-preview:large, max-video-preview:-1\" \/>\n<meta property=\"og:locale\" content=\"de_DE\" \/>\n<meta property=\"og:type\" content=\"article\" \/>\n<meta property=\"og:title\" content=\"Stadtbesen rot - Jobo Borstelfabriek\" \/>\n<meta property=\"og:description\" content=\"Sch\u00f6ner robuster Besen f\u00fcr gr\u00f6\u00dfere Au\u00dfenbereiche.\" \/>\n<meta property=\"og:url\" content=\"https:\/\/jobo-borstels.dapprgemaakt.nl\/de\/produkt\/stadtbesen-rot\/\" \/>\n<meta property=\"og:site_name\" content=\"Jobo Borstelfabriek\" \/>\n<meta property=\"article:modified_time\" content=\"2024-07-11T13:59:39+00:00\" \/>\n<meta property=\"og:image\" content=\"https:\/\/jobo-borstels.dapprgemaakt.nl\/wp-content\/uploads\/2024\/01\/Gemeentebezem-rood.jpg\" \/>\n\t<meta property=\"og:image:width\" content=\"2016\" \/>\n\t<meta property=\"og:image:height\" content=\"1512\" \/>\n\t<meta property=\"og:image:type\" content=\"image\/jpeg\" \/>\n<meta name=\"twitter:card\" content=\"summary_large_image\" \/>\n<script type=\"application\/ld+json\" class=\"yoast-schema-graph\">{\"@context\":\"https:\/\/schema.org\",\"@graph\":[{\"@type\":\"WebPage\",\"@id\":\"https:\/\/jobo-borstels.dapprgemaakt.nl\/de\/produkt\/stadtbesen-rot\/\",\"url\":\"https:\/\/jobo-borstels.dapprgemaakt.nl\/de\/produkt\/stadtbesen-rot\/\",\"name\":\"Stadtbesen rot - Jobo Borstelfabriek\",\"isPartOf\":{\"@id\":\"https:\/\/jobo-borstels.dapprgemaakt.nl\/de\/#website\"},\"primaryImageOfPage\":{\"@id\":\"https:\/\/jobo-borstels.dapprgemaakt.nl\/de\/produkt\/stadtbesen-rot\/#primaryimage\"},\"image\":{\"@id\":\"https:\/\/jobo-borstels.dapprgemaakt.nl\/de\/produkt\/stadtbesen-rot\/#primaryimage\"},\"thumbnailUrl\":\"https:\/\/jobo-borstels.dapprgemaakt.nl\/wp-content\/uploads\/2024\/01\/Gemeentebezem-rood.jpg\",\"datePublished\":\"2024-01-16T08:35:38+00:00\",\"dateModified\":\"2024-07-11T13:59:39+00:00\",\"breadcrumb\":{\"@id\":\"https:\/\/jobo-borstels.dapprgemaakt.nl\/de\/produkt\/stadtbesen-rot\/#breadcrumb\"},\"inLanguage\":\"de\",\"potentialAction\":[{\"@type\":\"ReadAction\",\"target\":[\"https:\/\/jobo-borstels.dapprgemaakt.nl\/de\/produkt\/stadtbesen-rot\/\"]}]},{\"@type\":\"ImageObject\",\"inLanguage\":\"de\",\"@id\":\"https:\/\/jobo-borstels.dapprgemaakt.nl\/de\/produkt\/stadtbesen-rot\/#primaryimage\",\"url\":\"https:\/\/jobo-borstels.dapprgemaakt.nl\/wp-content\/uploads\/2024\/01\/Gemeentebezem-rood.jpg\",\"contentUrl\":\"https:\/\/jobo-borstels.dapprgemaakt.nl\/wp-content\/uploads\/2024\/01\/Gemeentebezem-rood.jpg\",\"width\":2016,\"height\":1512,\"caption\":\"Gemeentebezem rood\"},{\"@type\":\"BreadcrumbList\",\"@id\":\"https:\/\/jobo-borstels.dapprgemaakt.nl\/de\/produkt\/stadtbesen-rot\/#breadcrumb\",\"itemListElement\":[{\"@type\":\"ListItem\",\"position\":1,\"name\":\"Home\",\"item\":\"https:\/\/besenundbuersten.de\/\"},{\"@type\":\"ListItem\",\"position\":2,\"name\":\"Produkte\",\"item\":\"https:\/\/jobo-borstels.dapprgemaakt.nl\/de\/shop\/\"},{\"@type\":\"ListItem\",\"position\":3,\"name\":\"Stadtbesen rot\"}]},{\"@type\":\"WebSite\",\"@id\":\"https:\/\/jobo-borstels.dapprgemaakt.nl\/de\/#website\",\"url\":\"https:\/\/jobo-borstels.dapprgemaakt.nl\/de\/\",\"name\":\"Jobo Borstelfabriek\",\"description\":\"\",\"potentialAction\":[{\"@type\":\"SearchAction\",\"target\":{\"@type\":\"EntryPoint\",\"urlTemplate\":\"https:\/\/jobo-borstels.dapprgemaakt.nl\/de\/?s={search_term_string}\"},\"query-input\":{\"@type\":\"PropertyValueSpecification\",\"valueRequired\":true,\"valueName\":\"search_term_string\"}}],\"inLanguage\":\"de\"}]}<\/script>\n<!-- \/ Yoast SEO plugin. -->","yoast_head_json":{"title":"Stadtbesen rot - Jobo Borstelfabriek","robots":{"index":"noindex","follow":"follow","max-snippet":"max-snippet:-1","max-image-preview":"max-image-preview:large","max-video-preview":"max-video-preview:-1"},"og_locale":"de_DE","og_type":"article","og_title":"Stadtbesen rot - Jobo Borstelfabriek","og_description":"Sch\u00f6ner robuster Besen f\u00fcr gr\u00f6\u00dfere Au\u00dfenbereiche.","og_url":"https:\/\/jobo-borstels.dapprgemaakt.nl\/de\/produkt\/stadtbesen-rot\/","og_site_name":"Jobo Borstelfabriek","article_modified_time":"2024-07-11T13:59:39+00:00","og_image":[{"width":2016,"height":1512,"url":"https:\/\/jobo-borstels.dapprgemaakt.nl\/wp-content\/uploads\/2024\/01\/Gemeentebezem-rood.jpg","type":"image\/jpeg"}],"twitter_card":"summary_large_image","schema":{"@context":"https:\/\/schema.org","@graph":[{"@type":"WebPage","@id":"https:\/\/jobo-borstels.dapprgemaakt.nl\/de\/produkt\/stadtbesen-rot\/","url":"https:\/\/jobo-borstels.dapprgemaakt.nl\/de\/produkt\/stadtbesen-rot\/","name":"Stadtbesen rot - Jobo Borstelfabriek","isPartOf":{"@id":"https:\/\/jobo-borstels.dapprgemaakt.nl\/de\/#website"},"primaryImageOfPage":{"@id":"https:\/\/jobo-borstels.dapprgemaakt.nl\/de\/produkt\/stadtbesen-rot\/#primaryimage"},"image":{"@id":"https:\/\/jobo-borstels.dapprgemaakt.nl\/de\/produkt\/stadtbesen-rot\/#primaryimage"},"thumbnailUrl":"https:\/\/jobo-borstels.dapprgemaakt.nl\/wp-content\/uploads\/2024\/01\/Gemeentebezem-rood.jpg","datePublished":"2024-01-16T08:35:38+00:00","dateModified":"2024-07-11T13:59:39+00:00","breadcrumb":{"@id":"https:\/\/jobo-borstels.dapprgemaakt.nl\/de\/produkt\/stadtbesen-rot\/#breadcrumb"},"inLanguage":"de","potentialAction":[{"@type":"ReadAction","target":["https:\/\/jobo-borstels.dapprgemaakt.nl\/de\/produkt\/stadtbesen-rot\/"]}]},{"@type":"ImageObject","inLanguage":"de","@id":"https:\/\/jobo-borstels.dapprgemaakt.nl\/de\/produkt\/stadtbesen-rot\/#primaryimage","url":"https:\/\/jobo-borstels.dapprgemaakt.nl\/wp-content\/uploads\/2024\/01\/Gemeentebezem-rood.jpg","contentUrl":"https:\/\/jobo-borstels.dapprgemaakt.nl\/wp-content\/uploads\/2024\/01\/Gemeentebezem-rood.jpg","width":2016,"height":1512,"caption":"Gemeentebezem rood"},{"@type":"BreadcrumbList","@id":"https:\/\/jobo-borstels.dapprgemaakt.nl\/de\/produkt\/stadtbesen-rot\/#breadcrumb","itemListElement":[{"@type":"ListItem","position":1,"name":"Home","item":"https:\/\/besenundbuersten.de\/"},{"@type":"ListItem","position":2,"name":"Produkte","item":"https:\/\/jobo-borstels.dapprgemaakt.nl\/de\/shop\/"},{"@type":"ListItem","position":3,"name":"Stadtbesen rot"}]},{"@type":"WebSite","@id":"https:\/\/jobo-borstels.dapprgemaakt.nl\/de\/#website","url":"https:\/\/jobo-borstels.dapprgemaakt.nl\/de\/","name":"Jobo Borstelfabriek","description":"","potentialAction":[{"@type":"SearchAction","target":{"@type":"EntryPoint","urlTemplate":"https:\/\/jobo-borstels.dapprgemaakt.nl\/de\/?s={search_term_string}"},"query-input":{"@type":"PropertyValueSpecification","valueRequired":true,"valueName":"search_term_string"}}],"inLanguage":"de"}]}},"_links":{"self":[{"href":"https:\/\/jobo-borstels.dapprgemaakt.nl\/de\/wp-json\/wp\/v2\/product\/2665","targetHints":{"allow":["GET"]}}],"collection":[{"href":"https:\/\/jobo-borstels.dapprgemaakt.nl\/de\/wp-json\/wp\/v2\/product"}],"about":[{"href":"https:\/\/jobo-borstels.dapprgemaakt.nl\/de\/wp-json\/wp\/v2\/types\/product"}],"wp:featuredmedia":[{"embeddable":true,"href":"https:\/\/jobo-borstels.dapprgemaakt.nl\/de\/wp-json\/wp\/v2\/media\/1402"}],"wp:attachment":[{"href":"https:\/\/jobo-borstels.dapprgemaakt.nl\/de\/wp-json\/wp\/v2\/media?parent=2665"}],"wp:term":[{"taxonomy":"product_cat","embeddable":true,"href":"https:\/\/jobo-borstels.dapprgemaakt.nl\/de\/wp-json\/wp\/v2\/product_cat?post=2665"},{"taxonomy":"product_tag","embeddable":true,"href":"https:\/\/jobo-borstels.dapprgemaakt.nl\/de\/wp-json\/wp\/v2\/product_tag?post=2665"}],"curies":[{"name":"wp","href":"https:\/\/api.w.org\/{rel}","templated":true}]}}