{"id":2674,"date":"2023-11-27T09:00:04","date_gmt":"2023-11-27T09:00:04","guid":{"rendered":"https:\/\/jobo-borstels.dapprgemaakt.nl\/product\/borstenpinsel\/"},"modified":"2024-07-12T09:04:55","modified_gmt":"2024-07-12T09:04:55","slug":"borstenpinsel","status":"publish","type":"product","link":"https:\/\/jobo-borstels.dapprgemaakt.nl\/de\/produkt\/borstenpinsel\/","title":{"rendered":"Borstenpinsel"},"content":{"rendered":"<h1>Borstenpinsel<\/h1>\n<p>Schweineborsten sind stark, strapazierf\u00e4hig, weich und flexibel und damit ideal f\u00fcr eine ganze Reihe von Anwendungen. Diese Naturborsten sind f\u00fcr ihre Langlebigkeit und Widerstandsf\u00e4higkeit bekannt und eignen sich perfekt f\u00fcr Aufgaben, die eine sanfte, aber effektive Vorgehensweise erfordern. Schweineborsten eignen sich dank ihrer nat\u00fcrlichen Steifheit und ihrer F\u00e4higkeit, Feuchtigkeit zu speichern, besonders gut zum Reinigen feiner Oberfl\u00e4chen, zum Polieren und zum Verteilen von Fl\u00fcssigkeiten. Unsere Schweineborstenb\u00fcrsten k\u00f6nnen nach Ma\u00df gefertigt werden und eignen sich daher sowohl f\u00fcr spezielle industrielle Anwendungen als auch f\u00fcr den t\u00e4glichen Gebrauch. Die nat\u00fcrlichen Eigenschaften der Schweineborsten sorgen f\u00fcr eine effektive Reinigung, ohne die Oberfl\u00e4che zu besch\u00e4digen. Damit sind sie eine ausgezeichnete Wahl f\u00fcr empfindliche und allt\u00e4gliche Reinigungsaufgaben. Aufgrund ihres nat\u00fcrlichen Ursprungs und ihrer Wirksamkeit sind B\u00fcrsten aus Schweineborsten eine wertvolle Erg\u00e4nzung f\u00fcr jedes Sortiment, das auf die spezifischen Bed\u00fcrfnisse des Benutzers abgestimmt ist.<\/p>\n","protected":false},"excerpt":{"rendered":"<p>Borstenpinsel Schweineborsten sind stark, strapazierf\u00e4hig, weich und flexibel und damit ideal f\u00fcr eine ganze Reihe von Anwendungen. Diese Naturborsten sind f\u00fcr ihre Langlebigkeit und Widerstandsf\u00e4higkeit [&hellip;]<\/p>\n","protected":false},"featured_media":2032,"template":"","meta":{"_acf_changed":false},"product_cat":[231,242],"product_tag":[],"class_list":{"0":"post-2674","1":"product","2":"type-product","3":"status-publish","4":"has-post-thumbnail","6":"product_cat-alle-buersten","7":"product_cat-andere-buersten","9":"first","10":"instock","11":"shipping-taxable","12":"product-type-simple"},"acf":[],"yoast_head":"<!-- This site is optimized with the Yoast SEO plugin v24.0 - https:\/\/yoast.com\/wordpress\/plugins\/seo\/ -->\n<title>Borstenpinsel - Jobo Borstelfabriek<\/title>\n<meta name=\"robots\" content=\"noindex, follow, max-snippet:-1, max-image-preview:large, max-video-preview:-1\" \/>\n<meta property=\"og:locale\" content=\"de_DE\" \/>\n<meta property=\"og:type\" content=\"article\" \/>\n<meta property=\"og:title\" content=\"Borstenpinsel - Jobo Borstelfabriek\" \/>\n<meta property=\"og:description\" content=\"Borstenpinsel Schweineborsten sind stark, strapazierf\u00e4hig, weich und flexibel und damit ideal f\u00fcr eine ganze Reihe von Anwendungen. Diese Naturborsten sind f\u00fcr ihre Langlebigkeit und Widerstandsf\u00e4higkeit [&hellip;]\" \/>\n<meta property=\"og:url\" content=\"https:\/\/jobo-borstels.dapprgemaakt.nl\/de\/produkt\/borstenpinsel\/\" \/>\n<meta property=\"og:site_name\" content=\"Jobo Borstelfabriek\" \/>\n<meta property=\"article:modified_time\" content=\"2024-07-12T09:04:55+00:00\" \/>\n<meta property=\"og:image\" content=\"https:\/\/besenundbuersten.de\/wp-content\/uploads\/2023\/11\/Varkenshaar-borstel-4.jpg\" \/>\n\t<meta property=\"og:image:width\" content=\"1642\" \/>\n\t<meta property=\"og:image:height\" content=\"924\" \/>\n\t<meta property=\"og:image:type\" content=\"image\/jpeg\" \/>\n<meta name=\"twitter:card\" content=\"summary_large_image\" \/>\n<meta name=\"twitter:label1\" content=\"Gesch\u00e4tzte Lesezeit\" \/>\n\t<meta name=\"twitter:data1\" content=\"1\u00a0Minute\" \/>\n<script type=\"application\/ld+json\" class=\"yoast-schema-graph\">{\"@context\":\"https:\/\/schema.org\",\"@graph\":[{\"@type\":\"WebPage\",\"@id\":\"https:\/\/jobo-borstels.dapprgemaakt.nl\/de\/produkt\/borstenpinsel\/\",\"url\":\"https:\/\/jobo-borstels.dapprgemaakt.nl\/de\/produkt\/borstenpinsel\/\",\"name\":\"Borstenpinsel - Jobo Borstelfabriek\",\"isPartOf\":{\"@id\":\"https:\/\/jobo-borstels.dapprgemaakt.nl\/de\/#website\"},\"primaryImageOfPage\":{\"@id\":\"https:\/\/jobo-borstels.dapprgemaakt.nl\/de\/produkt\/borstenpinsel\/#primaryimage\"},\"image\":{\"@id\":\"https:\/\/jobo-borstels.dapprgemaakt.nl\/de\/produkt\/borstenpinsel\/#primaryimage\"},\"thumbnailUrl\":\"https:\/\/jobo-borstels.dapprgemaakt.nl\/wp-content\/uploads\/2023\/11\/Varkenshaar-borstel-4.jpg\",\"datePublished\":\"2023-11-27T09:00:04+00:00\",\"dateModified\":\"2024-07-12T09:04:55+00:00\",\"breadcrumb\":{\"@id\":\"https:\/\/jobo-borstels.dapprgemaakt.nl\/de\/produkt\/borstenpinsel\/#breadcrumb\"},\"inLanguage\":\"de\",\"potentialAction\":[{\"@type\":\"ReadAction\",\"target\":[\"https:\/\/jobo-borstels.dapprgemaakt.nl\/de\/produkt\/borstenpinsel\/\"]}]},{\"@type\":\"ImageObject\",\"inLanguage\":\"de\",\"@id\":\"https:\/\/jobo-borstels.dapprgemaakt.nl\/de\/produkt\/borstenpinsel\/#primaryimage\",\"url\":\"https:\/\/jobo-borstels.dapprgemaakt.nl\/wp-content\/uploads\/2023\/11\/Varkenshaar-borstel-4.jpg\",\"contentUrl\":\"https:\/\/jobo-borstels.dapprgemaakt.nl\/wp-content\/uploads\/2023\/11\/Varkenshaar-borstel-4.jpg\",\"width\":1642,\"height\":924,\"caption\":\"Varkenshaar borstel\"},{\"@type\":\"BreadcrumbList\",\"@id\":\"https:\/\/jobo-borstels.dapprgemaakt.nl\/de\/produkt\/borstenpinsel\/#breadcrumb\",\"itemListElement\":[{\"@type\":\"ListItem\",\"position\":1,\"name\":\"Home\",\"item\":\"https:\/\/besenundbuersten.de\/\"},{\"@type\":\"ListItem\",\"position\":2,\"name\":\"Produkte\",\"item\":\"https:\/\/jobo-borstels.dapprgemaakt.nl\/de\/shop\/\"},{\"@type\":\"ListItem\",\"position\":3,\"name\":\"Borstenpinsel\"}]},{\"@type\":\"WebSite\",\"@id\":\"https:\/\/jobo-borstels.dapprgemaakt.nl\/de\/#website\",\"url\":\"https:\/\/jobo-borstels.dapprgemaakt.nl\/de\/\",\"name\":\"Jobo Borstelfabriek\",\"description\":\"\",\"potentialAction\":[{\"@type\":\"SearchAction\",\"target\":{\"@type\":\"EntryPoint\",\"urlTemplate\":\"https:\/\/jobo-borstels.dapprgemaakt.nl\/de\/?s={search_term_string}\"},\"query-input\":{\"@type\":\"PropertyValueSpecification\",\"valueRequired\":true,\"valueName\":\"search_term_string\"}}],\"inLanguage\":\"de\"}]}<\/script>\n<!-- \/ Yoast SEO plugin. -->","yoast_head_json":{"title":"Borstenpinsel - Jobo Borstelfabriek","robots":{"index":"noindex","follow":"follow","max-snippet":"max-snippet:-1","max-image-preview":"max-image-preview:large","max-video-preview":"max-video-preview:-1"},"og_locale":"de_DE","og_type":"article","og_title":"Borstenpinsel - Jobo Borstelfabriek","og_description":"Borstenpinsel Schweineborsten sind stark, strapazierf\u00e4hig, weich und flexibel und damit ideal f\u00fcr eine ganze Reihe von Anwendungen. Diese Naturborsten sind f\u00fcr ihre Langlebigkeit und Widerstandsf\u00e4higkeit [&hellip;]","og_url":"https:\/\/jobo-borstels.dapprgemaakt.nl\/de\/produkt\/borstenpinsel\/","og_site_name":"Jobo Borstelfabriek","article_modified_time":"2024-07-12T09:04:55+00:00","og_image":[{"width":1642,"height":924,"url":"https:\/\/besenundbuersten.de\/wp-content\/uploads\/2023\/11\/Varkenshaar-borstel-4.jpg","type":"image\/jpeg"}],"twitter_card":"summary_large_image","twitter_misc":{"Gesch\u00e4tzte Lesezeit":"1\u00a0Minute"},"schema":{"@context":"https:\/\/schema.org","@graph":[{"@type":"WebPage","@id":"https:\/\/jobo-borstels.dapprgemaakt.nl\/de\/produkt\/borstenpinsel\/","url":"https:\/\/jobo-borstels.dapprgemaakt.nl\/de\/produkt\/borstenpinsel\/","name":"Borstenpinsel - Jobo Borstelfabriek","isPartOf":{"@id":"https:\/\/jobo-borstels.dapprgemaakt.nl\/de\/#website"},"primaryImageOfPage":{"@id":"https:\/\/jobo-borstels.dapprgemaakt.nl\/de\/produkt\/borstenpinsel\/#primaryimage"},"image":{"@id":"https:\/\/jobo-borstels.dapprgemaakt.nl\/de\/produkt\/borstenpinsel\/#primaryimage"},"thumbnailUrl":"https:\/\/jobo-borstels.dapprgemaakt.nl\/wp-content\/uploads\/2023\/11\/Varkenshaar-borstel-4.jpg","datePublished":"2023-11-27T09:00:04+00:00","dateModified":"2024-07-12T09:04:55+00:00","breadcrumb":{"@id":"https:\/\/jobo-borstels.dapprgemaakt.nl\/de\/produkt\/borstenpinsel\/#breadcrumb"},"inLanguage":"de","potentialAction":[{"@type":"ReadAction","target":["https:\/\/jobo-borstels.dapprgemaakt.nl\/de\/produkt\/borstenpinsel\/"]}]},{"@type":"ImageObject","inLanguage":"de","@id":"https:\/\/jobo-borstels.dapprgemaakt.nl\/de\/produkt\/borstenpinsel\/#primaryimage","url":"https:\/\/jobo-borstels.dapprgemaakt.nl\/wp-content\/uploads\/2023\/11\/Varkenshaar-borstel-4.jpg","contentUrl":"https:\/\/jobo-borstels.dapprgemaakt.nl\/wp-content\/uploads\/2023\/11\/Varkenshaar-borstel-4.jpg","width":1642,"height":924,"caption":"Varkenshaar borstel"},{"@type":"BreadcrumbList","@id":"https:\/\/jobo-borstels.dapprgemaakt.nl\/de\/produkt\/borstenpinsel\/#breadcrumb","itemListElement":[{"@type":"ListItem","position":1,"name":"Home","item":"https:\/\/besenundbuersten.de\/"},{"@type":"ListItem","position":2,"name":"Produkte","item":"https:\/\/jobo-borstels.dapprgemaakt.nl\/de\/shop\/"},{"@type":"ListItem","position":3,"name":"Borstenpinsel"}]},{"@type":"WebSite","@id":"https:\/\/jobo-borstels.dapprgemaakt.nl\/de\/#website","url":"https:\/\/jobo-borstels.dapprgemaakt.nl\/de\/","name":"Jobo Borstelfabriek","description":"","potentialAction":[{"@type":"SearchAction","target":{"@type":"EntryPoint","urlTemplate":"https:\/\/jobo-borstels.dapprgemaakt.nl\/de\/?s={search_term_string}"},"query-input":{"@type":"PropertyValueSpecification","valueRequired":true,"valueName":"search_term_string"}}],"inLanguage":"de"}]}},"_links":{"self":[{"href":"https:\/\/jobo-borstels.dapprgemaakt.nl\/de\/wp-json\/wp\/v2\/product\/2674","targetHints":{"allow":["GET"]}}],"collection":[{"href":"https:\/\/jobo-borstels.dapprgemaakt.nl\/de\/wp-json\/wp\/v2\/product"}],"about":[{"href":"https:\/\/jobo-borstels.dapprgemaakt.nl\/de\/wp-json\/wp\/v2\/types\/product"}],"wp:featuredmedia":[{"embeddable":true,"href":"https:\/\/jobo-borstels.dapprgemaakt.nl\/de\/wp-json\/wp\/v2\/media\/2032"}],"wp:attachment":[{"href":"https:\/\/jobo-borstels.dapprgemaakt.nl\/de\/wp-json\/wp\/v2\/media?parent=2674"}],"wp:term":[{"taxonomy":"product_cat","embeddable":true,"href":"https:\/\/jobo-borstels.dapprgemaakt.nl\/de\/wp-json\/wp\/v2\/product_cat?post=2674"},{"taxonomy":"product_tag","embeddable":true,"href":"https:\/\/jobo-borstels.dapprgemaakt.nl\/de\/wp-json\/wp\/v2\/product_tag?post=2674"}],"curies":[{"name":"wp","href":"https:\/\/api.w.org\/{rel}","templated":true}]}}