{"id":2675,"date":"2023-11-27T08:53:25","date_gmt":"2023-11-27T08:53:25","guid":{"rendered":"https:\/\/jobo-borstels.dapprgemaakt.nl\/product\/nylon-buersten\/"},"modified":"2024-07-12T08:11:30","modified_gmt":"2024-07-12T08:11:30","slug":"nylon-buersten","status":"publish","type":"product","link":"https:\/\/jobo-borstels.dapprgemaakt.nl\/de\/produkt\/nylon-buersten\/","title":{"rendered":"Nylon-B\u00fcrsten"},"content":{"rendered":"<p>Nylonborsten sind dank ihrer Vielseitigkeit in Bezug auf H\u00e4rte und Qualit\u00e4t eine ausgezeichnete Wahl f\u00fcr eine breite Palette von Anwendungen. Wir verwenden standardm\u00e4\u00dfig Nylon von guter Qualit\u00e4t, das von sehr weich bis sehr hart reicht, mit St\u00e4rken von 0,10 mm bis 3 mm, um verschiedenen Anforderungen gerecht zu werden. Diese B\u00fcrsten sind ideal f\u00fcr Aufgaben, die von feiner, delikater Reinigung bis zu robustem, intensivem Schrubben reichen. Nylon ist strapazierf\u00e4hig, abriebfest und formstabil, so dass es sich f\u00fcr den langfristigen Einsatz in verschiedenen Umgebungen eignet. Unsere Nylonb\u00fcrsten k\u00f6nnen f\u00fcr spezifische Anwendungen, wie z.B. in der Industrie, der Reinigung oder der Lebensmittelindustrie, ma\u00dfgeschneidert werden. Dank der Anpassungsf\u00e4higkeit in Bezug auf Weichheit und Steifheit k\u00f6nnen unsere Nylonb\u00fcrsten genau auf die Anforderungen jeder einzelnen Aufgabe zugeschnitten werden.<\/p>\n","protected":false},"excerpt":{"rendered":"<p>Nylonborsten sind dank ihrer Vielseitigkeit in Bezug auf H\u00e4rte und Qualit\u00e4t eine ausgezeichnete Wahl f\u00fcr eine breite Palette von Anwendungen. Wir verwenden standardm\u00e4\u00dfig Nylon von [&hellip;]<\/p>\n","protected":false},"featured_media":2074,"template":"","meta":{"_acf_changed":false},"product_cat":[231,242,248],"product_tag":[],"class_list":{"0":"post-2675","1":"product","2":"type-product","3":"status-publish","4":"has-post-thumbnail","6":"product_cat-alle-buersten","7":"product_cat-andere-buersten","8":"product_cat-technische-und-spezielle-buersten","10":"first","11":"instock","12":"shipping-taxable","13":"product-type-simple"},"acf":[],"yoast_head":"<!-- This site is optimized with the Yoast SEO plugin v24.0 - https:\/\/yoast.com\/wordpress\/plugins\/seo\/ -->\n<title>Nylon-B\u00fcrsten - Jobo Borstelfabriek<\/title>\n<meta name=\"robots\" content=\"noindex, follow, max-snippet:-1, max-image-preview:large, max-video-preview:-1\" \/>\n<meta property=\"og:locale\" content=\"de_DE\" \/>\n<meta property=\"og:type\" content=\"article\" \/>\n<meta property=\"og:title\" content=\"Nylon-B\u00fcrsten - Jobo Borstelfabriek\" \/>\n<meta property=\"og:description\" content=\"Nylonborsten sind dank ihrer Vielseitigkeit in Bezug auf H\u00e4rte und Qualit\u00e4t eine ausgezeichnete Wahl f\u00fcr eine breite Palette von Anwendungen. Wir verwenden standardm\u00e4\u00dfig Nylon von [&hellip;]\" \/>\n<meta property=\"og:url\" content=\"https:\/\/jobo-borstels.dapprgemaakt.nl\/de\/produkt\/nylon-buersten\/\" \/>\n<meta property=\"og:site_name\" content=\"Jobo Borstelfabriek\" \/>\n<meta property=\"article:modified_time\" content=\"2024-07-12T08:11:30+00:00\" \/>\n<meta property=\"og:image\" content=\"https:\/\/jobo-borstels.dapprgemaakt.nl\/wp-content\/uploads\/2023\/11\/JOBO-9835Dc-scaled.jpg\" \/>\n\t<meta property=\"og:image:width\" content=\"2560\" \/>\n\t<meta property=\"og:image:height\" content=\"2025\" \/>\n\t<meta property=\"og:image:type\" content=\"image\/jpeg\" \/>\n<meta name=\"twitter:card\" content=\"summary_large_image\" \/>\n<meta name=\"twitter:label1\" content=\"Gesch\u00e4tzte Lesezeit\" \/>\n\t<meta name=\"twitter:data1\" content=\"1\u00a0Minute\" \/>\n<script type=\"application\/ld+json\" class=\"yoast-schema-graph\">{\"@context\":\"https:\/\/schema.org\",\"@graph\":[{\"@type\":\"WebPage\",\"@id\":\"https:\/\/jobo-borstels.dapprgemaakt.nl\/de\/produkt\/nylon-buersten\/\",\"url\":\"https:\/\/jobo-borstels.dapprgemaakt.nl\/de\/produkt\/nylon-buersten\/\",\"name\":\"Nylon-B\u00fcrsten - Jobo Borstelfabriek\",\"isPartOf\":{\"@id\":\"https:\/\/jobo-borstels.dapprgemaakt.nl\/de\/#website\"},\"primaryImageOfPage\":{\"@id\":\"https:\/\/jobo-borstels.dapprgemaakt.nl\/de\/produkt\/nylon-buersten\/#primaryimage\"},\"image\":{\"@id\":\"https:\/\/jobo-borstels.dapprgemaakt.nl\/de\/produkt\/nylon-buersten\/#primaryimage\"},\"thumbnailUrl\":\"https:\/\/jobo-borstels.dapprgemaakt.nl\/wp-content\/uploads\/2023\/11\/JOBO-9835Dc-scaled.jpg\",\"datePublished\":\"2023-11-27T08:53:25+00:00\",\"dateModified\":\"2024-07-12T08:11:30+00:00\",\"breadcrumb\":{\"@id\":\"https:\/\/jobo-borstels.dapprgemaakt.nl\/de\/produkt\/nylon-buersten\/#breadcrumb\"},\"inLanguage\":\"de\",\"potentialAction\":[{\"@type\":\"ReadAction\",\"target\":[\"https:\/\/jobo-borstels.dapprgemaakt.nl\/de\/produkt\/nylon-buersten\/\"]}]},{\"@type\":\"ImageObject\",\"inLanguage\":\"de\",\"@id\":\"https:\/\/jobo-borstels.dapprgemaakt.nl\/de\/produkt\/nylon-buersten\/#primaryimage\",\"url\":\"https:\/\/jobo-borstels.dapprgemaakt.nl\/wp-content\/uploads\/2023\/11\/JOBO-9835Dc-scaled.jpg\",\"contentUrl\":\"https:\/\/jobo-borstels.dapprgemaakt.nl\/wp-content\/uploads\/2023\/11\/JOBO-9835Dc-scaled.jpg\",\"width\":2560,\"height\":2025},{\"@type\":\"BreadcrumbList\",\"@id\":\"https:\/\/jobo-borstels.dapprgemaakt.nl\/de\/produkt\/nylon-buersten\/#breadcrumb\",\"itemListElement\":[{\"@type\":\"ListItem\",\"position\":1,\"name\":\"Home\",\"item\":\"https:\/\/besenundbuersten.de\/\"},{\"@type\":\"ListItem\",\"position\":2,\"name\":\"Produkte\",\"item\":\"https:\/\/jobo-borstels.dapprgemaakt.nl\/de\/shop\/\"},{\"@type\":\"ListItem\",\"position\":3,\"name\":\"Nylon-B\u00fcrsten\"}]},{\"@type\":\"WebSite\",\"@id\":\"https:\/\/jobo-borstels.dapprgemaakt.nl\/de\/#website\",\"url\":\"https:\/\/jobo-borstels.dapprgemaakt.nl\/de\/\",\"name\":\"Jobo Borstelfabriek\",\"description\":\"\",\"potentialAction\":[{\"@type\":\"SearchAction\",\"target\":{\"@type\":\"EntryPoint\",\"urlTemplate\":\"https:\/\/jobo-borstels.dapprgemaakt.nl\/de\/?s={search_term_string}\"},\"query-input\":{\"@type\":\"PropertyValueSpecification\",\"valueRequired\":true,\"valueName\":\"search_term_string\"}}],\"inLanguage\":\"de\"}]}<\/script>\n<!-- \/ Yoast SEO plugin. -->","yoast_head_json":{"title":"Nylon-B\u00fcrsten - Jobo Borstelfabriek","robots":{"index":"noindex","follow":"follow","max-snippet":"max-snippet:-1","max-image-preview":"max-image-preview:large","max-video-preview":"max-video-preview:-1"},"og_locale":"de_DE","og_type":"article","og_title":"Nylon-B\u00fcrsten - Jobo Borstelfabriek","og_description":"Nylonborsten sind dank ihrer Vielseitigkeit in Bezug auf H\u00e4rte und Qualit\u00e4t eine ausgezeichnete Wahl f\u00fcr eine breite Palette von Anwendungen. Wir verwenden standardm\u00e4\u00dfig Nylon von [&hellip;]","og_url":"https:\/\/jobo-borstels.dapprgemaakt.nl\/de\/produkt\/nylon-buersten\/","og_site_name":"Jobo Borstelfabriek","article_modified_time":"2024-07-12T08:11:30+00:00","og_image":[{"width":2560,"height":2025,"url":"https:\/\/jobo-borstels.dapprgemaakt.nl\/wp-content\/uploads\/2023\/11\/JOBO-9835Dc-scaled.jpg","type":"image\/jpeg"}],"twitter_card":"summary_large_image","twitter_misc":{"Gesch\u00e4tzte Lesezeit":"1\u00a0Minute"},"schema":{"@context":"https:\/\/schema.org","@graph":[{"@type":"WebPage","@id":"https:\/\/jobo-borstels.dapprgemaakt.nl\/de\/produkt\/nylon-buersten\/","url":"https:\/\/jobo-borstels.dapprgemaakt.nl\/de\/produkt\/nylon-buersten\/","name":"Nylon-B\u00fcrsten - Jobo Borstelfabriek","isPartOf":{"@id":"https:\/\/jobo-borstels.dapprgemaakt.nl\/de\/#website"},"primaryImageOfPage":{"@id":"https:\/\/jobo-borstels.dapprgemaakt.nl\/de\/produkt\/nylon-buersten\/#primaryimage"},"image":{"@id":"https:\/\/jobo-borstels.dapprgemaakt.nl\/de\/produkt\/nylon-buersten\/#primaryimage"},"thumbnailUrl":"https:\/\/jobo-borstels.dapprgemaakt.nl\/wp-content\/uploads\/2023\/11\/JOBO-9835Dc-scaled.jpg","datePublished":"2023-11-27T08:53:25+00:00","dateModified":"2024-07-12T08:11:30+00:00","breadcrumb":{"@id":"https:\/\/jobo-borstels.dapprgemaakt.nl\/de\/produkt\/nylon-buersten\/#breadcrumb"},"inLanguage":"de","potentialAction":[{"@type":"ReadAction","target":["https:\/\/jobo-borstels.dapprgemaakt.nl\/de\/produkt\/nylon-buersten\/"]}]},{"@type":"ImageObject","inLanguage":"de","@id":"https:\/\/jobo-borstels.dapprgemaakt.nl\/de\/produkt\/nylon-buersten\/#primaryimage","url":"https:\/\/jobo-borstels.dapprgemaakt.nl\/wp-content\/uploads\/2023\/11\/JOBO-9835Dc-scaled.jpg","contentUrl":"https:\/\/jobo-borstels.dapprgemaakt.nl\/wp-content\/uploads\/2023\/11\/JOBO-9835Dc-scaled.jpg","width":2560,"height":2025},{"@type":"BreadcrumbList","@id":"https:\/\/jobo-borstels.dapprgemaakt.nl\/de\/produkt\/nylon-buersten\/#breadcrumb","itemListElement":[{"@type":"ListItem","position":1,"name":"Home","item":"https:\/\/besenundbuersten.de\/"},{"@type":"ListItem","position":2,"name":"Produkte","item":"https:\/\/jobo-borstels.dapprgemaakt.nl\/de\/shop\/"},{"@type":"ListItem","position":3,"name":"Nylon-B\u00fcrsten"}]},{"@type":"WebSite","@id":"https:\/\/jobo-borstels.dapprgemaakt.nl\/de\/#website","url":"https:\/\/jobo-borstels.dapprgemaakt.nl\/de\/","name":"Jobo Borstelfabriek","description":"","potentialAction":[{"@type":"SearchAction","target":{"@type":"EntryPoint","urlTemplate":"https:\/\/jobo-borstels.dapprgemaakt.nl\/de\/?s={search_term_string}"},"query-input":{"@type":"PropertyValueSpecification","valueRequired":true,"valueName":"search_term_string"}}],"inLanguage":"de"}]}},"_links":{"self":[{"href":"https:\/\/jobo-borstels.dapprgemaakt.nl\/de\/wp-json\/wp\/v2\/product\/2675","targetHints":{"allow":["GET"]}}],"collection":[{"href":"https:\/\/jobo-borstels.dapprgemaakt.nl\/de\/wp-json\/wp\/v2\/product"}],"about":[{"href":"https:\/\/jobo-borstels.dapprgemaakt.nl\/de\/wp-json\/wp\/v2\/types\/product"}],"wp:featuredmedia":[{"embeddable":true,"href":"https:\/\/jobo-borstels.dapprgemaakt.nl\/de\/wp-json\/wp\/v2\/media\/2074"}],"wp:attachment":[{"href":"https:\/\/jobo-borstels.dapprgemaakt.nl\/de\/wp-json\/wp\/v2\/media?parent=2675"}],"wp:term":[{"taxonomy":"product_cat","embeddable":true,"href":"https:\/\/jobo-borstels.dapprgemaakt.nl\/de\/wp-json\/wp\/v2\/product_cat?post=2675"},{"taxonomy":"product_tag","embeddable":true,"href":"https:\/\/jobo-borstels.dapprgemaakt.nl\/de\/wp-json\/wp\/v2\/product_tag?post=2675"}],"curies":[{"name":"wp","href":"https:\/\/api.w.org\/{rel}","templated":true}]}}