{"id":2676,"date":"2023-11-23T14:28:44","date_gmt":"2023-11-23T14:28:44","guid":{"rendered":"https:\/\/jobo-borstels.dapprgemaakt.nl\/product\/stiefelfeger-schwarz-aus-recyceltem-kunststoff\/"},"modified":"2024-07-12T09:04:57","modified_gmt":"2024-07-12T09:04:57","slug":"stiefelfeger-schwarz-aus-recyceltem-kunststoff","status":"publish","type":"product","link":"https:\/\/jobo-borstels.dapprgemaakt.nl\/de\/produkt\/stiefelfeger-schwarz-aus-recyceltem-kunststoff\/","title":{"rendered":"Stiefelfeger schwarz aus recyceltem Kunststoff"},"content":{"rendered":"<h1>Recycelte Fu\u00dfabstreifer, hergestellt in den Niederlanden<\/h1>\n<p>Diese Kehrmaschinen f\u00fcr schwarze Stiefel sind die ideale L\u00f6sung, um begehbaren Schmutz um mehr als 75% zu reduzieren. Sie sind f\u00fcr Stiefel und hohe Schuhe geeignet. Diese praktischen Kehrmaschinen wurden speziell f\u00fcr Orte entwickelt, an denen Schlamm und Schmutz oft eine Herausforderung darstellen, wie z. B. auf Bauernh\u00f6fen, Baustellen, bei kommunalen Arbeiten und im Wald. Die Fu\u00df- und Stiefelsauger sind f\u00fcr eine lange Lebensdauer ausgelegt und verf\u00fcgen \u00fcber eine robuste Konstruktion, die auch Vandalismus und den schwierigsten Wetterbedingungen standh\u00e4lt.<\/p>\n<p>Die Borsten dieser Kehrb\u00fcrsten sind aus hochwertigem Nylon gefertigt und gew\u00e4hrleisten eine effektive Reinigung, ohne Ihre Schuhe oder Stiefel zu besch\u00e4digen. Der Halter besteht aus recyceltem Kunststoff und ist damit eine umweltfreundliche Wahl. Unsere Kehrmaschinen tragen zu einer saubereren und sichereren Arbeitsumgebung bei.<\/p>\n<p>Entscheiden Sie sich f\u00fcr Haltbarkeit, Effizienz und einfache Reinigung mit unseren in den Niederlanden hergestellten Kehrmaschinen. Mit ihrer bew\u00e4hrten Leistung und den umweltfreundlichen Materialien sind sie die ideale Wahl, um schlammige Schuhe und schmutzige Stiefel sauber zu halten.<\/p>\n","protected":false},"excerpt":{"rendered":"<p>Kehrmaschinen f\u00fcr Stiefel reduzieren den begehbaren Schmutz um bis zu 75%.<\/p>\n","protected":false},"featured_media":1326,"template":"","meta":{"_acf_changed":false},"product_cat":[231,243,249],"product_tag":[],"class_list":{"0":"post-2676","1":"product","2":"type-product","3":"status-publish","4":"has-post-thumbnail","6":"product_cat-alle-buersten","7":"product_cat-beliebt","8":"product_cat-schuhburste","10":"first","11":"instock","12":"shipping-taxable","13":"product-type-simple"},"acf":[],"yoast_head":"<!-- This site is optimized with the Yoast SEO plugin v24.0 - https:\/\/yoast.com\/wordpress\/plugins\/seo\/ -->\n<title>Stiefelfeger schwarz aus recyceltem Kunststoff - Jobo Borstelfabriek<\/title>\n<meta name=\"robots\" content=\"noindex, follow, max-snippet:-1, max-image-preview:large, max-video-preview:-1\" \/>\n<meta property=\"og:locale\" content=\"de_DE\" \/>\n<meta property=\"og:type\" content=\"article\" \/>\n<meta property=\"og:title\" content=\"Stiefelfeger schwarz aus recyceltem Kunststoff - Jobo Borstelfabriek\" \/>\n<meta property=\"og:description\" content=\"Kehrmaschinen f\u00fcr Stiefel reduzieren den begehbaren Schmutz um bis zu 75%.\" \/>\n<meta property=\"og:url\" content=\"https:\/\/jobo-borstels.dapprgemaakt.nl\/de\/produkt\/stiefelfeger-schwarz-aus-recyceltem-kunststoff\/\" \/>\n<meta property=\"og:site_name\" content=\"Jobo Borstelfabriek\" \/>\n<meta property=\"article:modified_time\" content=\"2024-07-12T09:04:57+00:00\" \/>\n<meta property=\"og:image\" content=\"https:\/\/jobo-borstels.dapprgemaakt.nl\/wp-content\/uploads\/2023\/11\/Voetenveger-profi-zwart_-2.jpg\" \/>\n\t<meta property=\"og:image:width\" content=\"2000\" \/>\n\t<meta property=\"og:image:height\" content=\"2085\" \/>\n\t<meta property=\"og:image:type\" content=\"image\/jpeg\" \/>\n<meta name=\"twitter:card\" content=\"summary_large_image\" \/>\n<meta name=\"twitter:label1\" content=\"Gesch\u00e4tzte Lesezeit\" \/>\n\t<meta name=\"twitter:data1\" content=\"2\u00a0Minuten\" \/>\n<script type=\"application\/ld+json\" class=\"yoast-schema-graph\">{\"@context\":\"https:\/\/schema.org\",\"@graph\":[{\"@type\":\"WebPage\",\"@id\":\"https:\/\/jobo-borstels.dapprgemaakt.nl\/de\/produkt\/stiefelfeger-schwarz-aus-recyceltem-kunststoff\/\",\"url\":\"https:\/\/jobo-borstels.dapprgemaakt.nl\/de\/produkt\/stiefelfeger-schwarz-aus-recyceltem-kunststoff\/\",\"name\":\"Stiefelfeger schwarz aus recyceltem Kunststoff - Jobo Borstelfabriek\",\"isPartOf\":{\"@id\":\"https:\/\/jobo-borstels.dapprgemaakt.nl\/de\/#website\"},\"primaryImageOfPage\":{\"@id\":\"https:\/\/jobo-borstels.dapprgemaakt.nl\/de\/produkt\/stiefelfeger-schwarz-aus-recyceltem-kunststoff\/#primaryimage\"},\"image\":{\"@id\":\"https:\/\/jobo-borstels.dapprgemaakt.nl\/de\/produkt\/stiefelfeger-schwarz-aus-recyceltem-kunststoff\/#primaryimage\"},\"thumbnailUrl\":\"https:\/\/jobo-borstels.dapprgemaakt.nl\/wp-content\/uploads\/2023\/11\/Voetenveger-profi-zwart_-2.jpg\",\"datePublished\":\"2023-11-23T14:28:44+00:00\",\"dateModified\":\"2024-07-12T09:04:57+00:00\",\"breadcrumb\":{\"@id\":\"https:\/\/jobo-borstels.dapprgemaakt.nl\/de\/produkt\/stiefelfeger-schwarz-aus-recyceltem-kunststoff\/#breadcrumb\"},\"inLanguage\":\"de\",\"potentialAction\":[{\"@type\":\"ReadAction\",\"target\":[\"https:\/\/jobo-borstels.dapprgemaakt.nl\/de\/produkt\/stiefelfeger-schwarz-aus-recyceltem-kunststoff\/\"]}]},{\"@type\":\"ImageObject\",\"inLanguage\":\"de\",\"@id\":\"https:\/\/jobo-borstels.dapprgemaakt.nl\/de\/produkt\/stiefelfeger-schwarz-aus-recyceltem-kunststoff\/#primaryimage\",\"url\":\"https:\/\/jobo-borstels.dapprgemaakt.nl\/wp-content\/uploads\/2023\/11\/Voetenveger-profi-zwart_-2.jpg\",\"contentUrl\":\"https:\/\/jobo-borstels.dapprgemaakt.nl\/wp-content\/uploads\/2023\/11\/Voetenveger-profi-zwart_-2.jpg\",\"width\":2000,\"height\":2085},{\"@type\":\"BreadcrumbList\",\"@id\":\"https:\/\/jobo-borstels.dapprgemaakt.nl\/de\/produkt\/stiefelfeger-schwarz-aus-recyceltem-kunststoff\/#breadcrumb\",\"itemListElement\":[{\"@type\":\"ListItem\",\"position\":1,\"name\":\"Home\",\"item\":\"https:\/\/besenundbuersten.de\/\"},{\"@type\":\"ListItem\",\"position\":2,\"name\":\"Produkte\",\"item\":\"https:\/\/jobo-borstels.dapprgemaakt.nl\/de\/shop\/\"},{\"@type\":\"ListItem\",\"position\":3,\"name\":\"Stiefelfeger schwarz aus recyceltem Kunststoff\"}]},{\"@type\":\"WebSite\",\"@id\":\"https:\/\/jobo-borstels.dapprgemaakt.nl\/de\/#website\",\"url\":\"https:\/\/jobo-borstels.dapprgemaakt.nl\/de\/\",\"name\":\"Jobo Borstelfabriek\",\"description\":\"\",\"potentialAction\":[{\"@type\":\"SearchAction\",\"target\":{\"@type\":\"EntryPoint\",\"urlTemplate\":\"https:\/\/jobo-borstels.dapprgemaakt.nl\/de\/?s={search_term_string}\"},\"query-input\":{\"@type\":\"PropertyValueSpecification\",\"valueRequired\":true,\"valueName\":\"search_term_string\"}}],\"inLanguage\":\"de\"}]}<\/script>\n<!-- \/ Yoast SEO plugin. -->","yoast_head_json":{"title":"Stiefelfeger schwarz aus recyceltem Kunststoff - Jobo Borstelfabriek","robots":{"index":"noindex","follow":"follow","max-snippet":"max-snippet:-1","max-image-preview":"max-image-preview:large","max-video-preview":"max-video-preview:-1"},"og_locale":"de_DE","og_type":"article","og_title":"Stiefelfeger schwarz aus recyceltem Kunststoff - Jobo Borstelfabriek","og_description":"Kehrmaschinen f\u00fcr Stiefel reduzieren den begehbaren Schmutz um bis zu 75%.","og_url":"https:\/\/jobo-borstels.dapprgemaakt.nl\/de\/produkt\/stiefelfeger-schwarz-aus-recyceltem-kunststoff\/","og_site_name":"Jobo Borstelfabriek","article_modified_time":"2024-07-12T09:04:57+00:00","og_image":[{"width":2000,"height":2085,"url":"https:\/\/jobo-borstels.dapprgemaakt.nl\/wp-content\/uploads\/2023\/11\/Voetenveger-profi-zwart_-2.jpg","type":"image\/jpeg"}],"twitter_card":"summary_large_image","twitter_misc":{"Gesch\u00e4tzte Lesezeit":"2\u00a0Minuten"},"schema":{"@context":"https:\/\/schema.org","@graph":[{"@type":"WebPage","@id":"https:\/\/jobo-borstels.dapprgemaakt.nl\/de\/produkt\/stiefelfeger-schwarz-aus-recyceltem-kunststoff\/","url":"https:\/\/jobo-borstels.dapprgemaakt.nl\/de\/produkt\/stiefelfeger-schwarz-aus-recyceltem-kunststoff\/","name":"Stiefelfeger schwarz aus recyceltem Kunststoff - Jobo Borstelfabriek","isPartOf":{"@id":"https:\/\/jobo-borstels.dapprgemaakt.nl\/de\/#website"},"primaryImageOfPage":{"@id":"https:\/\/jobo-borstels.dapprgemaakt.nl\/de\/produkt\/stiefelfeger-schwarz-aus-recyceltem-kunststoff\/#primaryimage"},"image":{"@id":"https:\/\/jobo-borstels.dapprgemaakt.nl\/de\/produkt\/stiefelfeger-schwarz-aus-recyceltem-kunststoff\/#primaryimage"},"thumbnailUrl":"https:\/\/jobo-borstels.dapprgemaakt.nl\/wp-content\/uploads\/2023\/11\/Voetenveger-profi-zwart_-2.jpg","datePublished":"2023-11-23T14:28:44+00:00","dateModified":"2024-07-12T09:04:57+00:00","breadcrumb":{"@id":"https:\/\/jobo-borstels.dapprgemaakt.nl\/de\/produkt\/stiefelfeger-schwarz-aus-recyceltem-kunststoff\/#breadcrumb"},"inLanguage":"de","potentialAction":[{"@type":"ReadAction","target":["https:\/\/jobo-borstels.dapprgemaakt.nl\/de\/produkt\/stiefelfeger-schwarz-aus-recyceltem-kunststoff\/"]}]},{"@type":"ImageObject","inLanguage":"de","@id":"https:\/\/jobo-borstels.dapprgemaakt.nl\/de\/produkt\/stiefelfeger-schwarz-aus-recyceltem-kunststoff\/#primaryimage","url":"https:\/\/jobo-borstels.dapprgemaakt.nl\/wp-content\/uploads\/2023\/11\/Voetenveger-profi-zwart_-2.jpg","contentUrl":"https:\/\/jobo-borstels.dapprgemaakt.nl\/wp-content\/uploads\/2023\/11\/Voetenveger-profi-zwart_-2.jpg","width":2000,"height":2085},{"@type":"BreadcrumbList","@id":"https:\/\/jobo-borstels.dapprgemaakt.nl\/de\/produkt\/stiefelfeger-schwarz-aus-recyceltem-kunststoff\/#breadcrumb","itemListElement":[{"@type":"ListItem","position":1,"name":"Home","item":"https:\/\/besenundbuersten.de\/"},{"@type":"ListItem","position":2,"name":"Produkte","item":"https:\/\/jobo-borstels.dapprgemaakt.nl\/de\/shop\/"},{"@type":"ListItem","position":3,"name":"Stiefelfeger schwarz aus recyceltem Kunststoff"}]},{"@type":"WebSite","@id":"https:\/\/jobo-borstels.dapprgemaakt.nl\/de\/#website","url":"https:\/\/jobo-borstels.dapprgemaakt.nl\/de\/","name":"Jobo Borstelfabriek","description":"","potentialAction":[{"@type":"SearchAction","target":{"@type":"EntryPoint","urlTemplate":"https:\/\/jobo-borstels.dapprgemaakt.nl\/de\/?s={search_term_string}"},"query-input":{"@type":"PropertyValueSpecification","valueRequired":true,"valueName":"search_term_string"}}],"inLanguage":"de"}]}},"_links":{"self":[{"href":"https:\/\/jobo-borstels.dapprgemaakt.nl\/de\/wp-json\/wp\/v2\/product\/2676","targetHints":{"allow":["GET"]}}],"collection":[{"href":"https:\/\/jobo-borstels.dapprgemaakt.nl\/de\/wp-json\/wp\/v2\/product"}],"about":[{"href":"https:\/\/jobo-borstels.dapprgemaakt.nl\/de\/wp-json\/wp\/v2\/types\/product"}],"wp:featuredmedia":[{"embeddable":true,"href":"https:\/\/jobo-borstels.dapprgemaakt.nl\/de\/wp-json\/wp\/v2\/media\/1326"}],"wp:attachment":[{"href":"https:\/\/jobo-borstels.dapprgemaakt.nl\/de\/wp-json\/wp\/v2\/media?parent=2676"}],"wp:term":[{"taxonomy":"product_cat","embeddable":true,"href":"https:\/\/jobo-borstels.dapprgemaakt.nl\/de\/wp-json\/wp\/v2\/product_cat?post=2676"},{"taxonomy":"product_tag","embeddable":true,"href":"https:\/\/jobo-borstels.dapprgemaakt.nl\/de\/wp-json\/wp\/v2\/product_tag?post=2676"}],"curies":[{"name":"wp","href":"https:\/\/api.w.org\/{rel}","templated":true}]}}