{"id":2680,"date":"2023-11-23T14:07:48","date_gmt":"2023-11-23T14:07:48","guid":{"rendered":"https:\/\/jobo-borstels.dapprgemaakt.nl\/product\/arbeitsbuerste-nylon-schwarz\/"},"modified":"2024-07-12T09:05:07","modified_gmt":"2024-07-12T09:05:07","slug":"arbeitsbuerste-nylon-schwarz","status":"publish","type":"product","link":"https:\/\/jobo-borstels.dapprgemaakt.nl\/de\/produkt\/arbeitsbuerste-nylon-schwarz\/","title":{"rendered":"Arbeitsb\u00fcrste Nylon schwarz"},"content":{"rendered":"<h1>Arbeitsb\u00fcrste Nylon schwarz<\/h1>\n<p>Unsere schwarze Nylon-Arbeitsb\u00fcrste bietet einen guten Griff und erm\u00f6glicht ein hartes Schrubben oder Schleifen, um hartn\u00e4ckigen Schmutz effektiv zu entfernen. Dank der kompakten Gr\u00f6\u00dfe der Arbeitsb\u00fcrste k\u00f6nnen Sie auch in kleineren R\u00e4umen problemlos reinigen. Die mittelsteifen Borsten aus hochwertigem Nylon sorgen daf\u00fcr, dass die B\u00fcrste Oberfl\u00e4chen effektiv schrubbt, ohne sie zu verkratzen. Diese Handb\u00fcrste eignet sich ideal zum Entfernen von trockenem und nassem Schmutz und ist vielseitig f\u00fcr eine Vielzahl von Aufgaben einsetzbar. Auch mit weicheren oder steifen Borsten, kurzen oder langen Borsten erh\u00e4ltlich.<\/p>\n<p>&nbsp;<\/p>\n","protected":false},"excerpt":{"rendered":"<p>Arbeitsb\u00fcrste Nylon schwarz f\u00fcr verschiedene Reinigungsaufgaben. Die mittelstarken Borsten aus hochwertigem Nylon sorgen daf\u00fcr, dass die B\u00fcrste Oberfl\u00e4chen effektiv schrubbt, ohne sie zu verkratzen.<\/p>\n","protected":false},"featured_media":1338,"template":"","meta":{"_acf_changed":false},"product_cat":[231,240],"product_tag":[],"class_list":{"0":"post-2680","1":"product","2":"type-product","3":"status-publish","4":"has-post-thumbnail","6":"product_cat-alle-buersten","7":"product_cat-handbuersten","9":"first","10":"instock","11":"shipping-taxable","12":"product-type-simple"},"acf":[],"yoast_head":"<!-- This site is optimized with the Yoast SEO plugin v24.0 - https:\/\/yoast.com\/wordpress\/plugins\/seo\/ -->\n<title>Arbeitsb\u00fcrste Nylon schwarz - Jobo Borstelfabriek<\/title>\n<meta name=\"robots\" content=\"noindex, follow, max-snippet:-1, max-image-preview:large, max-video-preview:-1\" \/>\n<meta property=\"og:locale\" content=\"de_DE\" \/>\n<meta property=\"og:type\" content=\"article\" \/>\n<meta property=\"og:title\" content=\"Arbeitsb\u00fcrste Nylon schwarz - Jobo Borstelfabriek\" \/>\n<meta property=\"og:description\" content=\"Arbeitsb\u00fcrste Nylon schwarz f\u00fcr verschiedene Reinigungsaufgaben. Die mittelstarken Borsten aus hochwertigem Nylon sorgen daf\u00fcr, dass die B\u00fcrste Oberfl\u00e4chen effektiv schrubbt, ohne sie zu verkratzen.\" \/>\n<meta property=\"og:url\" content=\"https:\/\/jobo-borstels.dapprgemaakt.nl\/de\/produkt\/arbeitsbuerste-nylon-schwarz\/\" \/>\n<meta property=\"og:site_name\" content=\"Jobo Borstelfabriek\" \/>\n<meta property=\"article:modified_time\" content=\"2024-07-12T09:05:07+00:00\" \/>\n<meta property=\"og:image\" content=\"https:\/\/jobo-borstels.dapprgemaakt.nl\/wp-content\/uploads\/2023\/11\/Werkborstel-nylon-1.jpg\" \/>\n\t<meta property=\"og:image:width\" content=\"1996\" \/>\n\t<meta property=\"og:image:height\" content=\"1301\" \/>\n\t<meta property=\"og:image:type\" content=\"image\/jpeg\" \/>\n<meta name=\"twitter:card\" content=\"summary_large_image\" \/>\n<meta name=\"twitter:label1\" content=\"Gesch\u00e4tzte Lesezeit\" \/>\n\t<meta name=\"twitter:data1\" content=\"1\u00a0Minute\" \/>\n<script type=\"application\/ld+json\" class=\"yoast-schema-graph\">{\"@context\":\"https:\/\/schema.org\",\"@graph\":[{\"@type\":\"WebPage\",\"@id\":\"https:\/\/jobo-borstels.dapprgemaakt.nl\/de\/produkt\/arbeitsbuerste-nylon-schwarz\/\",\"url\":\"https:\/\/jobo-borstels.dapprgemaakt.nl\/de\/produkt\/arbeitsbuerste-nylon-schwarz\/\",\"name\":\"Arbeitsb\u00fcrste Nylon schwarz - Jobo Borstelfabriek\",\"isPartOf\":{\"@id\":\"https:\/\/jobo-borstels.dapprgemaakt.nl\/de\/#website\"},\"primaryImageOfPage\":{\"@id\":\"https:\/\/jobo-borstels.dapprgemaakt.nl\/de\/produkt\/arbeitsbuerste-nylon-schwarz\/#primaryimage\"},\"image\":{\"@id\":\"https:\/\/jobo-borstels.dapprgemaakt.nl\/de\/produkt\/arbeitsbuerste-nylon-schwarz\/#primaryimage\"},\"thumbnailUrl\":\"https:\/\/jobo-borstels.dapprgemaakt.nl\/wp-content\/uploads\/2023\/11\/Werkborstel-nylon-1.jpg\",\"datePublished\":\"2023-11-23T14:07:48+00:00\",\"dateModified\":\"2024-07-12T09:05:07+00:00\",\"breadcrumb\":{\"@id\":\"https:\/\/jobo-borstels.dapprgemaakt.nl\/de\/produkt\/arbeitsbuerste-nylon-schwarz\/#breadcrumb\"},\"inLanguage\":\"de\",\"potentialAction\":[{\"@type\":\"ReadAction\",\"target\":[\"https:\/\/jobo-borstels.dapprgemaakt.nl\/de\/produkt\/arbeitsbuerste-nylon-schwarz\/\"]}]},{\"@type\":\"ImageObject\",\"inLanguage\":\"de\",\"@id\":\"https:\/\/jobo-borstels.dapprgemaakt.nl\/de\/produkt\/arbeitsbuerste-nylon-schwarz\/#primaryimage\",\"url\":\"https:\/\/jobo-borstels.dapprgemaakt.nl\/wp-content\/uploads\/2023\/11\/Werkborstel-nylon-1.jpg\",\"contentUrl\":\"https:\/\/jobo-borstels.dapprgemaakt.nl\/wp-content\/uploads\/2023\/11\/Werkborstel-nylon-1.jpg\",\"width\":1996,\"height\":1301,\"caption\":\"Werkborstel nylon\"},{\"@type\":\"BreadcrumbList\",\"@id\":\"https:\/\/jobo-borstels.dapprgemaakt.nl\/de\/produkt\/arbeitsbuerste-nylon-schwarz\/#breadcrumb\",\"itemListElement\":[{\"@type\":\"ListItem\",\"position\":1,\"name\":\"Home\",\"item\":\"https:\/\/besenundbuersten.de\/\"},{\"@type\":\"ListItem\",\"position\":2,\"name\":\"Produkte\",\"item\":\"https:\/\/jobo-borstels.dapprgemaakt.nl\/de\/shop\/\"},{\"@type\":\"ListItem\",\"position\":3,\"name\":\"Arbeitsb\u00fcrste Nylon schwarz\"}]},{\"@type\":\"WebSite\",\"@id\":\"https:\/\/jobo-borstels.dapprgemaakt.nl\/de\/#website\",\"url\":\"https:\/\/jobo-borstels.dapprgemaakt.nl\/de\/\",\"name\":\"Jobo Borstelfabriek\",\"description\":\"\",\"potentialAction\":[{\"@type\":\"SearchAction\",\"target\":{\"@type\":\"EntryPoint\",\"urlTemplate\":\"https:\/\/jobo-borstels.dapprgemaakt.nl\/de\/?s={search_term_string}\"},\"query-input\":{\"@type\":\"PropertyValueSpecification\",\"valueRequired\":true,\"valueName\":\"search_term_string\"}}],\"inLanguage\":\"de\"}]}<\/script>\n<!-- \/ Yoast SEO plugin. -->","yoast_head_json":{"title":"Arbeitsb\u00fcrste Nylon schwarz - Jobo Borstelfabriek","robots":{"index":"noindex","follow":"follow","max-snippet":"max-snippet:-1","max-image-preview":"max-image-preview:large","max-video-preview":"max-video-preview:-1"},"og_locale":"de_DE","og_type":"article","og_title":"Arbeitsb\u00fcrste Nylon schwarz - Jobo Borstelfabriek","og_description":"Arbeitsb\u00fcrste Nylon schwarz f\u00fcr verschiedene Reinigungsaufgaben. Die mittelstarken Borsten aus hochwertigem Nylon sorgen daf\u00fcr, dass die B\u00fcrste Oberfl\u00e4chen effektiv schrubbt, ohne sie zu verkratzen.","og_url":"https:\/\/jobo-borstels.dapprgemaakt.nl\/de\/produkt\/arbeitsbuerste-nylon-schwarz\/","og_site_name":"Jobo Borstelfabriek","article_modified_time":"2024-07-12T09:05:07+00:00","og_image":[{"width":1996,"height":1301,"url":"https:\/\/jobo-borstels.dapprgemaakt.nl\/wp-content\/uploads\/2023\/11\/Werkborstel-nylon-1.jpg","type":"image\/jpeg"}],"twitter_card":"summary_large_image","twitter_misc":{"Gesch\u00e4tzte Lesezeit":"1\u00a0Minute"},"schema":{"@context":"https:\/\/schema.org","@graph":[{"@type":"WebPage","@id":"https:\/\/jobo-borstels.dapprgemaakt.nl\/de\/produkt\/arbeitsbuerste-nylon-schwarz\/","url":"https:\/\/jobo-borstels.dapprgemaakt.nl\/de\/produkt\/arbeitsbuerste-nylon-schwarz\/","name":"Arbeitsb\u00fcrste Nylon schwarz - Jobo Borstelfabriek","isPartOf":{"@id":"https:\/\/jobo-borstels.dapprgemaakt.nl\/de\/#website"},"primaryImageOfPage":{"@id":"https:\/\/jobo-borstels.dapprgemaakt.nl\/de\/produkt\/arbeitsbuerste-nylon-schwarz\/#primaryimage"},"image":{"@id":"https:\/\/jobo-borstels.dapprgemaakt.nl\/de\/produkt\/arbeitsbuerste-nylon-schwarz\/#primaryimage"},"thumbnailUrl":"https:\/\/jobo-borstels.dapprgemaakt.nl\/wp-content\/uploads\/2023\/11\/Werkborstel-nylon-1.jpg","datePublished":"2023-11-23T14:07:48+00:00","dateModified":"2024-07-12T09:05:07+00:00","breadcrumb":{"@id":"https:\/\/jobo-borstels.dapprgemaakt.nl\/de\/produkt\/arbeitsbuerste-nylon-schwarz\/#breadcrumb"},"inLanguage":"de","potentialAction":[{"@type":"ReadAction","target":["https:\/\/jobo-borstels.dapprgemaakt.nl\/de\/produkt\/arbeitsbuerste-nylon-schwarz\/"]}]},{"@type":"ImageObject","inLanguage":"de","@id":"https:\/\/jobo-borstels.dapprgemaakt.nl\/de\/produkt\/arbeitsbuerste-nylon-schwarz\/#primaryimage","url":"https:\/\/jobo-borstels.dapprgemaakt.nl\/wp-content\/uploads\/2023\/11\/Werkborstel-nylon-1.jpg","contentUrl":"https:\/\/jobo-borstels.dapprgemaakt.nl\/wp-content\/uploads\/2023\/11\/Werkborstel-nylon-1.jpg","width":1996,"height":1301,"caption":"Werkborstel nylon"},{"@type":"BreadcrumbList","@id":"https:\/\/jobo-borstels.dapprgemaakt.nl\/de\/produkt\/arbeitsbuerste-nylon-schwarz\/#breadcrumb","itemListElement":[{"@type":"ListItem","position":1,"name":"Home","item":"https:\/\/besenundbuersten.de\/"},{"@type":"ListItem","position":2,"name":"Produkte","item":"https:\/\/jobo-borstels.dapprgemaakt.nl\/de\/shop\/"},{"@type":"ListItem","position":3,"name":"Arbeitsb\u00fcrste Nylon schwarz"}]},{"@type":"WebSite","@id":"https:\/\/jobo-borstels.dapprgemaakt.nl\/de\/#website","url":"https:\/\/jobo-borstels.dapprgemaakt.nl\/de\/","name":"Jobo Borstelfabriek","description":"","potentialAction":[{"@type":"SearchAction","target":{"@type":"EntryPoint","urlTemplate":"https:\/\/jobo-borstels.dapprgemaakt.nl\/de\/?s={search_term_string}"},"query-input":{"@type":"PropertyValueSpecification","valueRequired":true,"valueName":"search_term_string"}}],"inLanguage":"de"}]}},"_links":{"self":[{"href":"https:\/\/jobo-borstels.dapprgemaakt.nl\/de\/wp-json\/wp\/v2\/product\/2680","targetHints":{"allow":["GET"]}}],"collection":[{"href":"https:\/\/jobo-borstels.dapprgemaakt.nl\/de\/wp-json\/wp\/v2\/product"}],"about":[{"href":"https:\/\/jobo-borstels.dapprgemaakt.nl\/de\/wp-json\/wp\/v2\/types\/product"}],"wp:featuredmedia":[{"embeddable":true,"href":"https:\/\/jobo-borstels.dapprgemaakt.nl\/de\/wp-json\/wp\/v2\/media\/1338"}],"wp:attachment":[{"href":"https:\/\/jobo-borstels.dapprgemaakt.nl\/de\/wp-json\/wp\/v2\/media?parent=2680"}],"wp:term":[{"taxonomy":"product_cat","embeddable":true,"href":"https:\/\/jobo-borstels.dapprgemaakt.nl\/de\/wp-json\/wp\/v2\/product_cat?post=2680"},{"taxonomy":"product_tag","embeddable":true,"href":"https:\/\/jobo-borstels.dapprgemaakt.nl\/de\/wp-json\/wp\/v2\/product_tag?post=2680"}],"curies":[{"name":"wp","href":"https:\/\/api.w.org\/{rel}","templated":true}]}}