{"id":2682,"date":"2023-11-23T14:06:13","date_gmt":"2023-11-23T14:06:13","guid":{"rendered":"https:\/\/jobo-borstels.dapprgemaakt.nl\/product\/messingbuersten\/"},"modified":"2024-07-12T09:05:13","modified_gmt":"2024-07-12T09:05:13","slug":"messingbuersten","status":"publish","type":"product","link":"https:\/\/jobo-borstels.dapprgemaakt.nl\/de\/produkt\/messingbuersten\/","title":{"rendered":"Messingb\u00fcrsten"},"content":{"rendered":"<p>Messingb\u00fcrsten sind vielseitig und langlebig, ideal f\u00fcr verschiedene Anwendungen wie Reinigung, Oberfl\u00e4chenbehandlung und Entgraten. Sie bestehen aus einer Legierung aus Kupfer und Zink, wodurch sie funkenfrei und korrosionsbest\u00e4ndig sind, perfekt f\u00fcr den Einsatz in potenziell gef\u00e4hrlichen Umgebungen. Diese B\u00fcrsten eignen sich dank ihrer mittleren H\u00e4rte f\u00fcr die schonende Reinigung von Metallen, ohne die Oberfl\u00e4che zu besch\u00e4digen. Wir bieten ma\u00dfgeschneiderte Messingb\u00fcrsten an, die je nach Dicke der Messingborsten von sehr weichen bis zu h\u00e4rteren, steiferen Varianten reichen. Dadurch eignen sie sich f\u00fcr spezielle Anwendungen wie Handfeger, B\u00fcrsten oder Spezialb\u00fcrsten. Die Anpassungsf\u00e4higkeit in Bezug auf H\u00e4rte und Form erm\u00f6glicht es unseren Messingb\u00fcrsten, die spezifischen Anforderungen jeder Anwendung zu erf\u00fcllen.<\/p>\n","protected":false},"excerpt":{"rendered":"<p>Wenn Ihnen eine B\u00fcrste aus Stahl zu hart ist, k\u00f6nnen Sie sich f\u00fcr eine aus Messing entscheiden. Diese B\u00fcrsten sind weicher als eine Stahlb\u00fcrste. Jobo stellt diese Pinsel in vielen verschiedenen Formen und Gr\u00f6\u00dfen her.<\/p>\n","protected":false},"featured_media":2071,"template":"","meta":{"_acf_changed":false},"product_cat":[231,240,248],"product_tag":[],"class_list":{"0":"post-2682","1":"product","2":"type-product","3":"status-publish","4":"has-post-thumbnail","6":"product_cat-alle-buersten","7":"product_cat-handbuersten","8":"product_cat-technische-und-spezielle-buersten","10":"first","11":"instock","12":"shipping-taxable","13":"product-type-simple"},"acf":[],"yoast_head":"<!-- This site is optimized with the Yoast SEO plugin v24.0 - https:\/\/yoast.com\/wordpress\/plugins\/seo\/ -->\n<title>Messingb\u00fcrsten - Jobo Borstelfabriek<\/title>\n<meta name=\"robots\" content=\"noindex, follow, max-snippet:-1, max-image-preview:large, max-video-preview:-1\" \/>\n<meta property=\"og:locale\" content=\"de_DE\" \/>\n<meta property=\"og:type\" content=\"article\" \/>\n<meta property=\"og:title\" content=\"Messingb\u00fcrsten - Jobo Borstelfabriek\" \/>\n<meta property=\"og:description\" content=\"Wenn Ihnen eine B\u00fcrste aus Stahl zu hart ist, k\u00f6nnen Sie sich f\u00fcr eine aus Messing entscheiden. Diese B\u00fcrsten sind weicher als eine Stahlb\u00fcrste. Jobo stellt diese Pinsel in vielen verschiedenen Formen und Gr\u00f6\u00dfen her.\" \/>\n<meta property=\"og:url\" content=\"https:\/\/jobo-borstels.dapprgemaakt.nl\/de\/produkt\/messingbuersten\/\" \/>\n<meta property=\"og:site_name\" content=\"Jobo Borstelfabriek\" \/>\n<meta property=\"article:modified_time\" content=\"2024-07-12T09:05:13+00:00\" \/>\n<meta property=\"og:image\" content=\"https:\/\/jobo-borstels.dapprgemaakt.nl\/wp-content\/uploads\/2023\/11\/Messing-borstel-2.jpg\" \/>\n\t<meta property=\"og:image:width\" content=\"2000\" \/>\n\t<meta property=\"og:image:height\" content=\"1125\" \/>\n\t<meta property=\"og:image:type\" content=\"image\/jpeg\" \/>\n<meta name=\"twitter:card\" content=\"summary_large_image\" \/>\n<meta name=\"twitter:label1\" content=\"Gesch\u00e4tzte Lesezeit\" \/>\n\t<meta name=\"twitter:data1\" content=\"1\u00a0Minute\" \/>\n<script type=\"application\/ld+json\" class=\"yoast-schema-graph\">{\"@context\":\"https:\/\/schema.org\",\"@graph\":[{\"@type\":\"WebPage\",\"@id\":\"https:\/\/jobo-borstels.dapprgemaakt.nl\/de\/produkt\/messingbuersten\/\",\"url\":\"https:\/\/jobo-borstels.dapprgemaakt.nl\/de\/produkt\/messingbuersten\/\",\"name\":\"Messingb\u00fcrsten - Jobo Borstelfabriek\",\"isPartOf\":{\"@id\":\"https:\/\/jobo-borstels.dapprgemaakt.nl\/de\/#website\"},\"primaryImageOfPage\":{\"@id\":\"https:\/\/jobo-borstels.dapprgemaakt.nl\/de\/produkt\/messingbuersten\/#primaryimage\"},\"image\":{\"@id\":\"https:\/\/jobo-borstels.dapprgemaakt.nl\/de\/produkt\/messingbuersten\/#primaryimage\"},\"thumbnailUrl\":\"https:\/\/jobo-borstels.dapprgemaakt.nl\/wp-content\/uploads\/2023\/11\/Messing-borstel-2.jpg\",\"datePublished\":\"2023-11-23T14:06:13+00:00\",\"dateModified\":\"2024-07-12T09:05:13+00:00\",\"breadcrumb\":{\"@id\":\"https:\/\/jobo-borstels.dapprgemaakt.nl\/de\/produkt\/messingbuersten\/#breadcrumb\"},\"inLanguage\":\"de\",\"potentialAction\":[{\"@type\":\"ReadAction\",\"target\":[\"https:\/\/jobo-borstels.dapprgemaakt.nl\/de\/produkt\/messingbuersten\/\"]}]},{\"@type\":\"ImageObject\",\"inLanguage\":\"de\",\"@id\":\"https:\/\/jobo-borstels.dapprgemaakt.nl\/de\/produkt\/messingbuersten\/#primaryimage\",\"url\":\"https:\/\/jobo-borstels.dapprgemaakt.nl\/wp-content\/uploads\/2023\/11\/Messing-borstel-2.jpg\",\"contentUrl\":\"https:\/\/jobo-borstels.dapprgemaakt.nl\/wp-content\/uploads\/2023\/11\/Messing-borstel-2.jpg\",\"width\":2000,\"height\":1125},{\"@type\":\"BreadcrumbList\",\"@id\":\"https:\/\/jobo-borstels.dapprgemaakt.nl\/de\/produkt\/messingbuersten\/#breadcrumb\",\"itemListElement\":[{\"@type\":\"ListItem\",\"position\":1,\"name\":\"Home\",\"item\":\"https:\/\/besenundbuersten.de\/\"},{\"@type\":\"ListItem\",\"position\":2,\"name\":\"Produkte\",\"item\":\"https:\/\/jobo-borstels.dapprgemaakt.nl\/de\/shop\/\"},{\"@type\":\"ListItem\",\"position\":3,\"name\":\"Messingb\u00fcrsten\"}]},{\"@type\":\"WebSite\",\"@id\":\"https:\/\/jobo-borstels.dapprgemaakt.nl\/de\/#website\",\"url\":\"https:\/\/jobo-borstels.dapprgemaakt.nl\/de\/\",\"name\":\"Jobo Borstelfabriek\",\"description\":\"\",\"potentialAction\":[{\"@type\":\"SearchAction\",\"target\":{\"@type\":\"EntryPoint\",\"urlTemplate\":\"https:\/\/jobo-borstels.dapprgemaakt.nl\/de\/?s={search_term_string}\"},\"query-input\":{\"@type\":\"PropertyValueSpecification\",\"valueRequired\":true,\"valueName\":\"search_term_string\"}}],\"inLanguage\":\"de\"}]}<\/script>\n<!-- \/ Yoast SEO plugin. -->","yoast_head_json":{"title":"Messingb\u00fcrsten - Jobo Borstelfabriek","robots":{"index":"noindex","follow":"follow","max-snippet":"max-snippet:-1","max-image-preview":"max-image-preview:large","max-video-preview":"max-video-preview:-1"},"og_locale":"de_DE","og_type":"article","og_title":"Messingb\u00fcrsten - Jobo Borstelfabriek","og_description":"Wenn Ihnen eine B\u00fcrste aus Stahl zu hart ist, k\u00f6nnen Sie sich f\u00fcr eine aus Messing entscheiden. Diese B\u00fcrsten sind weicher als eine Stahlb\u00fcrste. Jobo stellt diese Pinsel in vielen verschiedenen Formen und Gr\u00f6\u00dfen her.","og_url":"https:\/\/jobo-borstels.dapprgemaakt.nl\/de\/produkt\/messingbuersten\/","og_site_name":"Jobo Borstelfabriek","article_modified_time":"2024-07-12T09:05:13+00:00","og_image":[{"width":2000,"height":1125,"url":"https:\/\/jobo-borstels.dapprgemaakt.nl\/wp-content\/uploads\/2023\/11\/Messing-borstel-2.jpg","type":"image\/jpeg"}],"twitter_card":"summary_large_image","twitter_misc":{"Gesch\u00e4tzte Lesezeit":"1\u00a0Minute"},"schema":{"@context":"https:\/\/schema.org","@graph":[{"@type":"WebPage","@id":"https:\/\/jobo-borstels.dapprgemaakt.nl\/de\/produkt\/messingbuersten\/","url":"https:\/\/jobo-borstels.dapprgemaakt.nl\/de\/produkt\/messingbuersten\/","name":"Messingb\u00fcrsten - Jobo Borstelfabriek","isPartOf":{"@id":"https:\/\/jobo-borstels.dapprgemaakt.nl\/de\/#website"},"primaryImageOfPage":{"@id":"https:\/\/jobo-borstels.dapprgemaakt.nl\/de\/produkt\/messingbuersten\/#primaryimage"},"image":{"@id":"https:\/\/jobo-borstels.dapprgemaakt.nl\/de\/produkt\/messingbuersten\/#primaryimage"},"thumbnailUrl":"https:\/\/jobo-borstels.dapprgemaakt.nl\/wp-content\/uploads\/2023\/11\/Messing-borstel-2.jpg","datePublished":"2023-11-23T14:06:13+00:00","dateModified":"2024-07-12T09:05:13+00:00","breadcrumb":{"@id":"https:\/\/jobo-borstels.dapprgemaakt.nl\/de\/produkt\/messingbuersten\/#breadcrumb"},"inLanguage":"de","potentialAction":[{"@type":"ReadAction","target":["https:\/\/jobo-borstels.dapprgemaakt.nl\/de\/produkt\/messingbuersten\/"]}]},{"@type":"ImageObject","inLanguage":"de","@id":"https:\/\/jobo-borstels.dapprgemaakt.nl\/de\/produkt\/messingbuersten\/#primaryimage","url":"https:\/\/jobo-borstels.dapprgemaakt.nl\/wp-content\/uploads\/2023\/11\/Messing-borstel-2.jpg","contentUrl":"https:\/\/jobo-borstels.dapprgemaakt.nl\/wp-content\/uploads\/2023\/11\/Messing-borstel-2.jpg","width":2000,"height":1125},{"@type":"BreadcrumbList","@id":"https:\/\/jobo-borstels.dapprgemaakt.nl\/de\/produkt\/messingbuersten\/#breadcrumb","itemListElement":[{"@type":"ListItem","position":1,"name":"Home","item":"https:\/\/besenundbuersten.de\/"},{"@type":"ListItem","position":2,"name":"Produkte","item":"https:\/\/jobo-borstels.dapprgemaakt.nl\/de\/shop\/"},{"@type":"ListItem","position":3,"name":"Messingb\u00fcrsten"}]},{"@type":"WebSite","@id":"https:\/\/jobo-borstels.dapprgemaakt.nl\/de\/#website","url":"https:\/\/jobo-borstels.dapprgemaakt.nl\/de\/","name":"Jobo Borstelfabriek","description":"","potentialAction":[{"@type":"SearchAction","target":{"@type":"EntryPoint","urlTemplate":"https:\/\/jobo-borstels.dapprgemaakt.nl\/de\/?s={search_term_string}"},"query-input":{"@type":"PropertyValueSpecification","valueRequired":true,"valueName":"search_term_string"}}],"inLanguage":"de"}]}},"_links":{"self":[{"href":"https:\/\/jobo-borstels.dapprgemaakt.nl\/de\/wp-json\/wp\/v2\/product\/2682","targetHints":{"allow":["GET"]}}],"collection":[{"href":"https:\/\/jobo-borstels.dapprgemaakt.nl\/de\/wp-json\/wp\/v2\/product"}],"about":[{"href":"https:\/\/jobo-borstels.dapprgemaakt.nl\/de\/wp-json\/wp\/v2\/types\/product"}],"wp:featuredmedia":[{"embeddable":true,"href":"https:\/\/jobo-borstels.dapprgemaakt.nl\/de\/wp-json\/wp\/v2\/media\/2071"}],"wp:attachment":[{"href":"https:\/\/jobo-borstels.dapprgemaakt.nl\/de\/wp-json\/wp\/v2\/media?parent=2682"}],"wp:term":[{"taxonomy":"product_cat","embeddable":true,"href":"https:\/\/jobo-borstels.dapprgemaakt.nl\/de\/wp-json\/wp\/v2\/product_cat?post=2682"},{"taxonomy":"product_tag","embeddable":true,"href":"https:\/\/jobo-borstels.dapprgemaakt.nl\/de\/wp-json\/wp\/v2\/product_tag?post=2682"}],"curies":[{"name":"wp","href":"https:\/\/api.w.org\/{rel}","templated":true}]}}