{"id":2684,"date":"2023-11-23T14:05:25","date_gmt":"2023-11-23T14:05:25","guid":{"rendered":"https:\/\/jobo-borstels.dapprgemaakt.nl\/product\/kurierbuerste-aus-recyceltem-kunststoff\/"},"modified":"2024-07-12T09:05:14","modified_gmt":"2024-07-12T09:05:14","slug":"kurierbuerste-aus-recyceltem-kunststoff","status":"publish","type":"product","link":"https:\/\/jobo-borstels.dapprgemaakt.nl\/de\/produkt\/kurierbuerste-aus-recyceltem-kunststoff\/","title":{"rendered":"Kurierb\u00fcrste aus recyceltem Kunststoff"},"content":{"rendered":"<h1>Kurug-B\u00fcrste<\/h1>\n<p>Unsere B\u00fcrsten sind so konzipiert, dass sie passiv funktionieren, d.h. die K\u00fche selbst reiben oder kratzen an der B\u00fcrste, um die Vorteile zu erfahren. Diese statische Natur macht B\u00fcrsten wartungsarm und zuverl\u00e4ssig, da es keine komplexen Mechanismen oder elektrischen Komponenten gibt, die ausfallen k\u00f6nnen oder regelm\u00e4\u00dfige Wartung erfordern. Dieses Design tr\u00e4gt zur Langlebigkeit und Benutzerfreundlichkeit der B\u00fcrsten in einer landwirtschaftlichen Umgebung bei.<\/p>\n<p>Kuhb\u00fcrsten stimulieren das nat\u00fcrliche H\u00e4utungsverhalten der K\u00fche, was zu einer ges\u00fcnderen Haut und einem ges\u00fcnderen Fell beitr\u00e4gt und Stress reduziert. Dies verbessert nicht nur das Wohlbefinden der K\u00fche, sondern f\u00f6rdert auch ihre allgemeine Gesundheit und ihren Komfort.<\/p>\n<p>* Passen Sie auf! Wir liefern nur die B\u00fcrsten.<\/p>\n<div class=\"flex-1 overflow-hidden\">\n<div class=\"react-scroll-to-bottom--css-yylca-79elbk h-full\">\n<div class=\"react-scroll-to-bottom--css-yylca-1n7m0yu\">\n<div class=\"flex flex-col pb-9 text-sm\">\n<div class=\"w-full text-token-text-primary\" data-testid=\"conversation-turn-29\">\n<div class=\"px-4 py-2 justify-center text-base md:gap-6 m-auto\">\n<div class=\"flex flex-1 text-base mx-auto gap-3 md:px-5 lg:px-1 xl:px-5 md:max-w-3xl lg:max-w-[40rem] xl:max-w-[48rem] } group final-completion\">\n<div class=\"relative flex w-full flex-col lg:w-[calc(100%-115px)] agent-turn\">\n<div class=\"flex-col gap-1 md:gap-3\">\n<div class=\"mt-1 flex justify-start gap-3 empty:hidden\"><\/div>\n<\/div>\n<\/div>\n<\/div>\n<\/div>\n<\/div>\n<\/div>\n<\/div>\n<\/div>\n<\/div>\n<div class=\"flex-1 overflow-hidden\">\n<div class=\"react-scroll-to-bottom--css-yylca-79elbk h-full\">\n<div class=\"react-scroll-to-bottom--css-yylca-1n7m0yu\">\n<div class=\"flex flex-col pb-9 text-sm\">\n<div class=\"w-full text-token-text-primary\" data-testid=\"conversation-turn-29\">\n<div class=\"px-4 py-2 justify-center text-base md:gap-6 m-auto\">\n<div class=\"flex flex-1 text-base mx-auto gap-3 md:px-5 lg:px-1 xl:px-5 md:max-w-3xl lg:max-w-[40rem] xl:max-w-[48rem] } group final-completion\">\n<div class=\"relative flex w-full flex-col lg:w-[calc(100%-115px)] agent-turn\">\n<div class=\"flex-col gap-1 md:gap-3\">\n<div class=\"mt-1 flex justify-start gap-3 empty:hidden\">\n<div class=\"text-gray-400 flex self-end lg:self-center justify-center lg:justify-start mt-0 gap-1 visible\">\n<div class=\"flex gap-1\"><\/div>\n<div class=\"flex items-center gap-1.5 text-xs\"><\/div>\n<\/div>\n<\/div>\n<\/div>\n<\/div>\n<\/div>\n<\/div>\n<\/div>\n<\/div>\n<\/div>\n<\/div>\n<\/div>\n<div class=\"w-full pt-2 md:pt-0 dark:border-white\/20 md:border-transparent md:dark:border-transparent md:w-[calc(100%-.5rem)]\">\n<form class=\"stretch mx-2 flex flex-row gap-3 last:mb-2 md:mx-4 md:last:mb-6 lg:mx-auto lg:max-w-2xl xl:max-w-3xl\">\n<div class=\"relative flex h-full flex-1 items-stretch md:flex-col\">\n<div class=\"flex w-full items-center\"><\/div>\n<\/div>\n<\/form>\n<\/div>\n","protected":false},"excerpt":{"rendered":"<p>Kuhb\u00fcrste f\u00fcr das Wohl der K\u00fche. Hergestellt aus recyceltem Kunststoff.<\/p>\n","protected":false},"featured_media":2322,"template":"","meta":{"_acf_changed":false},"product_cat":[231,242,230],"product_tag":[],"class_list":{"0":"post-2684","1":"product","2":"type-product","3":"status-publish","4":"has-post-thumbnail","6":"product_cat-alle-buersten","7":"product_cat-andere-buersten","8":"product_cat-landwirtschaftliche-buersten","10":"first","11":"instock","12":"shipping-taxable","13":"product-type-simple"},"acf":[],"yoast_head":"<!-- This site is optimized with the Yoast SEO plugin v24.0 - https:\/\/yoast.com\/wordpress\/plugins\/seo\/ -->\n<title>Kurierb\u00fcrste aus recyceltem Kunststoff - Jobo Borstelfabriek<\/title>\n<meta name=\"robots\" content=\"noindex, follow, max-snippet:-1, max-image-preview:large, max-video-preview:-1\" \/>\n<meta property=\"og:locale\" content=\"de_DE\" \/>\n<meta property=\"og:type\" content=\"article\" \/>\n<meta property=\"og:title\" content=\"Kurierb\u00fcrste aus recyceltem Kunststoff - Jobo Borstelfabriek\" \/>\n<meta property=\"og:description\" content=\"Kuhb\u00fcrste f\u00fcr das Wohl der K\u00fche. Hergestellt aus recyceltem Kunststoff.\" \/>\n<meta property=\"og:url\" content=\"https:\/\/jobo-borstels.dapprgemaakt.nl\/de\/produkt\/kurierbuerste-aus-recyceltem-kunststoff\/\" \/>\n<meta property=\"og:site_name\" content=\"Jobo Borstelfabriek\" \/>\n<meta property=\"article:modified_time\" content=\"2024-07-12T09:05:14+00:00\" \/>\n<meta property=\"og:image\" content=\"https:\/\/besenundbuersten.de\/wp-content\/uploads\/2023\/11\/Koerugborstel-1-1.jpg\" \/>\n\t<meta property=\"og:image:width\" content=\"2000\" \/>\n\t<meta property=\"og:image:height\" content=\"1333\" \/>\n\t<meta property=\"og:image:type\" content=\"image\/jpeg\" \/>\n<meta name=\"twitter:card\" content=\"summary_large_image\" \/>\n<meta name=\"twitter:label1\" content=\"Gesch\u00e4tzte Lesezeit\" \/>\n\t<meta name=\"twitter:data1\" content=\"1\u00a0Minute\" \/>\n<script type=\"application\/ld+json\" class=\"yoast-schema-graph\">{\"@context\":\"https:\/\/schema.org\",\"@graph\":[{\"@type\":\"WebPage\",\"@id\":\"https:\/\/jobo-borstels.dapprgemaakt.nl\/de\/produkt\/kurierbuerste-aus-recyceltem-kunststoff\/\",\"url\":\"https:\/\/jobo-borstels.dapprgemaakt.nl\/de\/produkt\/kurierbuerste-aus-recyceltem-kunststoff\/\",\"name\":\"Kurierb\u00fcrste aus recyceltem Kunststoff - Jobo Borstelfabriek\",\"isPartOf\":{\"@id\":\"https:\/\/jobo-borstels.dapprgemaakt.nl\/de\/#website\"},\"primaryImageOfPage\":{\"@id\":\"https:\/\/jobo-borstels.dapprgemaakt.nl\/de\/produkt\/kurierbuerste-aus-recyceltem-kunststoff\/#primaryimage\"},\"image\":{\"@id\":\"https:\/\/jobo-borstels.dapprgemaakt.nl\/de\/produkt\/kurierbuerste-aus-recyceltem-kunststoff\/#primaryimage\"},\"thumbnailUrl\":\"https:\/\/jobo-borstels.dapprgemaakt.nl\/wp-content\/uploads\/2023\/11\/Koerugborstel-1-1.jpg\",\"datePublished\":\"2023-11-23T14:05:25+00:00\",\"dateModified\":\"2024-07-12T09:05:14+00:00\",\"breadcrumb\":{\"@id\":\"https:\/\/jobo-borstels.dapprgemaakt.nl\/de\/produkt\/kurierbuerste-aus-recyceltem-kunststoff\/#breadcrumb\"},\"inLanguage\":\"de\",\"potentialAction\":[{\"@type\":\"ReadAction\",\"target\":[\"https:\/\/jobo-borstels.dapprgemaakt.nl\/de\/produkt\/kurierbuerste-aus-recyceltem-kunststoff\/\"]}]},{\"@type\":\"ImageObject\",\"inLanguage\":\"de\",\"@id\":\"https:\/\/jobo-borstels.dapprgemaakt.nl\/de\/produkt\/kurierbuerste-aus-recyceltem-kunststoff\/#primaryimage\",\"url\":\"https:\/\/jobo-borstels.dapprgemaakt.nl\/wp-content\/uploads\/2023\/11\/Koerugborstel-1-1.jpg\",\"contentUrl\":\"https:\/\/jobo-borstels.dapprgemaakt.nl\/wp-content\/uploads\/2023\/11\/Koerugborstel-1-1.jpg\",\"width\":2000,\"height\":1333,\"caption\":\"Koerugborstel\"},{\"@type\":\"BreadcrumbList\",\"@id\":\"https:\/\/jobo-borstels.dapprgemaakt.nl\/de\/produkt\/kurierbuerste-aus-recyceltem-kunststoff\/#breadcrumb\",\"itemListElement\":[{\"@type\":\"ListItem\",\"position\":1,\"name\":\"Home\",\"item\":\"https:\/\/besenundbuersten.de\/\"},{\"@type\":\"ListItem\",\"position\":2,\"name\":\"Produkte\",\"item\":\"https:\/\/jobo-borstels.dapprgemaakt.nl\/de\/shop\/\"},{\"@type\":\"ListItem\",\"position\":3,\"name\":\"Kurierb\u00fcrste aus recyceltem Kunststoff\"}]},{\"@type\":\"WebSite\",\"@id\":\"https:\/\/jobo-borstels.dapprgemaakt.nl\/de\/#website\",\"url\":\"https:\/\/jobo-borstels.dapprgemaakt.nl\/de\/\",\"name\":\"Jobo Borstelfabriek\",\"description\":\"\",\"potentialAction\":[{\"@type\":\"SearchAction\",\"target\":{\"@type\":\"EntryPoint\",\"urlTemplate\":\"https:\/\/jobo-borstels.dapprgemaakt.nl\/de\/?s={search_term_string}\"},\"query-input\":{\"@type\":\"PropertyValueSpecification\",\"valueRequired\":true,\"valueName\":\"search_term_string\"}}],\"inLanguage\":\"de\"}]}<\/script>\n<!-- \/ Yoast SEO plugin. -->","yoast_head_json":{"title":"Kurierb\u00fcrste aus recyceltem Kunststoff - Jobo Borstelfabriek","robots":{"index":"noindex","follow":"follow","max-snippet":"max-snippet:-1","max-image-preview":"max-image-preview:large","max-video-preview":"max-video-preview:-1"},"og_locale":"de_DE","og_type":"article","og_title":"Kurierb\u00fcrste aus recyceltem Kunststoff - Jobo Borstelfabriek","og_description":"Kuhb\u00fcrste f\u00fcr das Wohl der K\u00fche. Hergestellt aus recyceltem Kunststoff.","og_url":"https:\/\/jobo-borstels.dapprgemaakt.nl\/de\/produkt\/kurierbuerste-aus-recyceltem-kunststoff\/","og_site_name":"Jobo Borstelfabriek","article_modified_time":"2024-07-12T09:05:14+00:00","og_image":[{"width":2000,"height":1333,"url":"https:\/\/besenundbuersten.de\/wp-content\/uploads\/2023\/11\/Koerugborstel-1-1.jpg","type":"image\/jpeg"}],"twitter_card":"summary_large_image","twitter_misc":{"Gesch\u00e4tzte Lesezeit":"1\u00a0Minute"},"schema":{"@context":"https:\/\/schema.org","@graph":[{"@type":"WebPage","@id":"https:\/\/jobo-borstels.dapprgemaakt.nl\/de\/produkt\/kurierbuerste-aus-recyceltem-kunststoff\/","url":"https:\/\/jobo-borstels.dapprgemaakt.nl\/de\/produkt\/kurierbuerste-aus-recyceltem-kunststoff\/","name":"Kurierb\u00fcrste aus recyceltem Kunststoff - Jobo Borstelfabriek","isPartOf":{"@id":"https:\/\/jobo-borstels.dapprgemaakt.nl\/de\/#website"},"primaryImageOfPage":{"@id":"https:\/\/jobo-borstels.dapprgemaakt.nl\/de\/produkt\/kurierbuerste-aus-recyceltem-kunststoff\/#primaryimage"},"image":{"@id":"https:\/\/jobo-borstels.dapprgemaakt.nl\/de\/produkt\/kurierbuerste-aus-recyceltem-kunststoff\/#primaryimage"},"thumbnailUrl":"https:\/\/jobo-borstels.dapprgemaakt.nl\/wp-content\/uploads\/2023\/11\/Koerugborstel-1-1.jpg","datePublished":"2023-11-23T14:05:25+00:00","dateModified":"2024-07-12T09:05:14+00:00","breadcrumb":{"@id":"https:\/\/jobo-borstels.dapprgemaakt.nl\/de\/produkt\/kurierbuerste-aus-recyceltem-kunststoff\/#breadcrumb"},"inLanguage":"de","potentialAction":[{"@type":"ReadAction","target":["https:\/\/jobo-borstels.dapprgemaakt.nl\/de\/produkt\/kurierbuerste-aus-recyceltem-kunststoff\/"]}]},{"@type":"ImageObject","inLanguage":"de","@id":"https:\/\/jobo-borstels.dapprgemaakt.nl\/de\/produkt\/kurierbuerste-aus-recyceltem-kunststoff\/#primaryimage","url":"https:\/\/jobo-borstels.dapprgemaakt.nl\/wp-content\/uploads\/2023\/11\/Koerugborstel-1-1.jpg","contentUrl":"https:\/\/jobo-borstels.dapprgemaakt.nl\/wp-content\/uploads\/2023\/11\/Koerugborstel-1-1.jpg","width":2000,"height":1333,"caption":"Koerugborstel"},{"@type":"BreadcrumbList","@id":"https:\/\/jobo-borstels.dapprgemaakt.nl\/de\/produkt\/kurierbuerste-aus-recyceltem-kunststoff\/#breadcrumb","itemListElement":[{"@type":"ListItem","position":1,"name":"Home","item":"https:\/\/besenundbuersten.de\/"},{"@type":"ListItem","position":2,"name":"Produkte","item":"https:\/\/jobo-borstels.dapprgemaakt.nl\/de\/shop\/"},{"@type":"ListItem","position":3,"name":"Kurierb\u00fcrste aus recyceltem Kunststoff"}]},{"@type":"WebSite","@id":"https:\/\/jobo-borstels.dapprgemaakt.nl\/de\/#website","url":"https:\/\/jobo-borstels.dapprgemaakt.nl\/de\/","name":"Jobo Borstelfabriek","description":"","potentialAction":[{"@type":"SearchAction","target":{"@type":"EntryPoint","urlTemplate":"https:\/\/jobo-borstels.dapprgemaakt.nl\/de\/?s={search_term_string}"},"query-input":{"@type":"PropertyValueSpecification","valueRequired":true,"valueName":"search_term_string"}}],"inLanguage":"de"}]}},"_links":{"self":[{"href":"https:\/\/jobo-borstels.dapprgemaakt.nl\/de\/wp-json\/wp\/v2\/product\/2684","targetHints":{"allow":["GET"]}}],"collection":[{"href":"https:\/\/jobo-borstels.dapprgemaakt.nl\/de\/wp-json\/wp\/v2\/product"}],"about":[{"href":"https:\/\/jobo-borstels.dapprgemaakt.nl\/de\/wp-json\/wp\/v2\/types\/product"}],"wp:featuredmedia":[{"embeddable":true,"href":"https:\/\/jobo-borstels.dapprgemaakt.nl\/de\/wp-json\/wp\/v2\/media\/2322"}],"wp:attachment":[{"href":"https:\/\/jobo-borstels.dapprgemaakt.nl\/de\/wp-json\/wp\/v2\/media?parent=2684"}],"wp:term":[{"taxonomy":"product_cat","embeddable":true,"href":"https:\/\/jobo-borstels.dapprgemaakt.nl\/de\/wp-json\/wp\/v2\/product_cat?post=2684"},{"taxonomy":"product_tag","embeddable":true,"href":"https:\/\/jobo-borstels.dapprgemaakt.nl\/de\/wp-json\/wp\/v2\/product_tag?post=2684"}],"curies":[{"name":"wp","href":"https:\/\/api.w.org\/{rel}","templated":true}]}}