{"id":2685,"date":"2023-11-23T14:04:39","date_gmt":"2023-11-23T14:04:39","guid":{"rendered":"https:\/\/jobo-borstels.dapprgemaakt.nl\/product\/handkamm-kopfbuerste-100-rosshaar\/"},"modified":"2024-07-12T09:05:17","modified_gmt":"2024-07-12T09:05:17","slug":"handkamm-kopfbuerste-100-rosshaar","status":"publish","type":"product","link":"https:\/\/jobo-borstels.dapprgemaakt.nl\/de\/produkt\/handkamm-kopfbuerste-100-rosshaar\/","title":{"rendered":"Handkamm Kopfb\u00fcrste 100% Rosshaar"},"content":{"rendered":"<h1>Handkamm Kopfb\u00fcrste 100% Rosshaar<\/h1>\n<p>Weicher Staubwedel aus reinem Rosshaar. Rosshaar ist f\u00fcr seine antistatischen Eigenschaften bekannt. Eine weitere einzigartige Eigenschaft von Rosshaar ist, dass es aus hohlen, mit Luft gef\u00fcllten R\u00f6hren besteht, was zu einer guten Feuchtigkeitsregulierung beitr\u00e4gt. Wenn der Pinsel nass gemacht und dann gut ausgesch\u00fcttelt wird, trocknet er relativ schnell. Dadurch kann der Pinsel sowohl f\u00fcr trockene als auch f\u00fcr leicht feuchte Anwendungen verwendet werden. Au\u00dferdem ist Rosshaar ein nat\u00fcrliches und selbstreinigendes Material, das sehr langlebig ist und zur Langlebigkeit der B\u00fcrste beitr\u00e4gt. Auch mit anderen Haarfasern und Haarl\u00e4ngen erh\u00e4ltlich, je nach Ihrer Anwendung. Fragen Sie nach den M\u00f6glichkeiten.<\/p>\n","protected":false},"excerpt":{"rendered":"<p>Qualit\u00e4tsb\u00fcrste, strapazierf\u00e4hig.<\/p>\n","protected":false},"featured_media":2022,"template":"","meta":{"_acf_changed":false},"product_cat":[231,242],"product_tag":[],"class_list":{"0":"post-2685","1":"product","2":"type-product","3":"status-publish","4":"has-post-thumbnail","6":"product_cat-alle-buersten","7":"product_cat-andere-buersten","9":"first","10":"instock","11":"shipping-taxable","12":"product-type-simple"},"acf":[],"yoast_head":"<!-- This site is optimized with the Yoast SEO plugin v24.0 - https:\/\/yoast.com\/wordpress\/plugins\/seo\/ -->\n<title>Handkamm Kopfb\u00fcrste 100% Rosshaar - Jobo Borstelfabriek<\/title>\n<meta name=\"robots\" content=\"noindex, follow, max-snippet:-1, max-image-preview:large, max-video-preview:-1\" \/>\n<meta property=\"og:locale\" content=\"de_DE\" \/>\n<meta property=\"og:type\" content=\"article\" \/>\n<meta property=\"og:title\" content=\"Handkamm Kopfb\u00fcrste 100% Rosshaar - Jobo Borstelfabriek\" \/>\n<meta property=\"og:description\" content=\"Qualit\u00e4tsb\u00fcrste, strapazierf\u00e4hig.\" \/>\n<meta property=\"og:url\" content=\"https:\/\/jobo-borstels.dapprgemaakt.nl\/de\/produkt\/handkamm-kopfbuerste-100-rosshaar\/\" \/>\n<meta property=\"og:site_name\" content=\"Jobo Borstelfabriek\" \/>\n<meta property=\"article:modified_time\" content=\"2024-07-12T09:05:17+00:00\" \/>\n<meta property=\"og:image\" content=\"https:\/\/besenundbuersten.de\/wp-content\/uploads\/2023\/11\/Hanekam.jpg\" \/>\n\t<meta property=\"og:image:width\" content=\"1333\" \/>\n\t<meta property=\"og:image:height\" content=\"2000\" \/>\n\t<meta property=\"og:image:type\" content=\"image\/jpeg\" \/>\n<meta name=\"twitter:card\" content=\"summary_large_image\" \/>\n<meta name=\"twitter:label1\" content=\"Gesch\u00e4tzte Lesezeit\" \/>\n\t<meta name=\"twitter:data1\" content=\"1\u00a0Minute\" \/>\n<script type=\"application\/ld+json\" class=\"yoast-schema-graph\">{\"@context\":\"https:\/\/schema.org\",\"@graph\":[{\"@type\":\"WebPage\",\"@id\":\"https:\/\/jobo-borstels.dapprgemaakt.nl\/de\/produkt\/handkamm-kopfbuerste-100-rosshaar\/\",\"url\":\"https:\/\/jobo-borstels.dapprgemaakt.nl\/de\/produkt\/handkamm-kopfbuerste-100-rosshaar\/\",\"name\":\"Handkamm Kopfb\u00fcrste 100% Rosshaar - Jobo Borstelfabriek\",\"isPartOf\":{\"@id\":\"https:\/\/jobo-borstels.dapprgemaakt.nl\/de\/#website\"},\"primaryImageOfPage\":{\"@id\":\"https:\/\/jobo-borstels.dapprgemaakt.nl\/de\/produkt\/handkamm-kopfbuerste-100-rosshaar\/#primaryimage\"},\"image\":{\"@id\":\"https:\/\/jobo-borstels.dapprgemaakt.nl\/de\/produkt\/handkamm-kopfbuerste-100-rosshaar\/#primaryimage\"},\"thumbnailUrl\":\"https:\/\/jobo-borstels.dapprgemaakt.nl\/wp-content\/uploads\/2023\/11\/Hanekam.jpg\",\"datePublished\":\"2023-11-23T14:04:39+00:00\",\"dateModified\":\"2024-07-12T09:05:17+00:00\",\"breadcrumb\":{\"@id\":\"https:\/\/jobo-borstels.dapprgemaakt.nl\/de\/produkt\/handkamm-kopfbuerste-100-rosshaar\/#breadcrumb\"},\"inLanguage\":\"de\",\"potentialAction\":[{\"@type\":\"ReadAction\",\"target\":[\"https:\/\/jobo-borstels.dapprgemaakt.nl\/de\/produkt\/handkamm-kopfbuerste-100-rosshaar\/\"]}]},{\"@type\":\"ImageObject\",\"inLanguage\":\"de\",\"@id\":\"https:\/\/jobo-borstels.dapprgemaakt.nl\/de\/produkt\/handkamm-kopfbuerste-100-rosshaar\/#primaryimage\",\"url\":\"https:\/\/jobo-borstels.dapprgemaakt.nl\/wp-content\/uploads\/2023\/11\/Hanekam.jpg\",\"contentUrl\":\"https:\/\/jobo-borstels.dapprgemaakt.nl\/wp-content\/uploads\/2023\/11\/Hanekam.jpg\",\"width\":1333,\"height\":2000,\"caption\":\"Hanekam paardenhaar borstel\"},{\"@type\":\"BreadcrumbList\",\"@id\":\"https:\/\/jobo-borstels.dapprgemaakt.nl\/de\/produkt\/handkamm-kopfbuerste-100-rosshaar\/#breadcrumb\",\"itemListElement\":[{\"@type\":\"ListItem\",\"position\":1,\"name\":\"Home\",\"item\":\"https:\/\/besenundbuersten.de\/\"},{\"@type\":\"ListItem\",\"position\":2,\"name\":\"Produkte\",\"item\":\"https:\/\/jobo-borstels.dapprgemaakt.nl\/de\/shop\/\"},{\"@type\":\"ListItem\",\"position\":3,\"name\":\"Handkamm Kopfb\u00fcrste 100% Rosshaar\"}]},{\"@type\":\"WebSite\",\"@id\":\"https:\/\/jobo-borstels.dapprgemaakt.nl\/de\/#website\",\"url\":\"https:\/\/jobo-borstels.dapprgemaakt.nl\/de\/\",\"name\":\"Jobo Borstelfabriek\",\"description\":\"\",\"potentialAction\":[{\"@type\":\"SearchAction\",\"target\":{\"@type\":\"EntryPoint\",\"urlTemplate\":\"https:\/\/jobo-borstels.dapprgemaakt.nl\/de\/?s={search_term_string}\"},\"query-input\":{\"@type\":\"PropertyValueSpecification\",\"valueRequired\":true,\"valueName\":\"search_term_string\"}}],\"inLanguage\":\"de\"}]}<\/script>\n<!-- \/ Yoast SEO plugin. -->","yoast_head_json":{"title":"Handkamm Kopfb\u00fcrste 100% Rosshaar - Jobo Borstelfabriek","robots":{"index":"noindex","follow":"follow","max-snippet":"max-snippet:-1","max-image-preview":"max-image-preview:large","max-video-preview":"max-video-preview:-1"},"og_locale":"de_DE","og_type":"article","og_title":"Handkamm Kopfb\u00fcrste 100% Rosshaar - Jobo Borstelfabriek","og_description":"Qualit\u00e4tsb\u00fcrste, strapazierf\u00e4hig.","og_url":"https:\/\/jobo-borstels.dapprgemaakt.nl\/de\/produkt\/handkamm-kopfbuerste-100-rosshaar\/","og_site_name":"Jobo Borstelfabriek","article_modified_time":"2024-07-12T09:05:17+00:00","og_image":[{"width":1333,"height":2000,"url":"https:\/\/besenundbuersten.de\/wp-content\/uploads\/2023\/11\/Hanekam.jpg","type":"image\/jpeg"}],"twitter_card":"summary_large_image","twitter_misc":{"Gesch\u00e4tzte Lesezeit":"1\u00a0Minute"},"schema":{"@context":"https:\/\/schema.org","@graph":[{"@type":"WebPage","@id":"https:\/\/jobo-borstels.dapprgemaakt.nl\/de\/produkt\/handkamm-kopfbuerste-100-rosshaar\/","url":"https:\/\/jobo-borstels.dapprgemaakt.nl\/de\/produkt\/handkamm-kopfbuerste-100-rosshaar\/","name":"Handkamm Kopfb\u00fcrste 100% Rosshaar - Jobo Borstelfabriek","isPartOf":{"@id":"https:\/\/jobo-borstels.dapprgemaakt.nl\/de\/#website"},"primaryImageOfPage":{"@id":"https:\/\/jobo-borstels.dapprgemaakt.nl\/de\/produkt\/handkamm-kopfbuerste-100-rosshaar\/#primaryimage"},"image":{"@id":"https:\/\/jobo-borstels.dapprgemaakt.nl\/de\/produkt\/handkamm-kopfbuerste-100-rosshaar\/#primaryimage"},"thumbnailUrl":"https:\/\/jobo-borstels.dapprgemaakt.nl\/wp-content\/uploads\/2023\/11\/Hanekam.jpg","datePublished":"2023-11-23T14:04:39+00:00","dateModified":"2024-07-12T09:05:17+00:00","breadcrumb":{"@id":"https:\/\/jobo-borstels.dapprgemaakt.nl\/de\/produkt\/handkamm-kopfbuerste-100-rosshaar\/#breadcrumb"},"inLanguage":"de","potentialAction":[{"@type":"ReadAction","target":["https:\/\/jobo-borstels.dapprgemaakt.nl\/de\/produkt\/handkamm-kopfbuerste-100-rosshaar\/"]}]},{"@type":"ImageObject","inLanguage":"de","@id":"https:\/\/jobo-borstels.dapprgemaakt.nl\/de\/produkt\/handkamm-kopfbuerste-100-rosshaar\/#primaryimage","url":"https:\/\/jobo-borstels.dapprgemaakt.nl\/wp-content\/uploads\/2023\/11\/Hanekam.jpg","contentUrl":"https:\/\/jobo-borstels.dapprgemaakt.nl\/wp-content\/uploads\/2023\/11\/Hanekam.jpg","width":1333,"height":2000,"caption":"Hanekam paardenhaar borstel"},{"@type":"BreadcrumbList","@id":"https:\/\/jobo-borstels.dapprgemaakt.nl\/de\/produkt\/handkamm-kopfbuerste-100-rosshaar\/#breadcrumb","itemListElement":[{"@type":"ListItem","position":1,"name":"Home","item":"https:\/\/besenundbuersten.de\/"},{"@type":"ListItem","position":2,"name":"Produkte","item":"https:\/\/jobo-borstels.dapprgemaakt.nl\/de\/shop\/"},{"@type":"ListItem","position":3,"name":"Handkamm Kopfb\u00fcrste 100% Rosshaar"}]},{"@type":"WebSite","@id":"https:\/\/jobo-borstels.dapprgemaakt.nl\/de\/#website","url":"https:\/\/jobo-borstels.dapprgemaakt.nl\/de\/","name":"Jobo Borstelfabriek","description":"","potentialAction":[{"@type":"SearchAction","target":{"@type":"EntryPoint","urlTemplate":"https:\/\/jobo-borstels.dapprgemaakt.nl\/de\/?s={search_term_string}"},"query-input":{"@type":"PropertyValueSpecification","valueRequired":true,"valueName":"search_term_string"}}],"inLanguage":"de"}]}},"_links":{"self":[{"href":"https:\/\/jobo-borstels.dapprgemaakt.nl\/de\/wp-json\/wp\/v2\/product\/2685","targetHints":{"allow":["GET"]}}],"collection":[{"href":"https:\/\/jobo-borstels.dapprgemaakt.nl\/de\/wp-json\/wp\/v2\/product"}],"about":[{"href":"https:\/\/jobo-borstels.dapprgemaakt.nl\/de\/wp-json\/wp\/v2\/types\/product"}],"wp:featuredmedia":[{"embeddable":true,"href":"https:\/\/jobo-borstels.dapprgemaakt.nl\/de\/wp-json\/wp\/v2\/media\/2022"}],"wp:attachment":[{"href":"https:\/\/jobo-borstels.dapprgemaakt.nl\/de\/wp-json\/wp\/v2\/media?parent=2685"}],"wp:term":[{"taxonomy":"product_cat","embeddable":true,"href":"https:\/\/jobo-borstels.dapprgemaakt.nl\/de\/wp-json\/wp\/v2\/product_cat?post=2685"},{"taxonomy":"product_tag","embeddable":true,"href":"https:\/\/jobo-borstels.dapprgemaakt.nl\/de\/wp-json\/wp\/v2\/product_tag?post=2685"}],"curies":[{"name":"wp","href":"https:\/\/api.w.org\/{rel}","templated":true}]}}