{"id":2686,"date":"2023-11-23T14:03:59","date_gmt":"2023-11-23T14:03:59","guid":{"rendered":"https:\/\/jobo-borstels.dapprgemaakt.nl\/product\/handfeger-mit-schweineborste\/"},"modified":"2024-07-12T09:05:20","modified_gmt":"2024-07-12T09:05:20","slug":"handfeger-mit-schweineborste","status":"publish","type":"product","link":"https:\/\/jobo-borstels.dapprgemaakt.nl\/de\/produkt\/handfeger-mit-schweineborste\/","title":{"rendered":"Handfeger mit Schweineborste"},"content":{"rendered":"<p>Schweineborstenb\u00fcrsten zeichnen sich durch ihre einzigartigen Eigenschaften aus und eignen sich daher ideal f\u00fcr die Reinigung harter Oberfl\u00e4chen sowie von Textilien, Filz und Polsterm\u00f6beln. Die nat\u00fcrlichen Fasern der Schweineborste sind nicht nur strapazierf\u00e4hig, sondern behalten auch hervorragend ihre Form, was auf ihre charakteristische konische Form und die gespaltenen Spitzen zur\u00fcckzuf\u00fchren ist. Diese Struktur verleiht den B\u00fcrsten eine bemerkenswerte Elastizit\u00e4t, St\u00e4rke und Effizienz f\u00fcr verschiedene Reinigungsaufgaben.<\/p>\n<p>Ein wichtiger Grund, warum Schweineborste f\u00fcr die Herstellung hochwertiger B\u00fcrsten so begehrt ist, liegt in ihrer einzigartigen Kombination aus Weichheit, Flexibilit\u00e4t und Haltbarkeit. Diese Eigenschaften machen Borstenb\u00fcrsten nicht nur weich f\u00fcr empfindliche Oberfl\u00e4chen, sondern auch robust genug f\u00fcr eine gr\u00fcndliche Reinigung. Durch die Anpassung der Haarl\u00e4nge k\u00f6nnen wir das perfekte Gleichgewicht zwischen Weichheit und Festigkeit herstellen, wodurch unsere Pinsel f\u00fcr eine Vielzahl von Anwendungen ideal sind.<\/p>\n<p>&nbsp;<\/p>\n","protected":false},"excerpt":{"rendered":"<p>Unsere Handb\u00fcrsten aus Schweineborsten bieten ein perfektes Gleichgewicht zwischen Weichheit und Festigkeit f\u00fcr eine effektive und sorgf\u00e4ltige Reinigung<\/p>\n","protected":false},"featured_media":464,"template":"","meta":{"_acf_changed":false},"product_cat":[231,242,240],"product_tag":[],"class_list":{"0":"post-2686","1":"product","2":"type-product","3":"status-publish","4":"has-post-thumbnail","6":"product_cat-alle-buersten","7":"product_cat-andere-buersten","8":"product_cat-handbuersten","10":"first","11":"instock","12":"shipping-taxable","13":"product-type-simple"},"acf":[],"yoast_head":"<!-- This site is optimized with the Yoast SEO plugin v24.0 - https:\/\/yoast.com\/wordpress\/plugins\/seo\/ -->\n<title>Handfeger mit Schweineborste - Jobo Borstelfabriek<\/title>\n<meta name=\"robots\" content=\"noindex, follow, max-snippet:-1, max-image-preview:large, max-video-preview:-1\" \/>\n<meta property=\"og:locale\" content=\"de_DE\" \/>\n<meta property=\"og:type\" content=\"article\" \/>\n<meta property=\"og:title\" content=\"Handfeger mit Schweineborste - Jobo Borstelfabriek\" \/>\n<meta property=\"og:description\" content=\"Unsere Handb\u00fcrsten aus Schweineborsten bieten ein perfektes Gleichgewicht zwischen Weichheit und Festigkeit f\u00fcr eine effektive und sorgf\u00e4ltige Reinigung\" \/>\n<meta property=\"og:url\" content=\"https:\/\/jobo-borstels.dapprgemaakt.nl\/de\/produkt\/handfeger-mit-schweineborste\/\" \/>\n<meta property=\"og:site_name\" content=\"Jobo Borstelfabriek\" \/>\n<meta property=\"article:modified_time\" content=\"2024-07-12T09:05:20+00:00\" \/>\n<meta property=\"og:image\" content=\"https:\/\/jobo-borstels.dapprgemaakt.nl\/wp-content\/uploads\/2023\/05\/borstel.png\" \/>\n\t<meta property=\"og:image:width\" content=\"3824\" \/>\n\t<meta property=\"og:image:height\" content=\"3821\" \/>\n\t<meta property=\"og:image:type\" content=\"image\/png\" \/>\n<meta name=\"twitter:card\" content=\"summary_large_image\" \/>\n<meta name=\"twitter:label1\" content=\"Gesch\u00e4tzte Lesezeit\" \/>\n\t<meta name=\"twitter:data1\" content=\"1\u00a0Minute\" \/>\n<script type=\"application\/ld+json\" class=\"yoast-schema-graph\">{\"@context\":\"https:\/\/schema.org\",\"@graph\":[{\"@type\":\"WebPage\",\"@id\":\"https:\/\/jobo-borstels.dapprgemaakt.nl\/de\/produkt\/handfeger-mit-schweineborste\/\",\"url\":\"https:\/\/jobo-borstels.dapprgemaakt.nl\/de\/produkt\/handfeger-mit-schweineborste\/\",\"name\":\"Handfeger mit Schweineborste - Jobo Borstelfabriek\",\"isPartOf\":{\"@id\":\"https:\/\/jobo-borstels.dapprgemaakt.nl\/de\/#website\"},\"primaryImageOfPage\":{\"@id\":\"https:\/\/jobo-borstels.dapprgemaakt.nl\/de\/produkt\/handfeger-mit-schweineborste\/#primaryimage\"},\"image\":{\"@id\":\"https:\/\/jobo-borstels.dapprgemaakt.nl\/de\/produkt\/handfeger-mit-schweineborste\/#primaryimage\"},\"thumbnailUrl\":\"https:\/\/jobo-borstels.dapprgemaakt.nl\/wp-content\/uploads\/2023\/05\/borstel.png\",\"datePublished\":\"2023-11-23T14:03:59+00:00\",\"dateModified\":\"2024-07-12T09:05:20+00:00\",\"breadcrumb\":{\"@id\":\"https:\/\/jobo-borstels.dapprgemaakt.nl\/de\/produkt\/handfeger-mit-schweineborste\/#breadcrumb\"},\"inLanguage\":\"de\",\"potentialAction\":[{\"@type\":\"ReadAction\",\"target\":[\"https:\/\/jobo-borstels.dapprgemaakt.nl\/de\/produkt\/handfeger-mit-schweineborste\/\"]}]},{\"@type\":\"ImageObject\",\"inLanguage\":\"de\",\"@id\":\"https:\/\/jobo-borstels.dapprgemaakt.nl\/de\/produkt\/handfeger-mit-schweineborste\/#primaryimage\",\"url\":\"https:\/\/jobo-borstels.dapprgemaakt.nl\/wp-content\/uploads\/2023\/05\/borstel.png\",\"contentUrl\":\"https:\/\/jobo-borstels.dapprgemaakt.nl\/wp-content\/uploads\/2023\/05\/borstel.png\",\"width\":3824,\"height\":3821,\"caption\":\"Handborstel varkenshaar\"},{\"@type\":\"BreadcrumbList\",\"@id\":\"https:\/\/jobo-borstels.dapprgemaakt.nl\/de\/produkt\/handfeger-mit-schweineborste\/#breadcrumb\",\"itemListElement\":[{\"@type\":\"ListItem\",\"position\":1,\"name\":\"Home\",\"item\":\"https:\/\/besenundbuersten.de\/\"},{\"@type\":\"ListItem\",\"position\":2,\"name\":\"Produkte\",\"item\":\"https:\/\/jobo-borstels.dapprgemaakt.nl\/de\/shop\/\"},{\"@type\":\"ListItem\",\"position\":3,\"name\":\"Handfeger mit Schweineborste\"}]},{\"@type\":\"WebSite\",\"@id\":\"https:\/\/jobo-borstels.dapprgemaakt.nl\/de\/#website\",\"url\":\"https:\/\/jobo-borstels.dapprgemaakt.nl\/de\/\",\"name\":\"Jobo Borstelfabriek\",\"description\":\"\",\"potentialAction\":[{\"@type\":\"SearchAction\",\"target\":{\"@type\":\"EntryPoint\",\"urlTemplate\":\"https:\/\/jobo-borstels.dapprgemaakt.nl\/de\/?s={search_term_string}\"},\"query-input\":{\"@type\":\"PropertyValueSpecification\",\"valueRequired\":true,\"valueName\":\"search_term_string\"}}],\"inLanguage\":\"de\"}]}<\/script>\n<!-- \/ Yoast SEO plugin. -->","yoast_head_json":{"title":"Handfeger mit Schweineborste - Jobo Borstelfabriek","robots":{"index":"noindex","follow":"follow","max-snippet":"max-snippet:-1","max-image-preview":"max-image-preview:large","max-video-preview":"max-video-preview:-1"},"og_locale":"de_DE","og_type":"article","og_title":"Handfeger mit Schweineborste - Jobo Borstelfabriek","og_description":"Unsere Handb\u00fcrsten aus Schweineborsten bieten ein perfektes Gleichgewicht zwischen Weichheit und Festigkeit f\u00fcr eine effektive und sorgf\u00e4ltige Reinigung","og_url":"https:\/\/jobo-borstels.dapprgemaakt.nl\/de\/produkt\/handfeger-mit-schweineborste\/","og_site_name":"Jobo Borstelfabriek","article_modified_time":"2024-07-12T09:05:20+00:00","og_image":[{"width":3824,"height":3821,"url":"https:\/\/jobo-borstels.dapprgemaakt.nl\/wp-content\/uploads\/2023\/05\/borstel.png","type":"image\/png"}],"twitter_card":"summary_large_image","twitter_misc":{"Gesch\u00e4tzte Lesezeit":"1\u00a0Minute"},"schema":{"@context":"https:\/\/schema.org","@graph":[{"@type":"WebPage","@id":"https:\/\/jobo-borstels.dapprgemaakt.nl\/de\/produkt\/handfeger-mit-schweineborste\/","url":"https:\/\/jobo-borstels.dapprgemaakt.nl\/de\/produkt\/handfeger-mit-schweineborste\/","name":"Handfeger mit Schweineborste - Jobo Borstelfabriek","isPartOf":{"@id":"https:\/\/jobo-borstels.dapprgemaakt.nl\/de\/#website"},"primaryImageOfPage":{"@id":"https:\/\/jobo-borstels.dapprgemaakt.nl\/de\/produkt\/handfeger-mit-schweineborste\/#primaryimage"},"image":{"@id":"https:\/\/jobo-borstels.dapprgemaakt.nl\/de\/produkt\/handfeger-mit-schweineborste\/#primaryimage"},"thumbnailUrl":"https:\/\/jobo-borstels.dapprgemaakt.nl\/wp-content\/uploads\/2023\/05\/borstel.png","datePublished":"2023-11-23T14:03:59+00:00","dateModified":"2024-07-12T09:05:20+00:00","breadcrumb":{"@id":"https:\/\/jobo-borstels.dapprgemaakt.nl\/de\/produkt\/handfeger-mit-schweineborste\/#breadcrumb"},"inLanguage":"de","potentialAction":[{"@type":"ReadAction","target":["https:\/\/jobo-borstels.dapprgemaakt.nl\/de\/produkt\/handfeger-mit-schweineborste\/"]}]},{"@type":"ImageObject","inLanguage":"de","@id":"https:\/\/jobo-borstels.dapprgemaakt.nl\/de\/produkt\/handfeger-mit-schweineborste\/#primaryimage","url":"https:\/\/jobo-borstels.dapprgemaakt.nl\/wp-content\/uploads\/2023\/05\/borstel.png","contentUrl":"https:\/\/jobo-borstels.dapprgemaakt.nl\/wp-content\/uploads\/2023\/05\/borstel.png","width":3824,"height":3821,"caption":"Handborstel varkenshaar"},{"@type":"BreadcrumbList","@id":"https:\/\/jobo-borstels.dapprgemaakt.nl\/de\/produkt\/handfeger-mit-schweineborste\/#breadcrumb","itemListElement":[{"@type":"ListItem","position":1,"name":"Home","item":"https:\/\/besenundbuersten.de\/"},{"@type":"ListItem","position":2,"name":"Produkte","item":"https:\/\/jobo-borstels.dapprgemaakt.nl\/de\/shop\/"},{"@type":"ListItem","position":3,"name":"Handfeger mit Schweineborste"}]},{"@type":"WebSite","@id":"https:\/\/jobo-borstels.dapprgemaakt.nl\/de\/#website","url":"https:\/\/jobo-borstels.dapprgemaakt.nl\/de\/","name":"Jobo Borstelfabriek","description":"","potentialAction":[{"@type":"SearchAction","target":{"@type":"EntryPoint","urlTemplate":"https:\/\/jobo-borstels.dapprgemaakt.nl\/de\/?s={search_term_string}"},"query-input":{"@type":"PropertyValueSpecification","valueRequired":true,"valueName":"search_term_string"}}],"inLanguage":"de"}]}},"_links":{"self":[{"href":"https:\/\/jobo-borstels.dapprgemaakt.nl\/de\/wp-json\/wp\/v2\/product\/2686","targetHints":{"allow":["GET"]}}],"collection":[{"href":"https:\/\/jobo-borstels.dapprgemaakt.nl\/de\/wp-json\/wp\/v2\/product"}],"about":[{"href":"https:\/\/jobo-borstels.dapprgemaakt.nl\/de\/wp-json\/wp\/v2\/types\/product"}],"wp:featuredmedia":[{"embeddable":true,"href":"https:\/\/jobo-borstels.dapprgemaakt.nl\/de\/wp-json\/wp\/v2\/media\/464"}],"wp:attachment":[{"href":"https:\/\/jobo-borstels.dapprgemaakt.nl\/de\/wp-json\/wp\/v2\/media?parent=2686"}],"wp:term":[{"taxonomy":"product_cat","embeddable":true,"href":"https:\/\/jobo-borstels.dapprgemaakt.nl\/de\/wp-json\/wp\/v2\/product_cat?post=2686"},{"taxonomy":"product_tag","embeddable":true,"href":"https:\/\/jobo-borstels.dapprgemaakt.nl\/de\/wp-json\/wp\/v2\/product_tag?post=2686"}],"curies":[{"name":"wp","href":"https:\/\/api.w.org\/{rel}","templated":true}]}}