{"id":2688,"date":"2023-11-23T14:02:44","date_gmt":"2023-11-23T14:02:44","guid":{"rendered":"https:\/\/jobo-borstels.dapprgemaakt.nl\/product\/bienenkehrer-zeichentischbuersten\/"},"modified":"2024-07-12T09:05:24","modified_gmt":"2024-07-12T09:05:24","slug":"bienenkehrer-zeichentischbuersten","status":"publish","type":"product","link":"https:\/\/jobo-borstels.dapprgemaakt.nl\/de\/produkt\/bienenkehrer-zeichentischbuersten\/","title":{"rendered":"Bienenkehrer \/ Zeichentischb\u00fcrsten"},"content":{"rendered":"<h1>Bienenkehrer mit 100% Ro\u00dfhaar oder weichem Nylon<\/h1>\n<p>Ein Bienenfeger ist ein spezieller Kehrer, der von Imkern verwendet wird und aus weichem 100%igem Rosshaar oder sehr weichem Nylon besteht. Obwohl der Bienenfeger speziell f\u00fcr Imker entwickelt wurde, um die Bienen sanft aus den Waben zu entfernen, wird er auch als Tischb\u00fcrste oder als allgemeiner Staubpinsel verwendet. Die weichen Borsten sind ideal zum sanften Entfernen von Staub und kleinen Partikeln von empfindlichen Oberfl\u00e4chen, wie z.B. Zeichenpapier oder feinen M\u00f6beln, ohne zu kratzen. Diese Vielseitigkeit macht den Pinsel sowohl f\u00fcr professionelle K\u00fcnstler als auch f\u00fcr den Hausgebrauch geeignet.<\/p>\n<p>Erh\u00e4ltlich in klein und gro\u00df. M\u00f6chten Sie anderes Haar? Fragen Sie nach den M\u00f6glichkeiten.<\/p>\n","protected":false},"excerpt":{"rendered":"<p>Weicher Kehrer mit 100% Rosshaar oder hochwertigem Nylon, f\u00fcr die Reinigung empfindlicher Oberfl\u00e4chen.<\/p>\n","protected":false},"featured_media":2048,"template":"","meta":{"_acf_changed":false},"product_cat":[231,247,240],"product_tag":[],"class_list":{"0":"post-2688","1":"product","2":"type-product","3":"status-publish","4":"has-post-thumbnail","6":"product_cat-alle-buersten","7":"product_cat-besen-und-kehrblech","8":"product_cat-handbuersten","10":"first","11":"instock","12":"shipping-taxable","13":"product-type-simple"},"acf":[],"yoast_head":"<!-- This site is optimized with the Yoast SEO plugin v24.0 - https:\/\/yoast.com\/wordpress\/plugins\/seo\/ -->\n<title>Bienenkehrer \/ Zeichentischb\u00fcrsten - Jobo Borstelfabriek<\/title>\n<meta name=\"robots\" content=\"noindex, follow, max-snippet:-1, max-image-preview:large, max-video-preview:-1\" \/>\n<meta property=\"og:locale\" content=\"de_DE\" \/>\n<meta property=\"og:type\" content=\"article\" \/>\n<meta property=\"og:title\" content=\"Bienenkehrer \/ Zeichentischb\u00fcrsten - Jobo Borstelfabriek\" \/>\n<meta property=\"og:description\" content=\"Weicher Kehrer mit 100% Rosshaar oder hochwertigem Nylon, f\u00fcr die Reinigung empfindlicher Oberfl\u00e4chen.\" \/>\n<meta property=\"og:url\" content=\"https:\/\/jobo-borstels.dapprgemaakt.nl\/de\/produkt\/bienenkehrer-zeichentischbuersten\/\" \/>\n<meta property=\"og:site_name\" content=\"Jobo Borstelfabriek\" \/>\n<meta property=\"article:modified_time\" content=\"2024-07-12T09:05:24+00:00\" \/>\n<meta property=\"og:image\" content=\"https:\/\/jobo-borstels.dapprgemaakt.nl\/wp-content\/uploads\/2023\/11\/Bijenvegers-1.jpg\" \/>\n\t<meta property=\"og:image:width\" content=\"2000\" \/>\n\t<meta property=\"og:image:height\" content=\"1299\" \/>\n\t<meta property=\"og:image:type\" content=\"image\/jpeg\" \/>\n<meta name=\"twitter:card\" content=\"summary_large_image\" \/>\n<meta name=\"twitter:label1\" content=\"Gesch\u00e4tzte Lesezeit\" \/>\n\t<meta name=\"twitter:data1\" content=\"1\u00a0Minute\" \/>\n<script type=\"application\/ld+json\" class=\"yoast-schema-graph\">{\"@context\":\"https:\/\/schema.org\",\"@graph\":[{\"@type\":\"WebPage\",\"@id\":\"https:\/\/jobo-borstels.dapprgemaakt.nl\/de\/produkt\/bienenkehrer-zeichentischbuersten\/\",\"url\":\"https:\/\/jobo-borstels.dapprgemaakt.nl\/de\/produkt\/bienenkehrer-zeichentischbuersten\/\",\"name\":\"Bienenkehrer \/ Zeichentischb\u00fcrsten - Jobo Borstelfabriek\",\"isPartOf\":{\"@id\":\"https:\/\/jobo-borstels.dapprgemaakt.nl\/de\/#website\"},\"primaryImageOfPage\":{\"@id\":\"https:\/\/jobo-borstels.dapprgemaakt.nl\/de\/produkt\/bienenkehrer-zeichentischbuersten\/#primaryimage\"},\"image\":{\"@id\":\"https:\/\/jobo-borstels.dapprgemaakt.nl\/de\/produkt\/bienenkehrer-zeichentischbuersten\/#primaryimage\"},\"thumbnailUrl\":\"https:\/\/jobo-borstels.dapprgemaakt.nl\/wp-content\/uploads\/2023\/11\/Bijenvegers-1.jpg\",\"datePublished\":\"2023-11-23T14:02:44+00:00\",\"dateModified\":\"2024-07-12T09:05:24+00:00\",\"breadcrumb\":{\"@id\":\"https:\/\/jobo-borstels.dapprgemaakt.nl\/de\/produkt\/bienenkehrer-zeichentischbuersten\/#breadcrumb\"},\"inLanguage\":\"de\",\"potentialAction\":[{\"@type\":\"ReadAction\",\"target\":[\"https:\/\/jobo-borstels.dapprgemaakt.nl\/de\/produkt\/bienenkehrer-zeichentischbuersten\/\"]}]},{\"@type\":\"ImageObject\",\"inLanguage\":\"de\",\"@id\":\"https:\/\/jobo-borstels.dapprgemaakt.nl\/de\/produkt\/bienenkehrer-zeichentischbuersten\/#primaryimage\",\"url\":\"https:\/\/jobo-borstels.dapprgemaakt.nl\/wp-content\/uploads\/2023\/11\/Bijenvegers-1.jpg\",\"contentUrl\":\"https:\/\/jobo-borstels.dapprgemaakt.nl\/wp-content\/uploads\/2023\/11\/Bijenvegers-1.jpg\",\"width\":2000,\"height\":1299,\"caption\":\"Bijenvegers\"},{\"@type\":\"BreadcrumbList\",\"@id\":\"https:\/\/jobo-borstels.dapprgemaakt.nl\/de\/produkt\/bienenkehrer-zeichentischbuersten\/#breadcrumb\",\"itemListElement\":[{\"@type\":\"ListItem\",\"position\":1,\"name\":\"Home\",\"item\":\"https:\/\/besenundbuersten.de\/\"},{\"@type\":\"ListItem\",\"position\":2,\"name\":\"Produkte\",\"item\":\"https:\/\/jobo-borstels.dapprgemaakt.nl\/de\/shop\/\"},{\"@type\":\"ListItem\",\"position\":3,\"name\":\"Bienenkehrer \/ Zeichentischb\u00fcrsten\"}]},{\"@type\":\"WebSite\",\"@id\":\"https:\/\/jobo-borstels.dapprgemaakt.nl\/de\/#website\",\"url\":\"https:\/\/jobo-borstels.dapprgemaakt.nl\/de\/\",\"name\":\"Jobo Borstelfabriek\",\"description\":\"\",\"potentialAction\":[{\"@type\":\"SearchAction\",\"target\":{\"@type\":\"EntryPoint\",\"urlTemplate\":\"https:\/\/jobo-borstels.dapprgemaakt.nl\/de\/?s={search_term_string}\"},\"query-input\":{\"@type\":\"PropertyValueSpecification\",\"valueRequired\":true,\"valueName\":\"search_term_string\"}}],\"inLanguage\":\"de\"}]}<\/script>\n<!-- \/ Yoast SEO plugin. -->","yoast_head_json":{"title":"Bienenkehrer \/ Zeichentischb\u00fcrsten - Jobo Borstelfabriek","robots":{"index":"noindex","follow":"follow","max-snippet":"max-snippet:-1","max-image-preview":"max-image-preview:large","max-video-preview":"max-video-preview:-1"},"og_locale":"de_DE","og_type":"article","og_title":"Bienenkehrer \/ Zeichentischb\u00fcrsten - Jobo Borstelfabriek","og_description":"Weicher Kehrer mit 100% Rosshaar oder hochwertigem Nylon, f\u00fcr die Reinigung empfindlicher Oberfl\u00e4chen.","og_url":"https:\/\/jobo-borstels.dapprgemaakt.nl\/de\/produkt\/bienenkehrer-zeichentischbuersten\/","og_site_name":"Jobo Borstelfabriek","article_modified_time":"2024-07-12T09:05:24+00:00","og_image":[{"width":2000,"height":1299,"url":"https:\/\/jobo-borstels.dapprgemaakt.nl\/wp-content\/uploads\/2023\/11\/Bijenvegers-1.jpg","type":"image\/jpeg"}],"twitter_card":"summary_large_image","twitter_misc":{"Gesch\u00e4tzte Lesezeit":"1\u00a0Minute"},"schema":{"@context":"https:\/\/schema.org","@graph":[{"@type":"WebPage","@id":"https:\/\/jobo-borstels.dapprgemaakt.nl\/de\/produkt\/bienenkehrer-zeichentischbuersten\/","url":"https:\/\/jobo-borstels.dapprgemaakt.nl\/de\/produkt\/bienenkehrer-zeichentischbuersten\/","name":"Bienenkehrer \/ Zeichentischb\u00fcrsten - Jobo Borstelfabriek","isPartOf":{"@id":"https:\/\/jobo-borstels.dapprgemaakt.nl\/de\/#website"},"primaryImageOfPage":{"@id":"https:\/\/jobo-borstels.dapprgemaakt.nl\/de\/produkt\/bienenkehrer-zeichentischbuersten\/#primaryimage"},"image":{"@id":"https:\/\/jobo-borstels.dapprgemaakt.nl\/de\/produkt\/bienenkehrer-zeichentischbuersten\/#primaryimage"},"thumbnailUrl":"https:\/\/jobo-borstels.dapprgemaakt.nl\/wp-content\/uploads\/2023\/11\/Bijenvegers-1.jpg","datePublished":"2023-11-23T14:02:44+00:00","dateModified":"2024-07-12T09:05:24+00:00","breadcrumb":{"@id":"https:\/\/jobo-borstels.dapprgemaakt.nl\/de\/produkt\/bienenkehrer-zeichentischbuersten\/#breadcrumb"},"inLanguage":"de","potentialAction":[{"@type":"ReadAction","target":["https:\/\/jobo-borstels.dapprgemaakt.nl\/de\/produkt\/bienenkehrer-zeichentischbuersten\/"]}]},{"@type":"ImageObject","inLanguage":"de","@id":"https:\/\/jobo-borstels.dapprgemaakt.nl\/de\/produkt\/bienenkehrer-zeichentischbuersten\/#primaryimage","url":"https:\/\/jobo-borstels.dapprgemaakt.nl\/wp-content\/uploads\/2023\/11\/Bijenvegers-1.jpg","contentUrl":"https:\/\/jobo-borstels.dapprgemaakt.nl\/wp-content\/uploads\/2023\/11\/Bijenvegers-1.jpg","width":2000,"height":1299,"caption":"Bijenvegers"},{"@type":"BreadcrumbList","@id":"https:\/\/jobo-borstels.dapprgemaakt.nl\/de\/produkt\/bienenkehrer-zeichentischbuersten\/#breadcrumb","itemListElement":[{"@type":"ListItem","position":1,"name":"Home","item":"https:\/\/besenundbuersten.de\/"},{"@type":"ListItem","position":2,"name":"Produkte","item":"https:\/\/jobo-borstels.dapprgemaakt.nl\/de\/shop\/"},{"@type":"ListItem","position":3,"name":"Bienenkehrer \/ Zeichentischb\u00fcrsten"}]},{"@type":"WebSite","@id":"https:\/\/jobo-borstels.dapprgemaakt.nl\/de\/#website","url":"https:\/\/jobo-borstels.dapprgemaakt.nl\/de\/","name":"Jobo Borstelfabriek","description":"","potentialAction":[{"@type":"SearchAction","target":{"@type":"EntryPoint","urlTemplate":"https:\/\/jobo-borstels.dapprgemaakt.nl\/de\/?s={search_term_string}"},"query-input":{"@type":"PropertyValueSpecification","valueRequired":true,"valueName":"search_term_string"}}],"inLanguage":"de"}]}},"_links":{"self":[{"href":"https:\/\/jobo-borstels.dapprgemaakt.nl\/de\/wp-json\/wp\/v2\/product\/2688","targetHints":{"allow":["GET"]}}],"collection":[{"href":"https:\/\/jobo-borstels.dapprgemaakt.nl\/de\/wp-json\/wp\/v2\/product"}],"about":[{"href":"https:\/\/jobo-borstels.dapprgemaakt.nl\/de\/wp-json\/wp\/v2\/types\/product"}],"wp:featuredmedia":[{"embeddable":true,"href":"https:\/\/jobo-borstels.dapprgemaakt.nl\/de\/wp-json\/wp\/v2\/media\/2048"}],"wp:attachment":[{"href":"https:\/\/jobo-borstels.dapprgemaakt.nl\/de\/wp-json\/wp\/v2\/media?parent=2688"}],"wp:term":[{"taxonomy":"product_cat","embeddable":true,"href":"https:\/\/jobo-borstels.dapprgemaakt.nl\/de\/wp-json\/wp\/v2\/product_cat?post=2688"},{"taxonomy":"product_tag","embeddable":true,"href":"https:\/\/jobo-borstels.dapprgemaakt.nl\/de\/wp-json\/wp\/v2\/product_tag?post=2688"}],"curies":[{"name":"wp","href":"https:\/\/api.w.org\/{rel}","templated":true}]}}