{"id":2689,"date":"2023-11-23T14:02:21","date_gmt":"2023-11-23T14:02:21","guid":{"rendered":"https:\/\/jobo-borstels.dapprgemaakt.nl\/product\/ferkel-buerste\/"},"modified":"2024-07-12T09:07:28","modified_gmt":"2024-07-12T09:07:28","slug":"ferkel-buerste","status":"publish","type":"product","link":"https:\/\/jobo-borstels.dapprgemaakt.nl\/de\/produkt\/ferkel-buerste\/","title":{"rendered":"Ferkel-B\u00fcrste"},"content":{"rendered":"<p>Ferkelb\u00fcrsten sind ein innovatives Werkzeug in der Schweinehaltung, das das Wohlbefinden der Schweine verbessern soll. Diese B\u00fcrsten erm\u00f6glichen es den Tieren, ihr nat\u00fcrliches Verhalten, wie das W\u00fchlen und Scheuern, auszuleben, was f\u00fcr ihre Gesundheit und ihr Wohlbefinden unerl\u00e4sslich ist. Ferkel und erwachsene Schweine verwenden diese B\u00fcrsten, um ihre Haut zu massieren und zu reinigen. Das hilft nicht nur, Stress und Langeweile abzubauen, sondern auch aggressives Verhalten innerhalb der Gruppe zu verringern. Die Installation dieser B\u00fcrsten in den St\u00e4llen schafft eine bereichernde Umgebung, die zu gl\u00fccklicheren und ges\u00fcnderen Tieren f\u00fchrt. Die Verwendung von Ferkelb\u00fcrsten ist ein Beispiel daf\u00fcr, wie sich moderne landwirtschaftliche Praktiken mit einem st\u00e4rkeren Fokus auf das Wohlergehen der Tiere entwickeln, und zeigt das anhaltende Engagement der Industrie, sowohl die Bed\u00fcrfnisse der Tiere als auch die Erwartungen der Verbraucher zu erf\u00fcllen.<\/p>\n","protected":false},"excerpt":{"rendered":"<p>Ferkelb\u00fcrsten erm\u00f6glichen es den Tieren, ihr nat\u00fcrliches Verhalten, wie das W\u00fchlen und Scheuern, auszuleben, was gut f\u00fcr ihre Gesundheit und ihr Wohlbefinden ist.<\/p>\n","protected":false},"featured_media":2050,"template":"","meta":{"_acf_changed":false},"product_cat":[231,242,230],"product_tag":[],"class_list":{"0":"post-2689","1":"product","2":"type-product","3":"status-publish","4":"has-post-thumbnail","6":"product_cat-alle-buersten","7":"product_cat-andere-buersten","8":"product_cat-landwirtschaftliche-buersten","10":"first","11":"instock","12":"shipping-taxable","13":"product-type-simple"},"acf":[],"yoast_head":"<!-- This site is optimized with the Yoast SEO plugin v24.0 - https:\/\/yoast.com\/wordpress\/plugins\/seo\/ -->\n<title>Ferkel-B\u00fcrste - Jobo Borstelfabriek<\/title>\n<meta name=\"robots\" content=\"noindex, follow, max-snippet:-1, max-image-preview:large, max-video-preview:-1\" \/>\n<meta property=\"og:locale\" content=\"de_DE\" \/>\n<meta property=\"og:type\" content=\"article\" \/>\n<meta property=\"og:title\" content=\"Ferkel-B\u00fcrste - Jobo Borstelfabriek\" \/>\n<meta property=\"og:description\" content=\"Ferkelb\u00fcrsten erm\u00f6glichen es den Tieren, ihr nat\u00fcrliches Verhalten, wie das W\u00fchlen und Scheuern, auszuleben, was gut f\u00fcr ihre Gesundheit und ihr Wohlbefinden ist.\" \/>\n<meta property=\"og:url\" content=\"https:\/\/jobo-borstels.dapprgemaakt.nl\/de\/produkt\/ferkel-buerste\/\" \/>\n<meta property=\"og:site_name\" content=\"Jobo Borstelfabriek\" \/>\n<meta property=\"article:modified_time\" content=\"2024-07-12T09:07:28+00:00\" \/>\n<meta property=\"og:image\" content=\"https:\/\/jobo-borstels.dapprgemaakt.nl\/wp-content\/uploads\/2023\/11\/Biggenborstel.jpg\" \/>\n\t<meta property=\"og:image:width\" content=\"2000\" \/>\n\t<meta property=\"og:image:height\" content=\"1333\" \/>\n\t<meta property=\"og:image:type\" content=\"image\/jpeg\" \/>\n<meta name=\"twitter:card\" content=\"summary_large_image\" \/>\n<meta name=\"twitter:label1\" content=\"Gesch\u00e4tzte Lesezeit\" \/>\n\t<meta name=\"twitter:data1\" content=\"1\u00a0Minute\" \/>\n<script type=\"application\/ld+json\" class=\"yoast-schema-graph\">{\"@context\":\"https:\/\/schema.org\",\"@graph\":[{\"@type\":\"WebPage\",\"@id\":\"https:\/\/jobo-borstels.dapprgemaakt.nl\/de\/produkt\/ferkel-buerste\/\",\"url\":\"https:\/\/jobo-borstels.dapprgemaakt.nl\/de\/produkt\/ferkel-buerste\/\",\"name\":\"Ferkel-B\u00fcrste - Jobo Borstelfabriek\",\"isPartOf\":{\"@id\":\"https:\/\/jobo-borstels.dapprgemaakt.nl\/de\/#website\"},\"primaryImageOfPage\":{\"@id\":\"https:\/\/jobo-borstels.dapprgemaakt.nl\/de\/produkt\/ferkel-buerste\/#primaryimage\"},\"image\":{\"@id\":\"https:\/\/jobo-borstels.dapprgemaakt.nl\/de\/produkt\/ferkel-buerste\/#primaryimage\"},\"thumbnailUrl\":\"https:\/\/jobo-borstels.dapprgemaakt.nl\/wp-content\/uploads\/2023\/11\/Biggenborstel.jpg\",\"datePublished\":\"2023-11-23T14:02:21+00:00\",\"dateModified\":\"2024-07-12T09:07:28+00:00\",\"breadcrumb\":{\"@id\":\"https:\/\/jobo-borstels.dapprgemaakt.nl\/de\/produkt\/ferkel-buerste\/#breadcrumb\"},\"inLanguage\":\"de\",\"potentialAction\":[{\"@type\":\"ReadAction\",\"target\":[\"https:\/\/jobo-borstels.dapprgemaakt.nl\/de\/produkt\/ferkel-buerste\/\"]}]},{\"@type\":\"ImageObject\",\"inLanguage\":\"de\",\"@id\":\"https:\/\/jobo-borstels.dapprgemaakt.nl\/de\/produkt\/ferkel-buerste\/#primaryimage\",\"url\":\"https:\/\/jobo-borstels.dapprgemaakt.nl\/wp-content\/uploads\/2023\/11\/Biggenborstel.jpg\",\"contentUrl\":\"https:\/\/jobo-borstels.dapprgemaakt.nl\/wp-content\/uploads\/2023\/11\/Biggenborstel.jpg\",\"width\":2000,\"height\":1333,\"caption\":\"Biggenborstel\"},{\"@type\":\"BreadcrumbList\",\"@id\":\"https:\/\/jobo-borstels.dapprgemaakt.nl\/de\/produkt\/ferkel-buerste\/#breadcrumb\",\"itemListElement\":[{\"@type\":\"ListItem\",\"position\":1,\"name\":\"Home\",\"item\":\"https:\/\/besenundbuersten.de\/\"},{\"@type\":\"ListItem\",\"position\":2,\"name\":\"Produkte\",\"item\":\"https:\/\/jobo-borstels.dapprgemaakt.nl\/de\/shop\/\"},{\"@type\":\"ListItem\",\"position\":3,\"name\":\"Ferkel-B\u00fcrste\"}]},{\"@type\":\"WebSite\",\"@id\":\"https:\/\/jobo-borstels.dapprgemaakt.nl\/de\/#website\",\"url\":\"https:\/\/jobo-borstels.dapprgemaakt.nl\/de\/\",\"name\":\"Jobo Borstelfabriek\",\"description\":\"\",\"potentialAction\":[{\"@type\":\"SearchAction\",\"target\":{\"@type\":\"EntryPoint\",\"urlTemplate\":\"https:\/\/jobo-borstels.dapprgemaakt.nl\/de\/?s={search_term_string}\"},\"query-input\":{\"@type\":\"PropertyValueSpecification\",\"valueRequired\":true,\"valueName\":\"search_term_string\"}}],\"inLanguage\":\"de\"}]}<\/script>\n<!-- \/ Yoast SEO plugin. -->","yoast_head_json":{"title":"Ferkel-B\u00fcrste - Jobo Borstelfabriek","robots":{"index":"noindex","follow":"follow","max-snippet":"max-snippet:-1","max-image-preview":"max-image-preview:large","max-video-preview":"max-video-preview:-1"},"og_locale":"de_DE","og_type":"article","og_title":"Ferkel-B\u00fcrste - Jobo Borstelfabriek","og_description":"Ferkelb\u00fcrsten erm\u00f6glichen es den Tieren, ihr nat\u00fcrliches Verhalten, wie das W\u00fchlen und Scheuern, auszuleben, was gut f\u00fcr ihre Gesundheit und ihr Wohlbefinden ist.","og_url":"https:\/\/jobo-borstels.dapprgemaakt.nl\/de\/produkt\/ferkel-buerste\/","og_site_name":"Jobo Borstelfabriek","article_modified_time":"2024-07-12T09:07:28+00:00","og_image":[{"width":2000,"height":1333,"url":"https:\/\/jobo-borstels.dapprgemaakt.nl\/wp-content\/uploads\/2023\/11\/Biggenborstel.jpg","type":"image\/jpeg"}],"twitter_card":"summary_large_image","twitter_misc":{"Gesch\u00e4tzte Lesezeit":"1\u00a0Minute"},"schema":{"@context":"https:\/\/schema.org","@graph":[{"@type":"WebPage","@id":"https:\/\/jobo-borstels.dapprgemaakt.nl\/de\/produkt\/ferkel-buerste\/","url":"https:\/\/jobo-borstels.dapprgemaakt.nl\/de\/produkt\/ferkel-buerste\/","name":"Ferkel-B\u00fcrste - Jobo Borstelfabriek","isPartOf":{"@id":"https:\/\/jobo-borstels.dapprgemaakt.nl\/de\/#website"},"primaryImageOfPage":{"@id":"https:\/\/jobo-borstels.dapprgemaakt.nl\/de\/produkt\/ferkel-buerste\/#primaryimage"},"image":{"@id":"https:\/\/jobo-borstels.dapprgemaakt.nl\/de\/produkt\/ferkel-buerste\/#primaryimage"},"thumbnailUrl":"https:\/\/jobo-borstels.dapprgemaakt.nl\/wp-content\/uploads\/2023\/11\/Biggenborstel.jpg","datePublished":"2023-11-23T14:02:21+00:00","dateModified":"2024-07-12T09:07:28+00:00","breadcrumb":{"@id":"https:\/\/jobo-borstels.dapprgemaakt.nl\/de\/produkt\/ferkel-buerste\/#breadcrumb"},"inLanguage":"de","potentialAction":[{"@type":"ReadAction","target":["https:\/\/jobo-borstels.dapprgemaakt.nl\/de\/produkt\/ferkel-buerste\/"]}]},{"@type":"ImageObject","inLanguage":"de","@id":"https:\/\/jobo-borstels.dapprgemaakt.nl\/de\/produkt\/ferkel-buerste\/#primaryimage","url":"https:\/\/jobo-borstels.dapprgemaakt.nl\/wp-content\/uploads\/2023\/11\/Biggenborstel.jpg","contentUrl":"https:\/\/jobo-borstels.dapprgemaakt.nl\/wp-content\/uploads\/2023\/11\/Biggenborstel.jpg","width":2000,"height":1333,"caption":"Biggenborstel"},{"@type":"BreadcrumbList","@id":"https:\/\/jobo-borstels.dapprgemaakt.nl\/de\/produkt\/ferkel-buerste\/#breadcrumb","itemListElement":[{"@type":"ListItem","position":1,"name":"Home","item":"https:\/\/besenundbuersten.de\/"},{"@type":"ListItem","position":2,"name":"Produkte","item":"https:\/\/jobo-borstels.dapprgemaakt.nl\/de\/shop\/"},{"@type":"ListItem","position":3,"name":"Ferkel-B\u00fcrste"}]},{"@type":"WebSite","@id":"https:\/\/jobo-borstels.dapprgemaakt.nl\/de\/#website","url":"https:\/\/jobo-borstels.dapprgemaakt.nl\/de\/","name":"Jobo Borstelfabriek","description":"","potentialAction":[{"@type":"SearchAction","target":{"@type":"EntryPoint","urlTemplate":"https:\/\/jobo-borstels.dapprgemaakt.nl\/de\/?s={search_term_string}"},"query-input":{"@type":"PropertyValueSpecification","valueRequired":true,"valueName":"search_term_string"}}],"inLanguage":"de"}]}},"_links":{"self":[{"href":"https:\/\/jobo-borstels.dapprgemaakt.nl\/de\/wp-json\/wp\/v2\/product\/2689","targetHints":{"allow":["GET"]}}],"collection":[{"href":"https:\/\/jobo-borstels.dapprgemaakt.nl\/de\/wp-json\/wp\/v2\/product"}],"about":[{"href":"https:\/\/jobo-borstels.dapprgemaakt.nl\/de\/wp-json\/wp\/v2\/types\/product"}],"wp:featuredmedia":[{"embeddable":true,"href":"https:\/\/jobo-borstels.dapprgemaakt.nl\/de\/wp-json\/wp\/v2\/media\/2050"}],"wp:attachment":[{"href":"https:\/\/jobo-borstels.dapprgemaakt.nl\/de\/wp-json\/wp\/v2\/media?parent=2689"}],"wp:term":[{"taxonomy":"product_cat","embeddable":true,"href":"https:\/\/jobo-borstels.dapprgemaakt.nl\/de\/wp-json\/wp\/v2\/product_cat?post=2689"},{"taxonomy":"product_tag","embeddable":true,"href":"https:\/\/jobo-borstels.dapprgemaakt.nl\/de\/wp-json\/wp\/v2\/product_tag?post=2689"}],"curies":[{"name":"wp","href":"https:\/\/api.w.org\/{rel}","templated":true}]}}