{"id":2693,"date":"2023-11-23T13:59:40","date_gmt":"2023-11-23T13:59:40","guid":{"rendered":"https:\/\/jobo-borstels.dapprgemaakt.nl\/product\/fugenbesen-blau-3-reihen\/"},"modified":"2024-07-12T09:06:31","modified_gmt":"2024-07-12T09:06:31","slug":"fugenbesen-blau-3-reihen","status":"publish","type":"product","link":"https:\/\/jobo-borstels.dapprgemaakt.nl\/de\/produkt\/fugenbesen-blau-3-reihen\/","title":{"rendered":"Fugenbesen blau 3 Reihen"},"content":{"rendered":"<p>Der Fugenbesen blau mit 3 Reihen ist speziell f\u00fcr Bauprofis konzipiert. Dieser Fugenbesen zeichnet sich durch seine zus\u00e4tzliche Breite von 290 mm aus. Damit ist er etwas breiter als die Standardmodelle und l\u00e4sst sich dadurch effizienter einsetzen.<\/p>\n<p><strong>Erweiterte Funktionen:<\/strong><\/p>\n<ul>\n<li><strong>Festigkeit:<\/strong> Der Besen mit 3 Borstenreihen bietet mehr Steifigkeit als die Standardborsten mit 2 Reihen, was zu einer effektiveren Reinigung f\u00fchrt, insbesondere bei hartn\u00e4ckigen Fugenr\u00fcckst\u00e4nden.<\/li>\n<li><strong>Gro\u00dfes Format:<\/strong> Mit einer Breite von 290 mm bietet dieser Besen eine gr\u00f6\u00dfere Fl\u00e4che f\u00fcr die Reinigung und spart so Zeit f\u00fcr den professionellen Einsatz.<\/li>\n<li><strong>Nachhaltige Materialien:<\/strong> Dieser Besen wird aus recycelten synthetischen Fasern hergestellt und tr\u00e4gt so zu Nachhaltigkeit und Umweltverantwortung bei.<\/li>\n<\/ul>\n<p>Dieser Fugenbesen ist nicht nur eine umweltbewusste Wahl, sondern auch ein praktischer Vorteil f\u00fcr Profis, die Wert auf Effizienz und Qualit\u00e4t legen. Die zus\u00e4tzliche Breite und Steifheit der Borsten machen diesen Besen ideal f\u00fcr anspruchsvolle Reinigungsaufgaben in der Baubranche.<\/p>\n","protected":false},"excerpt":{"rendered":"<p>Der Fugenbesen blau mit 3 Reihen ist speziell f\u00fcr Bauprofis konzipiert. Dieser Fugenbesen zeichnet sich durch seine zus\u00e4tzliche Breite von 290 mm aus. Damit ist [&hellip;]<\/p>\n","protected":false},"featured_media":1297,"template":"","meta":{"_acf_changed":false},"product_cat":[231,247],"product_tag":[],"class_list":{"0":"post-2693","1":"product","2":"type-product","3":"status-publish","4":"has-post-thumbnail","6":"product_cat-alle-buersten","7":"product_cat-besen-und-kehrblech","9":"first","10":"instock","11":"shipping-taxable","12":"product-type-simple"},"acf":[],"yoast_head":"<!-- This site is optimized with the Yoast SEO plugin v24.0 - https:\/\/yoast.com\/wordpress\/plugins\/seo\/ -->\n<title>Fugenbesen blau 3 Reihen - Jobo Borstelfabriek<\/title>\n<meta name=\"robots\" content=\"noindex, follow, max-snippet:-1, max-image-preview:large, max-video-preview:-1\" \/>\n<meta property=\"og:locale\" content=\"de_DE\" \/>\n<meta property=\"og:type\" content=\"article\" \/>\n<meta property=\"og:title\" content=\"Fugenbesen blau 3 Reihen - Jobo Borstelfabriek\" \/>\n<meta property=\"og:description\" content=\"Der Fugenbesen blau mit 3 Reihen ist speziell f\u00fcr Bauprofis konzipiert. Dieser Fugenbesen zeichnet sich durch seine zus\u00e4tzliche Breite von 290 mm aus. Damit ist [&hellip;]\" \/>\n<meta property=\"og:url\" content=\"https:\/\/jobo-borstels.dapprgemaakt.nl\/de\/produkt\/fugenbesen-blau-3-reihen\/\" \/>\n<meta property=\"og:site_name\" content=\"Jobo Borstelfabriek\" \/>\n<meta property=\"article:modified_time\" content=\"2024-07-12T09:06:31+00:00\" \/>\n<meta property=\"og:image\" content=\"https:\/\/jobo-borstels.dapprgemaakt.nl\/wp-content\/uploads\/2023\/11\/Voegbezem-blauw-3rij.jpg\" \/>\n\t<meta property=\"og:image:width\" content=\"2000\" \/>\n\t<meta property=\"og:image:height\" content=\"1333\" \/>\n\t<meta property=\"og:image:type\" content=\"image\/jpeg\" \/>\n<meta name=\"twitter:card\" content=\"summary_large_image\" \/>\n<meta name=\"twitter:label1\" content=\"Gesch\u00e4tzte Lesezeit\" \/>\n\t<meta name=\"twitter:data1\" content=\"1\u00a0Minute\" \/>\n<script type=\"application\/ld+json\" class=\"yoast-schema-graph\">{\"@context\":\"https:\/\/schema.org\",\"@graph\":[{\"@type\":\"WebPage\",\"@id\":\"https:\/\/jobo-borstels.dapprgemaakt.nl\/de\/produkt\/fugenbesen-blau-3-reihen\/\",\"url\":\"https:\/\/jobo-borstels.dapprgemaakt.nl\/de\/produkt\/fugenbesen-blau-3-reihen\/\",\"name\":\"Fugenbesen blau 3 Reihen - Jobo Borstelfabriek\",\"isPartOf\":{\"@id\":\"https:\/\/jobo-borstels.dapprgemaakt.nl\/de\/#website\"},\"primaryImageOfPage\":{\"@id\":\"https:\/\/jobo-borstels.dapprgemaakt.nl\/de\/produkt\/fugenbesen-blau-3-reihen\/#primaryimage\"},\"image\":{\"@id\":\"https:\/\/jobo-borstels.dapprgemaakt.nl\/de\/produkt\/fugenbesen-blau-3-reihen\/#primaryimage\"},\"thumbnailUrl\":\"https:\/\/jobo-borstels.dapprgemaakt.nl\/wp-content\/uploads\/2023\/11\/Voegbezem-blauw-3rij.jpg\",\"datePublished\":\"2023-11-23T13:59:40+00:00\",\"dateModified\":\"2024-07-12T09:06:31+00:00\",\"breadcrumb\":{\"@id\":\"https:\/\/jobo-borstels.dapprgemaakt.nl\/de\/produkt\/fugenbesen-blau-3-reihen\/#breadcrumb\"},\"inLanguage\":\"de\",\"potentialAction\":[{\"@type\":\"ReadAction\",\"target\":[\"https:\/\/jobo-borstels.dapprgemaakt.nl\/de\/produkt\/fugenbesen-blau-3-reihen\/\"]}]},{\"@type\":\"ImageObject\",\"inLanguage\":\"de\",\"@id\":\"https:\/\/jobo-borstels.dapprgemaakt.nl\/de\/produkt\/fugenbesen-blau-3-reihen\/#primaryimage\",\"url\":\"https:\/\/jobo-borstels.dapprgemaakt.nl\/wp-content\/uploads\/2023\/11\/Voegbezem-blauw-3rij.jpg\",\"contentUrl\":\"https:\/\/jobo-borstels.dapprgemaakt.nl\/wp-content\/uploads\/2023\/11\/Voegbezem-blauw-3rij.jpg\",\"width\":2000,\"height\":1333,\"caption\":\"Voegbezem blauw 3rij\"},{\"@type\":\"BreadcrumbList\",\"@id\":\"https:\/\/jobo-borstels.dapprgemaakt.nl\/de\/produkt\/fugenbesen-blau-3-reihen\/#breadcrumb\",\"itemListElement\":[{\"@type\":\"ListItem\",\"position\":1,\"name\":\"Home\",\"item\":\"https:\/\/besenundbuersten.de\/\"},{\"@type\":\"ListItem\",\"position\":2,\"name\":\"Produkte\",\"item\":\"https:\/\/jobo-borstels.dapprgemaakt.nl\/de\/shop\/\"},{\"@type\":\"ListItem\",\"position\":3,\"name\":\"Fugenbesen blau 3 Reihen\"}]},{\"@type\":\"WebSite\",\"@id\":\"https:\/\/jobo-borstels.dapprgemaakt.nl\/de\/#website\",\"url\":\"https:\/\/jobo-borstels.dapprgemaakt.nl\/de\/\",\"name\":\"Jobo Borstelfabriek\",\"description\":\"\",\"potentialAction\":[{\"@type\":\"SearchAction\",\"target\":{\"@type\":\"EntryPoint\",\"urlTemplate\":\"https:\/\/jobo-borstels.dapprgemaakt.nl\/de\/?s={search_term_string}\"},\"query-input\":{\"@type\":\"PropertyValueSpecification\",\"valueRequired\":true,\"valueName\":\"search_term_string\"}}],\"inLanguage\":\"de\"}]}<\/script>\n<!-- \/ Yoast SEO plugin. -->","yoast_head_json":{"title":"Fugenbesen blau 3 Reihen - Jobo Borstelfabriek","robots":{"index":"noindex","follow":"follow","max-snippet":"max-snippet:-1","max-image-preview":"max-image-preview:large","max-video-preview":"max-video-preview:-1"},"og_locale":"de_DE","og_type":"article","og_title":"Fugenbesen blau 3 Reihen - Jobo Borstelfabriek","og_description":"Der Fugenbesen blau mit 3 Reihen ist speziell f\u00fcr Bauprofis konzipiert. Dieser Fugenbesen zeichnet sich durch seine zus\u00e4tzliche Breite von 290 mm aus. Damit ist [&hellip;]","og_url":"https:\/\/jobo-borstels.dapprgemaakt.nl\/de\/produkt\/fugenbesen-blau-3-reihen\/","og_site_name":"Jobo Borstelfabriek","article_modified_time":"2024-07-12T09:06:31+00:00","og_image":[{"width":2000,"height":1333,"url":"https:\/\/jobo-borstels.dapprgemaakt.nl\/wp-content\/uploads\/2023\/11\/Voegbezem-blauw-3rij.jpg","type":"image\/jpeg"}],"twitter_card":"summary_large_image","twitter_misc":{"Gesch\u00e4tzte Lesezeit":"1\u00a0Minute"},"schema":{"@context":"https:\/\/schema.org","@graph":[{"@type":"WebPage","@id":"https:\/\/jobo-borstels.dapprgemaakt.nl\/de\/produkt\/fugenbesen-blau-3-reihen\/","url":"https:\/\/jobo-borstels.dapprgemaakt.nl\/de\/produkt\/fugenbesen-blau-3-reihen\/","name":"Fugenbesen blau 3 Reihen - Jobo Borstelfabriek","isPartOf":{"@id":"https:\/\/jobo-borstels.dapprgemaakt.nl\/de\/#website"},"primaryImageOfPage":{"@id":"https:\/\/jobo-borstels.dapprgemaakt.nl\/de\/produkt\/fugenbesen-blau-3-reihen\/#primaryimage"},"image":{"@id":"https:\/\/jobo-borstels.dapprgemaakt.nl\/de\/produkt\/fugenbesen-blau-3-reihen\/#primaryimage"},"thumbnailUrl":"https:\/\/jobo-borstels.dapprgemaakt.nl\/wp-content\/uploads\/2023\/11\/Voegbezem-blauw-3rij.jpg","datePublished":"2023-11-23T13:59:40+00:00","dateModified":"2024-07-12T09:06:31+00:00","breadcrumb":{"@id":"https:\/\/jobo-borstels.dapprgemaakt.nl\/de\/produkt\/fugenbesen-blau-3-reihen\/#breadcrumb"},"inLanguage":"de","potentialAction":[{"@type":"ReadAction","target":["https:\/\/jobo-borstels.dapprgemaakt.nl\/de\/produkt\/fugenbesen-blau-3-reihen\/"]}]},{"@type":"ImageObject","inLanguage":"de","@id":"https:\/\/jobo-borstels.dapprgemaakt.nl\/de\/produkt\/fugenbesen-blau-3-reihen\/#primaryimage","url":"https:\/\/jobo-borstels.dapprgemaakt.nl\/wp-content\/uploads\/2023\/11\/Voegbezem-blauw-3rij.jpg","contentUrl":"https:\/\/jobo-borstels.dapprgemaakt.nl\/wp-content\/uploads\/2023\/11\/Voegbezem-blauw-3rij.jpg","width":2000,"height":1333,"caption":"Voegbezem blauw 3rij"},{"@type":"BreadcrumbList","@id":"https:\/\/jobo-borstels.dapprgemaakt.nl\/de\/produkt\/fugenbesen-blau-3-reihen\/#breadcrumb","itemListElement":[{"@type":"ListItem","position":1,"name":"Home","item":"https:\/\/besenundbuersten.de\/"},{"@type":"ListItem","position":2,"name":"Produkte","item":"https:\/\/jobo-borstels.dapprgemaakt.nl\/de\/shop\/"},{"@type":"ListItem","position":3,"name":"Fugenbesen blau 3 Reihen"}]},{"@type":"WebSite","@id":"https:\/\/jobo-borstels.dapprgemaakt.nl\/de\/#website","url":"https:\/\/jobo-borstels.dapprgemaakt.nl\/de\/","name":"Jobo Borstelfabriek","description":"","potentialAction":[{"@type":"SearchAction","target":{"@type":"EntryPoint","urlTemplate":"https:\/\/jobo-borstels.dapprgemaakt.nl\/de\/?s={search_term_string}"},"query-input":{"@type":"PropertyValueSpecification","valueRequired":true,"valueName":"search_term_string"}}],"inLanguage":"de"}]}},"_links":{"self":[{"href":"https:\/\/jobo-borstels.dapprgemaakt.nl\/de\/wp-json\/wp\/v2\/product\/2693","targetHints":{"allow":["GET"]}}],"collection":[{"href":"https:\/\/jobo-borstels.dapprgemaakt.nl\/de\/wp-json\/wp\/v2\/product"}],"about":[{"href":"https:\/\/jobo-borstels.dapprgemaakt.nl\/de\/wp-json\/wp\/v2\/types\/product"}],"wp:featuredmedia":[{"embeddable":true,"href":"https:\/\/jobo-borstels.dapprgemaakt.nl\/de\/wp-json\/wp\/v2\/media\/1297"}],"wp:attachment":[{"href":"https:\/\/jobo-borstels.dapprgemaakt.nl\/de\/wp-json\/wp\/v2\/media?parent=2693"}],"wp:term":[{"taxonomy":"product_cat","embeddable":true,"href":"https:\/\/jobo-borstels.dapprgemaakt.nl\/de\/wp-json\/wp\/v2\/product_cat?post=2693"},{"taxonomy":"product_tag","embeddable":true,"href":"https:\/\/jobo-borstels.dapprgemaakt.nl\/de\/wp-json\/wp\/v2\/product_tag?post=2693"}],"curies":[{"name":"wp","href":"https:\/\/api.w.org\/{rel}","templated":true}]}}