{"id":2694,"date":"2023-11-23T13:59:11","date_gmt":"2023-11-23T13:59:11","guid":{"rendered":"https:\/\/jobo-borstels.dapprgemaakt.nl\/product\/fugenbesen-arenga-gemoeti\/"},"modified":"2024-07-12T09:06:33","modified_gmt":"2024-07-12T09:06:33","slug":"fugenbesen-arenga-gemoeti","status":"publish","type":"product","link":"https:\/\/jobo-borstels.dapprgemaakt.nl\/de\/produkt\/fugenbesen-arenga-gemoeti\/","title":{"rendered":"Fugenbesen arenga \/ gemoeti"},"content":{"rendered":"<p>Der Gemoeti-Fugenbesen, auch als Arenga bekannt, ist eine Art B\u00fcrste aus schwarzen Naturfasern. Diese Borsten sind etwas steifer als die einer Handb\u00fcrste aus Kokosfasern. Dadurch eignen sie sich sehr gut f\u00fcr spezielle Fugenarbeiten wie das B\u00fcrsten und Finishen von Zeigerfugen und geb\u00fcrsteten Fugen. Ein entscheidender Vorteil des Gemoeti-Fugenbesen ist seine Widerstandsf\u00e4higkeit gegen verschiedene Elemente; die B\u00fcrste ist sehr widerstandsf\u00e4hig gegen Wasser, \u00d6l und Benzin und au\u00dferdem hitzebest\u00e4ndig. Diese Eigenschaften machen den gemoeti Fugenbesen zu einem vielseitigen und langlebigen Werkzeug f\u00fcr Bau- und Maurerarbeiten.<\/p>\n","protected":false},"excerpt":{"rendered":"<p>Die Arenga-Faser, auch bekannt als Gemoeti, stammt von der asiatischen Zuckerpalme. Diese Naturfaser ist f\u00fcr ihre Haltbarkeit und Vielseitigkeit bekannt. Eine der wichtigsten Eigenschaften der Arenga-Fasern ist ihre Feuchtigkeitsbest\u00e4ndigkeit, wodurch sie sich ideal f\u00fcr den Einsatz in feuchten Umgebungen und f\u00fcr den Au\u00dfenbereich eignen. Eine bemerkenswerte Eigenschaft der Arenga-Fasern ist ihre leichte Elastizit\u00e4t, wodurch sie flexibel sind und sich beim Kehren leicht mit Ihnen biegen. Dank dieser Eigenschaft und ihrer Steifheit k\u00f6nnen sie sowohl trockenen als auch nassen Schmutz entfernen. Arenga-Fasern haben au\u00dferdem die einzigartige Eigenschaft, nach dem Gebrauch wieder in ihre urspr\u00fcngliche Form zur\u00fcckzuspringen. Das bedeutet, dass sich die Fasern nicht so leicht verbeulen oder ausdehnen, was zur Haltbarkeit und Langlebigkeit der B\u00fcrste beitr\u00e4gt.<\/p>\n<p>&nbsp;<\/p>\n","protected":false},"featured_media":1253,"template":"","meta":{"_acf_changed":false},"product_cat":[231,247],"product_tag":[],"class_list":{"0":"post-2694","1":"product","2":"type-product","3":"status-publish","4":"has-post-thumbnail","6":"product_cat-alle-buersten","7":"product_cat-besen-und-kehrblech","9":"first","10":"instock","11":"shipping-taxable","12":"product-type-simple"},"acf":[],"yoast_head":"<!-- This site is optimized with the Yoast SEO plugin v24.0 - https:\/\/yoast.com\/wordpress\/plugins\/seo\/ -->\n<title>Fugenbesen arenga \/ gemoeti - Jobo Borstelfabriek<\/title>\n<meta name=\"robots\" content=\"noindex, follow, max-snippet:-1, max-image-preview:large, max-video-preview:-1\" \/>\n<meta property=\"og:locale\" content=\"de_DE\" \/>\n<meta property=\"og:type\" content=\"article\" \/>\n<meta property=\"og:title\" content=\"Fugenbesen arenga \/ gemoeti - Jobo Borstelfabriek\" \/>\n<meta property=\"og:description\" content=\"Die Arenga-Faser, auch bekannt als Gemoeti, stammt von der asiatischen Zuckerpalme. Diese Naturfaser ist f\u00fcr ihre Haltbarkeit und Vielseitigkeit bekannt. Eine der wichtigsten Eigenschaften der Arenga-Fasern ist ihre Feuchtigkeitsbest\u00e4ndigkeit, wodurch sie sich ideal f\u00fcr den Einsatz in feuchten Umgebungen und f\u00fcr den Au\u00dfenbereich eignen. Eine bemerkenswerte Eigenschaft der Arenga-Fasern ist ihre leichte Elastizit\u00e4t, wodurch sie flexibel sind und sich beim Kehren leicht mit Ihnen biegen. Dank dieser Eigenschaft und ihrer Steifheit k\u00f6nnen sie sowohl trockenen als auch nassen Schmutz entfernen. Arenga-Fasern haben au\u00dferdem die einzigartige Eigenschaft, nach dem Gebrauch wieder in ihre urspr\u00fcngliche Form zur\u00fcckzuspringen. Das bedeutet, dass sich die Fasern nicht so leicht verbeulen oder ausdehnen, was zur Haltbarkeit und Langlebigkeit der B\u00fcrste beitr\u00e4gt.  &nbsp;\" \/>\n<meta property=\"og:url\" content=\"https:\/\/jobo-borstels.dapprgemaakt.nl\/de\/produkt\/fugenbesen-arenga-gemoeti\/\" \/>\n<meta property=\"og:site_name\" content=\"Jobo Borstelfabriek\" \/>\n<meta property=\"article:modified_time\" content=\"2024-07-12T09:06:33+00:00\" \/>\n<meta property=\"og:image\" content=\"https:\/\/jobo-borstels.dapprgemaakt.nl\/wp-content\/uploads\/2023\/11\/Voegbezem-gemoeti-2rij-e1705070454118.jpg\" \/>\n\t<meta property=\"og:image:width\" content=\"2000\" \/>\n\t<meta property=\"og:image:height\" content=\"1333\" \/>\n\t<meta property=\"og:image:type\" content=\"image\/jpeg\" \/>\n<meta name=\"twitter:card\" content=\"summary_large_image\" \/>\n<meta name=\"twitter:label1\" content=\"Gesch\u00e4tzte Lesezeit\" \/>\n\t<meta name=\"twitter:data1\" content=\"1\u00a0Minute\" \/>\n<script type=\"application\/ld+json\" class=\"yoast-schema-graph\">{\"@context\":\"https:\/\/schema.org\",\"@graph\":[{\"@type\":\"WebPage\",\"@id\":\"https:\/\/jobo-borstels.dapprgemaakt.nl\/de\/produkt\/fugenbesen-arenga-gemoeti\/\",\"url\":\"https:\/\/jobo-borstels.dapprgemaakt.nl\/de\/produkt\/fugenbesen-arenga-gemoeti\/\",\"name\":\"Fugenbesen arenga \/ gemoeti - Jobo Borstelfabriek\",\"isPartOf\":{\"@id\":\"https:\/\/jobo-borstels.dapprgemaakt.nl\/de\/#website\"},\"primaryImageOfPage\":{\"@id\":\"https:\/\/jobo-borstels.dapprgemaakt.nl\/de\/produkt\/fugenbesen-arenga-gemoeti\/#primaryimage\"},\"image\":{\"@id\":\"https:\/\/jobo-borstels.dapprgemaakt.nl\/de\/produkt\/fugenbesen-arenga-gemoeti\/#primaryimage\"},\"thumbnailUrl\":\"https:\/\/jobo-borstels.dapprgemaakt.nl\/wp-content\/uploads\/2023\/11\/Voegbezem-gemoeti-2rij-e1705070454118.jpg\",\"datePublished\":\"2023-11-23T13:59:11+00:00\",\"dateModified\":\"2024-07-12T09:06:33+00:00\",\"breadcrumb\":{\"@id\":\"https:\/\/jobo-borstels.dapprgemaakt.nl\/de\/produkt\/fugenbesen-arenga-gemoeti\/#breadcrumb\"},\"inLanguage\":\"de\",\"potentialAction\":[{\"@type\":\"ReadAction\",\"target\":[\"https:\/\/jobo-borstels.dapprgemaakt.nl\/de\/produkt\/fugenbesen-arenga-gemoeti\/\"]}]},{\"@type\":\"ImageObject\",\"inLanguage\":\"de\",\"@id\":\"https:\/\/jobo-borstels.dapprgemaakt.nl\/de\/produkt\/fugenbesen-arenga-gemoeti\/#primaryimage\",\"url\":\"https:\/\/jobo-borstels.dapprgemaakt.nl\/wp-content\/uploads\/2023\/11\/Voegbezem-gemoeti-2rij-e1705070454118.jpg\",\"contentUrl\":\"https:\/\/jobo-borstels.dapprgemaakt.nl\/wp-content\/uploads\/2023\/11\/Voegbezem-gemoeti-2rij-e1705070454118.jpg\",\"width\":2000,\"height\":1333,\"caption\":\"Voegbezem gemoeti\"},{\"@type\":\"BreadcrumbList\",\"@id\":\"https:\/\/jobo-borstels.dapprgemaakt.nl\/de\/produkt\/fugenbesen-arenga-gemoeti\/#breadcrumb\",\"itemListElement\":[{\"@type\":\"ListItem\",\"position\":1,\"name\":\"Home\",\"item\":\"https:\/\/besenundbuersten.de\/\"},{\"@type\":\"ListItem\",\"position\":2,\"name\":\"Produkte\",\"item\":\"https:\/\/jobo-borstels.dapprgemaakt.nl\/de\/shop\/\"},{\"@type\":\"ListItem\",\"position\":3,\"name\":\"Fugenbesen arenga \/ gemoeti\"}]},{\"@type\":\"WebSite\",\"@id\":\"https:\/\/jobo-borstels.dapprgemaakt.nl\/de\/#website\",\"url\":\"https:\/\/jobo-borstels.dapprgemaakt.nl\/de\/\",\"name\":\"Jobo Borstelfabriek\",\"description\":\"\",\"potentialAction\":[{\"@type\":\"SearchAction\",\"target\":{\"@type\":\"EntryPoint\",\"urlTemplate\":\"https:\/\/jobo-borstels.dapprgemaakt.nl\/de\/?s={search_term_string}\"},\"query-input\":{\"@type\":\"PropertyValueSpecification\",\"valueRequired\":true,\"valueName\":\"search_term_string\"}}],\"inLanguage\":\"de\"}]}<\/script>\n<!-- \/ Yoast SEO plugin. -->","yoast_head_json":{"title":"Fugenbesen arenga \/ gemoeti - Jobo Borstelfabriek","robots":{"index":"noindex","follow":"follow","max-snippet":"max-snippet:-1","max-image-preview":"max-image-preview:large","max-video-preview":"max-video-preview:-1"},"og_locale":"de_DE","og_type":"article","og_title":"Fugenbesen arenga \/ gemoeti - Jobo Borstelfabriek","og_description":"Die Arenga-Faser, auch bekannt als Gemoeti, stammt von der asiatischen Zuckerpalme. Diese Naturfaser ist f\u00fcr ihre Haltbarkeit und Vielseitigkeit bekannt. Eine der wichtigsten Eigenschaften der Arenga-Fasern ist ihre Feuchtigkeitsbest\u00e4ndigkeit, wodurch sie sich ideal f\u00fcr den Einsatz in feuchten Umgebungen und f\u00fcr den Au\u00dfenbereich eignen. Eine bemerkenswerte Eigenschaft der Arenga-Fasern ist ihre leichte Elastizit\u00e4t, wodurch sie flexibel sind und sich beim Kehren leicht mit Ihnen biegen. Dank dieser Eigenschaft und ihrer Steifheit k\u00f6nnen sie sowohl trockenen als auch nassen Schmutz entfernen. Arenga-Fasern haben au\u00dferdem die einzigartige Eigenschaft, nach dem Gebrauch wieder in ihre urspr\u00fcngliche Form zur\u00fcckzuspringen. Das bedeutet, dass sich die Fasern nicht so leicht verbeulen oder ausdehnen, was zur Haltbarkeit und Langlebigkeit der B\u00fcrste beitr\u00e4gt.  &nbsp;","og_url":"https:\/\/jobo-borstels.dapprgemaakt.nl\/de\/produkt\/fugenbesen-arenga-gemoeti\/","og_site_name":"Jobo Borstelfabriek","article_modified_time":"2024-07-12T09:06:33+00:00","og_image":[{"width":2000,"height":1333,"url":"https:\/\/jobo-borstels.dapprgemaakt.nl\/wp-content\/uploads\/2023\/11\/Voegbezem-gemoeti-2rij-e1705070454118.jpg","type":"image\/jpeg"}],"twitter_card":"summary_large_image","twitter_misc":{"Gesch\u00e4tzte Lesezeit":"1\u00a0Minute"},"schema":{"@context":"https:\/\/schema.org","@graph":[{"@type":"WebPage","@id":"https:\/\/jobo-borstels.dapprgemaakt.nl\/de\/produkt\/fugenbesen-arenga-gemoeti\/","url":"https:\/\/jobo-borstels.dapprgemaakt.nl\/de\/produkt\/fugenbesen-arenga-gemoeti\/","name":"Fugenbesen arenga \/ gemoeti - Jobo Borstelfabriek","isPartOf":{"@id":"https:\/\/jobo-borstels.dapprgemaakt.nl\/de\/#website"},"primaryImageOfPage":{"@id":"https:\/\/jobo-borstels.dapprgemaakt.nl\/de\/produkt\/fugenbesen-arenga-gemoeti\/#primaryimage"},"image":{"@id":"https:\/\/jobo-borstels.dapprgemaakt.nl\/de\/produkt\/fugenbesen-arenga-gemoeti\/#primaryimage"},"thumbnailUrl":"https:\/\/jobo-borstels.dapprgemaakt.nl\/wp-content\/uploads\/2023\/11\/Voegbezem-gemoeti-2rij-e1705070454118.jpg","datePublished":"2023-11-23T13:59:11+00:00","dateModified":"2024-07-12T09:06:33+00:00","breadcrumb":{"@id":"https:\/\/jobo-borstels.dapprgemaakt.nl\/de\/produkt\/fugenbesen-arenga-gemoeti\/#breadcrumb"},"inLanguage":"de","potentialAction":[{"@type":"ReadAction","target":["https:\/\/jobo-borstels.dapprgemaakt.nl\/de\/produkt\/fugenbesen-arenga-gemoeti\/"]}]},{"@type":"ImageObject","inLanguage":"de","@id":"https:\/\/jobo-borstels.dapprgemaakt.nl\/de\/produkt\/fugenbesen-arenga-gemoeti\/#primaryimage","url":"https:\/\/jobo-borstels.dapprgemaakt.nl\/wp-content\/uploads\/2023\/11\/Voegbezem-gemoeti-2rij-e1705070454118.jpg","contentUrl":"https:\/\/jobo-borstels.dapprgemaakt.nl\/wp-content\/uploads\/2023\/11\/Voegbezem-gemoeti-2rij-e1705070454118.jpg","width":2000,"height":1333,"caption":"Voegbezem gemoeti"},{"@type":"BreadcrumbList","@id":"https:\/\/jobo-borstels.dapprgemaakt.nl\/de\/produkt\/fugenbesen-arenga-gemoeti\/#breadcrumb","itemListElement":[{"@type":"ListItem","position":1,"name":"Home","item":"https:\/\/besenundbuersten.de\/"},{"@type":"ListItem","position":2,"name":"Produkte","item":"https:\/\/jobo-borstels.dapprgemaakt.nl\/de\/shop\/"},{"@type":"ListItem","position":3,"name":"Fugenbesen arenga \/ gemoeti"}]},{"@type":"WebSite","@id":"https:\/\/jobo-borstels.dapprgemaakt.nl\/de\/#website","url":"https:\/\/jobo-borstels.dapprgemaakt.nl\/de\/","name":"Jobo Borstelfabriek","description":"","potentialAction":[{"@type":"SearchAction","target":{"@type":"EntryPoint","urlTemplate":"https:\/\/jobo-borstels.dapprgemaakt.nl\/de\/?s={search_term_string}"},"query-input":{"@type":"PropertyValueSpecification","valueRequired":true,"valueName":"search_term_string"}}],"inLanguage":"de"}]}},"_links":{"self":[{"href":"https:\/\/jobo-borstels.dapprgemaakt.nl\/de\/wp-json\/wp\/v2\/product\/2694","targetHints":{"allow":["GET"]}}],"collection":[{"href":"https:\/\/jobo-borstels.dapprgemaakt.nl\/de\/wp-json\/wp\/v2\/product"}],"about":[{"href":"https:\/\/jobo-borstels.dapprgemaakt.nl\/de\/wp-json\/wp\/v2\/types\/product"}],"wp:featuredmedia":[{"embeddable":true,"href":"https:\/\/jobo-borstels.dapprgemaakt.nl\/de\/wp-json\/wp\/v2\/media\/1253"}],"wp:attachment":[{"href":"https:\/\/jobo-borstels.dapprgemaakt.nl\/de\/wp-json\/wp\/v2\/media?parent=2694"}],"wp:term":[{"taxonomy":"product_cat","embeddable":true,"href":"https:\/\/jobo-borstels.dapprgemaakt.nl\/de\/wp-json\/wp\/v2\/product_cat?post=2694"},{"taxonomy":"product_tag","embeddable":true,"href":"https:\/\/jobo-borstels.dapprgemaakt.nl\/de\/wp-json\/wp\/v2\/product_tag?post=2694"}],"curies":[{"name":"wp","href":"https:\/\/api.w.org\/{rel}","templated":true}]}}