{"id":2695,"date":"2023-11-23T13:57:40","date_gmt":"2023-11-23T13:57:40","guid":{"rendered":"https:\/\/jobo-borstels.dapprgemaakt.nl\/product\/kehrschaufel-runde-kappe-kokos\/"},"modified":"2024-07-12T09:06:40","modified_gmt":"2024-07-12T09:06:40","slug":"kehrschaufel-runde-kappe-kokos","status":"publish","type":"product","link":"https:\/\/jobo-borstels.dapprgemaakt.nl\/de\/produkt\/kehrschaufel-runde-kappe-kokos\/","title":{"rendered":"Kehrschaufel runde Kappe Kokos"},"content":{"rendered":"<h1>Staubtuch mit pflanzlicher Kokosfaser<\/h1>\n<p>Kokosfaser ist eine nat\u00fcrliche Pflanzenfaser, die aus der \u00e4u\u00dferen Schale der Kokosnuss gewonnen wird. Es ist langlebig, stark und steif und ideal f\u00fcr Bauarbeiten, Maurerarbeiten und Fassadenrenovierungen. Au\u00dferdem ist die Kokosfaser wasserfest und einigerma\u00dfen resistent gegen Schimmel und Bakterien, was zur Langlebigkeit der B\u00fcrsten beitr\u00e4gt.<\/p>\n","protected":false},"excerpt":{"rendered":"<p>Unsere Kehrschaufel aus Kokosfasern ist die luxuri\u00f6sere Variante der Bau-Kehrschaufel aus Kokosfasern.<\/p>\n","protected":false},"featured_media":1290,"template":"","meta":{"_acf_changed":false},"product_cat":[231,247],"product_tag":[],"class_list":{"0":"post-2695","1":"product","2":"type-product","3":"status-publish","4":"has-post-thumbnail","6":"product_cat-alle-buersten","7":"product_cat-besen-und-kehrblech","9":"first","10":"instock","11":"shipping-taxable","12":"product-type-simple"},"acf":[],"yoast_head":"<!-- This site is optimized with the Yoast SEO plugin v24.0 - https:\/\/yoast.com\/wordpress\/plugins\/seo\/ -->\n<title>Kehrschaufel runde Kappe Kokos - Jobo Borstelfabriek<\/title>\n<meta name=\"description\" content=\"Kokosnuss von Hand best\u00e4uben. Dieser Staubwedel ist ideal f\u00fcr Renovierungsprojekte und kann als Fugenabstreifer f\u00fcr Bau- und Maurerarbeiten verwendet werden.\" \/>\n<meta name=\"robots\" content=\"noindex, follow, max-snippet:-1, max-image-preview:large, max-video-preview:-1\" \/>\n<meta property=\"og:locale\" content=\"de_DE\" \/>\n<meta property=\"og:type\" content=\"article\" \/>\n<meta property=\"og:title\" content=\"Kehrschaufel runde Kappe Kokos - Jobo Borstelfabriek\" \/>\n<meta property=\"og:description\" content=\"Kokosnuss von Hand best\u00e4uben. Dieser Staubwedel ist ideal f\u00fcr Renovierungsprojekte und kann als Fugenabstreifer f\u00fcr Bau- und Maurerarbeiten verwendet werden.\" \/>\n<meta property=\"og:url\" content=\"https:\/\/jobo-borstels.dapprgemaakt.nl\/de\/produkt\/kehrschaufel-runde-kappe-kokos\/\" \/>\n<meta property=\"og:site_name\" content=\"Jobo Borstelfabriek\" \/>\n<meta property=\"article:modified_time\" content=\"2024-07-12T09:06:40+00:00\" \/>\n<meta property=\"og:image\" content=\"https:\/\/jobo-borstels.dapprgemaakt.nl\/wp-content\/uploads\/2023\/11\/Stoffer-kokos-ronde-kap.jpg\" \/>\n\t<meta property=\"og:image:width\" content=\"2000\" \/>\n\t<meta property=\"og:image:height\" content=\"1333\" \/>\n\t<meta property=\"og:image:type\" content=\"image\/jpeg\" \/>\n<meta name=\"twitter:card\" content=\"summary_large_image\" \/>\n<meta name=\"twitter:label1\" content=\"Gesch\u00e4tzte Lesezeit\" \/>\n\t<meta name=\"twitter:data1\" content=\"1\u00a0Minute\" \/>\n<script type=\"application\/ld+json\" class=\"yoast-schema-graph\">{\"@context\":\"https:\/\/schema.org\",\"@graph\":[{\"@type\":\"WebPage\",\"@id\":\"https:\/\/jobo-borstels.dapprgemaakt.nl\/de\/produkt\/kehrschaufel-runde-kappe-kokos\/\",\"url\":\"https:\/\/jobo-borstels.dapprgemaakt.nl\/de\/produkt\/kehrschaufel-runde-kappe-kokos\/\",\"name\":\"Kehrschaufel runde Kappe Kokos - Jobo Borstelfabriek\",\"isPartOf\":{\"@id\":\"https:\/\/jobo-borstels.dapprgemaakt.nl\/de\/#website\"},\"primaryImageOfPage\":{\"@id\":\"https:\/\/jobo-borstels.dapprgemaakt.nl\/de\/produkt\/kehrschaufel-runde-kappe-kokos\/#primaryimage\"},\"image\":{\"@id\":\"https:\/\/jobo-borstels.dapprgemaakt.nl\/de\/produkt\/kehrschaufel-runde-kappe-kokos\/#primaryimage\"},\"thumbnailUrl\":\"https:\/\/jobo-borstels.dapprgemaakt.nl\/wp-content\/uploads\/2023\/11\/Stoffer-kokos-ronde-kap.jpg\",\"datePublished\":\"2023-11-23T13:57:40+00:00\",\"dateModified\":\"2024-07-12T09:06:40+00:00\",\"description\":\"Kokosnuss von Hand best\u00e4uben. Dieser Staubwedel ist ideal f\u00fcr Renovierungsprojekte und kann als Fugenabstreifer f\u00fcr Bau- und Maurerarbeiten verwendet werden.\",\"breadcrumb\":{\"@id\":\"https:\/\/jobo-borstels.dapprgemaakt.nl\/de\/produkt\/kehrschaufel-runde-kappe-kokos\/#breadcrumb\"},\"inLanguage\":\"de\",\"potentialAction\":[{\"@type\":\"ReadAction\",\"target\":[\"https:\/\/jobo-borstels.dapprgemaakt.nl\/de\/produkt\/kehrschaufel-runde-kappe-kokos\/\"]}]},{\"@type\":\"ImageObject\",\"inLanguage\":\"de\",\"@id\":\"https:\/\/jobo-borstels.dapprgemaakt.nl\/de\/produkt\/kehrschaufel-runde-kappe-kokos\/#primaryimage\",\"url\":\"https:\/\/jobo-borstels.dapprgemaakt.nl\/wp-content\/uploads\/2023\/11\/Stoffer-kokos-ronde-kap.jpg\",\"contentUrl\":\"https:\/\/jobo-borstels.dapprgemaakt.nl\/wp-content\/uploads\/2023\/11\/Stoffer-kokos-ronde-kap.jpg\",\"width\":2000,\"height\":1333,\"caption\":\"Stoffer kokos ronde kap\"},{\"@type\":\"BreadcrumbList\",\"@id\":\"https:\/\/jobo-borstels.dapprgemaakt.nl\/de\/produkt\/kehrschaufel-runde-kappe-kokos\/#breadcrumb\",\"itemListElement\":[{\"@type\":\"ListItem\",\"position\":1,\"name\":\"Home\",\"item\":\"https:\/\/besenundbuersten.de\/\"},{\"@type\":\"ListItem\",\"position\":2,\"name\":\"Produkte\",\"item\":\"https:\/\/jobo-borstels.dapprgemaakt.nl\/de\/shop\/\"},{\"@type\":\"ListItem\",\"position\":3,\"name\":\"Kehrschaufel runde Kappe Kokos\"}]},{\"@type\":\"WebSite\",\"@id\":\"https:\/\/jobo-borstels.dapprgemaakt.nl\/de\/#website\",\"url\":\"https:\/\/jobo-borstels.dapprgemaakt.nl\/de\/\",\"name\":\"Jobo Borstelfabriek\",\"description\":\"\",\"potentialAction\":[{\"@type\":\"SearchAction\",\"target\":{\"@type\":\"EntryPoint\",\"urlTemplate\":\"https:\/\/jobo-borstels.dapprgemaakt.nl\/de\/?s={search_term_string}\"},\"query-input\":{\"@type\":\"PropertyValueSpecification\",\"valueRequired\":true,\"valueName\":\"search_term_string\"}}],\"inLanguage\":\"de\"}]}<\/script>\n<!-- \/ Yoast SEO plugin. -->","yoast_head_json":{"title":"Kehrschaufel runde Kappe Kokos - Jobo Borstelfabriek","description":"Kokosnuss von Hand best\u00e4uben. Dieser Staubwedel ist ideal f\u00fcr Renovierungsprojekte und kann als Fugenabstreifer f\u00fcr Bau- und Maurerarbeiten verwendet werden.","robots":{"index":"noindex","follow":"follow","max-snippet":"max-snippet:-1","max-image-preview":"max-image-preview:large","max-video-preview":"max-video-preview:-1"},"og_locale":"de_DE","og_type":"article","og_title":"Kehrschaufel runde Kappe Kokos - Jobo Borstelfabriek","og_description":"Kokosnuss von Hand best\u00e4uben. Dieser Staubwedel ist ideal f\u00fcr Renovierungsprojekte und kann als Fugenabstreifer f\u00fcr Bau- und Maurerarbeiten verwendet werden.","og_url":"https:\/\/jobo-borstels.dapprgemaakt.nl\/de\/produkt\/kehrschaufel-runde-kappe-kokos\/","og_site_name":"Jobo Borstelfabriek","article_modified_time":"2024-07-12T09:06:40+00:00","og_image":[{"width":2000,"height":1333,"url":"https:\/\/jobo-borstels.dapprgemaakt.nl\/wp-content\/uploads\/2023\/11\/Stoffer-kokos-ronde-kap.jpg","type":"image\/jpeg"}],"twitter_card":"summary_large_image","twitter_misc":{"Gesch\u00e4tzte Lesezeit":"1\u00a0Minute"},"schema":{"@context":"https:\/\/schema.org","@graph":[{"@type":"WebPage","@id":"https:\/\/jobo-borstels.dapprgemaakt.nl\/de\/produkt\/kehrschaufel-runde-kappe-kokos\/","url":"https:\/\/jobo-borstels.dapprgemaakt.nl\/de\/produkt\/kehrschaufel-runde-kappe-kokos\/","name":"Kehrschaufel runde Kappe Kokos - Jobo Borstelfabriek","isPartOf":{"@id":"https:\/\/jobo-borstels.dapprgemaakt.nl\/de\/#website"},"primaryImageOfPage":{"@id":"https:\/\/jobo-borstels.dapprgemaakt.nl\/de\/produkt\/kehrschaufel-runde-kappe-kokos\/#primaryimage"},"image":{"@id":"https:\/\/jobo-borstels.dapprgemaakt.nl\/de\/produkt\/kehrschaufel-runde-kappe-kokos\/#primaryimage"},"thumbnailUrl":"https:\/\/jobo-borstels.dapprgemaakt.nl\/wp-content\/uploads\/2023\/11\/Stoffer-kokos-ronde-kap.jpg","datePublished":"2023-11-23T13:57:40+00:00","dateModified":"2024-07-12T09:06:40+00:00","description":"Kokosnuss von Hand best\u00e4uben. Dieser Staubwedel ist ideal f\u00fcr Renovierungsprojekte und kann als Fugenabstreifer f\u00fcr Bau- und Maurerarbeiten verwendet werden.","breadcrumb":{"@id":"https:\/\/jobo-borstels.dapprgemaakt.nl\/de\/produkt\/kehrschaufel-runde-kappe-kokos\/#breadcrumb"},"inLanguage":"de","potentialAction":[{"@type":"ReadAction","target":["https:\/\/jobo-borstels.dapprgemaakt.nl\/de\/produkt\/kehrschaufel-runde-kappe-kokos\/"]}]},{"@type":"ImageObject","inLanguage":"de","@id":"https:\/\/jobo-borstels.dapprgemaakt.nl\/de\/produkt\/kehrschaufel-runde-kappe-kokos\/#primaryimage","url":"https:\/\/jobo-borstels.dapprgemaakt.nl\/wp-content\/uploads\/2023\/11\/Stoffer-kokos-ronde-kap.jpg","contentUrl":"https:\/\/jobo-borstels.dapprgemaakt.nl\/wp-content\/uploads\/2023\/11\/Stoffer-kokos-ronde-kap.jpg","width":2000,"height":1333,"caption":"Stoffer kokos ronde kap"},{"@type":"BreadcrumbList","@id":"https:\/\/jobo-borstels.dapprgemaakt.nl\/de\/produkt\/kehrschaufel-runde-kappe-kokos\/#breadcrumb","itemListElement":[{"@type":"ListItem","position":1,"name":"Home","item":"https:\/\/besenundbuersten.de\/"},{"@type":"ListItem","position":2,"name":"Produkte","item":"https:\/\/jobo-borstels.dapprgemaakt.nl\/de\/shop\/"},{"@type":"ListItem","position":3,"name":"Kehrschaufel runde Kappe Kokos"}]},{"@type":"WebSite","@id":"https:\/\/jobo-borstels.dapprgemaakt.nl\/de\/#website","url":"https:\/\/jobo-borstels.dapprgemaakt.nl\/de\/","name":"Jobo Borstelfabriek","description":"","potentialAction":[{"@type":"SearchAction","target":{"@type":"EntryPoint","urlTemplate":"https:\/\/jobo-borstels.dapprgemaakt.nl\/de\/?s={search_term_string}"},"query-input":{"@type":"PropertyValueSpecification","valueRequired":true,"valueName":"search_term_string"}}],"inLanguage":"de"}]}},"_links":{"self":[{"href":"https:\/\/jobo-borstels.dapprgemaakt.nl\/de\/wp-json\/wp\/v2\/product\/2695","targetHints":{"allow":["GET"]}}],"collection":[{"href":"https:\/\/jobo-borstels.dapprgemaakt.nl\/de\/wp-json\/wp\/v2\/product"}],"about":[{"href":"https:\/\/jobo-borstels.dapprgemaakt.nl\/de\/wp-json\/wp\/v2\/types\/product"}],"wp:featuredmedia":[{"embeddable":true,"href":"https:\/\/jobo-borstels.dapprgemaakt.nl\/de\/wp-json\/wp\/v2\/media\/1290"}],"wp:attachment":[{"href":"https:\/\/jobo-borstels.dapprgemaakt.nl\/de\/wp-json\/wp\/v2\/media?parent=2695"}],"wp:term":[{"taxonomy":"product_cat","embeddable":true,"href":"https:\/\/jobo-borstels.dapprgemaakt.nl\/de\/wp-json\/wp\/v2\/product_cat?post=2695"},{"taxonomy":"product_tag","embeddable":true,"href":"https:\/\/jobo-borstels.dapprgemaakt.nl\/de\/wp-json\/wp\/v2\/product_tag?post=2695"}],"curies":[{"name":"wp","href":"https:\/\/api.w.org\/{rel}","templated":true}]}}