{"id":2696,"date":"2023-11-23T13:57:02","date_gmt":"2023-11-23T13:57:02","guid":{"rendered":"https:\/\/jobo-borstels.dapprgemaakt.nl\/product\/staubwedel-runde-muetze-arenga\/"},"modified":"2024-07-12T09:06:42","modified_gmt":"2024-07-12T09:06:42","slug":"staubwedel-runde-muetze-arenga","status":"publish","type":"product","link":"https:\/\/jobo-borstels.dapprgemaakt.nl\/de\/produkt\/staubwedel-runde-muetze-arenga\/","title":{"rendered":"Staubwedel runde M\u00fctze arenga"},"content":{"rendered":"<h1>Kehrschaufel mit pflanzlicher Arenga<\/h1>\n<p>Die Arenga-Faser wird aus den Bl\u00e4ttern der Zuckerpalme gewonnen und ist f\u00fcr ihre St\u00e4rke und Flexibilit\u00e4t bekannt. Diese Faser ist strapazierf\u00e4hig und feuchtigkeitsresistent, so dass sie sich ideal f\u00fcr B\u00fcrsten eignet, die rauen und nassen Bedingungen ausgesetzt sind. arenga-B\u00fcrsten sind sowohl f\u00fcr Innen- als auch f\u00fcr Au\u00dfenanwendungen geeignet.<\/p>\n","protected":false},"excerpt":{"rendered":"<p>Der Handfeger mit Arenga-Faser ist eine robuste und flexible B\u00fcrste, die sowohl in nassen als auch in trockenen Umgebungen verwendet werden kann.<\/p>\n","protected":false},"featured_media":1286,"template":"","meta":{"_acf_changed":false},"product_cat":[231,247],"product_tag":[],"class_list":{"0":"post-2696","1":"product","2":"type-product","3":"status-publish","4":"has-post-thumbnail","6":"product_cat-alle-buersten","7":"product_cat-besen-und-kehrblech","9":"first","10":"instock","11":"shipping-taxable","12":"product-type-simple"},"acf":[],"yoast_head":"<!-- This site is optimized with the Yoast SEO plugin v24.0 - https:\/\/yoast.com\/wordpress\/plugins\/seo\/ -->\n<title>Staubwedel runde M\u00fctze arenga - Jobo Borstelfabriek<\/title>\n<meta name=\"description\" content=\"Handb\u00fcrste mit Naturborsten, hergestellt aus der Zuckerpalme. Diese Borsten sind resistent gegen Feuchtigkeit.\" \/>\n<meta name=\"robots\" content=\"noindex, follow, max-snippet:-1, max-image-preview:large, max-video-preview:-1\" \/>\n<meta property=\"og:locale\" content=\"de_DE\" \/>\n<meta property=\"og:type\" content=\"article\" \/>\n<meta property=\"og:title\" content=\"Staubwedel runde M\u00fctze arenga - Jobo Borstelfabriek\" \/>\n<meta property=\"og:description\" content=\"Handb\u00fcrste mit Naturborsten, hergestellt aus der Zuckerpalme. Diese Borsten sind resistent gegen Feuchtigkeit.\" \/>\n<meta property=\"og:url\" content=\"https:\/\/jobo-borstels.dapprgemaakt.nl\/de\/produkt\/staubwedel-runde-muetze-arenga\/\" \/>\n<meta property=\"og:site_name\" content=\"Jobo Borstelfabriek\" \/>\n<meta property=\"article:modified_time\" content=\"2024-07-12T09:06:42+00:00\" \/>\n<meta property=\"og:image\" content=\"https:\/\/jobo-borstels.dapprgemaakt.nl\/wp-content\/uploads\/2023\/11\/Stoffer-gemoeti-ronde-kap.jpg\" \/>\n\t<meta property=\"og:image:width\" content=\"2000\" \/>\n\t<meta property=\"og:image:height\" content=\"1333\" \/>\n\t<meta property=\"og:image:type\" content=\"image\/jpeg\" \/>\n<meta name=\"twitter:card\" content=\"summary_large_image\" \/>\n<meta name=\"twitter:label1\" content=\"Gesch\u00e4tzte Lesezeit\" \/>\n\t<meta name=\"twitter:data1\" content=\"1\u00a0Minute\" \/>\n<script type=\"application\/ld+json\" class=\"yoast-schema-graph\">{\"@context\":\"https:\/\/schema.org\",\"@graph\":[{\"@type\":\"WebPage\",\"@id\":\"https:\/\/jobo-borstels.dapprgemaakt.nl\/de\/produkt\/staubwedel-runde-muetze-arenga\/\",\"url\":\"https:\/\/jobo-borstels.dapprgemaakt.nl\/de\/produkt\/staubwedel-runde-muetze-arenga\/\",\"name\":\"Staubwedel runde M\u00fctze arenga - Jobo Borstelfabriek\",\"isPartOf\":{\"@id\":\"https:\/\/jobo-borstels.dapprgemaakt.nl\/de\/#website\"},\"primaryImageOfPage\":{\"@id\":\"https:\/\/jobo-borstels.dapprgemaakt.nl\/de\/produkt\/staubwedel-runde-muetze-arenga\/#primaryimage\"},\"image\":{\"@id\":\"https:\/\/jobo-borstels.dapprgemaakt.nl\/de\/produkt\/staubwedel-runde-muetze-arenga\/#primaryimage\"},\"thumbnailUrl\":\"https:\/\/jobo-borstels.dapprgemaakt.nl\/wp-content\/uploads\/2023\/11\/Stoffer-gemoeti-ronde-kap.jpg\",\"datePublished\":\"2023-11-23T13:57:02+00:00\",\"dateModified\":\"2024-07-12T09:06:42+00:00\",\"description\":\"Handb\u00fcrste mit Naturborsten, hergestellt aus der Zuckerpalme. Diese Borsten sind resistent gegen Feuchtigkeit.\",\"breadcrumb\":{\"@id\":\"https:\/\/jobo-borstels.dapprgemaakt.nl\/de\/produkt\/staubwedel-runde-muetze-arenga\/#breadcrumb\"},\"inLanguage\":\"de\",\"potentialAction\":[{\"@type\":\"ReadAction\",\"target\":[\"https:\/\/jobo-borstels.dapprgemaakt.nl\/de\/produkt\/staubwedel-runde-muetze-arenga\/\"]}]},{\"@type\":\"ImageObject\",\"inLanguage\":\"de\",\"@id\":\"https:\/\/jobo-borstels.dapprgemaakt.nl\/de\/produkt\/staubwedel-runde-muetze-arenga\/#primaryimage\",\"url\":\"https:\/\/jobo-borstels.dapprgemaakt.nl\/wp-content\/uploads\/2023\/11\/Stoffer-gemoeti-ronde-kap.jpg\",\"contentUrl\":\"https:\/\/jobo-borstels.dapprgemaakt.nl\/wp-content\/uploads\/2023\/11\/Stoffer-gemoeti-ronde-kap.jpg\",\"width\":2000,\"height\":1333,\"caption\":\"bouwstoffer union\"},{\"@type\":\"BreadcrumbList\",\"@id\":\"https:\/\/jobo-borstels.dapprgemaakt.nl\/de\/produkt\/staubwedel-runde-muetze-arenga\/#breadcrumb\",\"itemListElement\":[{\"@type\":\"ListItem\",\"position\":1,\"name\":\"Home\",\"item\":\"https:\/\/besenundbuersten.de\/\"},{\"@type\":\"ListItem\",\"position\":2,\"name\":\"Produkte\",\"item\":\"https:\/\/jobo-borstels.dapprgemaakt.nl\/de\/shop\/\"},{\"@type\":\"ListItem\",\"position\":3,\"name\":\"Staubwedel runde M\u00fctze arenga\"}]},{\"@type\":\"WebSite\",\"@id\":\"https:\/\/jobo-borstels.dapprgemaakt.nl\/de\/#website\",\"url\":\"https:\/\/jobo-borstels.dapprgemaakt.nl\/de\/\",\"name\":\"Jobo Borstelfabriek\",\"description\":\"\",\"potentialAction\":[{\"@type\":\"SearchAction\",\"target\":{\"@type\":\"EntryPoint\",\"urlTemplate\":\"https:\/\/jobo-borstels.dapprgemaakt.nl\/de\/?s={search_term_string}\"},\"query-input\":{\"@type\":\"PropertyValueSpecification\",\"valueRequired\":true,\"valueName\":\"search_term_string\"}}],\"inLanguage\":\"de\"}]}<\/script>\n<!-- \/ Yoast SEO plugin. -->","yoast_head_json":{"title":"Staubwedel runde M\u00fctze arenga - Jobo Borstelfabriek","description":"Handb\u00fcrste mit Naturborsten, hergestellt aus der Zuckerpalme. Diese Borsten sind resistent gegen Feuchtigkeit.","robots":{"index":"noindex","follow":"follow","max-snippet":"max-snippet:-1","max-image-preview":"max-image-preview:large","max-video-preview":"max-video-preview:-1"},"og_locale":"de_DE","og_type":"article","og_title":"Staubwedel runde M\u00fctze arenga - Jobo Borstelfabriek","og_description":"Handb\u00fcrste mit Naturborsten, hergestellt aus der Zuckerpalme. Diese Borsten sind resistent gegen Feuchtigkeit.","og_url":"https:\/\/jobo-borstels.dapprgemaakt.nl\/de\/produkt\/staubwedel-runde-muetze-arenga\/","og_site_name":"Jobo Borstelfabriek","article_modified_time":"2024-07-12T09:06:42+00:00","og_image":[{"width":2000,"height":1333,"url":"https:\/\/jobo-borstels.dapprgemaakt.nl\/wp-content\/uploads\/2023\/11\/Stoffer-gemoeti-ronde-kap.jpg","type":"image\/jpeg"}],"twitter_card":"summary_large_image","twitter_misc":{"Gesch\u00e4tzte Lesezeit":"1\u00a0Minute"},"schema":{"@context":"https:\/\/schema.org","@graph":[{"@type":"WebPage","@id":"https:\/\/jobo-borstels.dapprgemaakt.nl\/de\/produkt\/staubwedel-runde-muetze-arenga\/","url":"https:\/\/jobo-borstels.dapprgemaakt.nl\/de\/produkt\/staubwedel-runde-muetze-arenga\/","name":"Staubwedel runde M\u00fctze arenga - Jobo Borstelfabriek","isPartOf":{"@id":"https:\/\/jobo-borstels.dapprgemaakt.nl\/de\/#website"},"primaryImageOfPage":{"@id":"https:\/\/jobo-borstels.dapprgemaakt.nl\/de\/produkt\/staubwedel-runde-muetze-arenga\/#primaryimage"},"image":{"@id":"https:\/\/jobo-borstels.dapprgemaakt.nl\/de\/produkt\/staubwedel-runde-muetze-arenga\/#primaryimage"},"thumbnailUrl":"https:\/\/jobo-borstels.dapprgemaakt.nl\/wp-content\/uploads\/2023\/11\/Stoffer-gemoeti-ronde-kap.jpg","datePublished":"2023-11-23T13:57:02+00:00","dateModified":"2024-07-12T09:06:42+00:00","description":"Handb\u00fcrste mit Naturborsten, hergestellt aus der Zuckerpalme. Diese Borsten sind resistent gegen Feuchtigkeit.","breadcrumb":{"@id":"https:\/\/jobo-borstels.dapprgemaakt.nl\/de\/produkt\/staubwedel-runde-muetze-arenga\/#breadcrumb"},"inLanguage":"de","potentialAction":[{"@type":"ReadAction","target":["https:\/\/jobo-borstels.dapprgemaakt.nl\/de\/produkt\/staubwedel-runde-muetze-arenga\/"]}]},{"@type":"ImageObject","inLanguage":"de","@id":"https:\/\/jobo-borstels.dapprgemaakt.nl\/de\/produkt\/staubwedel-runde-muetze-arenga\/#primaryimage","url":"https:\/\/jobo-borstels.dapprgemaakt.nl\/wp-content\/uploads\/2023\/11\/Stoffer-gemoeti-ronde-kap.jpg","contentUrl":"https:\/\/jobo-borstels.dapprgemaakt.nl\/wp-content\/uploads\/2023\/11\/Stoffer-gemoeti-ronde-kap.jpg","width":2000,"height":1333,"caption":"bouwstoffer union"},{"@type":"BreadcrumbList","@id":"https:\/\/jobo-borstels.dapprgemaakt.nl\/de\/produkt\/staubwedel-runde-muetze-arenga\/#breadcrumb","itemListElement":[{"@type":"ListItem","position":1,"name":"Home","item":"https:\/\/besenundbuersten.de\/"},{"@type":"ListItem","position":2,"name":"Produkte","item":"https:\/\/jobo-borstels.dapprgemaakt.nl\/de\/shop\/"},{"@type":"ListItem","position":3,"name":"Staubwedel runde M\u00fctze arenga"}]},{"@type":"WebSite","@id":"https:\/\/jobo-borstels.dapprgemaakt.nl\/de\/#website","url":"https:\/\/jobo-borstels.dapprgemaakt.nl\/de\/","name":"Jobo Borstelfabriek","description":"","potentialAction":[{"@type":"SearchAction","target":{"@type":"EntryPoint","urlTemplate":"https:\/\/jobo-borstels.dapprgemaakt.nl\/de\/?s={search_term_string}"},"query-input":{"@type":"PropertyValueSpecification","valueRequired":true,"valueName":"search_term_string"}}],"inLanguage":"de"}]}},"_links":{"self":[{"href":"https:\/\/jobo-borstels.dapprgemaakt.nl\/de\/wp-json\/wp\/v2\/product\/2696","targetHints":{"allow":["GET"]}}],"collection":[{"href":"https:\/\/jobo-borstels.dapprgemaakt.nl\/de\/wp-json\/wp\/v2\/product"}],"about":[{"href":"https:\/\/jobo-borstels.dapprgemaakt.nl\/de\/wp-json\/wp\/v2\/types\/product"}],"wp:featuredmedia":[{"embeddable":true,"href":"https:\/\/jobo-borstels.dapprgemaakt.nl\/de\/wp-json\/wp\/v2\/media\/1286"}],"wp:attachment":[{"href":"https:\/\/jobo-borstels.dapprgemaakt.nl\/de\/wp-json\/wp\/v2\/media?parent=2696"}],"wp:term":[{"taxonomy":"product_cat","embeddable":true,"href":"https:\/\/jobo-borstels.dapprgemaakt.nl\/de\/wp-json\/wp\/v2\/product_cat?post=2696"},{"taxonomy":"product_tag","embeddable":true,"href":"https:\/\/jobo-borstels.dapprgemaakt.nl\/de\/wp-json\/wp\/v2\/product_tag?post=2696"}],"curies":[{"name":"wp","href":"https:\/\/api.w.org\/{rel}","templated":true}]}}