{"id":2700,"date":"2023-11-23T13:51:30","date_gmt":"2023-11-23T13:51:30","guid":{"rendered":"https:\/\/jobo-borstels.dapprgemaakt.nl\/product\/bau-staubwedel-arenga-zeigen\/"},"modified":"2024-07-12T09:06:36","modified_gmt":"2024-07-12T09:06:36","slug":"bau-staubwedel-arenga-zeigen","status":"publish","type":"product","link":"https:\/\/jobo-borstels.dapprgemaakt.nl\/de\/produkt\/bau-staubwedel-arenga-zeigen\/","title":{"rendered":"Bau-Staubwedel Arenga (Zeigen)"},"content":{"rendered":"<p>Baustaubwedel Gemoeti, auch Arenga genannt, ist eine Art Pinsel aus schwarzen Naturfasern. Diese Borsten sind etwas steifer als die einer Handb\u00fcrste aus Kokosfasern und eignen sich daher sehr gut f\u00fcr spezielle Arbeiten wie das B\u00fcrsten und Finishing von Zeigerfugen und geb\u00fcrsteten Fugen. Ein entscheidender Vorteil des Gemoeti-Fugenbesen ist seine Widerstandsf\u00e4higkeit gegen verschiedene Elemente; die B\u00fcrste ist sehr widerstandsf\u00e4hig gegen Wasser, \u00d6l und Benzin und au\u00dferdem hitzebest\u00e4ndig. Diese Eigenschaften machen den gemoeti Fugenbesen zu einem vielseitigen und langlebigen Werkzeug f\u00fcr Bau- und Maurerarbeiten.<\/p>\n<p>Diese Kehrschaufel ist in 2 verschiedenen Qualit\u00e4ten erh\u00e4ltlich: Einweg und A-Qualit\u00e4t. Der Unterschied zwischen den beiden liegt in der Oberfl\u00e4che des Holzes. Die A-Qualit\u00e4t liegt zarter in der Hand und ist voller mit Borsten.<\/p>\n","protected":false},"excerpt":{"rendered":"<p>Baustaubwedel Gemoeti, auch Arenga genannt, ist eine Art Pinsel aus schwarzen Naturfasern. Diese Borsten sind etwas steifer als die einer Handb\u00fcrste aus Kokosfasern und eignen [&hellip;]<\/p>\n","protected":false},"featured_media":1276,"template":"","meta":{"_acf_changed":false},"product_cat":[231,243,247],"product_tag":[],"class_list":{"0":"post-2700","1":"product","2":"type-product","3":"status-publish","4":"has-post-thumbnail","6":"product_cat-alle-buersten","7":"product_cat-beliebt","8":"product_cat-besen-und-kehrblech","10":"first","11":"instock","12":"shipping-taxable","13":"product-type-simple"},"acf":[],"yoast_head":"<!-- This site is optimized with the Yoast SEO plugin v24.0 - https:\/\/yoast.com\/wordpress\/plugins\/seo\/ -->\n<title>Bau-Staubwedel Arenga (Zeigen) - Jobo Borstelfabriek<\/title>\n<meta name=\"robots\" content=\"noindex, follow, max-snippet:-1, max-image-preview:large, max-video-preview:-1\" \/>\n<meta property=\"og:locale\" content=\"de_DE\" \/>\n<meta property=\"og:type\" content=\"article\" \/>\n<meta property=\"og:title\" content=\"Bau-Staubwedel Arenga (Zeigen) - Jobo Borstelfabriek\" \/>\n<meta property=\"og:description\" content=\"Baustaubwedel Gemoeti, auch Arenga genannt, ist eine Art Pinsel aus schwarzen Naturfasern. Diese Borsten sind etwas steifer als die einer Handb\u00fcrste aus Kokosfasern und eignen [&hellip;]\" \/>\n<meta property=\"og:url\" content=\"https:\/\/jobo-borstels.dapprgemaakt.nl\/de\/produkt\/bau-staubwedel-arenga-zeigen\/\" \/>\n<meta property=\"og:site_name\" content=\"Jobo Borstelfabriek\" \/>\n<meta property=\"article:modified_time\" content=\"2024-07-12T09:06:36+00:00\" \/>\n<meta property=\"og:image\" content=\"https:\/\/jobo-borstels.dapprgemaakt.nl\/wp-content\/uploads\/2023\/11\/Stoffer-plat-gemoeti-2.jpg\" \/>\n\t<meta property=\"og:image:width\" content=\"2000\" \/>\n\t<meta property=\"og:image:height\" content=\"1333\" \/>\n\t<meta property=\"og:image:type\" content=\"image\/jpeg\" \/>\n<meta name=\"twitter:card\" content=\"summary_large_image\" \/>\n<meta name=\"twitter:label1\" content=\"Gesch\u00e4tzte Lesezeit\" \/>\n\t<meta name=\"twitter:data1\" content=\"1\u00a0Minute\" \/>\n<script type=\"application\/ld+json\" class=\"yoast-schema-graph\">{\"@context\":\"https:\/\/schema.org\",\"@graph\":[{\"@type\":\"WebPage\",\"@id\":\"https:\/\/jobo-borstels.dapprgemaakt.nl\/de\/produkt\/bau-staubwedel-arenga-zeigen\/\",\"url\":\"https:\/\/jobo-borstels.dapprgemaakt.nl\/de\/produkt\/bau-staubwedel-arenga-zeigen\/\",\"name\":\"Bau-Staubwedel Arenga (Zeigen) - Jobo Borstelfabriek\",\"isPartOf\":{\"@id\":\"https:\/\/jobo-borstels.dapprgemaakt.nl\/de\/#website\"},\"primaryImageOfPage\":{\"@id\":\"https:\/\/jobo-borstels.dapprgemaakt.nl\/de\/produkt\/bau-staubwedel-arenga-zeigen\/#primaryimage\"},\"image\":{\"@id\":\"https:\/\/jobo-borstels.dapprgemaakt.nl\/de\/produkt\/bau-staubwedel-arenga-zeigen\/#primaryimage\"},\"thumbnailUrl\":\"https:\/\/jobo-borstels.dapprgemaakt.nl\/wp-content\/uploads\/2023\/11\/Stoffer-plat-gemoeti-2.jpg\",\"datePublished\":\"2023-11-23T13:51:30+00:00\",\"dateModified\":\"2024-07-12T09:06:36+00:00\",\"breadcrumb\":{\"@id\":\"https:\/\/jobo-borstels.dapprgemaakt.nl\/de\/produkt\/bau-staubwedel-arenga-zeigen\/#breadcrumb\"},\"inLanguage\":\"de\",\"potentialAction\":[{\"@type\":\"ReadAction\",\"target\":[\"https:\/\/jobo-borstels.dapprgemaakt.nl\/de\/produkt\/bau-staubwedel-arenga-zeigen\/\"]}]},{\"@type\":\"ImageObject\",\"inLanguage\":\"de\",\"@id\":\"https:\/\/jobo-borstels.dapprgemaakt.nl\/de\/produkt\/bau-staubwedel-arenga-zeigen\/#primaryimage\",\"url\":\"https:\/\/jobo-borstels.dapprgemaakt.nl\/wp-content\/uploads\/2023\/11\/Stoffer-plat-gemoeti-2.jpg\",\"contentUrl\":\"https:\/\/jobo-borstels.dapprgemaakt.nl\/wp-content\/uploads\/2023\/11\/Stoffer-plat-gemoeti-2.jpg\",\"width\":2000,\"height\":1333,\"caption\":\"bouwstoffer arenga gemoeti (2)\"},{\"@type\":\"BreadcrumbList\",\"@id\":\"https:\/\/jobo-borstels.dapprgemaakt.nl\/de\/produkt\/bau-staubwedel-arenga-zeigen\/#breadcrumb\",\"itemListElement\":[{\"@type\":\"ListItem\",\"position\":1,\"name\":\"Home\",\"item\":\"https:\/\/besenundbuersten.de\/\"},{\"@type\":\"ListItem\",\"position\":2,\"name\":\"Produkte\",\"item\":\"https:\/\/jobo-borstels.dapprgemaakt.nl\/de\/shop\/\"},{\"@type\":\"ListItem\",\"position\":3,\"name\":\"Bau-Staubwedel Arenga (Zeigen)\"}]},{\"@type\":\"WebSite\",\"@id\":\"https:\/\/jobo-borstels.dapprgemaakt.nl\/de\/#website\",\"url\":\"https:\/\/jobo-borstels.dapprgemaakt.nl\/de\/\",\"name\":\"Jobo Borstelfabriek\",\"description\":\"\",\"potentialAction\":[{\"@type\":\"SearchAction\",\"target\":{\"@type\":\"EntryPoint\",\"urlTemplate\":\"https:\/\/jobo-borstels.dapprgemaakt.nl\/de\/?s={search_term_string}\"},\"query-input\":{\"@type\":\"PropertyValueSpecification\",\"valueRequired\":true,\"valueName\":\"search_term_string\"}}],\"inLanguage\":\"de\"}]}<\/script>\n<!-- \/ Yoast SEO plugin. -->","yoast_head_json":{"title":"Bau-Staubwedel Arenga (Zeigen) - Jobo Borstelfabriek","robots":{"index":"noindex","follow":"follow","max-snippet":"max-snippet:-1","max-image-preview":"max-image-preview:large","max-video-preview":"max-video-preview:-1"},"og_locale":"de_DE","og_type":"article","og_title":"Bau-Staubwedel Arenga (Zeigen) - Jobo Borstelfabriek","og_description":"Baustaubwedel Gemoeti, auch Arenga genannt, ist eine Art Pinsel aus schwarzen Naturfasern. Diese Borsten sind etwas steifer als die einer Handb\u00fcrste aus Kokosfasern und eignen [&hellip;]","og_url":"https:\/\/jobo-borstels.dapprgemaakt.nl\/de\/produkt\/bau-staubwedel-arenga-zeigen\/","og_site_name":"Jobo Borstelfabriek","article_modified_time":"2024-07-12T09:06:36+00:00","og_image":[{"width":2000,"height":1333,"url":"https:\/\/jobo-borstels.dapprgemaakt.nl\/wp-content\/uploads\/2023\/11\/Stoffer-plat-gemoeti-2.jpg","type":"image\/jpeg"}],"twitter_card":"summary_large_image","twitter_misc":{"Gesch\u00e4tzte Lesezeit":"1\u00a0Minute"},"schema":{"@context":"https:\/\/schema.org","@graph":[{"@type":"WebPage","@id":"https:\/\/jobo-borstels.dapprgemaakt.nl\/de\/produkt\/bau-staubwedel-arenga-zeigen\/","url":"https:\/\/jobo-borstels.dapprgemaakt.nl\/de\/produkt\/bau-staubwedel-arenga-zeigen\/","name":"Bau-Staubwedel Arenga (Zeigen) - Jobo Borstelfabriek","isPartOf":{"@id":"https:\/\/jobo-borstels.dapprgemaakt.nl\/de\/#website"},"primaryImageOfPage":{"@id":"https:\/\/jobo-borstels.dapprgemaakt.nl\/de\/produkt\/bau-staubwedel-arenga-zeigen\/#primaryimage"},"image":{"@id":"https:\/\/jobo-borstels.dapprgemaakt.nl\/de\/produkt\/bau-staubwedel-arenga-zeigen\/#primaryimage"},"thumbnailUrl":"https:\/\/jobo-borstels.dapprgemaakt.nl\/wp-content\/uploads\/2023\/11\/Stoffer-plat-gemoeti-2.jpg","datePublished":"2023-11-23T13:51:30+00:00","dateModified":"2024-07-12T09:06:36+00:00","breadcrumb":{"@id":"https:\/\/jobo-borstels.dapprgemaakt.nl\/de\/produkt\/bau-staubwedel-arenga-zeigen\/#breadcrumb"},"inLanguage":"de","potentialAction":[{"@type":"ReadAction","target":["https:\/\/jobo-borstels.dapprgemaakt.nl\/de\/produkt\/bau-staubwedel-arenga-zeigen\/"]}]},{"@type":"ImageObject","inLanguage":"de","@id":"https:\/\/jobo-borstels.dapprgemaakt.nl\/de\/produkt\/bau-staubwedel-arenga-zeigen\/#primaryimage","url":"https:\/\/jobo-borstels.dapprgemaakt.nl\/wp-content\/uploads\/2023\/11\/Stoffer-plat-gemoeti-2.jpg","contentUrl":"https:\/\/jobo-borstels.dapprgemaakt.nl\/wp-content\/uploads\/2023\/11\/Stoffer-plat-gemoeti-2.jpg","width":2000,"height":1333,"caption":"bouwstoffer arenga gemoeti (2)"},{"@type":"BreadcrumbList","@id":"https:\/\/jobo-borstels.dapprgemaakt.nl\/de\/produkt\/bau-staubwedel-arenga-zeigen\/#breadcrumb","itemListElement":[{"@type":"ListItem","position":1,"name":"Home","item":"https:\/\/besenundbuersten.de\/"},{"@type":"ListItem","position":2,"name":"Produkte","item":"https:\/\/jobo-borstels.dapprgemaakt.nl\/de\/shop\/"},{"@type":"ListItem","position":3,"name":"Bau-Staubwedel Arenga (Zeigen)"}]},{"@type":"WebSite","@id":"https:\/\/jobo-borstels.dapprgemaakt.nl\/de\/#website","url":"https:\/\/jobo-borstels.dapprgemaakt.nl\/de\/","name":"Jobo Borstelfabriek","description":"","potentialAction":[{"@type":"SearchAction","target":{"@type":"EntryPoint","urlTemplate":"https:\/\/jobo-borstels.dapprgemaakt.nl\/de\/?s={search_term_string}"},"query-input":{"@type":"PropertyValueSpecification","valueRequired":true,"valueName":"search_term_string"}}],"inLanguage":"de"}]}},"_links":{"self":[{"href":"https:\/\/jobo-borstels.dapprgemaakt.nl\/de\/wp-json\/wp\/v2\/product\/2700","targetHints":{"allow":["GET"]}}],"collection":[{"href":"https:\/\/jobo-borstels.dapprgemaakt.nl\/de\/wp-json\/wp\/v2\/product"}],"about":[{"href":"https:\/\/jobo-borstels.dapprgemaakt.nl\/de\/wp-json\/wp\/v2\/types\/product"}],"wp:featuredmedia":[{"embeddable":true,"href":"https:\/\/jobo-borstels.dapprgemaakt.nl\/de\/wp-json\/wp\/v2\/media\/1276"}],"wp:attachment":[{"href":"https:\/\/jobo-borstels.dapprgemaakt.nl\/de\/wp-json\/wp\/v2\/media?parent=2700"}],"wp:term":[{"taxonomy":"product_cat","embeddable":true,"href":"https:\/\/jobo-borstels.dapprgemaakt.nl\/de\/wp-json\/wp\/v2\/product_cat?post=2700"},{"taxonomy":"product_tag","embeddable":true,"href":"https:\/\/jobo-borstels.dapprgemaakt.nl\/de\/wp-json\/wp\/v2\/product_tag?post=2700"}],"curies":[{"name":"wp","href":"https:\/\/api.w.org\/{rel}","templated":true}]}}