{"id":2702,"date":"2023-11-23T12:59:04","date_gmt":"2023-11-23T12:59:04","guid":{"rendered":"https:\/\/jobo-borstels.dapprgemaakt.nl\/product\/buersten-fuer-solarmodule\/"},"modified":"2024-07-12T09:06:51","modified_gmt":"2024-07-12T09:06:51","slug":"buersten-fuer-solarmodule","status":"publish","type":"product","link":"https:\/\/jobo-borstels.dapprgemaakt.nl\/de\/produkt\/buersten-fuer-solarmodule\/","title":{"rendered":"B\u00fcrsten f\u00fcr Solarmodule"},"content":{"rendered":"<p>Solarmodulb\u00fcrsten sind effektive B\u00fcrsten zur Abwehr von V\u00f6geln unter Solarmodulen.<\/p>\n<p>Die B\u00fcrsten verf\u00fcgen \u00fcber robuste, recycelte Borsten, die aus der Praxis heraus entwickelt wurden, um V\u00f6gel und Sch\u00e4dlinge von den Solarmodulen fernzuhalten. Das ist wichtig, denn Nester k\u00f6nnen nicht nur die Effizienz der Panels verringern, sondern auch Sch\u00e4den verursachen. Die Verwendung dieser B\u00fcrsten sorgt daf\u00fcr, dass die Solarmodule ordnungsgem\u00e4\u00df funktionieren.<\/p>\n<p>Jeder Aspekt der B\u00fcrste, von der Haardicke bis zur Haarl\u00e4nge, ist auf die spezifischen Anforderungen von Solarpanels abgestimmt. Die vollst\u00e4ndige B\u00fcrstenstruktur bietet eine effektive Barriere, ohne die Leistung der Platte zu beeintr\u00e4chtigen. Dies ist wichtig, um den Luftstrom und die K\u00fchlung aufrechtzuerhalten, die f\u00fcr eine maximale Stromerzeugung erforderlich sind.<\/p>\n","protected":false},"excerpt":{"rendered":"<p>B\u00fcrsten f\u00fcr Solarmodule zum Schutz vor V\u00f6geln verhindern, dass V\u00f6gel unter Solarmodulen nisten, indem sie eine physische Barriere entlang der R\u00e4nder schaffen.<\/p>\n","protected":false},"featured_media":1941,"template":"","meta":{"_acf_changed":false},"product_cat":[231,239],"product_tag":[],"class_list":{"0":"post-2702","1":"product","2":"type-product","3":"status-publish","4":"has-post-thumbnail","6":"product_cat-alle-buersten","7":"product_cat-grosse-rundbuersten","9":"first","10":"instock","11":"shipping-taxable","12":"product-type-simple"},"acf":[],"yoast_head":"<!-- This site is optimized with the Yoast SEO plugin v24.0 - https:\/\/yoast.com\/wordpress\/plugins\/seo\/ -->\n<title>B\u00fcrsten f\u00fcr Solarmodule - Jobo Borstelfabriek<\/title>\n<meta name=\"robots\" content=\"noindex, follow, max-snippet:-1, max-image-preview:large, max-video-preview:-1\" \/>\n<meta property=\"og:locale\" content=\"de_DE\" \/>\n<meta property=\"og:type\" content=\"article\" \/>\n<meta property=\"og:title\" content=\"B\u00fcrsten f\u00fcr Solarmodule - Jobo Borstelfabriek\" \/>\n<meta property=\"og:description\" content=\"B\u00fcrsten f\u00fcr Solarmodule zum Schutz vor V\u00f6geln verhindern, dass V\u00f6gel unter Solarmodulen nisten, indem sie eine physische Barriere entlang der R\u00e4nder schaffen.\" \/>\n<meta property=\"og:url\" content=\"https:\/\/jobo-borstels.dapprgemaakt.nl\/de\/produkt\/buersten-fuer-solarmodule\/\" \/>\n<meta property=\"og:site_name\" content=\"Jobo Borstelfabriek\" \/>\n<meta property=\"article:modified_time\" content=\"2024-07-12T09:06:51+00:00\" \/>\n<meta property=\"og:image\" content=\"https:\/\/jobo-borstels.dapprgemaakt.nl\/wp-content\/uploads\/2023\/11\/Anti-vogel-borstel-1-4-scaled.jpg\" \/>\n\t<meta property=\"og:image:width\" content=\"2560\" \/>\n\t<meta property=\"og:image:height\" content=\"1801\" \/>\n\t<meta property=\"og:image:type\" content=\"image\/jpeg\" \/>\n<meta name=\"twitter:card\" content=\"summary_large_image\" \/>\n<meta name=\"twitter:label1\" content=\"Gesch\u00e4tzte Lesezeit\" \/>\n\t<meta name=\"twitter:data1\" content=\"1\u00a0Minute\" \/>\n<script type=\"application\/ld+json\" class=\"yoast-schema-graph\">{\"@context\":\"https:\/\/schema.org\",\"@graph\":[{\"@type\":\"WebPage\",\"@id\":\"https:\/\/jobo-borstels.dapprgemaakt.nl\/de\/produkt\/buersten-fuer-solarmodule\/\",\"url\":\"https:\/\/jobo-borstels.dapprgemaakt.nl\/de\/produkt\/buersten-fuer-solarmodule\/\",\"name\":\"B\u00fcrsten f\u00fcr Solarmodule - Jobo Borstelfabriek\",\"isPartOf\":{\"@id\":\"https:\/\/jobo-borstels.dapprgemaakt.nl\/de\/#website\"},\"primaryImageOfPage\":{\"@id\":\"https:\/\/jobo-borstels.dapprgemaakt.nl\/de\/produkt\/buersten-fuer-solarmodule\/#primaryimage\"},\"image\":{\"@id\":\"https:\/\/jobo-borstels.dapprgemaakt.nl\/de\/produkt\/buersten-fuer-solarmodule\/#primaryimage\"},\"thumbnailUrl\":\"https:\/\/jobo-borstels.dapprgemaakt.nl\/wp-content\/uploads\/2023\/11\/Anti-vogel-borstel-1-4-scaled.jpg\",\"datePublished\":\"2023-11-23T12:59:04+00:00\",\"dateModified\":\"2024-07-12T09:06:51+00:00\",\"breadcrumb\":{\"@id\":\"https:\/\/jobo-borstels.dapprgemaakt.nl\/de\/produkt\/buersten-fuer-solarmodule\/#breadcrumb\"},\"inLanguage\":\"de\",\"potentialAction\":[{\"@type\":\"ReadAction\",\"target\":[\"https:\/\/jobo-borstels.dapprgemaakt.nl\/de\/produkt\/buersten-fuer-solarmodule\/\"]}]},{\"@type\":\"ImageObject\",\"inLanguage\":\"de\",\"@id\":\"https:\/\/jobo-borstels.dapprgemaakt.nl\/de\/produkt\/buersten-fuer-solarmodule\/#primaryimage\",\"url\":\"https:\/\/jobo-borstels.dapprgemaakt.nl\/wp-content\/uploads\/2023\/11\/Anti-vogel-borstel-1-4-scaled.jpg\",\"contentUrl\":\"https:\/\/jobo-borstels.dapprgemaakt.nl\/wp-content\/uploads\/2023\/11\/Anti-vogel-borstel-1-4-scaled.jpg\",\"width\":2560,\"height\":1801,\"caption\":\"Borstel voor vogelwering onder zonnepanelen\"},{\"@type\":\"BreadcrumbList\",\"@id\":\"https:\/\/jobo-borstels.dapprgemaakt.nl\/de\/produkt\/buersten-fuer-solarmodule\/#breadcrumb\",\"itemListElement\":[{\"@type\":\"ListItem\",\"position\":1,\"name\":\"Home\",\"item\":\"https:\/\/besenundbuersten.de\/\"},{\"@type\":\"ListItem\",\"position\":2,\"name\":\"Produkte\",\"item\":\"https:\/\/jobo-borstels.dapprgemaakt.nl\/de\/shop\/\"},{\"@type\":\"ListItem\",\"position\":3,\"name\":\"B\u00fcrsten f\u00fcr Solarmodule\"}]},{\"@type\":\"WebSite\",\"@id\":\"https:\/\/jobo-borstels.dapprgemaakt.nl\/de\/#website\",\"url\":\"https:\/\/jobo-borstels.dapprgemaakt.nl\/de\/\",\"name\":\"Jobo Borstelfabriek\",\"description\":\"\",\"potentialAction\":[{\"@type\":\"SearchAction\",\"target\":{\"@type\":\"EntryPoint\",\"urlTemplate\":\"https:\/\/jobo-borstels.dapprgemaakt.nl\/de\/?s={search_term_string}\"},\"query-input\":{\"@type\":\"PropertyValueSpecification\",\"valueRequired\":true,\"valueName\":\"search_term_string\"}}],\"inLanguage\":\"de\"}]}<\/script>\n<!-- \/ Yoast SEO plugin. -->","yoast_head_json":{"title":"B\u00fcrsten f\u00fcr Solarmodule - Jobo Borstelfabriek","robots":{"index":"noindex","follow":"follow","max-snippet":"max-snippet:-1","max-image-preview":"max-image-preview:large","max-video-preview":"max-video-preview:-1"},"og_locale":"de_DE","og_type":"article","og_title":"B\u00fcrsten f\u00fcr Solarmodule - Jobo Borstelfabriek","og_description":"B\u00fcrsten f\u00fcr Solarmodule zum Schutz vor V\u00f6geln verhindern, dass V\u00f6gel unter Solarmodulen nisten, indem sie eine physische Barriere entlang der R\u00e4nder schaffen.","og_url":"https:\/\/jobo-borstels.dapprgemaakt.nl\/de\/produkt\/buersten-fuer-solarmodule\/","og_site_name":"Jobo Borstelfabriek","article_modified_time":"2024-07-12T09:06:51+00:00","og_image":[{"width":2560,"height":1801,"url":"https:\/\/jobo-borstels.dapprgemaakt.nl\/wp-content\/uploads\/2023\/11\/Anti-vogel-borstel-1-4-scaled.jpg","type":"image\/jpeg"}],"twitter_card":"summary_large_image","twitter_misc":{"Gesch\u00e4tzte Lesezeit":"1\u00a0Minute"},"schema":{"@context":"https:\/\/schema.org","@graph":[{"@type":"WebPage","@id":"https:\/\/jobo-borstels.dapprgemaakt.nl\/de\/produkt\/buersten-fuer-solarmodule\/","url":"https:\/\/jobo-borstels.dapprgemaakt.nl\/de\/produkt\/buersten-fuer-solarmodule\/","name":"B\u00fcrsten f\u00fcr Solarmodule - Jobo Borstelfabriek","isPartOf":{"@id":"https:\/\/jobo-borstels.dapprgemaakt.nl\/de\/#website"},"primaryImageOfPage":{"@id":"https:\/\/jobo-borstels.dapprgemaakt.nl\/de\/produkt\/buersten-fuer-solarmodule\/#primaryimage"},"image":{"@id":"https:\/\/jobo-borstels.dapprgemaakt.nl\/de\/produkt\/buersten-fuer-solarmodule\/#primaryimage"},"thumbnailUrl":"https:\/\/jobo-borstels.dapprgemaakt.nl\/wp-content\/uploads\/2023\/11\/Anti-vogel-borstel-1-4-scaled.jpg","datePublished":"2023-11-23T12:59:04+00:00","dateModified":"2024-07-12T09:06:51+00:00","breadcrumb":{"@id":"https:\/\/jobo-borstels.dapprgemaakt.nl\/de\/produkt\/buersten-fuer-solarmodule\/#breadcrumb"},"inLanguage":"de","potentialAction":[{"@type":"ReadAction","target":["https:\/\/jobo-borstels.dapprgemaakt.nl\/de\/produkt\/buersten-fuer-solarmodule\/"]}]},{"@type":"ImageObject","inLanguage":"de","@id":"https:\/\/jobo-borstels.dapprgemaakt.nl\/de\/produkt\/buersten-fuer-solarmodule\/#primaryimage","url":"https:\/\/jobo-borstels.dapprgemaakt.nl\/wp-content\/uploads\/2023\/11\/Anti-vogel-borstel-1-4-scaled.jpg","contentUrl":"https:\/\/jobo-borstels.dapprgemaakt.nl\/wp-content\/uploads\/2023\/11\/Anti-vogel-borstel-1-4-scaled.jpg","width":2560,"height":1801,"caption":"Borstel voor vogelwering onder zonnepanelen"},{"@type":"BreadcrumbList","@id":"https:\/\/jobo-borstels.dapprgemaakt.nl\/de\/produkt\/buersten-fuer-solarmodule\/#breadcrumb","itemListElement":[{"@type":"ListItem","position":1,"name":"Home","item":"https:\/\/besenundbuersten.de\/"},{"@type":"ListItem","position":2,"name":"Produkte","item":"https:\/\/jobo-borstels.dapprgemaakt.nl\/de\/shop\/"},{"@type":"ListItem","position":3,"name":"B\u00fcrsten f\u00fcr Solarmodule"}]},{"@type":"WebSite","@id":"https:\/\/jobo-borstels.dapprgemaakt.nl\/de\/#website","url":"https:\/\/jobo-borstels.dapprgemaakt.nl\/de\/","name":"Jobo Borstelfabriek","description":"","potentialAction":[{"@type":"SearchAction","target":{"@type":"EntryPoint","urlTemplate":"https:\/\/jobo-borstels.dapprgemaakt.nl\/de\/?s={search_term_string}"},"query-input":{"@type":"PropertyValueSpecification","valueRequired":true,"valueName":"search_term_string"}}],"inLanguage":"de"}]}},"_links":{"self":[{"href":"https:\/\/jobo-borstels.dapprgemaakt.nl\/de\/wp-json\/wp\/v2\/product\/2702","targetHints":{"allow":["GET"]}}],"collection":[{"href":"https:\/\/jobo-borstels.dapprgemaakt.nl\/de\/wp-json\/wp\/v2\/product"}],"about":[{"href":"https:\/\/jobo-borstels.dapprgemaakt.nl\/de\/wp-json\/wp\/v2\/types\/product"}],"wp:featuredmedia":[{"embeddable":true,"href":"https:\/\/jobo-borstels.dapprgemaakt.nl\/de\/wp-json\/wp\/v2\/media\/1941"}],"wp:attachment":[{"href":"https:\/\/jobo-borstels.dapprgemaakt.nl\/de\/wp-json\/wp\/v2\/media?parent=2702"}],"wp:term":[{"taxonomy":"product_cat","embeddable":true,"href":"https:\/\/jobo-borstels.dapprgemaakt.nl\/de\/wp-json\/wp\/v2\/product_cat?post=2702"},{"taxonomy":"product_tag","embeddable":true,"href":"https:\/\/jobo-borstels.dapprgemaakt.nl\/de\/wp-json\/wp\/v2\/product_tag?post=2702"}],"curies":[{"name":"wp","href":"https:\/\/api.w.org\/{rel}","templated":true}]}}