{"id":2707,"date":"2023-11-23T12:57:32","date_gmt":"2023-11-23T12:57:32","guid":{"rendered":"https:\/\/jobo-borstels.dapprgemaakt.nl\/product\/fledermaus-jalousien\/"},"modified":"2024-07-12T08:07:30","modified_gmt":"2024-07-12T08:07:30","slug":"fledermaus-jalousien","status":"publish","type":"product","link":"https:\/\/jobo-borstels.dapprgemaakt.nl\/de\/produkt\/fledermaus-jalousien\/","title":{"rendered":"Fledermaus-Jalousien"},"content":{"rendered":"<p>Suchen Sie nach einer umweltfreundlichen Methode, um unerw\u00fcnschte Tiere von Bauprojekten fernzuhalten, die im Einklang mit dem Naturschutzgesetz stehen? Unsere Dichtungsb\u00fcrsten aus recyceltem Kunststoff sind eine bew\u00e4hrte und wirksame L\u00f6sung zur Vogel- und Fledermausbek\u00e4mpfung. Sie dichten Dacheing\u00e4nge, Ritzen, Hohlw\u00e4nde und L\u00f6cher in Geb\u00e4uden effektiv ab, ohne Tieren zu schaden oder die Luftzirkulation zu beeintr\u00e4chtigen. Unsere B\u00fcrsten sind ideal f\u00fcr Renovierungen, um Geb\u00e4ude naturfrei zu machen. Sie lassen sich nach dem Projekt leicht entfernen oder k\u00f6nnen an Ort und Stelle verbleiben, um den Zugang f\u00fcr Flederm\u00e4use und br\u00fctende V\u00f6gel dauerhaft zu versperren.<\/p>\n","protected":false},"excerpt":{"rendered":"<p>Suchen Sie nach einer umweltfreundlichen Methode, um unerw\u00fcnschte Tiere von Bauprojekten fernzuhalten, die im Einklang mit dem Naturschutzgesetz stehen? Unsere Dichtungsb\u00fcrsten aus recyceltem Kunststoff sind [&hellip;]<\/p>\n","protected":false},"featured_media":2090,"template":"","meta":{"_acf_changed":false},"product_cat":[231,239],"product_tag":[],"class_list":{"0":"post-2707","1":"product","2":"type-product","3":"status-publish","4":"has-post-thumbnail","6":"product_cat-alle-buersten","7":"product_cat-grosse-rundbuersten","9":"first","10":"instock","11":"shipping-taxable","12":"product-type-simple"},"acf":[],"yoast_head":"<!-- This site is optimized with the Yoast SEO plugin v24.0 - https:\/\/yoast.com\/wordpress\/plugins\/seo\/ -->\n<title>Fledermaus-Jalousien - Jobo Borstelfabriek<\/title>\n<meta name=\"robots\" content=\"noindex, follow, max-snippet:-1, max-image-preview:large, max-video-preview:-1\" \/>\n<meta property=\"og:locale\" content=\"de_DE\" \/>\n<meta property=\"og:type\" content=\"article\" \/>\n<meta property=\"og:title\" content=\"Fledermaus-Jalousien - Jobo Borstelfabriek\" \/>\n<meta property=\"og:description\" content=\"Suchen Sie nach einer umweltfreundlichen Methode, um unerw\u00fcnschte Tiere von Bauprojekten fernzuhalten, die im Einklang mit dem Naturschutzgesetz stehen? Unsere Dichtungsb\u00fcrsten aus recyceltem Kunststoff sind [&hellip;]\" \/>\n<meta property=\"og:url\" content=\"https:\/\/jobo-borstels.dapprgemaakt.nl\/de\/produkt\/fledermaus-jalousien\/\" \/>\n<meta property=\"og:site_name\" content=\"Jobo Borstelfabriek\" \/>\n<meta property=\"article:modified_time\" content=\"2024-07-12T08:07:30+00:00\" \/>\n<meta property=\"og:image\" content=\"https:\/\/jobo-borstels.dapprgemaakt.nl\/wp-content\/uploads\/2023\/11\/Vleermuis-borstel-1-2.jpg\" \/>\n\t<meta property=\"og:image:width\" content=\"2000\" \/>\n\t<meta property=\"og:image:height\" content=\"1782\" \/>\n\t<meta property=\"og:image:type\" content=\"image\/jpeg\" \/>\n<meta name=\"twitter:card\" content=\"summary_large_image\" \/>\n<meta name=\"twitter:label1\" content=\"Gesch\u00e4tzte Lesezeit\" \/>\n\t<meta name=\"twitter:data1\" content=\"1\u00a0Minute\" \/>\n<script type=\"application\/ld+json\" class=\"yoast-schema-graph\">{\"@context\":\"https:\/\/schema.org\",\"@graph\":[{\"@type\":\"WebPage\",\"@id\":\"https:\/\/jobo-borstels.dapprgemaakt.nl\/de\/produkt\/fledermaus-jalousien\/\",\"url\":\"https:\/\/jobo-borstels.dapprgemaakt.nl\/de\/produkt\/fledermaus-jalousien\/\",\"name\":\"Fledermaus-Jalousien - Jobo Borstelfabriek\",\"isPartOf\":{\"@id\":\"https:\/\/jobo-borstels.dapprgemaakt.nl\/de\/#website\"},\"primaryImageOfPage\":{\"@id\":\"https:\/\/jobo-borstels.dapprgemaakt.nl\/de\/produkt\/fledermaus-jalousien\/#primaryimage\"},\"image\":{\"@id\":\"https:\/\/jobo-borstels.dapprgemaakt.nl\/de\/produkt\/fledermaus-jalousien\/#primaryimage\"},\"thumbnailUrl\":\"https:\/\/jobo-borstels.dapprgemaakt.nl\/wp-content\/uploads\/2023\/11\/Vleermuis-borstel-1-2.jpg\",\"datePublished\":\"2023-11-23T12:57:32+00:00\",\"dateModified\":\"2024-07-12T08:07:30+00:00\",\"breadcrumb\":{\"@id\":\"https:\/\/jobo-borstels.dapprgemaakt.nl\/de\/produkt\/fledermaus-jalousien\/#breadcrumb\"},\"inLanguage\":\"de\",\"potentialAction\":[{\"@type\":\"ReadAction\",\"target\":[\"https:\/\/jobo-borstels.dapprgemaakt.nl\/de\/produkt\/fledermaus-jalousien\/\"]}]},{\"@type\":\"ImageObject\",\"inLanguage\":\"de\",\"@id\":\"https:\/\/jobo-borstels.dapprgemaakt.nl\/de\/produkt\/fledermaus-jalousien\/#primaryimage\",\"url\":\"https:\/\/jobo-borstels.dapprgemaakt.nl\/wp-content\/uploads\/2023\/11\/Vleermuis-borstel-1-2.jpg\",\"contentUrl\":\"https:\/\/jobo-borstels.dapprgemaakt.nl\/wp-content\/uploads\/2023\/11\/Vleermuis-borstel-1-2.jpg\",\"width\":2000,\"height\":1782,\"caption\":\"Vleermuis borstel voor openstootvoegen\"},{\"@type\":\"BreadcrumbList\",\"@id\":\"https:\/\/jobo-borstels.dapprgemaakt.nl\/de\/produkt\/fledermaus-jalousien\/#breadcrumb\",\"itemListElement\":[{\"@type\":\"ListItem\",\"position\":1,\"name\":\"Home\",\"item\":\"https:\/\/besenundbuersten.de\/\"},{\"@type\":\"ListItem\",\"position\":2,\"name\":\"Produkte\",\"item\":\"https:\/\/jobo-borstels.dapprgemaakt.nl\/de\/shop\/\"},{\"@type\":\"ListItem\",\"position\":3,\"name\":\"Fledermaus-Jalousien\"}]},{\"@type\":\"WebSite\",\"@id\":\"https:\/\/jobo-borstels.dapprgemaakt.nl\/de\/#website\",\"url\":\"https:\/\/jobo-borstels.dapprgemaakt.nl\/de\/\",\"name\":\"Jobo Borstelfabriek\",\"description\":\"\",\"potentialAction\":[{\"@type\":\"SearchAction\",\"target\":{\"@type\":\"EntryPoint\",\"urlTemplate\":\"https:\/\/jobo-borstels.dapprgemaakt.nl\/de\/?s={search_term_string}\"},\"query-input\":{\"@type\":\"PropertyValueSpecification\",\"valueRequired\":true,\"valueName\":\"search_term_string\"}}],\"inLanguage\":\"de\"}]}<\/script>\n<!-- \/ Yoast SEO plugin. -->","yoast_head_json":{"title":"Fledermaus-Jalousien - Jobo Borstelfabriek","robots":{"index":"noindex","follow":"follow","max-snippet":"max-snippet:-1","max-image-preview":"max-image-preview:large","max-video-preview":"max-video-preview:-1"},"og_locale":"de_DE","og_type":"article","og_title":"Fledermaus-Jalousien - Jobo Borstelfabriek","og_description":"Suchen Sie nach einer umweltfreundlichen Methode, um unerw\u00fcnschte Tiere von Bauprojekten fernzuhalten, die im Einklang mit dem Naturschutzgesetz stehen? Unsere Dichtungsb\u00fcrsten aus recyceltem Kunststoff sind [&hellip;]","og_url":"https:\/\/jobo-borstels.dapprgemaakt.nl\/de\/produkt\/fledermaus-jalousien\/","og_site_name":"Jobo Borstelfabriek","article_modified_time":"2024-07-12T08:07:30+00:00","og_image":[{"width":2000,"height":1782,"url":"https:\/\/jobo-borstels.dapprgemaakt.nl\/wp-content\/uploads\/2023\/11\/Vleermuis-borstel-1-2.jpg","type":"image\/jpeg"}],"twitter_card":"summary_large_image","twitter_misc":{"Gesch\u00e4tzte Lesezeit":"1\u00a0Minute"},"schema":{"@context":"https:\/\/schema.org","@graph":[{"@type":"WebPage","@id":"https:\/\/jobo-borstels.dapprgemaakt.nl\/de\/produkt\/fledermaus-jalousien\/","url":"https:\/\/jobo-borstels.dapprgemaakt.nl\/de\/produkt\/fledermaus-jalousien\/","name":"Fledermaus-Jalousien - Jobo Borstelfabriek","isPartOf":{"@id":"https:\/\/jobo-borstels.dapprgemaakt.nl\/de\/#website"},"primaryImageOfPage":{"@id":"https:\/\/jobo-borstels.dapprgemaakt.nl\/de\/produkt\/fledermaus-jalousien\/#primaryimage"},"image":{"@id":"https:\/\/jobo-borstels.dapprgemaakt.nl\/de\/produkt\/fledermaus-jalousien\/#primaryimage"},"thumbnailUrl":"https:\/\/jobo-borstels.dapprgemaakt.nl\/wp-content\/uploads\/2023\/11\/Vleermuis-borstel-1-2.jpg","datePublished":"2023-11-23T12:57:32+00:00","dateModified":"2024-07-12T08:07:30+00:00","breadcrumb":{"@id":"https:\/\/jobo-borstels.dapprgemaakt.nl\/de\/produkt\/fledermaus-jalousien\/#breadcrumb"},"inLanguage":"de","potentialAction":[{"@type":"ReadAction","target":["https:\/\/jobo-borstels.dapprgemaakt.nl\/de\/produkt\/fledermaus-jalousien\/"]}]},{"@type":"ImageObject","inLanguage":"de","@id":"https:\/\/jobo-borstels.dapprgemaakt.nl\/de\/produkt\/fledermaus-jalousien\/#primaryimage","url":"https:\/\/jobo-borstels.dapprgemaakt.nl\/wp-content\/uploads\/2023\/11\/Vleermuis-borstel-1-2.jpg","contentUrl":"https:\/\/jobo-borstels.dapprgemaakt.nl\/wp-content\/uploads\/2023\/11\/Vleermuis-borstel-1-2.jpg","width":2000,"height":1782,"caption":"Vleermuis borstel voor openstootvoegen"},{"@type":"BreadcrumbList","@id":"https:\/\/jobo-borstels.dapprgemaakt.nl\/de\/produkt\/fledermaus-jalousien\/#breadcrumb","itemListElement":[{"@type":"ListItem","position":1,"name":"Home","item":"https:\/\/besenundbuersten.de\/"},{"@type":"ListItem","position":2,"name":"Produkte","item":"https:\/\/jobo-borstels.dapprgemaakt.nl\/de\/shop\/"},{"@type":"ListItem","position":3,"name":"Fledermaus-Jalousien"}]},{"@type":"WebSite","@id":"https:\/\/jobo-borstels.dapprgemaakt.nl\/de\/#website","url":"https:\/\/jobo-borstels.dapprgemaakt.nl\/de\/","name":"Jobo Borstelfabriek","description":"","potentialAction":[{"@type":"SearchAction","target":{"@type":"EntryPoint","urlTemplate":"https:\/\/jobo-borstels.dapprgemaakt.nl\/de\/?s={search_term_string}"},"query-input":{"@type":"PropertyValueSpecification","valueRequired":true,"valueName":"search_term_string"}}],"inLanguage":"de"}]}},"_links":{"self":[{"href":"https:\/\/jobo-borstels.dapprgemaakt.nl\/de\/wp-json\/wp\/v2\/product\/2707","targetHints":{"allow":["GET"]}}],"collection":[{"href":"https:\/\/jobo-borstels.dapprgemaakt.nl\/de\/wp-json\/wp\/v2\/product"}],"about":[{"href":"https:\/\/jobo-borstels.dapprgemaakt.nl\/de\/wp-json\/wp\/v2\/types\/product"}],"wp:featuredmedia":[{"embeddable":true,"href":"https:\/\/jobo-borstels.dapprgemaakt.nl\/de\/wp-json\/wp\/v2\/media\/2090"}],"wp:attachment":[{"href":"https:\/\/jobo-borstels.dapprgemaakt.nl\/de\/wp-json\/wp\/v2\/media?parent=2707"}],"wp:term":[{"taxonomy":"product_cat","embeddable":true,"href":"https:\/\/jobo-borstels.dapprgemaakt.nl\/de\/wp-json\/wp\/v2\/product_cat?post=2707"},{"taxonomy":"product_tag","embeddable":true,"href":"https:\/\/jobo-borstels.dapprgemaakt.nl\/de\/wp-json\/wp\/v2\/product_tag?post=2707"}],"curies":[{"name":"wp","href":"https:\/\/api.w.org\/{rel}","templated":true}]}}