{"id":2708,"date":"2023-11-23T12:55:43","date_gmt":"2023-11-23T12:55:43","guid":{"rendered":"https:\/\/jobo-borstels.dapprgemaakt.nl\/product\/dachrinnenbuerste\/"},"modified":"2024-07-12T09:09:11","modified_gmt":"2024-07-12T09:09:11","slug":"dachrinnenbuerste","status":"publish","type":"product","link":"https:\/\/jobo-borstels.dapprgemaakt.nl\/de\/produkt\/dachrinnenbuerste\/","title":{"rendered":"Dachrinnenb\u00fcrste"},"content":{"rendered":"<p>Diese mit Kunststoffborsten gef\u00fcllten B\u00fcrsten werden in der Dachrinne platziert und verhindern Verstopfungen durch Bl\u00e4tter und \u00c4ste. Die einzigartige Struktur der B\u00fcrste erm\u00f6glicht es dem Regenwasser, durch die B\u00fcrsten zu flie\u00dfen, w\u00e4hrend Bl\u00e4tter und \u00c4ste oben bleiben. Nach einem Regen und wenn das Laub getrocknet ist, bl\u00e4st es sich in der Regel von selbst aus dem Gestr\u00fcpp. Die B\u00fcrsten sind mit Haken miteinander verbunden, was sie stabil h\u00e4lt und verhindert, dass sie aus der Dachrinne herausfliegen. Dies macht Dachrinnenb\u00fcrsten zu einer wartungsarmen und kosteng\u00fcnstigen L\u00f6sung, um Ihre Dachrinnen frei von Laub zu halten.<\/p>\n","protected":false},"excerpt":{"rendered":"<p>Diese mit Kunststoffborsten gef\u00fcllten B\u00fcrsten werden in der Dachrinne platziert und verhindern Verstopfungen durch Bl\u00e4tter und \u00c4ste. Die einzigartige Struktur der B\u00fcrste erm\u00f6glicht es dem [&hellip;]<\/p>\n","protected":false},"featured_media":1540,"template":"","meta":{"_acf_changed":false},"product_cat":[231,239],"product_tag":[],"class_list":{"0":"post-2708","1":"product","2":"type-product","3":"status-publish","4":"has-post-thumbnail","6":"product_cat-alle-buersten","7":"product_cat-grosse-rundbuersten","9":"first","10":"instock","11":"shipping-taxable","12":"product-type-simple"},"acf":[],"yoast_head":"<!-- This site is optimized with the Yoast SEO plugin v24.0 - https:\/\/yoast.com\/wordpress\/plugins\/seo\/ -->\n<title>Dachrinnenb\u00fcrste - Jobo Borstelfabriek<\/title>\n<meta name=\"robots\" content=\"noindex, follow, max-snippet:-1, max-image-preview:large, max-video-preview:-1\" \/>\n<meta property=\"og:locale\" content=\"de_DE\" \/>\n<meta property=\"og:type\" content=\"article\" \/>\n<meta property=\"og:title\" content=\"Dachrinnenb\u00fcrste - Jobo Borstelfabriek\" \/>\n<meta property=\"og:description\" content=\"Diese mit Kunststoffborsten gef\u00fcllten B\u00fcrsten werden in der Dachrinne platziert und verhindern Verstopfungen durch Bl\u00e4tter und \u00c4ste. Die einzigartige Struktur der B\u00fcrste erm\u00f6glicht es dem [&hellip;]\" \/>\n<meta property=\"og:url\" content=\"https:\/\/jobo-borstels.dapprgemaakt.nl\/de\/produkt\/dachrinnenbuerste\/\" \/>\n<meta property=\"og:site_name\" content=\"Jobo Borstelfabriek\" \/>\n<meta property=\"article:modified_time\" content=\"2024-07-12T09:09:11+00:00\" \/>\n<meta property=\"og:image\" content=\"https:\/\/jobo-borstels.dapprgemaakt.nl\/wp-content\/uploads\/2023\/11\/weringsborstel-1024x922.jpg\" \/>\n\t<meta property=\"og:image:width\" content=\"1024\" \/>\n\t<meta property=\"og:image:height\" content=\"922\" \/>\n\t<meta property=\"og:image:type\" content=\"image\/jpeg\" \/>\n<meta name=\"twitter:card\" content=\"summary_large_image\" \/>\n<meta name=\"twitter:label1\" content=\"Gesch\u00e4tzte Lesezeit\" \/>\n\t<meta name=\"twitter:data1\" content=\"1\u00a0Minute\" \/>\n<script type=\"application\/ld+json\" class=\"yoast-schema-graph\">{\"@context\":\"https:\/\/schema.org\",\"@graph\":[{\"@type\":\"WebPage\",\"@id\":\"https:\/\/jobo-borstels.dapprgemaakt.nl\/de\/produkt\/dachrinnenbuerste\/\",\"url\":\"https:\/\/jobo-borstels.dapprgemaakt.nl\/de\/produkt\/dachrinnenbuerste\/\",\"name\":\"Dachrinnenb\u00fcrste - Jobo Borstelfabriek\",\"isPartOf\":{\"@id\":\"https:\/\/jobo-borstels.dapprgemaakt.nl\/de\/#website\"},\"primaryImageOfPage\":{\"@id\":\"https:\/\/jobo-borstels.dapprgemaakt.nl\/de\/produkt\/dachrinnenbuerste\/#primaryimage\"},\"image\":{\"@id\":\"https:\/\/jobo-borstels.dapprgemaakt.nl\/de\/produkt\/dachrinnenbuerste\/#primaryimage\"},\"thumbnailUrl\":\"https:\/\/jobo-borstels.dapprgemaakt.nl\/wp-content\/uploads\/2023\/11\/weringsborstel.jpg\",\"datePublished\":\"2023-11-23T12:55:43+00:00\",\"dateModified\":\"2024-07-12T09:09:11+00:00\",\"breadcrumb\":{\"@id\":\"https:\/\/jobo-borstels.dapprgemaakt.nl\/de\/produkt\/dachrinnenbuerste\/#breadcrumb\"},\"inLanguage\":\"de\",\"potentialAction\":[{\"@type\":\"ReadAction\",\"target\":[\"https:\/\/jobo-borstels.dapprgemaakt.nl\/de\/produkt\/dachrinnenbuerste\/\"]}]},{\"@type\":\"ImageObject\",\"inLanguage\":\"de\",\"@id\":\"https:\/\/jobo-borstels.dapprgemaakt.nl\/de\/produkt\/dachrinnenbuerste\/#primaryimage\",\"url\":\"https:\/\/jobo-borstels.dapprgemaakt.nl\/wp-content\/uploads\/2023\/11\/weringsborstel.jpg\",\"contentUrl\":\"https:\/\/jobo-borstels.dapprgemaakt.nl\/wp-content\/uploads\/2023\/11\/weringsborstel.jpg\",\"width\":2362,\"height\":2126,\"caption\":\"weringsborstel\"},{\"@type\":\"BreadcrumbList\",\"@id\":\"https:\/\/jobo-borstels.dapprgemaakt.nl\/de\/produkt\/dachrinnenbuerste\/#breadcrumb\",\"itemListElement\":[{\"@type\":\"ListItem\",\"position\":1,\"name\":\"Home\",\"item\":\"https:\/\/besenundbuersten.de\/\"},{\"@type\":\"ListItem\",\"position\":2,\"name\":\"Produkte\",\"item\":\"https:\/\/jobo-borstels.dapprgemaakt.nl\/de\/shop\/\"},{\"@type\":\"ListItem\",\"position\":3,\"name\":\"Dachrinnenb\u00fcrste\"}]},{\"@type\":\"WebSite\",\"@id\":\"https:\/\/jobo-borstels.dapprgemaakt.nl\/de\/#website\",\"url\":\"https:\/\/jobo-borstels.dapprgemaakt.nl\/de\/\",\"name\":\"Jobo Borstelfabriek\",\"description\":\"\",\"potentialAction\":[{\"@type\":\"SearchAction\",\"target\":{\"@type\":\"EntryPoint\",\"urlTemplate\":\"https:\/\/jobo-borstels.dapprgemaakt.nl\/de\/?s={search_term_string}\"},\"query-input\":{\"@type\":\"PropertyValueSpecification\",\"valueRequired\":true,\"valueName\":\"search_term_string\"}}],\"inLanguage\":\"de\"}]}<\/script>\n<!-- \/ Yoast SEO plugin. -->","yoast_head_json":{"title":"Dachrinnenb\u00fcrste - Jobo Borstelfabriek","robots":{"index":"noindex","follow":"follow","max-snippet":"max-snippet:-1","max-image-preview":"max-image-preview:large","max-video-preview":"max-video-preview:-1"},"og_locale":"de_DE","og_type":"article","og_title":"Dachrinnenb\u00fcrste - Jobo Borstelfabriek","og_description":"Diese mit Kunststoffborsten gef\u00fcllten B\u00fcrsten werden in der Dachrinne platziert und verhindern Verstopfungen durch Bl\u00e4tter und \u00c4ste. Die einzigartige Struktur der B\u00fcrste erm\u00f6glicht es dem [&hellip;]","og_url":"https:\/\/jobo-borstels.dapprgemaakt.nl\/de\/produkt\/dachrinnenbuerste\/","og_site_name":"Jobo Borstelfabriek","article_modified_time":"2024-07-12T09:09:11+00:00","og_image":[{"width":1024,"height":922,"url":"https:\/\/jobo-borstels.dapprgemaakt.nl\/wp-content\/uploads\/2023\/11\/weringsborstel-1024x922.jpg","type":"image\/jpeg"}],"twitter_card":"summary_large_image","twitter_misc":{"Gesch\u00e4tzte Lesezeit":"1\u00a0Minute"},"schema":{"@context":"https:\/\/schema.org","@graph":[{"@type":"WebPage","@id":"https:\/\/jobo-borstels.dapprgemaakt.nl\/de\/produkt\/dachrinnenbuerste\/","url":"https:\/\/jobo-borstels.dapprgemaakt.nl\/de\/produkt\/dachrinnenbuerste\/","name":"Dachrinnenb\u00fcrste - Jobo Borstelfabriek","isPartOf":{"@id":"https:\/\/jobo-borstels.dapprgemaakt.nl\/de\/#website"},"primaryImageOfPage":{"@id":"https:\/\/jobo-borstels.dapprgemaakt.nl\/de\/produkt\/dachrinnenbuerste\/#primaryimage"},"image":{"@id":"https:\/\/jobo-borstels.dapprgemaakt.nl\/de\/produkt\/dachrinnenbuerste\/#primaryimage"},"thumbnailUrl":"https:\/\/jobo-borstels.dapprgemaakt.nl\/wp-content\/uploads\/2023\/11\/weringsborstel.jpg","datePublished":"2023-11-23T12:55:43+00:00","dateModified":"2024-07-12T09:09:11+00:00","breadcrumb":{"@id":"https:\/\/jobo-borstels.dapprgemaakt.nl\/de\/produkt\/dachrinnenbuerste\/#breadcrumb"},"inLanguage":"de","potentialAction":[{"@type":"ReadAction","target":["https:\/\/jobo-borstels.dapprgemaakt.nl\/de\/produkt\/dachrinnenbuerste\/"]}]},{"@type":"ImageObject","inLanguage":"de","@id":"https:\/\/jobo-borstels.dapprgemaakt.nl\/de\/produkt\/dachrinnenbuerste\/#primaryimage","url":"https:\/\/jobo-borstels.dapprgemaakt.nl\/wp-content\/uploads\/2023\/11\/weringsborstel.jpg","contentUrl":"https:\/\/jobo-borstels.dapprgemaakt.nl\/wp-content\/uploads\/2023\/11\/weringsborstel.jpg","width":2362,"height":2126,"caption":"weringsborstel"},{"@type":"BreadcrumbList","@id":"https:\/\/jobo-borstels.dapprgemaakt.nl\/de\/produkt\/dachrinnenbuerste\/#breadcrumb","itemListElement":[{"@type":"ListItem","position":1,"name":"Home","item":"https:\/\/besenundbuersten.de\/"},{"@type":"ListItem","position":2,"name":"Produkte","item":"https:\/\/jobo-borstels.dapprgemaakt.nl\/de\/shop\/"},{"@type":"ListItem","position":3,"name":"Dachrinnenb\u00fcrste"}]},{"@type":"WebSite","@id":"https:\/\/jobo-borstels.dapprgemaakt.nl\/de\/#website","url":"https:\/\/jobo-borstels.dapprgemaakt.nl\/de\/","name":"Jobo Borstelfabriek","description":"","potentialAction":[{"@type":"SearchAction","target":{"@type":"EntryPoint","urlTemplate":"https:\/\/jobo-borstels.dapprgemaakt.nl\/de\/?s={search_term_string}"},"query-input":{"@type":"PropertyValueSpecification","valueRequired":true,"valueName":"search_term_string"}}],"inLanguage":"de"}]}},"_links":{"self":[{"href":"https:\/\/jobo-borstels.dapprgemaakt.nl\/de\/wp-json\/wp\/v2\/product\/2708","targetHints":{"allow":["GET"]}}],"collection":[{"href":"https:\/\/jobo-borstels.dapprgemaakt.nl\/de\/wp-json\/wp\/v2\/product"}],"about":[{"href":"https:\/\/jobo-borstels.dapprgemaakt.nl\/de\/wp-json\/wp\/v2\/types\/product"}],"wp:featuredmedia":[{"embeddable":true,"href":"https:\/\/jobo-borstels.dapprgemaakt.nl\/de\/wp-json\/wp\/v2\/media\/1540"}],"wp:attachment":[{"href":"https:\/\/jobo-borstels.dapprgemaakt.nl\/de\/wp-json\/wp\/v2\/media?parent=2708"}],"wp:term":[{"taxonomy":"product_cat","embeddable":true,"href":"https:\/\/jobo-borstels.dapprgemaakt.nl\/de\/wp-json\/wp\/v2\/product_cat?post=2708"},{"taxonomy":"product_tag","embeddable":true,"href":"https:\/\/jobo-borstels.dapprgemaakt.nl\/de\/wp-json\/wp\/v2\/product_tag?post=2708"}],"curies":[{"name":"wp","href":"https:\/\/api.w.org\/{rel}","templated":true}]}}