{"id":2709,"date":"2023-11-23T12:53:22","date_gmt":"2023-11-23T12:53:22","guid":{"rendered":"https:\/\/jobo-borstels.dapprgemaakt.nl\/product\/buerstenwalze-spirale\/"},"modified":"2024-07-12T09:06:57","modified_gmt":"2024-07-12T09:06:57","slug":"buerstenwalze-spirale","status":"publish","type":"product","link":"https:\/\/jobo-borstels.dapprgemaakt.nl\/de\/produkt\/buerstenwalze-spirale\/","title":{"rendered":"B\u00fcrstenwalze Spirale"},"content":{"rendered":"<p>Eine Spiralb\u00fcrste wird zum Bewegen von Produkten und Materialien verwendet, wie z.B. Obst, Gem\u00fcse, Sand, Mehl und Bl\u00e4tter. Seine Funktionalit\u00e4t erlaubt es, Gegenst\u00e4nde von einer Seite zur anderen zu bewegen. Der Abstand zwischen den Spiralen auf der B\u00fcrste, die sogenannte Steigung, bestimmt die Fahrgeschwindigkeit. Bei einer hohen Tonh\u00f6he erfolgt die Verschiebung schnell, w\u00e4hrend eine niedrige Tonh\u00f6he zu einer langsameren Bewegung f\u00fchrt. Dieser Aspekt der Anpassungsf\u00e4higkeit macht die Spiralb\u00fcrste zu einem vielseitigen Werkzeug f\u00fcr eine Vielzahl von Anwendungen, die leicht durch die Tonh\u00f6he ver\u00e4ndert werden k\u00f6nnen.<\/p>\n","protected":false},"excerpt":{"rendered":"<p>Eine Spiralb\u00fcrste wird zum Bewegen von Produkten und Materialien verwendet, wie z.B. Obst, Gem\u00fcse, Sand, Mehl und Bl\u00e4tter. Seine Funktionalit\u00e4t erlaubt es, Gegenst\u00e4nde von einer [&hellip;]<\/p>\n","protected":false},"featured_media":1976,"template":"","meta":{"_acf_changed":false},"product_cat":[231,235],"product_tag":[],"class_list":{"0":"post-2709","1":"product","2":"type-product","3":"status-publish","4":"has-post-thumbnail","6":"product_cat-alle-buersten","7":"product_cat-buerstenwalzen","9":"first","10":"instock","11":"shipping-taxable","12":"product-type-simple"},"acf":[],"yoast_head":"<!-- This site is optimized with the Yoast SEO plugin v24.0 - https:\/\/yoast.com\/wordpress\/plugins\/seo\/ -->\n<title>B\u00fcrstenwalze Spirale - Jobo Borstelfabriek<\/title>\n<meta name=\"robots\" content=\"noindex, follow, max-snippet:-1, max-image-preview:large, max-video-preview:-1\" \/>\n<meta property=\"og:locale\" content=\"de_DE\" \/>\n<meta property=\"og:type\" content=\"article\" \/>\n<meta property=\"og:title\" content=\"B\u00fcrstenwalze Spirale - Jobo Borstelfabriek\" \/>\n<meta property=\"og:description\" content=\"Eine Spiralb\u00fcrste wird zum Bewegen von Produkten und Materialien verwendet, wie z.B. Obst, Gem\u00fcse, Sand, Mehl und Bl\u00e4tter. Seine Funktionalit\u00e4t erlaubt es, Gegenst\u00e4nde von einer [&hellip;]\" \/>\n<meta property=\"og:url\" content=\"https:\/\/jobo-borstels.dapprgemaakt.nl\/de\/produkt\/buerstenwalze-spirale\/\" \/>\n<meta property=\"og:site_name\" content=\"Jobo Borstelfabriek\" \/>\n<meta property=\"article:modified_time\" content=\"2024-07-12T09:06:57+00:00\" \/>\n<meta property=\"og:image\" content=\"https:\/\/jobo-borstels.dapprgemaakt.nl\/wp-content\/uploads\/2023\/11\/wals_spiraal-4.jpg\" \/>\n\t<meta property=\"og:image:width\" content=\"2000\" \/>\n\t<meta property=\"og:image:height\" content=\"1125\" \/>\n\t<meta property=\"og:image:type\" content=\"image\/jpeg\" \/>\n<meta name=\"twitter:card\" content=\"summary_large_image\" \/>\n<meta name=\"twitter:label1\" content=\"Gesch\u00e4tzte Lesezeit\" \/>\n\t<meta name=\"twitter:data1\" content=\"1\u00a0Minute\" \/>\n<script type=\"application\/ld+json\" class=\"yoast-schema-graph\">{\"@context\":\"https:\/\/schema.org\",\"@graph\":[{\"@type\":\"WebPage\",\"@id\":\"https:\/\/jobo-borstels.dapprgemaakt.nl\/de\/produkt\/buerstenwalze-spirale\/\",\"url\":\"https:\/\/jobo-borstels.dapprgemaakt.nl\/de\/produkt\/buerstenwalze-spirale\/\",\"name\":\"B\u00fcrstenwalze Spirale - Jobo Borstelfabriek\",\"isPartOf\":{\"@id\":\"https:\/\/jobo-borstels.dapprgemaakt.nl\/de\/#website\"},\"primaryImageOfPage\":{\"@id\":\"https:\/\/jobo-borstels.dapprgemaakt.nl\/de\/produkt\/buerstenwalze-spirale\/#primaryimage\"},\"image\":{\"@id\":\"https:\/\/jobo-borstels.dapprgemaakt.nl\/de\/produkt\/buerstenwalze-spirale\/#primaryimage\"},\"thumbnailUrl\":\"https:\/\/jobo-borstels.dapprgemaakt.nl\/wp-content\/uploads\/2023\/11\/wals_spiraal-4.jpg\",\"datePublished\":\"2023-11-23T12:53:22+00:00\",\"dateModified\":\"2024-07-12T09:06:57+00:00\",\"breadcrumb\":{\"@id\":\"https:\/\/jobo-borstels.dapprgemaakt.nl\/de\/produkt\/buerstenwalze-spirale\/#breadcrumb\"},\"inLanguage\":\"de\",\"potentialAction\":[{\"@type\":\"ReadAction\",\"target\":[\"https:\/\/jobo-borstels.dapprgemaakt.nl\/de\/produkt\/buerstenwalze-spirale\/\"]}]},{\"@type\":\"ImageObject\",\"inLanguage\":\"de\",\"@id\":\"https:\/\/jobo-borstels.dapprgemaakt.nl\/de\/produkt\/buerstenwalze-spirale\/#primaryimage\",\"url\":\"https:\/\/jobo-borstels.dapprgemaakt.nl\/wp-content\/uploads\/2023\/11\/wals_spiraal-4.jpg\",\"contentUrl\":\"https:\/\/jobo-borstels.dapprgemaakt.nl\/wp-content\/uploads\/2023\/11\/wals_spiraal-4.jpg\",\"width\":2000,\"height\":1125,\"caption\":\"Borstelwals spiraal\"},{\"@type\":\"BreadcrumbList\",\"@id\":\"https:\/\/jobo-borstels.dapprgemaakt.nl\/de\/produkt\/buerstenwalze-spirale\/#breadcrumb\",\"itemListElement\":[{\"@type\":\"ListItem\",\"position\":1,\"name\":\"Home\",\"item\":\"https:\/\/besenundbuersten.de\/\"},{\"@type\":\"ListItem\",\"position\":2,\"name\":\"Produkte\",\"item\":\"https:\/\/jobo-borstels.dapprgemaakt.nl\/de\/shop\/\"},{\"@type\":\"ListItem\",\"position\":3,\"name\":\"B\u00fcrstenwalze Spirale\"}]},{\"@type\":\"WebSite\",\"@id\":\"https:\/\/jobo-borstels.dapprgemaakt.nl\/de\/#website\",\"url\":\"https:\/\/jobo-borstels.dapprgemaakt.nl\/de\/\",\"name\":\"Jobo Borstelfabriek\",\"description\":\"\",\"potentialAction\":[{\"@type\":\"SearchAction\",\"target\":{\"@type\":\"EntryPoint\",\"urlTemplate\":\"https:\/\/jobo-borstels.dapprgemaakt.nl\/de\/?s={search_term_string}\"},\"query-input\":{\"@type\":\"PropertyValueSpecification\",\"valueRequired\":true,\"valueName\":\"search_term_string\"}}],\"inLanguage\":\"de\"}]}<\/script>\n<!-- \/ Yoast SEO plugin. -->","yoast_head_json":{"title":"B\u00fcrstenwalze Spirale - Jobo Borstelfabriek","robots":{"index":"noindex","follow":"follow","max-snippet":"max-snippet:-1","max-image-preview":"max-image-preview:large","max-video-preview":"max-video-preview:-1"},"og_locale":"de_DE","og_type":"article","og_title":"B\u00fcrstenwalze Spirale - Jobo Borstelfabriek","og_description":"Eine Spiralb\u00fcrste wird zum Bewegen von Produkten und Materialien verwendet, wie z.B. Obst, Gem\u00fcse, Sand, Mehl und Bl\u00e4tter. Seine Funktionalit\u00e4t erlaubt es, Gegenst\u00e4nde von einer [&hellip;]","og_url":"https:\/\/jobo-borstels.dapprgemaakt.nl\/de\/produkt\/buerstenwalze-spirale\/","og_site_name":"Jobo Borstelfabriek","article_modified_time":"2024-07-12T09:06:57+00:00","og_image":[{"width":2000,"height":1125,"url":"https:\/\/jobo-borstels.dapprgemaakt.nl\/wp-content\/uploads\/2023\/11\/wals_spiraal-4.jpg","type":"image\/jpeg"}],"twitter_card":"summary_large_image","twitter_misc":{"Gesch\u00e4tzte Lesezeit":"1\u00a0Minute"},"schema":{"@context":"https:\/\/schema.org","@graph":[{"@type":"WebPage","@id":"https:\/\/jobo-borstels.dapprgemaakt.nl\/de\/produkt\/buerstenwalze-spirale\/","url":"https:\/\/jobo-borstels.dapprgemaakt.nl\/de\/produkt\/buerstenwalze-spirale\/","name":"B\u00fcrstenwalze Spirale - Jobo Borstelfabriek","isPartOf":{"@id":"https:\/\/jobo-borstels.dapprgemaakt.nl\/de\/#website"},"primaryImageOfPage":{"@id":"https:\/\/jobo-borstels.dapprgemaakt.nl\/de\/produkt\/buerstenwalze-spirale\/#primaryimage"},"image":{"@id":"https:\/\/jobo-borstels.dapprgemaakt.nl\/de\/produkt\/buerstenwalze-spirale\/#primaryimage"},"thumbnailUrl":"https:\/\/jobo-borstels.dapprgemaakt.nl\/wp-content\/uploads\/2023\/11\/wals_spiraal-4.jpg","datePublished":"2023-11-23T12:53:22+00:00","dateModified":"2024-07-12T09:06:57+00:00","breadcrumb":{"@id":"https:\/\/jobo-borstels.dapprgemaakt.nl\/de\/produkt\/buerstenwalze-spirale\/#breadcrumb"},"inLanguage":"de","potentialAction":[{"@type":"ReadAction","target":["https:\/\/jobo-borstels.dapprgemaakt.nl\/de\/produkt\/buerstenwalze-spirale\/"]}]},{"@type":"ImageObject","inLanguage":"de","@id":"https:\/\/jobo-borstels.dapprgemaakt.nl\/de\/produkt\/buerstenwalze-spirale\/#primaryimage","url":"https:\/\/jobo-borstels.dapprgemaakt.nl\/wp-content\/uploads\/2023\/11\/wals_spiraal-4.jpg","contentUrl":"https:\/\/jobo-borstels.dapprgemaakt.nl\/wp-content\/uploads\/2023\/11\/wals_spiraal-4.jpg","width":2000,"height":1125,"caption":"Borstelwals spiraal"},{"@type":"BreadcrumbList","@id":"https:\/\/jobo-borstels.dapprgemaakt.nl\/de\/produkt\/buerstenwalze-spirale\/#breadcrumb","itemListElement":[{"@type":"ListItem","position":1,"name":"Home","item":"https:\/\/besenundbuersten.de\/"},{"@type":"ListItem","position":2,"name":"Produkte","item":"https:\/\/jobo-borstels.dapprgemaakt.nl\/de\/shop\/"},{"@type":"ListItem","position":3,"name":"B\u00fcrstenwalze Spirale"}]},{"@type":"WebSite","@id":"https:\/\/jobo-borstels.dapprgemaakt.nl\/de\/#website","url":"https:\/\/jobo-borstels.dapprgemaakt.nl\/de\/","name":"Jobo Borstelfabriek","description":"","potentialAction":[{"@type":"SearchAction","target":{"@type":"EntryPoint","urlTemplate":"https:\/\/jobo-borstels.dapprgemaakt.nl\/de\/?s={search_term_string}"},"query-input":{"@type":"PropertyValueSpecification","valueRequired":true,"valueName":"search_term_string"}}],"inLanguage":"de"}]}},"_links":{"self":[{"href":"https:\/\/jobo-borstels.dapprgemaakt.nl\/de\/wp-json\/wp\/v2\/product\/2709","targetHints":{"allow":["GET"]}}],"collection":[{"href":"https:\/\/jobo-borstels.dapprgemaakt.nl\/de\/wp-json\/wp\/v2\/product"}],"about":[{"href":"https:\/\/jobo-borstels.dapprgemaakt.nl\/de\/wp-json\/wp\/v2\/types\/product"}],"wp:featuredmedia":[{"embeddable":true,"href":"https:\/\/jobo-borstels.dapprgemaakt.nl\/de\/wp-json\/wp\/v2\/media\/1976"}],"wp:attachment":[{"href":"https:\/\/jobo-borstels.dapprgemaakt.nl\/de\/wp-json\/wp\/v2\/media?parent=2709"}],"wp:term":[{"taxonomy":"product_cat","embeddable":true,"href":"https:\/\/jobo-borstels.dapprgemaakt.nl\/de\/wp-json\/wp\/v2\/product_cat?post=2709"},{"taxonomy":"product_tag","embeddable":true,"href":"https:\/\/jobo-borstels.dapprgemaakt.nl\/de\/wp-json\/wp\/v2\/product_tag?post=2709"}],"curies":[{"name":"wp","href":"https:\/\/api.w.org\/{rel}","templated":true}]}}