{"id":2715,"date":"2023-11-23T12:49:38","date_gmt":"2023-11-23T12:49:38","guid":{"rendered":"https:\/\/jobo-borstels.dapprgemaakt.nl\/product\/buerstenwalze-klein-aus-nylon\/"},"modified":"2024-07-12T09:07:03","modified_gmt":"2024-07-12T09:07:03","slug":"buerstenwalze-klein-aus-nylon","status":"publish","type":"product","link":"https:\/\/jobo-borstels.dapprgemaakt.nl\/de\/produkt\/buerstenwalze-klein-aus-nylon\/","title":{"rendered":"B\u00fcrstenwalze klein aus Nylon"},"content":{"rendered":"<p>Kleine B\u00fcrstenwalzen aus Nylon werden dank ihrer Vielseitigkeit und Langlebigkeit in verschiedenen Branchen eingesetzt. Diese aus hochwertigem Nylon gefertigten Walzen bieten hervorragende Eigenschaften zum Reinigen, Polieren, Bewegen, Pressen und Veredeln von Oberfl\u00e4chen. F\u00fcr den Einsatz auf flachen und unregelm\u00e4\u00dfigen Oberfl\u00e4chen, wo sie Schmutz, Staub und andere Verunreinigungen entfernen k\u00f6nnen, ohne das Grundmaterial zu besch\u00e4digen. Nylon-B\u00fcrstenwalzen sind in verschiedenen Gr\u00f6\u00dfen und Steifigkeiten erh\u00e4ltlich, so dass sie sich an spezifische Anwendungen anpassen lassen, von der Lebensmittelindustrie bis hin zu robusten Industrieprozessen. Au\u00dferdem sorgt die Haltbarkeit von Nylon f\u00fcr eine lange Lebensdauer dieser Walzen, was zu ihrer Kosteneffizienz beitr\u00e4gt.<\/p>\n","protected":false},"excerpt":{"rendered":"<p>Kleine B\u00fcrstenwalzen mit Nylon f\u00fcr verschiedene Anwendungen in der Industrie.<\/p>\n","protected":false},"featured_media":1999,"template":"","meta":{"_acf_changed":false},"product_cat":[231,235],"product_tag":[],"class_list":{"0":"post-2715","1":"product","2":"type-product","3":"status-publish","4":"has-post-thumbnail","6":"product_cat-alle-buersten","7":"product_cat-buerstenwalzen","9":"first","10":"instock","11":"shipping-taxable","12":"product-type-simple"},"acf":[],"yoast_head":"<!-- This site is optimized with the Yoast SEO plugin v24.0 - https:\/\/yoast.com\/wordpress\/plugins\/seo\/ -->\n<title>B\u00fcrstenwalze klein aus Nylon - Jobo Borstelfabriek<\/title>\n<meta name=\"robots\" content=\"noindex, follow, max-snippet:-1, max-image-preview:large, max-video-preview:-1\" \/>\n<meta property=\"og:locale\" content=\"de_DE\" \/>\n<meta property=\"og:type\" content=\"article\" \/>\n<meta property=\"og:title\" content=\"B\u00fcrstenwalze klein aus Nylon - Jobo Borstelfabriek\" \/>\n<meta property=\"og:description\" content=\"Kleine B\u00fcrstenwalzen mit Nylon f\u00fcr verschiedene Anwendungen in der Industrie.\" \/>\n<meta property=\"og:url\" content=\"https:\/\/jobo-borstels.dapprgemaakt.nl\/de\/produkt\/buerstenwalze-klein-aus-nylon\/\" \/>\n<meta property=\"og:site_name\" content=\"Jobo Borstelfabriek\" \/>\n<meta property=\"article:modified_time\" content=\"2024-07-12T09:07:03+00:00\" \/>\n<meta property=\"og:image\" content=\"https:\/\/jobo-borstels.dapprgemaakt.nl\/wp-content\/uploads\/2023\/11\/wals_nylon-1.jpg\" \/>\n\t<meta property=\"og:image:width\" content=\"2000\" \/>\n\t<meta property=\"og:image:height\" content=\"1875\" \/>\n\t<meta property=\"og:image:type\" content=\"image\/jpeg\" \/>\n<meta name=\"twitter:card\" content=\"summary_large_image\" \/>\n<meta name=\"twitter:label1\" content=\"Gesch\u00e4tzte Lesezeit\" \/>\n\t<meta name=\"twitter:data1\" content=\"1\u00a0Minute\" \/>\n<script type=\"application\/ld+json\" class=\"yoast-schema-graph\">{\"@context\":\"https:\/\/schema.org\",\"@graph\":[{\"@type\":\"WebPage\",\"@id\":\"https:\/\/jobo-borstels.dapprgemaakt.nl\/de\/produkt\/buerstenwalze-klein-aus-nylon\/\",\"url\":\"https:\/\/jobo-borstels.dapprgemaakt.nl\/de\/produkt\/buerstenwalze-klein-aus-nylon\/\",\"name\":\"B\u00fcrstenwalze klein aus Nylon - Jobo Borstelfabriek\",\"isPartOf\":{\"@id\":\"https:\/\/jobo-borstels.dapprgemaakt.nl\/de\/#website\"},\"primaryImageOfPage\":{\"@id\":\"https:\/\/jobo-borstels.dapprgemaakt.nl\/de\/produkt\/buerstenwalze-klein-aus-nylon\/#primaryimage\"},\"image\":{\"@id\":\"https:\/\/jobo-borstels.dapprgemaakt.nl\/de\/produkt\/buerstenwalze-klein-aus-nylon\/#primaryimage\"},\"thumbnailUrl\":\"https:\/\/jobo-borstels.dapprgemaakt.nl\/wp-content\/uploads\/2023\/11\/wals_nylon-1.jpg\",\"datePublished\":\"2023-11-23T12:49:38+00:00\",\"dateModified\":\"2024-07-12T09:07:03+00:00\",\"breadcrumb\":{\"@id\":\"https:\/\/jobo-borstels.dapprgemaakt.nl\/de\/produkt\/buerstenwalze-klein-aus-nylon\/#breadcrumb\"},\"inLanguage\":\"de\",\"potentialAction\":[{\"@type\":\"ReadAction\",\"target\":[\"https:\/\/jobo-borstels.dapprgemaakt.nl\/de\/produkt\/buerstenwalze-klein-aus-nylon\/\"]}]},{\"@type\":\"ImageObject\",\"inLanguage\":\"de\",\"@id\":\"https:\/\/jobo-borstels.dapprgemaakt.nl\/de\/produkt\/buerstenwalze-klein-aus-nylon\/#primaryimage\",\"url\":\"https:\/\/jobo-borstels.dapprgemaakt.nl\/wp-content\/uploads\/2023\/11\/wals_nylon-1.jpg\",\"contentUrl\":\"https:\/\/jobo-borstels.dapprgemaakt.nl\/wp-content\/uploads\/2023\/11\/wals_nylon-1.jpg\",\"width\":2000,\"height\":1875,\"caption\":\"wals_nylon\"},{\"@type\":\"BreadcrumbList\",\"@id\":\"https:\/\/jobo-borstels.dapprgemaakt.nl\/de\/produkt\/buerstenwalze-klein-aus-nylon\/#breadcrumb\",\"itemListElement\":[{\"@type\":\"ListItem\",\"position\":1,\"name\":\"Home\",\"item\":\"https:\/\/besenundbuersten.de\/\"},{\"@type\":\"ListItem\",\"position\":2,\"name\":\"Produkte\",\"item\":\"https:\/\/jobo-borstels.dapprgemaakt.nl\/de\/shop\/\"},{\"@type\":\"ListItem\",\"position\":3,\"name\":\"B\u00fcrstenwalze klein aus Nylon\"}]},{\"@type\":\"WebSite\",\"@id\":\"https:\/\/jobo-borstels.dapprgemaakt.nl\/de\/#website\",\"url\":\"https:\/\/jobo-borstels.dapprgemaakt.nl\/de\/\",\"name\":\"Jobo Borstelfabriek\",\"description\":\"\",\"potentialAction\":[{\"@type\":\"SearchAction\",\"target\":{\"@type\":\"EntryPoint\",\"urlTemplate\":\"https:\/\/jobo-borstels.dapprgemaakt.nl\/de\/?s={search_term_string}\"},\"query-input\":{\"@type\":\"PropertyValueSpecification\",\"valueRequired\":true,\"valueName\":\"search_term_string\"}}],\"inLanguage\":\"de\"}]}<\/script>\n<!-- \/ Yoast SEO plugin. -->","yoast_head_json":{"title":"B\u00fcrstenwalze klein aus Nylon - Jobo Borstelfabriek","robots":{"index":"noindex","follow":"follow","max-snippet":"max-snippet:-1","max-image-preview":"max-image-preview:large","max-video-preview":"max-video-preview:-1"},"og_locale":"de_DE","og_type":"article","og_title":"B\u00fcrstenwalze klein aus Nylon - Jobo Borstelfabriek","og_description":"Kleine B\u00fcrstenwalzen mit Nylon f\u00fcr verschiedene Anwendungen in der Industrie.","og_url":"https:\/\/jobo-borstels.dapprgemaakt.nl\/de\/produkt\/buerstenwalze-klein-aus-nylon\/","og_site_name":"Jobo Borstelfabriek","article_modified_time":"2024-07-12T09:07:03+00:00","og_image":[{"width":2000,"height":1875,"url":"https:\/\/jobo-borstels.dapprgemaakt.nl\/wp-content\/uploads\/2023\/11\/wals_nylon-1.jpg","type":"image\/jpeg"}],"twitter_card":"summary_large_image","twitter_misc":{"Gesch\u00e4tzte Lesezeit":"1\u00a0Minute"},"schema":{"@context":"https:\/\/schema.org","@graph":[{"@type":"WebPage","@id":"https:\/\/jobo-borstels.dapprgemaakt.nl\/de\/produkt\/buerstenwalze-klein-aus-nylon\/","url":"https:\/\/jobo-borstels.dapprgemaakt.nl\/de\/produkt\/buerstenwalze-klein-aus-nylon\/","name":"B\u00fcrstenwalze klein aus Nylon - Jobo Borstelfabriek","isPartOf":{"@id":"https:\/\/jobo-borstels.dapprgemaakt.nl\/de\/#website"},"primaryImageOfPage":{"@id":"https:\/\/jobo-borstels.dapprgemaakt.nl\/de\/produkt\/buerstenwalze-klein-aus-nylon\/#primaryimage"},"image":{"@id":"https:\/\/jobo-borstels.dapprgemaakt.nl\/de\/produkt\/buerstenwalze-klein-aus-nylon\/#primaryimage"},"thumbnailUrl":"https:\/\/jobo-borstels.dapprgemaakt.nl\/wp-content\/uploads\/2023\/11\/wals_nylon-1.jpg","datePublished":"2023-11-23T12:49:38+00:00","dateModified":"2024-07-12T09:07:03+00:00","breadcrumb":{"@id":"https:\/\/jobo-borstels.dapprgemaakt.nl\/de\/produkt\/buerstenwalze-klein-aus-nylon\/#breadcrumb"},"inLanguage":"de","potentialAction":[{"@type":"ReadAction","target":["https:\/\/jobo-borstels.dapprgemaakt.nl\/de\/produkt\/buerstenwalze-klein-aus-nylon\/"]}]},{"@type":"ImageObject","inLanguage":"de","@id":"https:\/\/jobo-borstels.dapprgemaakt.nl\/de\/produkt\/buerstenwalze-klein-aus-nylon\/#primaryimage","url":"https:\/\/jobo-borstels.dapprgemaakt.nl\/wp-content\/uploads\/2023\/11\/wals_nylon-1.jpg","contentUrl":"https:\/\/jobo-borstels.dapprgemaakt.nl\/wp-content\/uploads\/2023\/11\/wals_nylon-1.jpg","width":2000,"height":1875,"caption":"wals_nylon"},{"@type":"BreadcrumbList","@id":"https:\/\/jobo-borstels.dapprgemaakt.nl\/de\/produkt\/buerstenwalze-klein-aus-nylon\/#breadcrumb","itemListElement":[{"@type":"ListItem","position":1,"name":"Home","item":"https:\/\/besenundbuersten.de\/"},{"@type":"ListItem","position":2,"name":"Produkte","item":"https:\/\/jobo-borstels.dapprgemaakt.nl\/de\/shop\/"},{"@type":"ListItem","position":3,"name":"B\u00fcrstenwalze klein aus Nylon"}]},{"@type":"WebSite","@id":"https:\/\/jobo-borstels.dapprgemaakt.nl\/de\/#website","url":"https:\/\/jobo-borstels.dapprgemaakt.nl\/de\/","name":"Jobo Borstelfabriek","description":"","potentialAction":[{"@type":"SearchAction","target":{"@type":"EntryPoint","urlTemplate":"https:\/\/jobo-borstels.dapprgemaakt.nl\/de\/?s={search_term_string}"},"query-input":{"@type":"PropertyValueSpecification","valueRequired":true,"valueName":"search_term_string"}}],"inLanguage":"de"}]}},"_links":{"self":[{"href":"https:\/\/jobo-borstels.dapprgemaakt.nl\/de\/wp-json\/wp\/v2\/product\/2715","targetHints":{"allow":["GET"]}}],"collection":[{"href":"https:\/\/jobo-borstels.dapprgemaakt.nl\/de\/wp-json\/wp\/v2\/product"}],"about":[{"href":"https:\/\/jobo-borstels.dapprgemaakt.nl\/de\/wp-json\/wp\/v2\/types\/product"}],"wp:featuredmedia":[{"embeddable":true,"href":"https:\/\/jobo-borstels.dapprgemaakt.nl\/de\/wp-json\/wp\/v2\/media\/1999"}],"wp:attachment":[{"href":"https:\/\/jobo-borstels.dapprgemaakt.nl\/de\/wp-json\/wp\/v2\/media?parent=2715"}],"wp:term":[{"taxonomy":"product_cat","embeddable":true,"href":"https:\/\/jobo-borstels.dapprgemaakt.nl\/de\/wp-json\/wp\/v2\/product_cat?post=2715"},{"taxonomy":"product_tag","embeddable":true,"href":"https:\/\/jobo-borstels.dapprgemaakt.nl\/de\/wp-json\/wp\/v2\/product_tag?post=2715"}],"curies":[{"name":"wp","href":"https:\/\/api.w.org\/{rel}","templated":true}]}}