{"id":2716,"date":"2023-11-23T12:49:14","date_gmt":"2023-11-23T12:49:14","guid":{"rendered":"https:\/\/jobo-borstels.dapprgemaakt.nl\/product\/verlegung-der-buerstenwalze\/"},"modified":"2024-07-12T09:08:08","modified_gmt":"2024-07-12T09:08:08","slug":"verlegung-der-buerstenwalze","status":"publish","type":"product","link":"https:\/\/jobo-borstels.dapprgemaakt.nl\/de\/produkt\/verlegung-der-buerstenwalze\/","title":{"rendered":"Verlegung der B\u00fcrstenwalze"},"content":{"rendered":"<p>Die \u00dcberholung von B\u00fcrsten ist nicht nur eine kosteng\u00fcnstige L\u00f6sung, sondern tr\u00e4gt auch zum Umweltschutz bei. Oft wird festgestellt, dass verschlissene B\u00fcrstenwalzen, deren Funktionst\u00fcchtigkeit nachgelassen hat, noch einen Kern haben, der in gutem Zustand ist. Dieser Kern muss nicht entsorgt werden; nach Absprache k\u00f6nnen wir oder Sie selbst die alten Haare entfernen, wonach der Kern wieder mit Haaren besetzt wird. Dieses Verfahren vermeidet unn\u00f6tigen Abfall und schont sowohl die Umwelt als auch Ihren Geldbeutel.<\/p>\n<p>Bei der \u00dcberholung einer B\u00fcrstenwalze gibt es einige Bedingungen, die die Qualit\u00e4t und Funktionalit\u00e4t der \u00dcberholung sicherstellen:<\/p>\n<p>&#8211; Die Borsten der B\u00fcrste sollten aus Kunststoff sein.<br \/>\n&#8211; Die L\u00e4nge der B\u00fcrste sollte 1450 mm nicht \u00fcberschreiten.<br \/>\n&#8211; Der Kern sollte intakt sein und keine L\u00fccken aufweisen.<br \/>\n&#8211; Die Haare sollten lang genug sein, um herausgezogen zu werden. Sollte dies nicht der Fall sein, weil die Haare zu kurz sind, k\u00f6nnen die L\u00f6cher aufgebohrt werden. Dies ist eine Option, die zus\u00e4tzliche Zeit erfordert.<\/p>\n<p>Mit der \u00dcberholung von B\u00fcrstenwalzen verfolgen wir einen nachhaltigen Ansatz, von dem nicht nur Ihr Unternehmen profitiert, sondern der sich auch positiv auf die Umwelt auswirkt, da weniger Abfall anf\u00e4llt.<\/p>\n","protected":false},"excerpt":{"rendered":"<p>Die \u00dcberholung von B\u00fcrsten ist nicht nur eine kosteng\u00fcnstige L\u00f6sung, sondern tr\u00e4gt auch zum Umweltschutz bei. Oft wird festgestellt, dass verschlissene B\u00fcrstenwalzen, deren Funktionst\u00fcchtigkeit nachgelassen [&hellip;]<\/p>\n","protected":false},"featured_media":1988,"template":"","meta":{"_acf_changed":false},"product_cat":[231,235],"product_tag":[],"class_list":{"0":"post-2716","1":"product","2":"type-product","3":"status-publish","4":"has-post-thumbnail","6":"product_cat-alle-buersten","7":"product_cat-buerstenwalzen","9":"first","10":"instock","11":"shipping-taxable","12":"product-type-simple"},"acf":[],"yoast_head":"<!-- This site is optimized with the Yoast SEO plugin v24.0 - https:\/\/yoast.com\/wordpress\/plugins\/seo\/ -->\n<title>Verlegung der B\u00fcrstenwalze - Jobo Borstelfabriek<\/title>\n<meta name=\"robots\" content=\"noindex, follow, max-snippet:-1, max-image-preview:large, max-video-preview:-1\" \/>\n<meta property=\"og:locale\" content=\"de_DE\" \/>\n<meta property=\"og:type\" content=\"article\" \/>\n<meta property=\"og:title\" content=\"Verlegung der B\u00fcrstenwalze - Jobo Borstelfabriek\" \/>\n<meta property=\"og:description\" content=\"Die \u00dcberholung von B\u00fcrsten ist nicht nur eine kosteng\u00fcnstige L\u00f6sung, sondern tr\u00e4gt auch zum Umweltschutz bei. Oft wird festgestellt, dass verschlissene B\u00fcrstenwalzen, deren Funktionst\u00fcchtigkeit nachgelassen [&hellip;]\" \/>\n<meta property=\"og:url\" content=\"https:\/\/jobo-borstels.dapprgemaakt.nl\/de\/produkt\/verlegung-der-buerstenwalze\/\" \/>\n<meta property=\"og:site_name\" content=\"Jobo Borstelfabriek\" \/>\n<meta property=\"article:modified_time\" content=\"2024-07-12T09:08:08+00:00\" \/>\n<meta property=\"og:image\" content=\"https:\/\/jobo-borstels.dapprgemaakt.nl\/wp-content\/uploads\/2023\/11\/Borstelwals_reparaties-2.jpg\" \/>\n\t<meta property=\"og:image:width\" content=\"1004\" \/>\n\t<meta property=\"og:image:height\" content=\"1025\" \/>\n\t<meta property=\"og:image:type\" content=\"image\/jpeg\" \/>\n<meta name=\"twitter:card\" content=\"summary_large_image\" \/>\n<meta name=\"twitter:label1\" content=\"Gesch\u00e4tzte Lesezeit\" \/>\n\t<meta name=\"twitter:data1\" content=\"2\u00a0Minuten\" \/>\n<script type=\"application\/ld+json\" class=\"yoast-schema-graph\">{\"@context\":\"https:\/\/schema.org\",\"@graph\":[{\"@type\":\"WebPage\",\"@id\":\"https:\/\/jobo-borstels.dapprgemaakt.nl\/de\/produkt\/verlegung-der-buerstenwalze\/\",\"url\":\"https:\/\/jobo-borstels.dapprgemaakt.nl\/de\/produkt\/verlegung-der-buerstenwalze\/\",\"name\":\"Verlegung der B\u00fcrstenwalze - Jobo Borstelfabriek\",\"isPartOf\":{\"@id\":\"https:\/\/jobo-borstels.dapprgemaakt.nl\/de\/#website\"},\"primaryImageOfPage\":{\"@id\":\"https:\/\/jobo-borstels.dapprgemaakt.nl\/de\/produkt\/verlegung-der-buerstenwalze\/#primaryimage\"},\"image\":{\"@id\":\"https:\/\/jobo-borstels.dapprgemaakt.nl\/de\/produkt\/verlegung-der-buerstenwalze\/#primaryimage\"},\"thumbnailUrl\":\"https:\/\/jobo-borstels.dapprgemaakt.nl\/wp-content\/uploads\/2023\/11\/Borstelwals_reparaties-2.jpg\",\"datePublished\":\"2023-11-23T12:49:14+00:00\",\"dateModified\":\"2024-07-12T09:08:08+00:00\",\"breadcrumb\":{\"@id\":\"https:\/\/jobo-borstels.dapprgemaakt.nl\/de\/produkt\/verlegung-der-buerstenwalze\/#breadcrumb\"},\"inLanguage\":\"de\",\"potentialAction\":[{\"@type\":\"ReadAction\",\"target\":[\"https:\/\/jobo-borstels.dapprgemaakt.nl\/de\/produkt\/verlegung-der-buerstenwalze\/\"]}]},{\"@type\":\"ImageObject\",\"inLanguage\":\"de\",\"@id\":\"https:\/\/jobo-borstels.dapprgemaakt.nl\/de\/produkt\/verlegung-der-buerstenwalze\/#primaryimage\",\"url\":\"https:\/\/jobo-borstels.dapprgemaakt.nl\/wp-content\/uploads\/2023\/11\/Borstelwals_reparaties-2.jpg\",\"contentUrl\":\"https:\/\/jobo-borstels.dapprgemaakt.nl\/wp-content\/uploads\/2023\/11\/Borstelwals_reparaties-2.jpg\",\"width\":1004,\"height\":1025,\"caption\":\"reviseren borstel\"},{\"@type\":\"BreadcrumbList\",\"@id\":\"https:\/\/jobo-borstels.dapprgemaakt.nl\/de\/produkt\/verlegung-der-buerstenwalze\/#breadcrumb\",\"itemListElement\":[{\"@type\":\"ListItem\",\"position\":1,\"name\":\"Home\",\"item\":\"https:\/\/besenundbuersten.de\/\"},{\"@type\":\"ListItem\",\"position\":2,\"name\":\"Produkte\",\"item\":\"https:\/\/jobo-borstels.dapprgemaakt.nl\/de\/shop\/\"},{\"@type\":\"ListItem\",\"position\":3,\"name\":\"Verlegung der B\u00fcrstenwalze\"}]},{\"@type\":\"WebSite\",\"@id\":\"https:\/\/jobo-borstels.dapprgemaakt.nl\/de\/#website\",\"url\":\"https:\/\/jobo-borstels.dapprgemaakt.nl\/de\/\",\"name\":\"Jobo Borstelfabriek\",\"description\":\"\",\"potentialAction\":[{\"@type\":\"SearchAction\",\"target\":{\"@type\":\"EntryPoint\",\"urlTemplate\":\"https:\/\/jobo-borstels.dapprgemaakt.nl\/de\/?s={search_term_string}\"},\"query-input\":{\"@type\":\"PropertyValueSpecification\",\"valueRequired\":true,\"valueName\":\"search_term_string\"}}],\"inLanguage\":\"de\"}]}<\/script>\n<!-- \/ Yoast SEO plugin. -->","yoast_head_json":{"title":"Verlegung der B\u00fcrstenwalze - Jobo Borstelfabriek","robots":{"index":"noindex","follow":"follow","max-snippet":"max-snippet:-1","max-image-preview":"max-image-preview:large","max-video-preview":"max-video-preview:-1"},"og_locale":"de_DE","og_type":"article","og_title":"Verlegung der B\u00fcrstenwalze - Jobo Borstelfabriek","og_description":"Die \u00dcberholung von B\u00fcrsten ist nicht nur eine kosteng\u00fcnstige L\u00f6sung, sondern tr\u00e4gt auch zum Umweltschutz bei. Oft wird festgestellt, dass verschlissene B\u00fcrstenwalzen, deren Funktionst\u00fcchtigkeit nachgelassen [&hellip;]","og_url":"https:\/\/jobo-borstels.dapprgemaakt.nl\/de\/produkt\/verlegung-der-buerstenwalze\/","og_site_name":"Jobo Borstelfabriek","article_modified_time":"2024-07-12T09:08:08+00:00","og_image":[{"width":1004,"height":1025,"url":"https:\/\/jobo-borstels.dapprgemaakt.nl\/wp-content\/uploads\/2023\/11\/Borstelwals_reparaties-2.jpg","type":"image\/jpeg"}],"twitter_card":"summary_large_image","twitter_misc":{"Gesch\u00e4tzte Lesezeit":"2\u00a0Minuten"},"schema":{"@context":"https:\/\/schema.org","@graph":[{"@type":"WebPage","@id":"https:\/\/jobo-borstels.dapprgemaakt.nl\/de\/produkt\/verlegung-der-buerstenwalze\/","url":"https:\/\/jobo-borstels.dapprgemaakt.nl\/de\/produkt\/verlegung-der-buerstenwalze\/","name":"Verlegung der B\u00fcrstenwalze - Jobo Borstelfabriek","isPartOf":{"@id":"https:\/\/jobo-borstels.dapprgemaakt.nl\/de\/#website"},"primaryImageOfPage":{"@id":"https:\/\/jobo-borstels.dapprgemaakt.nl\/de\/produkt\/verlegung-der-buerstenwalze\/#primaryimage"},"image":{"@id":"https:\/\/jobo-borstels.dapprgemaakt.nl\/de\/produkt\/verlegung-der-buerstenwalze\/#primaryimage"},"thumbnailUrl":"https:\/\/jobo-borstels.dapprgemaakt.nl\/wp-content\/uploads\/2023\/11\/Borstelwals_reparaties-2.jpg","datePublished":"2023-11-23T12:49:14+00:00","dateModified":"2024-07-12T09:08:08+00:00","breadcrumb":{"@id":"https:\/\/jobo-borstels.dapprgemaakt.nl\/de\/produkt\/verlegung-der-buerstenwalze\/#breadcrumb"},"inLanguage":"de","potentialAction":[{"@type":"ReadAction","target":["https:\/\/jobo-borstels.dapprgemaakt.nl\/de\/produkt\/verlegung-der-buerstenwalze\/"]}]},{"@type":"ImageObject","inLanguage":"de","@id":"https:\/\/jobo-borstels.dapprgemaakt.nl\/de\/produkt\/verlegung-der-buerstenwalze\/#primaryimage","url":"https:\/\/jobo-borstels.dapprgemaakt.nl\/wp-content\/uploads\/2023\/11\/Borstelwals_reparaties-2.jpg","contentUrl":"https:\/\/jobo-borstels.dapprgemaakt.nl\/wp-content\/uploads\/2023\/11\/Borstelwals_reparaties-2.jpg","width":1004,"height":1025,"caption":"reviseren borstel"},{"@type":"BreadcrumbList","@id":"https:\/\/jobo-borstels.dapprgemaakt.nl\/de\/produkt\/verlegung-der-buerstenwalze\/#breadcrumb","itemListElement":[{"@type":"ListItem","position":1,"name":"Home","item":"https:\/\/besenundbuersten.de\/"},{"@type":"ListItem","position":2,"name":"Produkte","item":"https:\/\/jobo-borstels.dapprgemaakt.nl\/de\/shop\/"},{"@type":"ListItem","position":3,"name":"Verlegung der B\u00fcrstenwalze"}]},{"@type":"WebSite","@id":"https:\/\/jobo-borstels.dapprgemaakt.nl\/de\/#website","url":"https:\/\/jobo-borstels.dapprgemaakt.nl\/de\/","name":"Jobo Borstelfabriek","description":"","potentialAction":[{"@type":"SearchAction","target":{"@type":"EntryPoint","urlTemplate":"https:\/\/jobo-borstels.dapprgemaakt.nl\/de\/?s={search_term_string}"},"query-input":{"@type":"PropertyValueSpecification","valueRequired":true,"valueName":"search_term_string"}}],"inLanguage":"de"}]}},"_links":{"self":[{"href":"https:\/\/jobo-borstels.dapprgemaakt.nl\/de\/wp-json\/wp\/v2\/product\/2716","targetHints":{"allow":["GET"]}}],"collection":[{"href":"https:\/\/jobo-borstels.dapprgemaakt.nl\/de\/wp-json\/wp\/v2\/product"}],"about":[{"href":"https:\/\/jobo-borstels.dapprgemaakt.nl\/de\/wp-json\/wp\/v2\/types\/product"}],"wp:featuredmedia":[{"embeddable":true,"href":"https:\/\/jobo-borstels.dapprgemaakt.nl\/de\/wp-json\/wp\/v2\/media\/1988"}],"wp:attachment":[{"href":"https:\/\/jobo-borstels.dapprgemaakt.nl\/de\/wp-json\/wp\/v2\/media?parent=2716"}],"wp:term":[{"taxonomy":"product_cat","embeddable":true,"href":"https:\/\/jobo-borstels.dapprgemaakt.nl\/de\/wp-json\/wp\/v2\/product_cat?post=2716"},{"taxonomy":"product_tag","embeddable":true,"href":"https:\/\/jobo-borstels.dapprgemaakt.nl\/de\/wp-json\/wp\/v2\/product_tag?post=2716"}],"curies":[{"name":"wp","href":"https:\/\/api.w.org\/{rel}","templated":true}]}}