{"id":2718,"date":"2023-11-23T12:46:56","date_gmt":"2023-11-23T12:46:56","guid":{"rendered":"https:\/\/jobo-borstels.dapprgemaakt.nl\/product\/borstellat-fischpassage\/"},"modified":"2024-07-12T09:10:51","modified_gmt":"2024-07-12T09:10:51","slug":"borstellat-fischpassage","status":"publish","type":"product","link":"https:\/\/jobo-borstels.dapprgemaakt.nl\/de\/produkt\/borstellat-fischpassage\/","title":{"rendered":"Borstellat Fischpassage"},"content":{"rendered":"<p>Unsere Fischpassageb\u00fcrsten wurden speziell entwickelt, um Fischen wie Aalen und Glasaalen die Wanderung zu erleichtern. Diese B\u00fcrsten, die in verschiedenen Fischpassagen wie Siphon-Fischleitern und vertikalen Schlitzpassagen eingesetzt werden, verbessern die Str\u00f6mung und helfen den Fischen, Hindernisse leichter zu \u00fcberwinden. Sie sind ideal f\u00fcr Wasserstra\u00dfen, in denen die freie Bewegung der Fische wichtig ist. Unsere B\u00fcrsten tragen zur Gesundheit und Vielfalt der Fischpopulationen bei.<\/p>\n","protected":false},"excerpt":{"rendered":"<p>Jobo stellt B\u00fcrsten f\u00fcr den Bau von Fischpassagen her, hier werden Fischpassagen mit Aalb\u00fcrsten ausgestattet. Dieser Ansatz gew\u00e4hrleistet eine effektive F\u00fchrung der Fischarten durch die Passagen, wobei der Schwerpunkt auf der Unterst\u00fctzung der Migration von Glasaalen liegt.<\/p>\n","protected":false},"featured_media":1661,"template":"","meta":{"_acf_changed":false},"product_cat":[231,232,234],"product_tag":[],"class_list":{"0":"post-2718","1":"product","2":"type-product","3":"status-publish","4":"has-post-thumbnail","6":"product_cat-alle-buersten","7":"product_cat-aqua-buersten","8":"product_cat-buerstenleisten","10":"first","11":"instock","12":"shipping-taxable","13":"product-type-simple"},"acf":[],"yoast_head":"<!-- This site is optimized with the Yoast SEO plugin v24.0 - https:\/\/yoast.com\/wordpress\/plugins\/seo\/ -->\n<title>Borstellat Fischpassage - Jobo Borstelfabriek<\/title>\n<meta name=\"robots\" content=\"noindex, follow, max-snippet:-1, max-image-preview:large, max-video-preview:-1\" \/>\n<meta property=\"og:locale\" content=\"de_DE\" \/>\n<meta property=\"og:type\" content=\"article\" \/>\n<meta property=\"og:title\" content=\"Borstellat Fischpassage - Jobo Borstelfabriek\" \/>\n<meta property=\"og:description\" content=\"Jobo stellt B\u00fcrsten f\u00fcr den Bau von Fischpassagen her, hier werden Fischpassagen mit Aalb\u00fcrsten ausgestattet. Dieser Ansatz gew\u00e4hrleistet eine effektive F\u00fchrung der Fischarten durch die Passagen, wobei der Schwerpunkt auf der Unterst\u00fctzung der Migration von Glasaalen liegt.\" \/>\n<meta property=\"og:url\" content=\"https:\/\/jobo-borstels.dapprgemaakt.nl\/de\/produkt\/borstellat-fischpassage\/\" \/>\n<meta property=\"og:site_name\" content=\"Jobo Borstelfabriek\" \/>\n<meta property=\"article:modified_time\" content=\"2024-07-12T09:10:51+00:00\" \/>\n<meta property=\"og:image\" content=\"https:\/\/jobo-borstels.dapprgemaakt.nl\/wp-content\/uploads\/2023\/11\/Borstel-Vispassage1-scaled.jpg\" \/>\n\t<meta property=\"og:image:width\" content=\"2560\" \/>\n\t<meta property=\"og:image:height\" content=\"1734\" \/>\n\t<meta property=\"og:image:type\" content=\"image\/jpeg\" \/>\n<meta name=\"twitter:card\" content=\"summary_large_image\" \/>\n<meta name=\"twitter:label1\" content=\"Gesch\u00e4tzte Lesezeit\" \/>\n\t<meta name=\"twitter:data1\" content=\"1\u00a0Minute\" \/>\n<script type=\"application\/ld+json\" class=\"yoast-schema-graph\">{\"@context\":\"https:\/\/schema.org\",\"@graph\":[{\"@type\":\"WebPage\",\"@id\":\"https:\/\/jobo-borstels.dapprgemaakt.nl\/de\/produkt\/borstellat-fischpassage\/\",\"url\":\"https:\/\/jobo-borstels.dapprgemaakt.nl\/de\/produkt\/borstellat-fischpassage\/\",\"name\":\"Borstellat Fischpassage - Jobo Borstelfabriek\",\"isPartOf\":{\"@id\":\"https:\/\/jobo-borstels.dapprgemaakt.nl\/de\/#website\"},\"primaryImageOfPage\":{\"@id\":\"https:\/\/jobo-borstels.dapprgemaakt.nl\/de\/produkt\/borstellat-fischpassage\/#primaryimage\"},\"image\":{\"@id\":\"https:\/\/jobo-borstels.dapprgemaakt.nl\/de\/produkt\/borstellat-fischpassage\/#primaryimage\"},\"thumbnailUrl\":\"https:\/\/jobo-borstels.dapprgemaakt.nl\/wp-content\/uploads\/2023\/11\/Borstel-Vispassage1-scaled.jpg\",\"datePublished\":\"2023-11-23T12:46:56+00:00\",\"dateModified\":\"2024-07-12T09:10:51+00:00\",\"breadcrumb\":{\"@id\":\"https:\/\/jobo-borstels.dapprgemaakt.nl\/de\/produkt\/borstellat-fischpassage\/#breadcrumb\"},\"inLanguage\":\"de\",\"potentialAction\":[{\"@type\":\"ReadAction\",\"target\":[\"https:\/\/jobo-borstels.dapprgemaakt.nl\/de\/produkt\/borstellat-fischpassage\/\"]}]},{\"@type\":\"ImageObject\",\"inLanguage\":\"de\",\"@id\":\"https:\/\/jobo-borstels.dapprgemaakt.nl\/de\/produkt\/borstellat-fischpassage\/#primaryimage\",\"url\":\"https:\/\/jobo-borstels.dapprgemaakt.nl\/wp-content\/uploads\/2023\/11\/Borstel-Vispassage1-scaled.jpg\",\"contentUrl\":\"https:\/\/jobo-borstels.dapprgemaakt.nl\/wp-content\/uploads\/2023\/11\/Borstel-Vispassage1-scaled.jpg\",\"width\":2560,\"height\":1734,\"caption\":\"Borstel Vispassage\"},{\"@type\":\"BreadcrumbList\",\"@id\":\"https:\/\/jobo-borstels.dapprgemaakt.nl\/de\/produkt\/borstellat-fischpassage\/#breadcrumb\",\"itemListElement\":[{\"@type\":\"ListItem\",\"position\":1,\"name\":\"Home\",\"item\":\"https:\/\/besenundbuersten.de\/\"},{\"@type\":\"ListItem\",\"position\":2,\"name\":\"Produkte\",\"item\":\"https:\/\/jobo-borstels.dapprgemaakt.nl\/de\/shop\/\"},{\"@type\":\"ListItem\",\"position\":3,\"name\":\"Borstellat Fischpassage\"}]},{\"@type\":\"WebSite\",\"@id\":\"https:\/\/jobo-borstels.dapprgemaakt.nl\/de\/#website\",\"url\":\"https:\/\/jobo-borstels.dapprgemaakt.nl\/de\/\",\"name\":\"Jobo Borstelfabriek\",\"description\":\"\",\"potentialAction\":[{\"@type\":\"SearchAction\",\"target\":{\"@type\":\"EntryPoint\",\"urlTemplate\":\"https:\/\/jobo-borstels.dapprgemaakt.nl\/de\/?s={search_term_string}\"},\"query-input\":{\"@type\":\"PropertyValueSpecification\",\"valueRequired\":true,\"valueName\":\"search_term_string\"}}],\"inLanguage\":\"de\"}]}<\/script>\n<!-- \/ Yoast SEO plugin. -->","yoast_head_json":{"title":"Borstellat Fischpassage - Jobo Borstelfabriek","robots":{"index":"noindex","follow":"follow","max-snippet":"max-snippet:-1","max-image-preview":"max-image-preview:large","max-video-preview":"max-video-preview:-1"},"og_locale":"de_DE","og_type":"article","og_title":"Borstellat Fischpassage - Jobo Borstelfabriek","og_description":"Jobo stellt B\u00fcrsten f\u00fcr den Bau von Fischpassagen her, hier werden Fischpassagen mit Aalb\u00fcrsten ausgestattet. Dieser Ansatz gew\u00e4hrleistet eine effektive F\u00fchrung der Fischarten durch die Passagen, wobei der Schwerpunkt auf der Unterst\u00fctzung der Migration von Glasaalen liegt.","og_url":"https:\/\/jobo-borstels.dapprgemaakt.nl\/de\/produkt\/borstellat-fischpassage\/","og_site_name":"Jobo Borstelfabriek","article_modified_time":"2024-07-12T09:10:51+00:00","og_image":[{"width":2560,"height":1734,"url":"https:\/\/jobo-borstels.dapprgemaakt.nl\/wp-content\/uploads\/2023\/11\/Borstel-Vispassage1-scaled.jpg","type":"image\/jpeg"}],"twitter_card":"summary_large_image","twitter_misc":{"Gesch\u00e4tzte Lesezeit":"1\u00a0Minute"},"schema":{"@context":"https:\/\/schema.org","@graph":[{"@type":"WebPage","@id":"https:\/\/jobo-borstels.dapprgemaakt.nl\/de\/produkt\/borstellat-fischpassage\/","url":"https:\/\/jobo-borstels.dapprgemaakt.nl\/de\/produkt\/borstellat-fischpassage\/","name":"Borstellat Fischpassage - Jobo Borstelfabriek","isPartOf":{"@id":"https:\/\/jobo-borstels.dapprgemaakt.nl\/de\/#website"},"primaryImageOfPage":{"@id":"https:\/\/jobo-borstels.dapprgemaakt.nl\/de\/produkt\/borstellat-fischpassage\/#primaryimage"},"image":{"@id":"https:\/\/jobo-borstels.dapprgemaakt.nl\/de\/produkt\/borstellat-fischpassage\/#primaryimage"},"thumbnailUrl":"https:\/\/jobo-borstels.dapprgemaakt.nl\/wp-content\/uploads\/2023\/11\/Borstel-Vispassage1-scaled.jpg","datePublished":"2023-11-23T12:46:56+00:00","dateModified":"2024-07-12T09:10:51+00:00","breadcrumb":{"@id":"https:\/\/jobo-borstels.dapprgemaakt.nl\/de\/produkt\/borstellat-fischpassage\/#breadcrumb"},"inLanguage":"de","potentialAction":[{"@type":"ReadAction","target":["https:\/\/jobo-borstels.dapprgemaakt.nl\/de\/produkt\/borstellat-fischpassage\/"]}]},{"@type":"ImageObject","inLanguage":"de","@id":"https:\/\/jobo-borstels.dapprgemaakt.nl\/de\/produkt\/borstellat-fischpassage\/#primaryimage","url":"https:\/\/jobo-borstels.dapprgemaakt.nl\/wp-content\/uploads\/2023\/11\/Borstel-Vispassage1-scaled.jpg","contentUrl":"https:\/\/jobo-borstels.dapprgemaakt.nl\/wp-content\/uploads\/2023\/11\/Borstel-Vispassage1-scaled.jpg","width":2560,"height":1734,"caption":"Borstel Vispassage"},{"@type":"BreadcrumbList","@id":"https:\/\/jobo-borstels.dapprgemaakt.nl\/de\/produkt\/borstellat-fischpassage\/#breadcrumb","itemListElement":[{"@type":"ListItem","position":1,"name":"Home","item":"https:\/\/besenundbuersten.de\/"},{"@type":"ListItem","position":2,"name":"Produkte","item":"https:\/\/jobo-borstels.dapprgemaakt.nl\/de\/shop\/"},{"@type":"ListItem","position":3,"name":"Borstellat Fischpassage"}]},{"@type":"WebSite","@id":"https:\/\/jobo-borstels.dapprgemaakt.nl\/de\/#website","url":"https:\/\/jobo-borstels.dapprgemaakt.nl\/de\/","name":"Jobo Borstelfabriek","description":"","potentialAction":[{"@type":"SearchAction","target":{"@type":"EntryPoint","urlTemplate":"https:\/\/jobo-borstels.dapprgemaakt.nl\/de\/?s={search_term_string}"},"query-input":{"@type":"PropertyValueSpecification","valueRequired":true,"valueName":"search_term_string"}}],"inLanguage":"de"}]}},"_links":{"self":[{"href":"https:\/\/jobo-borstels.dapprgemaakt.nl\/de\/wp-json\/wp\/v2\/product\/2718","targetHints":{"allow":["GET"]}}],"collection":[{"href":"https:\/\/jobo-borstels.dapprgemaakt.nl\/de\/wp-json\/wp\/v2\/product"}],"about":[{"href":"https:\/\/jobo-borstels.dapprgemaakt.nl\/de\/wp-json\/wp\/v2\/types\/product"}],"wp:featuredmedia":[{"embeddable":true,"href":"https:\/\/jobo-borstels.dapprgemaakt.nl\/de\/wp-json\/wp\/v2\/media\/1661"}],"wp:attachment":[{"href":"https:\/\/jobo-borstels.dapprgemaakt.nl\/de\/wp-json\/wp\/v2\/media?parent=2718"}],"wp:term":[{"taxonomy":"product_cat","embeddable":true,"href":"https:\/\/jobo-borstels.dapprgemaakt.nl\/de\/wp-json\/wp\/v2\/product_cat?post=2718"},{"taxonomy":"product_tag","embeddable":true,"href":"https:\/\/jobo-borstels.dapprgemaakt.nl\/de\/wp-json\/wp\/v2\/product_tag?post=2718"}],"curies":[{"name":"wp","href":"https:\/\/api.w.org\/{rel}","templated":true}]}}