{"id":2730,"date":"2023-11-23T12:37:07","date_gmt":"2023-11-23T12:37:07","guid":{"rendered":"https:\/\/jobo-borstels.dapprgemaakt.nl\/product\/rueckzug-der-buerstenleiste\/"},"modified":"2024-07-12T09:10:45","modified_gmt":"2024-07-12T09:10:45","slug":"rueckzug-der-buerstenleiste","status":"publish","type":"product","link":"https:\/\/jobo-borstels.dapprgemaakt.nl\/de\/produkt\/rueckzug-der-buerstenleiste\/","title":{"rendered":"R\u00fcckzug der B\u00fcrstenleiste"},"content":{"rendered":"<p>Wir bei Jobo wissen, dass nicht alle B\u00fcrsten auf dieselbe Weise hergestellt werden k\u00f6nnen. Manchmal erfordern spezielle Projekte eine besondere Herangehensweise, wie z.B. das Einsetzen langer Haare in eine Latte von Hand. Dies ist eine Technik, die nicht von Maschinen ausgef\u00fchrt werden kann und handwerkliches Geschick und Pr\u00e4zision erfordert. Das manuelle Einsetzen von Haaren ist eine traditionelle Methode, die wir bei Jobo sehr sch\u00e4tzen, da sie es uns erm\u00f6glicht, die spezifischen Bed\u00fcrfnisse unserer Kunden zu erf\u00fcllen, wie einzigartig oder schwierig sie auch sein m\u00f6gen.<\/p>\n<p>Wir sind stolz auf unsere Flexibilit\u00e4t und unsere F\u00e4higkeit, ma\u00dfgeschneiderte L\u00f6sungen zu liefern, selbst wenn dies bedeutet, dass wir auf die altmodische Arbeitsweise zur\u00fcckgreifen m\u00fcssen. Das unterscheidet uns von anderen Unternehmen in der niederl\u00e4ndischen Fertigungsindustrie und ist einer der Gr\u00fcnde, warum sich Kunden f\u00fcr Jobo entscheiden. Unser Engagement f\u00fcr Handwerkskunst und Qualit\u00e4t in Verbindung mit unserer umfassenden Materialkenntnis erm\u00f6glicht es uns, Produkte zu liefern, die genau den Spezifikationen unserer Kunden entsprechen.<\/p>\n<p>Wenn Sie mehr \u00fcber unsere ma\u00dfgeschneiderten L\u00f6sungen erfahren m\u00f6chten und dar\u00fcber, wie wir Ihre speziellen Anforderungen erf\u00fcllen k\u00f6nnen, nehmen Sie bitte Kontakt mit uns auf. Wir besprechen gerne mit Ihnen, wie unsere traditionellen Methoden und modernen Techniken zusammenkommen k\u00f6nnen, um das perfekte Produkt f\u00fcr Ihre Anwendung zu schaffen.<\/p>\n","protected":false},"excerpt":{"rendered":"<p>Wir bei Jobo wissen, dass nicht alle B\u00fcrsten auf dieselbe Weise hergestellt werden k\u00f6nnen. Manchmal erfordern spezielle Projekte eine besondere Herangehensweise, wie z.B. das Einsetzen [&hellip;]<\/p>\n","protected":false},"featured_media":1692,"template":"","meta":{"_acf_changed":false},"product_cat":[231,234],"product_tag":[],"class_list":{"0":"post-2730","1":"product","2":"type-product","3":"status-publish","4":"has-post-thumbnail","6":"product_cat-alle-buersten","7":"product_cat-buerstenleisten","9":"first","10":"instock","11":"shipping-taxable","12":"product-type-simple"},"acf":[],"yoast_head":"<!-- This site is optimized with the Yoast SEO plugin v24.0 - https:\/\/yoast.com\/wordpress\/plugins\/seo\/ -->\n<title>R\u00fcckzug der B\u00fcrstenleiste - Jobo Borstelfabriek<\/title>\n<meta name=\"robots\" content=\"noindex, follow, max-snippet:-1, max-image-preview:large, max-video-preview:-1\" \/>\n<meta property=\"og:locale\" content=\"de_DE\" \/>\n<meta property=\"og:type\" content=\"article\" \/>\n<meta property=\"og:title\" content=\"R\u00fcckzug der B\u00fcrstenleiste - Jobo Borstelfabriek\" \/>\n<meta property=\"og:description\" content=\"Wir bei Jobo wissen, dass nicht alle B\u00fcrsten auf dieselbe Weise hergestellt werden k\u00f6nnen. Manchmal erfordern spezielle Projekte eine besondere Herangehensweise, wie z.B. das Einsetzen [&hellip;]\" \/>\n<meta property=\"og:url\" content=\"https:\/\/jobo-borstels.dapprgemaakt.nl\/de\/produkt\/rueckzug-der-buerstenleiste\/\" \/>\n<meta property=\"og:site_name\" content=\"Jobo Borstelfabriek\" \/>\n<meta property=\"article:modified_time\" content=\"2024-07-12T09:10:45+00:00\" \/>\n<meta property=\"og:image\" content=\"https:\/\/jobo-borstels.dapprgemaakt.nl\/wp-content\/uploads\/2023\/11\/intrekwerk1_.jpg\" \/>\n\t<meta property=\"og:image:width\" content=\"435\" \/>\n\t<meta property=\"og:image:height\" content=\"398\" \/>\n\t<meta property=\"og:image:type\" content=\"image\/jpeg\" \/>\n<meta name=\"twitter:card\" content=\"summary_large_image\" \/>\n<meta name=\"twitter:label1\" content=\"Gesch\u00e4tzte Lesezeit\" \/>\n\t<meta name=\"twitter:data1\" content=\"2\u00a0Minuten\" \/>\n<script type=\"application\/ld+json\" class=\"yoast-schema-graph\">{\"@context\":\"https:\/\/schema.org\",\"@graph\":[{\"@type\":\"WebPage\",\"@id\":\"https:\/\/jobo-borstels.dapprgemaakt.nl\/de\/produkt\/rueckzug-der-buerstenleiste\/\",\"url\":\"https:\/\/jobo-borstels.dapprgemaakt.nl\/de\/produkt\/rueckzug-der-buerstenleiste\/\",\"name\":\"R\u00fcckzug der B\u00fcrstenleiste - Jobo Borstelfabriek\",\"isPartOf\":{\"@id\":\"https:\/\/jobo-borstels.dapprgemaakt.nl\/de\/#website\"},\"primaryImageOfPage\":{\"@id\":\"https:\/\/jobo-borstels.dapprgemaakt.nl\/de\/produkt\/rueckzug-der-buerstenleiste\/#primaryimage\"},\"image\":{\"@id\":\"https:\/\/jobo-borstels.dapprgemaakt.nl\/de\/produkt\/rueckzug-der-buerstenleiste\/#primaryimage\"},\"thumbnailUrl\":\"https:\/\/jobo-borstels.dapprgemaakt.nl\/wp-content\/uploads\/2023\/11\/intrekwerk1_.jpg\",\"datePublished\":\"2023-11-23T12:37:07+00:00\",\"dateModified\":\"2024-07-12T09:10:45+00:00\",\"breadcrumb\":{\"@id\":\"https:\/\/jobo-borstels.dapprgemaakt.nl\/de\/produkt\/rueckzug-der-buerstenleiste\/#breadcrumb\"},\"inLanguage\":\"de\",\"potentialAction\":[{\"@type\":\"ReadAction\",\"target\":[\"https:\/\/jobo-borstels.dapprgemaakt.nl\/de\/produkt\/rueckzug-der-buerstenleiste\/\"]}]},{\"@type\":\"ImageObject\",\"inLanguage\":\"de\",\"@id\":\"https:\/\/jobo-borstels.dapprgemaakt.nl\/de\/produkt\/rueckzug-der-buerstenleiste\/#primaryimage\",\"url\":\"https:\/\/jobo-borstels.dapprgemaakt.nl\/wp-content\/uploads\/2023\/11\/intrekwerk1_.jpg\",\"contentUrl\":\"https:\/\/jobo-borstels.dapprgemaakt.nl\/wp-content\/uploads\/2023\/11\/intrekwerk1_.jpg\",\"width\":435,\"height\":398,\"caption\":\"Intrekken borstelharen\"},{\"@type\":\"BreadcrumbList\",\"@id\":\"https:\/\/jobo-borstels.dapprgemaakt.nl\/de\/produkt\/rueckzug-der-buerstenleiste\/#breadcrumb\",\"itemListElement\":[{\"@type\":\"ListItem\",\"position\":1,\"name\":\"Home\",\"item\":\"https:\/\/besenundbuersten.de\/\"},{\"@type\":\"ListItem\",\"position\":2,\"name\":\"Produkte\",\"item\":\"https:\/\/jobo-borstels.dapprgemaakt.nl\/de\/shop\/\"},{\"@type\":\"ListItem\",\"position\":3,\"name\":\"R\u00fcckzug der B\u00fcrstenleiste\"}]},{\"@type\":\"WebSite\",\"@id\":\"https:\/\/jobo-borstels.dapprgemaakt.nl\/de\/#website\",\"url\":\"https:\/\/jobo-borstels.dapprgemaakt.nl\/de\/\",\"name\":\"Jobo Borstelfabriek\",\"description\":\"\",\"potentialAction\":[{\"@type\":\"SearchAction\",\"target\":{\"@type\":\"EntryPoint\",\"urlTemplate\":\"https:\/\/jobo-borstels.dapprgemaakt.nl\/de\/?s={search_term_string}\"},\"query-input\":{\"@type\":\"PropertyValueSpecification\",\"valueRequired\":true,\"valueName\":\"search_term_string\"}}],\"inLanguage\":\"de\"}]}<\/script>\n<!-- \/ Yoast SEO plugin. -->","yoast_head_json":{"title":"R\u00fcckzug der B\u00fcrstenleiste - Jobo Borstelfabriek","robots":{"index":"noindex","follow":"follow","max-snippet":"max-snippet:-1","max-image-preview":"max-image-preview:large","max-video-preview":"max-video-preview:-1"},"og_locale":"de_DE","og_type":"article","og_title":"R\u00fcckzug der B\u00fcrstenleiste - Jobo Borstelfabriek","og_description":"Wir bei Jobo wissen, dass nicht alle B\u00fcrsten auf dieselbe Weise hergestellt werden k\u00f6nnen. Manchmal erfordern spezielle Projekte eine besondere Herangehensweise, wie z.B. das Einsetzen [&hellip;]","og_url":"https:\/\/jobo-borstels.dapprgemaakt.nl\/de\/produkt\/rueckzug-der-buerstenleiste\/","og_site_name":"Jobo Borstelfabriek","article_modified_time":"2024-07-12T09:10:45+00:00","og_image":[{"width":435,"height":398,"url":"https:\/\/jobo-borstels.dapprgemaakt.nl\/wp-content\/uploads\/2023\/11\/intrekwerk1_.jpg","type":"image\/jpeg"}],"twitter_card":"summary_large_image","twitter_misc":{"Gesch\u00e4tzte Lesezeit":"2\u00a0Minuten"},"schema":{"@context":"https:\/\/schema.org","@graph":[{"@type":"WebPage","@id":"https:\/\/jobo-borstels.dapprgemaakt.nl\/de\/produkt\/rueckzug-der-buerstenleiste\/","url":"https:\/\/jobo-borstels.dapprgemaakt.nl\/de\/produkt\/rueckzug-der-buerstenleiste\/","name":"R\u00fcckzug der B\u00fcrstenleiste - Jobo Borstelfabriek","isPartOf":{"@id":"https:\/\/jobo-borstels.dapprgemaakt.nl\/de\/#website"},"primaryImageOfPage":{"@id":"https:\/\/jobo-borstels.dapprgemaakt.nl\/de\/produkt\/rueckzug-der-buerstenleiste\/#primaryimage"},"image":{"@id":"https:\/\/jobo-borstels.dapprgemaakt.nl\/de\/produkt\/rueckzug-der-buerstenleiste\/#primaryimage"},"thumbnailUrl":"https:\/\/jobo-borstels.dapprgemaakt.nl\/wp-content\/uploads\/2023\/11\/intrekwerk1_.jpg","datePublished":"2023-11-23T12:37:07+00:00","dateModified":"2024-07-12T09:10:45+00:00","breadcrumb":{"@id":"https:\/\/jobo-borstels.dapprgemaakt.nl\/de\/produkt\/rueckzug-der-buerstenleiste\/#breadcrumb"},"inLanguage":"de","potentialAction":[{"@type":"ReadAction","target":["https:\/\/jobo-borstels.dapprgemaakt.nl\/de\/produkt\/rueckzug-der-buerstenleiste\/"]}]},{"@type":"ImageObject","inLanguage":"de","@id":"https:\/\/jobo-borstels.dapprgemaakt.nl\/de\/produkt\/rueckzug-der-buerstenleiste\/#primaryimage","url":"https:\/\/jobo-borstels.dapprgemaakt.nl\/wp-content\/uploads\/2023\/11\/intrekwerk1_.jpg","contentUrl":"https:\/\/jobo-borstels.dapprgemaakt.nl\/wp-content\/uploads\/2023\/11\/intrekwerk1_.jpg","width":435,"height":398,"caption":"Intrekken borstelharen"},{"@type":"BreadcrumbList","@id":"https:\/\/jobo-borstels.dapprgemaakt.nl\/de\/produkt\/rueckzug-der-buerstenleiste\/#breadcrumb","itemListElement":[{"@type":"ListItem","position":1,"name":"Home","item":"https:\/\/besenundbuersten.de\/"},{"@type":"ListItem","position":2,"name":"Produkte","item":"https:\/\/jobo-borstels.dapprgemaakt.nl\/de\/shop\/"},{"@type":"ListItem","position":3,"name":"R\u00fcckzug der B\u00fcrstenleiste"}]},{"@type":"WebSite","@id":"https:\/\/jobo-borstels.dapprgemaakt.nl\/de\/#website","url":"https:\/\/jobo-borstels.dapprgemaakt.nl\/de\/","name":"Jobo Borstelfabriek","description":"","potentialAction":[{"@type":"SearchAction","target":{"@type":"EntryPoint","urlTemplate":"https:\/\/jobo-borstels.dapprgemaakt.nl\/de\/?s={search_term_string}"},"query-input":{"@type":"PropertyValueSpecification","valueRequired":true,"valueName":"search_term_string"}}],"inLanguage":"de"}]}},"_links":{"self":[{"href":"https:\/\/jobo-borstels.dapprgemaakt.nl\/de\/wp-json\/wp\/v2\/product\/2730","targetHints":{"allow":["GET"]}}],"collection":[{"href":"https:\/\/jobo-borstels.dapprgemaakt.nl\/de\/wp-json\/wp\/v2\/product"}],"about":[{"href":"https:\/\/jobo-borstels.dapprgemaakt.nl\/de\/wp-json\/wp\/v2\/types\/product"}],"wp:featuredmedia":[{"embeddable":true,"href":"https:\/\/jobo-borstels.dapprgemaakt.nl\/de\/wp-json\/wp\/v2\/media\/1692"}],"wp:attachment":[{"href":"https:\/\/jobo-borstels.dapprgemaakt.nl\/de\/wp-json\/wp\/v2\/media?parent=2730"}],"wp:term":[{"taxonomy":"product_cat","embeddable":true,"href":"https:\/\/jobo-borstels.dapprgemaakt.nl\/de\/wp-json\/wp\/v2\/product_cat?post=2730"},{"taxonomy":"product_tag","embeddable":true,"href":"https:\/\/jobo-borstels.dapprgemaakt.nl\/de\/wp-json\/wp\/v2\/product_tag?post=2730"}],"curies":[{"name":"wp","href":"https:\/\/api.w.org\/{rel}","templated":true}]}}