{"id":2734,"date":"2023-11-23T12:34:19","date_gmt":"2023-11-23T12:34:19","guid":{"rendered":"https:\/\/jobo-borstels.dapprgemaakt.nl\/product\/fuehrung-fuer-die-bremsstange\/"},"modified":"2024-07-12T09:10:47","modified_gmt":"2024-07-12T09:10:47","slug":"fuehrung-fuer-die-bremsstange","status":"publish","type":"product","link":"https:\/\/jobo-borstels.dapprgemaakt.nl\/de\/produkt\/fuehrung-fuer-die-bremsstange\/","title":{"rendered":"F\u00fchrung f\u00fcr die Bremsstange"},"content":{"rendered":"<div class=\"flex-1 overflow-hidden\">\n<div class=\"react-scroll-to-bottom--css-jjlmz-79elbk h-full\">\n<div class=\"react-scroll-to-bottom--css-jjlmz-1n7m0yu\">\n<div class=\"flex flex-col pb-9 text-sm\">\n<div class=\"w-full text-token-text-primary\" data-testid=\"conversation-turn-3\">\n<div class=\"px-4 py-2 justify-center text-base md:gap-6 m-auto\">\n<div class=\"flex flex-1 text-base mx-auto gap-3 md:px-5 lg:px-1 xl:px-5 md:max-w-3xl lg:max-w-[40rem] xl:max-w-[48rem] group final-completion\">\n<div class=\"relative flex w-full flex-col agent-turn\">\n<div class=\"flex-col gap-1 md:gap-3\">\n<div class=\"flex flex-grow flex-col max-w-full\">\n<div class=\"min-h-[20px] text-message flex flex-col items-start gap-3 whitespace-pre-wrap break-words [.text-message+&amp;]:mt-5 overflow-x-auto\" data-message-author-role=\"assistant\" data-message-id=\"87209fcb-72df-4134-80bb-f2340ef8b7b5\">\n<div class=\"markdown prose w-full break-words dark:prose-invert light\">\n<p>B\u00fcrstenleisten spielen eine entscheidende Rolle in der Fertigungs- und Verarbeitungsindustrie, indem sie Produkte sicher und effizient f\u00fchren und sch\u00fctzen. Diese mit B\u00fcrsten ausgestatteten Leisten erm\u00f6glichen es, Produkte, wie z.B. Bleche, Rahmen oder T\u00fcren, ohne Besch\u00e4digung \u00fcber Arbeitstische zu bewegen.<\/p>\n<p>Die Verwendung der richtigen Materialien f\u00fcr diese Pinsel ist entscheidend. Je nach Anwendung k\u00f6nnen verschiedene Materialien gew\u00e4hlt werden. So eignen sich beispielsweise Nylon und PBT aufgrund ihrer Strapazierf\u00e4higkeit und Flexibilit\u00e4t, w\u00e4hrend Naturborsten oder weiche Synthetikfasern f\u00fcr empfindliche Oberfl\u00e4chen verwendet werden k\u00f6nnen, um Besch\u00e4digungen zu vermeiden. Die Wahl des Materials h\u00e4ngt von der Art der zu \u00fcberwachenden Produkte und den spezifischen Anforderungen des Produktionsprozesses ab.<\/p>\n<p>Dar\u00fcber hinaus spielen konstruktive Details der B\u00fcrstenst\u00e4be, wie die L\u00e4nge und Dicke der Borsten, eine wichtige Rolle. Diese Eigenschaften beeinflussen die H\u00e4rte der B\u00fcrste, die wiederum entscheidend f\u00fcr ihre Wirksamkeit beim F\u00fchren und Sch\u00fctzen von Produkten ist. Eine sorgf\u00e4ltig entwickelte B\u00fcrstenleiste bietet ein perfektes Gleichgewicht zwischen Schutz und F\u00fchrung, so dass die Produkte einwandfrei und ohne Besch\u00e4digung \u00fcber die Lamellen gleiten k\u00f6nnen.<\/p>\n<p>F\u00fcr Unternehmen, die nach ma\u00dfgeschneiderten L\u00f6sungen suchen, bieten wir das Fachwissen, um B\u00fcrstenleisten zu entwerfen, die perfekt auf Ihre speziellen Bed\u00fcrfnisse zugeschnitten sind. Dank unserer langj\u00e4hrigen Erfahrung und unserer fundierten Materialkenntnisse k\u00f6nnen wir Sie bei der Auswahl der besten Materialien und Designdetails f\u00fcr Ihre Anwendung beraten. Kontaktieren Sie uns f\u00fcr weitere Informationen dar\u00fcber, wie wir Ihren Produktionsprozess mit hochwertigen B\u00fcrstenleisten unterst\u00fctzen k\u00f6nnen.<\/p>\n<\/div>\n<\/div>\n<\/div>\n<div class=\"mt-1 flex justify-start gap-3 empty:hidden\">\n<div class=\"text-gray-400 flex self-end lg:self-center justify-center lg:justify-start mt-0 -ml-1 h-7 visible\">\n<p>&nbsp;<\/p>\n<div class=\"flex\"><\/div>\n<\/div>\n<\/div>\n<\/div>\n<\/div>\n<\/div>\n<\/div>\n<\/div>\n<\/div>\n<\/div>\n<\/div>\n<\/div>\n<div class=\"w-full pt-2 md:pt-0 dark:border-white\/20 md:border-transparent md:dark:border-transparent md:w-[calc(100%-.5rem)]\">\n<form class=\"stretch mx-2 flex flex-row gap-3 last:mb-2 md:mx-4 md:last:mb-6 lg:mx-auto lg:max-w-2xl xl:max-w-3xl\">\n<div class=\"relative flex h-full flex-1 flex-col\">\n<div class=\"flex w-full items-center\"><\/div>\n<\/div>\n<\/form>\n<\/div>\n","protected":false},"excerpt":{"rendered":"<p>B\u00fcrstenleisten spielen eine entscheidende Rolle in der Fertigungs- und Verarbeitungsindustrie, indem sie Produkte sicher und effizient f\u00fchren und sch\u00fctzen. Diese mit B\u00fcrsten ausgestatteten Leisten erm\u00f6glichen [&hellip;]<\/p>\n","protected":false},"featured_media":1696,"template":"","meta":{"_acf_changed":false},"product_cat":[231,234],"product_tag":[],"class_list":{"0":"post-2734","1":"product","2":"type-product","3":"status-publish","4":"has-post-thumbnail","6":"product_cat-alle-buersten","7":"product_cat-buerstenleisten","9":"first","10":"instock","11":"shipping-taxable","12":"product-type-simple"},"acf":[],"yoast_head":"<!-- This site is optimized with the Yoast SEO plugin v24.0 - https:\/\/yoast.com\/wordpress\/plugins\/seo\/ -->\n<title>F\u00fchrung f\u00fcr die Bremsstange - Jobo Borstelfabriek<\/title>\n<meta name=\"robots\" content=\"noindex, follow, max-snippet:-1, max-image-preview:large, max-video-preview:-1\" \/>\n<meta property=\"og:locale\" content=\"de_DE\" \/>\n<meta property=\"og:type\" content=\"article\" \/>\n<meta property=\"og:title\" content=\"F\u00fchrung f\u00fcr die Bremsstange - Jobo Borstelfabriek\" \/>\n<meta property=\"og:description\" content=\"B\u00fcrstenleisten spielen eine entscheidende Rolle in der Fertigungs- und Verarbeitungsindustrie, indem sie Produkte sicher und effizient f\u00fchren und sch\u00fctzen. Diese mit B\u00fcrsten ausgestatteten Leisten erm\u00f6glichen [&hellip;]\" \/>\n<meta property=\"og:url\" content=\"https:\/\/jobo-borstels.dapprgemaakt.nl\/de\/produkt\/fuehrung-fuer-die-bremsstange\/\" \/>\n<meta property=\"og:site_name\" content=\"Jobo Borstelfabriek\" \/>\n<meta property=\"article:modified_time\" content=\"2024-07-12T09:10:47+00:00\" \/>\n<meta property=\"og:image\" content=\"https:\/\/jobo-borstels.dapprgemaakt.nl\/wp-content\/uploads\/2023\/11\/borstellat-begeleiding-deuren-2-scaled.jpg\" \/>\n\t<meta property=\"og:image:width\" content=\"2560\" \/>\n\t<meta property=\"og:image:height\" content=\"2330\" \/>\n\t<meta property=\"og:image:type\" content=\"image\/jpeg\" \/>\n<meta name=\"twitter:card\" content=\"summary_large_image\" \/>\n<meta name=\"twitter:label1\" content=\"Gesch\u00e4tzte Lesezeit\" \/>\n\t<meta name=\"twitter:data1\" content=\"2\u00a0Minuten\" \/>\n<script type=\"application\/ld+json\" class=\"yoast-schema-graph\">{\"@context\":\"https:\/\/schema.org\",\"@graph\":[{\"@type\":\"WebPage\",\"@id\":\"https:\/\/jobo-borstels.dapprgemaakt.nl\/de\/produkt\/fuehrung-fuer-die-bremsstange\/\",\"url\":\"https:\/\/jobo-borstels.dapprgemaakt.nl\/de\/produkt\/fuehrung-fuer-die-bremsstange\/\",\"name\":\"F\u00fchrung f\u00fcr die Bremsstange - Jobo Borstelfabriek\",\"isPartOf\":{\"@id\":\"https:\/\/jobo-borstels.dapprgemaakt.nl\/de\/#website\"},\"primaryImageOfPage\":{\"@id\":\"https:\/\/jobo-borstels.dapprgemaakt.nl\/de\/produkt\/fuehrung-fuer-die-bremsstange\/#primaryimage\"},\"image\":{\"@id\":\"https:\/\/jobo-borstels.dapprgemaakt.nl\/de\/produkt\/fuehrung-fuer-die-bremsstange\/#primaryimage\"},\"thumbnailUrl\":\"https:\/\/jobo-borstels.dapprgemaakt.nl\/wp-content\/uploads\/2023\/11\/borstellat-begeleiding-deuren-2-scaled.jpg\",\"datePublished\":\"2023-11-23T12:34:19+00:00\",\"dateModified\":\"2024-07-12T09:10:47+00:00\",\"breadcrumb\":{\"@id\":\"https:\/\/jobo-borstels.dapprgemaakt.nl\/de\/produkt\/fuehrung-fuer-die-bremsstange\/#breadcrumb\"},\"inLanguage\":\"de\",\"potentialAction\":[{\"@type\":\"ReadAction\",\"target\":[\"https:\/\/jobo-borstels.dapprgemaakt.nl\/de\/produkt\/fuehrung-fuer-die-bremsstange\/\"]}]},{\"@type\":\"ImageObject\",\"inLanguage\":\"de\",\"@id\":\"https:\/\/jobo-borstels.dapprgemaakt.nl\/de\/produkt\/fuehrung-fuer-die-bremsstange\/#primaryimage\",\"url\":\"https:\/\/jobo-borstels.dapprgemaakt.nl\/wp-content\/uploads\/2023\/11\/borstellat-begeleiding-deuren-2-scaled.jpg\",\"contentUrl\":\"https:\/\/jobo-borstels.dapprgemaakt.nl\/wp-content\/uploads\/2023\/11\/borstellat-begeleiding-deuren-2-scaled.jpg\",\"width\":2560,\"height\":2330,\"caption\":\"borstellat begeleiding deuren\"},{\"@type\":\"BreadcrumbList\",\"@id\":\"https:\/\/jobo-borstels.dapprgemaakt.nl\/de\/produkt\/fuehrung-fuer-die-bremsstange\/#breadcrumb\",\"itemListElement\":[{\"@type\":\"ListItem\",\"position\":1,\"name\":\"Home\",\"item\":\"https:\/\/besenundbuersten.de\/\"},{\"@type\":\"ListItem\",\"position\":2,\"name\":\"Produkte\",\"item\":\"https:\/\/jobo-borstels.dapprgemaakt.nl\/de\/shop\/\"},{\"@type\":\"ListItem\",\"position\":3,\"name\":\"F\u00fchrung f\u00fcr die Bremsstange\"}]},{\"@type\":\"WebSite\",\"@id\":\"https:\/\/jobo-borstels.dapprgemaakt.nl\/de\/#website\",\"url\":\"https:\/\/jobo-borstels.dapprgemaakt.nl\/de\/\",\"name\":\"Jobo Borstelfabriek\",\"description\":\"\",\"potentialAction\":[{\"@type\":\"SearchAction\",\"target\":{\"@type\":\"EntryPoint\",\"urlTemplate\":\"https:\/\/jobo-borstels.dapprgemaakt.nl\/de\/?s={search_term_string}\"},\"query-input\":{\"@type\":\"PropertyValueSpecification\",\"valueRequired\":true,\"valueName\":\"search_term_string\"}}],\"inLanguage\":\"de\"}]}<\/script>\n<!-- \/ Yoast SEO plugin. -->","yoast_head_json":{"title":"F\u00fchrung f\u00fcr die Bremsstange - Jobo Borstelfabriek","robots":{"index":"noindex","follow":"follow","max-snippet":"max-snippet:-1","max-image-preview":"max-image-preview:large","max-video-preview":"max-video-preview:-1"},"og_locale":"de_DE","og_type":"article","og_title":"F\u00fchrung f\u00fcr die Bremsstange - Jobo Borstelfabriek","og_description":"B\u00fcrstenleisten spielen eine entscheidende Rolle in der Fertigungs- und Verarbeitungsindustrie, indem sie Produkte sicher und effizient f\u00fchren und sch\u00fctzen. Diese mit B\u00fcrsten ausgestatteten Leisten erm\u00f6glichen [&hellip;]","og_url":"https:\/\/jobo-borstels.dapprgemaakt.nl\/de\/produkt\/fuehrung-fuer-die-bremsstange\/","og_site_name":"Jobo Borstelfabriek","article_modified_time":"2024-07-12T09:10:47+00:00","og_image":[{"width":2560,"height":2330,"url":"https:\/\/jobo-borstels.dapprgemaakt.nl\/wp-content\/uploads\/2023\/11\/borstellat-begeleiding-deuren-2-scaled.jpg","type":"image\/jpeg"}],"twitter_card":"summary_large_image","twitter_misc":{"Gesch\u00e4tzte Lesezeit":"2\u00a0Minuten"},"schema":{"@context":"https:\/\/schema.org","@graph":[{"@type":"WebPage","@id":"https:\/\/jobo-borstels.dapprgemaakt.nl\/de\/produkt\/fuehrung-fuer-die-bremsstange\/","url":"https:\/\/jobo-borstels.dapprgemaakt.nl\/de\/produkt\/fuehrung-fuer-die-bremsstange\/","name":"F\u00fchrung f\u00fcr die Bremsstange - Jobo Borstelfabriek","isPartOf":{"@id":"https:\/\/jobo-borstels.dapprgemaakt.nl\/de\/#website"},"primaryImageOfPage":{"@id":"https:\/\/jobo-borstels.dapprgemaakt.nl\/de\/produkt\/fuehrung-fuer-die-bremsstange\/#primaryimage"},"image":{"@id":"https:\/\/jobo-borstels.dapprgemaakt.nl\/de\/produkt\/fuehrung-fuer-die-bremsstange\/#primaryimage"},"thumbnailUrl":"https:\/\/jobo-borstels.dapprgemaakt.nl\/wp-content\/uploads\/2023\/11\/borstellat-begeleiding-deuren-2-scaled.jpg","datePublished":"2023-11-23T12:34:19+00:00","dateModified":"2024-07-12T09:10:47+00:00","breadcrumb":{"@id":"https:\/\/jobo-borstels.dapprgemaakt.nl\/de\/produkt\/fuehrung-fuer-die-bremsstange\/#breadcrumb"},"inLanguage":"de","potentialAction":[{"@type":"ReadAction","target":["https:\/\/jobo-borstels.dapprgemaakt.nl\/de\/produkt\/fuehrung-fuer-die-bremsstange\/"]}]},{"@type":"ImageObject","inLanguage":"de","@id":"https:\/\/jobo-borstels.dapprgemaakt.nl\/de\/produkt\/fuehrung-fuer-die-bremsstange\/#primaryimage","url":"https:\/\/jobo-borstels.dapprgemaakt.nl\/wp-content\/uploads\/2023\/11\/borstellat-begeleiding-deuren-2-scaled.jpg","contentUrl":"https:\/\/jobo-borstels.dapprgemaakt.nl\/wp-content\/uploads\/2023\/11\/borstellat-begeleiding-deuren-2-scaled.jpg","width":2560,"height":2330,"caption":"borstellat begeleiding deuren"},{"@type":"BreadcrumbList","@id":"https:\/\/jobo-borstels.dapprgemaakt.nl\/de\/produkt\/fuehrung-fuer-die-bremsstange\/#breadcrumb","itemListElement":[{"@type":"ListItem","position":1,"name":"Home","item":"https:\/\/besenundbuersten.de\/"},{"@type":"ListItem","position":2,"name":"Produkte","item":"https:\/\/jobo-borstels.dapprgemaakt.nl\/de\/shop\/"},{"@type":"ListItem","position":3,"name":"F\u00fchrung f\u00fcr die Bremsstange"}]},{"@type":"WebSite","@id":"https:\/\/jobo-borstels.dapprgemaakt.nl\/de\/#website","url":"https:\/\/jobo-borstels.dapprgemaakt.nl\/de\/","name":"Jobo Borstelfabriek","description":"","potentialAction":[{"@type":"SearchAction","target":{"@type":"EntryPoint","urlTemplate":"https:\/\/jobo-borstels.dapprgemaakt.nl\/de\/?s={search_term_string}"},"query-input":{"@type":"PropertyValueSpecification","valueRequired":true,"valueName":"search_term_string"}}],"inLanguage":"de"}]}},"_links":{"self":[{"href":"https:\/\/jobo-borstels.dapprgemaakt.nl\/de\/wp-json\/wp\/v2\/product\/2734","targetHints":{"allow":["GET"]}}],"collection":[{"href":"https:\/\/jobo-borstels.dapprgemaakt.nl\/de\/wp-json\/wp\/v2\/product"}],"about":[{"href":"https:\/\/jobo-borstels.dapprgemaakt.nl\/de\/wp-json\/wp\/v2\/types\/product"}],"wp:featuredmedia":[{"embeddable":true,"href":"https:\/\/jobo-borstels.dapprgemaakt.nl\/de\/wp-json\/wp\/v2\/media\/1696"}],"wp:attachment":[{"href":"https:\/\/jobo-borstels.dapprgemaakt.nl\/de\/wp-json\/wp\/v2\/media?parent=2734"}],"wp:term":[{"taxonomy":"product_cat","embeddable":true,"href":"https:\/\/jobo-borstels.dapprgemaakt.nl\/de\/wp-json\/wp\/v2\/product_cat?post=2734"},{"taxonomy":"product_tag","embeddable":true,"href":"https:\/\/jobo-borstels.dapprgemaakt.nl\/de\/wp-json\/wp\/v2\/product_tag?post=2734"}],"curies":[{"name":"wp","href":"https:\/\/api.w.org\/{rel}","templated":true}]}}