{"id":2738,"date":"2023-11-23T12:32:15","date_gmt":"2023-11-23T12:32:15","guid":{"rendered":"https:\/\/jobo-borstels.dapprgemaakt.nl\/product\/buerstenleiste-versiegeln\/"},"modified":"2024-07-12T09:09:17","modified_gmt":"2024-07-12T09:09:17","slug":"buerstenleiste-versiegeln","status":"publish","type":"product","link":"https:\/\/jobo-borstels.dapprgemaakt.nl\/de\/produkt\/buerstenleiste-versiegeln\/","title":{"rendered":"B\u00fcrstenleiste versiegeln"},"content":{"rendered":"<p>Dichtungsb\u00fcrsten bieten eine praktische L\u00f6sung f\u00fcr eine Vielzahl von technischen und betrieblichen Herausforderungen in verschiedenen Umgebungen. Sie werden f\u00fcr bestimmte Zwecke eingesetzt, wie z.B. zum Schutz vor V\u00f6geln unter Br\u00fccken, eine Anwendung, die nicht nur die Sicherheit und Haltbarkeit der Struktur verbessert, sondern auch die Wartungskosten reduziert. In der Industrie sind diese B\u00fcrsten unverzichtbar, um Sp\u00e4ne rund um Maschinen aufzufangen, den Arbeitsplatz sauber zu halten und die Wahrscheinlichkeit von Maschinenausf\u00e4llen zu verringern.<\/p>\n<p>Bei T\u00fcren bieten Dichtungsb\u00fcrsten eine wirksame Barriere zum Ausf\u00fcllen von Spalten und tragen so zu einer besseren Kontrolle der Umgebungsbedingungen in einem Raum bei, z. B. der Temperatur und des Staubniveaus. Sie bew\u00e4hren sich auch unter Z\u00e4unen, indem sie verhindern, dass Haustiere entkommen, was sowohl der Sicherheit des Tieres als auch dem Seelenfrieden des Besitzers zugute kommt.<\/p>\n<p>Dar\u00fcber hinaus k\u00f6nnen Dichtungsb\u00fcrsten zur Lichtabdichtung verwendet werden, ein entscheidender Faktor in Umgebungen, in denen Lichtkontrolle f\u00fcr Prozesse oder Komfort wichtig ist. Sie bieten auch eine L\u00f6sung f\u00fcr Situationen, in denen Gegenst\u00e4nde durch eine Dichtung bewegt werden m\u00fcssen, indem sie eine flexible Barriere bilden, die eine Anpassung an bewegliche Teile erm\u00f6glicht, ohne die Funktionalit\u00e4t zu beeintr\u00e4chtigen.<\/p>\n<p>Diese Vielseitigkeit macht Dichtungsb\u00fcrsten zu einem wertvollen Werkzeug f\u00fcr Ingenieure und technische Dienste, die nach zuverl\u00e4ssigen und effizienten M\u00f6glichkeiten zur Bew\u00e4ltigung ihrer betrieblichen Herausforderungen suchen.<\/p>\n","protected":false},"excerpt":{"rendered":"<p>Dichtungsb\u00fcrsten bieten eine praktische L\u00f6sung f\u00fcr eine Vielzahl von technischen und betrieblichen Herausforderungen in verschiedenen Umgebungen. Sie werden f\u00fcr bestimmte Zwecke eingesetzt, wie z.B. zum [&hellip;]<\/p>\n","protected":false},"featured_media":1736,"template":"","meta":{"_acf_changed":false},"product_cat":[231,234],"product_tag":[],"class_list":{"0":"post-2738","1":"product","2":"type-product","3":"status-publish","4":"has-post-thumbnail","6":"product_cat-alle-buersten","7":"product_cat-buerstenleisten","9":"first","10":"instock","11":"shipping-taxable","12":"product-type-simple"},"acf":[],"yoast_head":"<!-- This site is optimized with the Yoast SEO plugin v24.0 - https:\/\/yoast.com\/wordpress\/plugins\/seo\/ -->\n<title>B\u00fcrstenleiste versiegeln - Jobo Borstelfabriek<\/title>\n<meta name=\"robots\" content=\"noindex, follow, max-snippet:-1, max-image-preview:large, max-video-preview:-1\" \/>\n<meta property=\"og:locale\" content=\"de_DE\" \/>\n<meta property=\"og:type\" content=\"article\" \/>\n<meta property=\"og:title\" content=\"B\u00fcrstenleiste versiegeln - Jobo Borstelfabriek\" \/>\n<meta property=\"og:description\" content=\"Dichtungsb\u00fcrsten bieten eine praktische L\u00f6sung f\u00fcr eine Vielzahl von technischen und betrieblichen Herausforderungen in verschiedenen Umgebungen. Sie werden f\u00fcr bestimmte Zwecke eingesetzt, wie z.B. zum [&hellip;]\" \/>\n<meta property=\"og:url\" content=\"https:\/\/jobo-borstels.dapprgemaakt.nl\/de\/produkt\/buerstenleiste-versiegeln\/\" \/>\n<meta property=\"og:site_name\" content=\"Jobo Borstelfabriek\" \/>\n<meta property=\"article:modified_time\" content=\"2024-07-12T09:09:17+00:00\" \/>\n<meta property=\"og:image\" content=\"https:\/\/jobo-borstels.dapprgemaakt.nl\/wp-content\/uploads\/2023\/11\/Borstellat-afdichten.jpg\" \/>\n\t<meta property=\"og:image:width\" content=\"2000\" \/>\n\t<meta property=\"og:image:height\" content=\"1500\" \/>\n\t<meta property=\"og:image:type\" content=\"image\/jpeg\" \/>\n<meta name=\"twitter:card\" content=\"summary_large_image\" \/>\n<meta name=\"twitter:label1\" content=\"Gesch\u00e4tzte Lesezeit\" \/>\n\t<meta name=\"twitter:data1\" content=\"2\u00a0Minuten\" \/>\n<script type=\"application\/ld+json\" class=\"yoast-schema-graph\">{\"@context\":\"https:\/\/schema.org\",\"@graph\":[{\"@type\":\"WebPage\",\"@id\":\"https:\/\/jobo-borstels.dapprgemaakt.nl\/de\/produkt\/buerstenleiste-versiegeln\/\",\"url\":\"https:\/\/jobo-borstels.dapprgemaakt.nl\/de\/produkt\/buerstenleiste-versiegeln\/\",\"name\":\"B\u00fcrstenleiste versiegeln - Jobo Borstelfabriek\",\"isPartOf\":{\"@id\":\"https:\/\/jobo-borstels.dapprgemaakt.nl\/de\/#website\"},\"primaryImageOfPage\":{\"@id\":\"https:\/\/jobo-borstels.dapprgemaakt.nl\/de\/produkt\/buerstenleiste-versiegeln\/#primaryimage\"},\"image\":{\"@id\":\"https:\/\/jobo-borstels.dapprgemaakt.nl\/de\/produkt\/buerstenleiste-versiegeln\/#primaryimage\"},\"thumbnailUrl\":\"https:\/\/jobo-borstels.dapprgemaakt.nl\/wp-content\/uploads\/2023\/11\/Borstellat-afdichten.jpg\",\"datePublished\":\"2023-11-23T12:32:15+00:00\",\"dateModified\":\"2024-07-12T09:09:17+00:00\",\"breadcrumb\":{\"@id\":\"https:\/\/jobo-borstels.dapprgemaakt.nl\/de\/produkt\/buerstenleiste-versiegeln\/#breadcrumb\"},\"inLanguage\":\"de\",\"potentialAction\":[{\"@type\":\"ReadAction\",\"target\":[\"https:\/\/jobo-borstels.dapprgemaakt.nl\/de\/produkt\/buerstenleiste-versiegeln\/\"]}]},{\"@type\":\"ImageObject\",\"inLanguage\":\"de\",\"@id\":\"https:\/\/jobo-borstels.dapprgemaakt.nl\/de\/produkt\/buerstenleiste-versiegeln\/#primaryimage\",\"url\":\"https:\/\/jobo-borstels.dapprgemaakt.nl\/wp-content\/uploads\/2023\/11\/Borstellat-afdichten.jpg\",\"contentUrl\":\"https:\/\/jobo-borstels.dapprgemaakt.nl\/wp-content\/uploads\/2023\/11\/Borstellat-afdichten.jpg\",\"width\":2000,\"height\":1500,\"caption\":\"Borstellatten PBT\"},{\"@type\":\"BreadcrumbList\",\"@id\":\"https:\/\/jobo-borstels.dapprgemaakt.nl\/de\/produkt\/buerstenleiste-versiegeln\/#breadcrumb\",\"itemListElement\":[{\"@type\":\"ListItem\",\"position\":1,\"name\":\"Home\",\"item\":\"https:\/\/besenundbuersten.de\/\"},{\"@type\":\"ListItem\",\"position\":2,\"name\":\"Produkte\",\"item\":\"https:\/\/jobo-borstels.dapprgemaakt.nl\/de\/shop\/\"},{\"@type\":\"ListItem\",\"position\":3,\"name\":\"B\u00fcrstenleiste versiegeln\"}]},{\"@type\":\"WebSite\",\"@id\":\"https:\/\/jobo-borstels.dapprgemaakt.nl\/de\/#website\",\"url\":\"https:\/\/jobo-borstels.dapprgemaakt.nl\/de\/\",\"name\":\"Jobo Borstelfabriek\",\"description\":\"\",\"potentialAction\":[{\"@type\":\"SearchAction\",\"target\":{\"@type\":\"EntryPoint\",\"urlTemplate\":\"https:\/\/jobo-borstels.dapprgemaakt.nl\/de\/?s={search_term_string}\"},\"query-input\":{\"@type\":\"PropertyValueSpecification\",\"valueRequired\":true,\"valueName\":\"search_term_string\"}}],\"inLanguage\":\"de\"}]}<\/script>\n<!-- \/ Yoast SEO plugin. -->","yoast_head_json":{"title":"B\u00fcrstenleiste versiegeln - Jobo Borstelfabriek","robots":{"index":"noindex","follow":"follow","max-snippet":"max-snippet:-1","max-image-preview":"max-image-preview:large","max-video-preview":"max-video-preview:-1"},"og_locale":"de_DE","og_type":"article","og_title":"B\u00fcrstenleiste versiegeln - Jobo Borstelfabriek","og_description":"Dichtungsb\u00fcrsten bieten eine praktische L\u00f6sung f\u00fcr eine Vielzahl von technischen und betrieblichen Herausforderungen in verschiedenen Umgebungen. Sie werden f\u00fcr bestimmte Zwecke eingesetzt, wie z.B. zum [&hellip;]","og_url":"https:\/\/jobo-borstels.dapprgemaakt.nl\/de\/produkt\/buerstenleiste-versiegeln\/","og_site_name":"Jobo Borstelfabriek","article_modified_time":"2024-07-12T09:09:17+00:00","og_image":[{"width":2000,"height":1500,"url":"https:\/\/jobo-borstels.dapprgemaakt.nl\/wp-content\/uploads\/2023\/11\/Borstellat-afdichten.jpg","type":"image\/jpeg"}],"twitter_card":"summary_large_image","twitter_misc":{"Gesch\u00e4tzte Lesezeit":"2\u00a0Minuten"},"schema":{"@context":"https:\/\/schema.org","@graph":[{"@type":"WebPage","@id":"https:\/\/jobo-borstels.dapprgemaakt.nl\/de\/produkt\/buerstenleiste-versiegeln\/","url":"https:\/\/jobo-borstels.dapprgemaakt.nl\/de\/produkt\/buerstenleiste-versiegeln\/","name":"B\u00fcrstenleiste versiegeln - Jobo Borstelfabriek","isPartOf":{"@id":"https:\/\/jobo-borstels.dapprgemaakt.nl\/de\/#website"},"primaryImageOfPage":{"@id":"https:\/\/jobo-borstels.dapprgemaakt.nl\/de\/produkt\/buerstenleiste-versiegeln\/#primaryimage"},"image":{"@id":"https:\/\/jobo-borstels.dapprgemaakt.nl\/de\/produkt\/buerstenleiste-versiegeln\/#primaryimage"},"thumbnailUrl":"https:\/\/jobo-borstels.dapprgemaakt.nl\/wp-content\/uploads\/2023\/11\/Borstellat-afdichten.jpg","datePublished":"2023-11-23T12:32:15+00:00","dateModified":"2024-07-12T09:09:17+00:00","breadcrumb":{"@id":"https:\/\/jobo-borstels.dapprgemaakt.nl\/de\/produkt\/buerstenleiste-versiegeln\/#breadcrumb"},"inLanguage":"de","potentialAction":[{"@type":"ReadAction","target":["https:\/\/jobo-borstels.dapprgemaakt.nl\/de\/produkt\/buerstenleiste-versiegeln\/"]}]},{"@type":"ImageObject","inLanguage":"de","@id":"https:\/\/jobo-borstels.dapprgemaakt.nl\/de\/produkt\/buerstenleiste-versiegeln\/#primaryimage","url":"https:\/\/jobo-borstels.dapprgemaakt.nl\/wp-content\/uploads\/2023\/11\/Borstellat-afdichten.jpg","contentUrl":"https:\/\/jobo-borstels.dapprgemaakt.nl\/wp-content\/uploads\/2023\/11\/Borstellat-afdichten.jpg","width":2000,"height":1500,"caption":"Borstellatten PBT"},{"@type":"BreadcrumbList","@id":"https:\/\/jobo-borstels.dapprgemaakt.nl\/de\/produkt\/buerstenleiste-versiegeln\/#breadcrumb","itemListElement":[{"@type":"ListItem","position":1,"name":"Home","item":"https:\/\/besenundbuersten.de\/"},{"@type":"ListItem","position":2,"name":"Produkte","item":"https:\/\/jobo-borstels.dapprgemaakt.nl\/de\/shop\/"},{"@type":"ListItem","position":3,"name":"B\u00fcrstenleiste versiegeln"}]},{"@type":"WebSite","@id":"https:\/\/jobo-borstels.dapprgemaakt.nl\/de\/#website","url":"https:\/\/jobo-borstels.dapprgemaakt.nl\/de\/","name":"Jobo Borstelfabriek","description":"","potentialAction":[{"@type":"SearchAction","target":{"@type":"EntryPoint","urlTemplate":"https:\/\/jobo-borstels.dapprgemaakt.nl\/de\/?s={search_term_string}"},"query-input":{"@type":"PropertyValueSpecification","valueRequired":true,"valueName":"search_term_string"}}],"inLanguage":"de"}]}},"_links":{"self":[{"href":"https:\/\/jobo-borstels.dapprgemaakt.nl\/de\/wp-json\/wp\/v2\/product\/2738","targetHints":{"allow":["GET"]}}],"collection":[{"href":"https:\/\/jobo-borstels.dapprgemaakt.nl\/de\/wp-json\/wp\/v2\/product"}],"about":[{"href":"https:\/\/jobo-borstels.dapprgemaakt.nl\/de\/wp-json\/wp\/v2\/types\/product"}],"wp:featuredmedia":[{"embeddable":true,"href":"https:\/\/jobo-borstels.dapprgemaakt.nl\/de\/wp-json\/wp\/v2\/media\/1736"}],"wp:attachment":[{"href":"https:\/\/jobo-borstels.dapprgemaakt.nl\/de\/wp-json\/wp\/v2\/media?parent=2738"}],"wp:term":[{"taxonomy":"product_cat","embeddable":true,"href":"https:\/\/jobo-borstels.dapprgemaakt.nl\/de\/wp-json\/wp\/v2\/product_cat?post=2738"},{"taxonomy":"product_tag","embeddable":true,"href":"https:\/\/jobo-borstels.dapprgemaakt.nl\/de\/wp-json\/wp\/v2\/product_tag?post=2738"}],"curies":[{"name":"wp","href":"https:\/\/api.w.org\/{rel}","templated":true}]}}