{"id":2742,"date":"2023-11-12T09:28:58","date_gmt":"2023-11-12T09:28:58","guid":{"rendered":"https:\/\/jobo-borstels.dapprgemaakt.nl\/product\/reinigungsbuersten-rostfreier-stahl-stahl\/"},"modified":"2024-07-12T09:09:28","modified_gmt":"2024-07-12T09:09:28","slug":"reinigungsbuersten-rostfreier-stahl-stahl","status":"publish","type":"product","link":"https:\/\/jobo-borstels.dapprgemaakt.nl\/de\/produkt\/reinigungsbuersten-rostfreier-stahl-stahl\/","title":{"rendered":"Reinigungsb\u00fcrsten (rostfreier Stahl) Stahl"},"content":{"rendered":"<p>Stahlb\u00fcrsten sind dank ihrer St\u00e4rke, H\u00e4rte und Hitzebest\u00e4ndigkeit eine ausgezeichnete Wahl f\u00fcr schwere Reinigungsaufgaben. Reinigungsb\u00fcrsten aus Stahl eignen sich zum Entfernen von hartn\u00e4ckigem Schmutz, Rost und Farbe von Metalloberfl\u00e4chen. Die harten B\u00fcrsten werden h\u00e4ufig in der Metall- und Automobilindustrie eingesetzt, wo eine starke Reinigung erforderlich ist. Die Hitzebest\u00e4ndigkeit von Stahl macht diese B\u00fcrsten auch f\u00fcr Anwendungen mit hohen Temperaturen geeignet. Sie sind zwar sehr effektiv, aber es ist wichtig, dass Sie auf weicheren Oberfl\u00e4chen vorsichtig sind, um Kratzer zu vermeiden. Ihre robuste Beschaffenheit macht sie auch ideal zum Entgraten und zur Vorbereitung von Oberfl\u00e4chen f\u00fcr die weitere Bearbeitung. F\u00fcr Profis, die eine starke, harte und hitzebest\u00e4ndige Reinigungsl\u00f6sung ben\u00f6tigen, sind Stahlb\u00fcrsten eine zuverl\u00e4ssige Wahl.<\/p>\n","protected":false},"excerpt":{"rendered":"<p>Stahlreinigungsb\u00fcrsten sind ideal f\u00fcr intensive Reinigungsaufgaben und eignen sich perfekt f\u00fcr die Entfernung von hartn\u00e4ckigem Schmutz und Rost auf harten Oberfl\u00e4chen in industriellen Umgebungen.<\/p>\n","protected":false},"featured_media":2597,"template":"","meta":{"_acf_changed":false},"product_cat":[231,236,245],"product_tag":[],"class_list":{"0":"post-2742","1":"product","2":"type-product","3":"status-publish","4":"has-post-thumbnail","6":"product_cat-alle-buersten","7":"product_cat-baugewerbe","8":"product_cat-reinigungsbuersten","10":"first","11":"instock","12":"shipping-taxable","13":"product-type-simple"},"acf":[],"yoast_head":"<!-- This site is optimized with the Yoast SEO plugin v24.0 - https:\/\/yoast.com\/wordpress\/plugins\/seo\/ -->\n<title>Reinigungsb\u00fcrsten (rostfreier Stahl) Stahl - Jobo Borstelfabriek<\/title>\n<meta name=\"robots\" content=\"noindex, follow, max-snippet:-1, max-image-preview:large, max-video-preview:-1\" \/>\n<meta property=\"og:locale\" content=\"de_DE\" \/>\n<meta property=\"og:type\" content=\"article\" \/>\n<meta property=\"og:title\" content=\"Reinigungsb\u00fcrsten (rostfreier Stahl) Stahl - Jobo Borstelfabriek\" \/>\n<meta property=\"og:description\" content=\"Stahlreinigungsb\u00fcrsten sind ideal f\u00fcr intensive Reinigungsaufgaben und eignen sich perfekt f\u00fcr die Entfernung von hartn\u00e4ckigem Schmutz und Rost auf harten Oberfl\u00e4chen in industriellen Umgebungen.\" \/>\n<meta property=\"og:url\" content=\"https:\/\/jobo-borstels.dapprgemaakt.nl\/de\/produkt\/reinigungsbuersten-rostfreier-stahl-stahl\/\" \/>\n<meta property=\"og:site_name\" content=\"Jobo Borstelfabriek\" \/>\n<meta property=\"article:modified_time\" content=\"2024-07-12T09:09:28+00:00\" \/>\n<meta property=\"og:image\" content=\"https:\/\/jobo-borstels.dapprgemaakt.nl\/wp-content\/uploads\/2023\/11\/Vlampijpwisser-1-1.webp\" \/>\n\t<meta property=\"og:image:width\" content=\"1305\" \/>\n\t<meta property=\"og:image:height\" content=\"807\" \/>\n\t<meta property=\"og:image:type\" content=\"image\/webp\" \/>\n<meta name=\"twitter:card\" content=\"summary_large_image\" \/>\n<meta name=\"twitter:label1\" content=\"Gesch\u00e4tzte Lesezeit\" \/>\n\t<meta name=\"twitter:data1\" content=\"1\u00a0Minute\" \/>\n<script type=\"application\/ld+json\" class=\"yoast-schema-graph\">{\"@context\":\"https:\/\/schema.org\",\"@graph\":[{\"@type\":\"WebPage\",\"@id\":\"https:\/\/jobo-borstels.dapprgemaakt.nl\/de\/produkt\/reinigungsbuersten-rostfreier-stahl-stahl\/\",\"url\":\"https:\/\/jobo-borstels.dapprgemaakt.nl\/de\/produkt\/reinigungsbuersten-rostfreier-stahl-stahl\/\",\"name\":\"Reinigungsb\u00fcrsten (rostfreier Stahl) Stahl - Jobo Borstelfabriek\",\"isPartOf\":{\"@id\":\"https:\/\/jobo-borstels.dapprgemaakt.nl\/de\/#website\"},\"primaryImageOfPage\":{\"@id\":\"https:\/\/jobo-borstels.dapprgemaakt.nl\/de\/produkt\/reinigungsbuersten-rostfreier-stahl-stahl\/#primaryimage\"},\"image\":{\"@id\":\"https:\/\/jobo-borstels.dapprgemaakt.nl\/de\/produkt\/reinigungsbuersten-rostfreier-stahl-stahl\/#primaryimage\"},\"thumbnailUrl\":\"https:\/\/jobo-borstels.dapprgemaakt.nl\/wp-content\/uploads\/2023\/11\/Vlampijpwisser-1-1.webp\",\"datePublished\":\"2023-11-12T09:28:58+00:00\",\"dateModified\":\"2024-07-12T09:09:28+00:00\",\"breadcrumb\":{\"@id\":\"https:\/\/jobo-borstels.dapprgemaakt.nl\/de\/produkt\/reinigungsbuersten-rostfreier-stahl-stahl\/#breadcrumb\"},\"inLanguage\":\"de\",\"potentialAction\":[{\"@type\":\"ReadAction\",\"target\":[\"https:\/\/jobo-borstels.dapprgemaakt.nl\/de\/produkt\/reinigungsbuersten-rostfreier-stahl-stahl\/\"]}]},{\"@type\":\"ImageObject\",\"inLanguage\":\"de\",\"@id\":\"https:\/\/jobo-borstels.dapprgemaakt.nl\/de\/produkt\/reinigungsbuersten-rostfreier-stahl-stahl\/#primaryimage\",\"url\":\"https:\/\/jobo-borstels.dapprgemaakt.nl\/wp-content\/uploads\/2023\/11\/Vlampijpwisser-1-1.webp\",\"contentUrl\":\"https:\/\/jobo-borstels.dapprgemaakt.nl\/wp-content\/uploads\/2023\/11\/Vlampijpwisser-1-1.webp\",\"width\":1305,\"height\":807},{\"@type\":\"BreadcrumbList\",\"@id\":\"https:\/\/jobo-borstels.dapprgemaakt.nl\/de\/produkt\/reinigungsbuersten-rostfreier-stahl-stahl\/#breadcrumb\",\"itemListElement\":[{\"@type\":\"ListItem\",\"position\":1,\"name\":\"Home\",\"item\":\"https:\/\/besenundbuersten.de\/\"},{\"@type\":\"ListItem\",\"position\":2,\"name\":\"Produkte\",\"item\":\"https:\/\/jobo-borstels.dapprgemaakt.nl\/de\/shop\/\"},{\"@type\":\"ListItem\",\"position\":3,\"name\":\"Reinigungsb\u00fcrsten (rostfreier Stahl) Stahl\"}]},{\"@type\":\"WebSite\",\"@id\":\"https:\/\/jobo-borstels.dapprgemaakt.nl\/de\/#website\",\"url\":\"https:\/\/jobo-borstels.dapprgemaakt.nl\/de\/\",\"name\":\"Jobo Borstelfabriek\",\"description\":\"\",\"potentialAction\":[{\"@type\":\"SearchAction\",\"target\":{\"@type\":\"EntryPoint\",\"urlTemplate\":\"https:\/\/jobo-borstels.dapprgemaakt.nl\/de\/?s={search_term_string}\"},\"query-input\":{\"@type\":\"PropertyValueSpecification\",\"valueRequired\":true,\"valueName\":\"search_term_string\"}}],\"inLanguage\":\"de\"}]}<\/script>\n<!-- \/ Yoast SEO plugin. -->","yoast_head_json":{"title":"Reinigungsb\u00fcrsten (rostfreier Stahl) Stahl - Jobo Borstelfabriek","robots":{"index":"noindex","follow":"follow","max-snippet":"max-snippet:-1","max-image-preview":"max-image-preview:large","max-video-preview":"max-video-preview:-1"},"og_locale":"de_DE","og_type":"article","og_title":"Reinigungsb\u00fcrsten (rostfreier Stahl) Stahl - Jobo Borstelfabriek","og_description":"Stahlreinigungsb\u00fcrsten sind ideal f\u00fcr intensive Reinigungsaufgaben und eignen sich perfekt f\u00fcr die Entfernung von hartn\u00e4ckigem Schmutz und Rost auf harten Oberfl\u00e4chen in industriellen Umgebungen.","og_url":"https:\/\/jobo-borstels.dapprgemaakt.nl\/de\/produkt\/reinigungsbuersten-rostfreier-stahl-stahl\/","og_site_name":"Jobo Borstelfabriek","article_modified_time":"2024-07-12T09:09:28+00:00","og_image":[{"width":1305,"height":807,"url":"https:\/\/jobo-borstels.dapprgemaakt.nl\/wp-content\/uploads\/2023\/11\/Vlampijpwisser-1-1.webp","type":"image\/webp"}],"twitter_card":"summary_large_image","twitter_misc":{"Gesch\u00e4tzte Lesezeit":"1\u00a0Minute"},"schema":{"@context":"https:\/\/schema.org","@graph":[{"@type":"WebPage","@id":"https:\/\/jobo-borstels.dapprgemaakt.nl\/de\/produkt\/reinigungsbuersten-rostfreier-stahl-stahl\/","url":"https:\/\/jobo-borstels.dapprgemaakt.nl\/de\/produkt\/reinigungsbuersten-rostfreier-stahl-stahl\/","name":"Reinigungsb\u00fcrsten (rostfreier Stahl) Stahl - Jobo Borstelfabriek","isPartOf":{"@id":"https:\/\/jobo-borstels.dapprgemaakt.nl\/de\/#website"},"primaryImageOfPage":{"@id":"https:\/\/jobo-borstels.dapprgemaakt.nl\/de\/produkt\/reinigungsbuersten-rostfreier-stahl-stahl\/#primaryimage"},"image":{"@id":"https:\/\/jobo-borstels.dapprgemaakt.nl\/de\/produkt\/reinigungsbuersten-rostfreier-stahl-stahl\/#primaryimage"},"thumbnailUrl":"https:\/\/jobo-borstels.dapprgemaakt.nl\/wp-content\/uploads\/2023\/11\/Vlampijpwisser-1-1.webp","datePublished":"2023-11-12T09:28:58+00:00","dateModified":"2024-07-12T09:09:28+00:00","breadcrumb":{"@id":"https:\/\/jobo-borstels.dapprgemaakt.nl\/de\/produkt\/reinigungsbuersten-rostfreier-stahl-stahl\/#breadcrumb"},"inLanguage":"de","potentialAction":[{"@type":"ReadAction","target":["https:\/\/jobo-borstels.dapprgemaakt.nl\/de\/produkt\/reinigungsbuersten-rostfreier-stahl-stahl\/"]}]},{"@type":"ImageObject","inLanguage":"de","@id":"https:\/\/jobo-borstels.dapprgemaakt.nl\/de\/produkt\/reinigungsbuersten-rostfreier-stahl-stahl\/#primaryimage","url":"https:\/\/jobo-borstels.dapprgemaakt.nl\/wp-content\/uploads\/2023\/11\/Vlampijpwisser-1-1.webp","contentUrl":"https:\/\/jobo-borstels.dapprgemaakt.nl\/wp-content\/uploads\/2023\/11\/Vlampijpwisser-1-1.webp","width":1305,"height":807},{"@type":"BreadcrumbList","@id":"https:\/\/jobo-borstels.dapprgemaakt.nl\/de\/produkt\/reinigungsbuersten-rostfreier-stahl-stahl\/#breadcrumb","itemListElement":[{"@type":"ListItem","position":1,"name":"Home","item":"https:\/\/besenundbuersten.de\/"},{"@type":"ListItem","position":2,"name":"Produkte","item":"https:\/\/jobo-borstels.dapprgemaakt.nl\/de\/shop\/"},{"@type":"ListItem","position":3,"name":"Reinigungsb\u00fcrsten (rostfreier Stahl) Stahl"}]},{"@type":"WebSite","@id":"https:\/\/jobo-borstels.dapprgemaakt.nl\/de\/#website","url":"https:\/\/jobo-borstels.dapprgemaakt.nl\/de\/","name":"Jobo Borstelfabriek","description":"","potentialAction":[{"@type":"SearchAction","target":{"@type":"EntryPoint","urlTemplate":"https:\/\/jobo-borstels.dapprgemaakt.nl\/de\/?s={search_term_string}"},"query-input":{"@type":"PropertyValueSpecification","valueRequired":true,"valueName":"search_term_string"}}],"inLanguage":"de"}]}},"_links":{"self":[{"href":"https:\/\/jobo-borstels.dapprgemaakt.nl\/de\/wp-json\/wp\/v2\/product\/2742","targetHints":{"allow":["GET"]}}],"collection":[{"href":"https:\/\/jobo-borstels.dapprgemaakt.nl\/de\/wp-json\/wp\/v2\/product"}],"about":[{"href":"https:\/\/jobo-borstels.dapprgemaakt.nl\/de\/wp-json\/wp\/v2\/types\/product"}],"wp:featuredmedia":[{"embeddable":true,"href":"https:\/\/jobo-borstels.dapprgemaakt.nl\/de\/wp-json\/wp\/v2\/media\/2597"}],"wp:attachment":[{"href":"https:\/\/jobo-borstels.dapprgemaakt.nl\/de\/wp-json\/wp\/v2\/media?parent=2742"}],"wp:term":[{"taxonomy":"product_cat","embeddable":true,"href":"https:\/\/jobo-borstels.dapprgemaakt.nl\/de\/wp-json\/wp\/v2\/product_cat?post=2742"},{"taxonomy":"product_tag","embeddable":true,"href":"https:\/\/jobo-borstels.dapprgemaakt.nl\/de\/wp-json\/wp\/v2\/product_tag?post=2742"}],"curies":[{"name":"wp","href":"https:\/\/api.w.org\/{rel}","templated":true}]}}