{"id":2743,"date":"2023-08-12T09:05:39","date_gmt":"2023-08-12T09:05:39","guid":{"rendered":"https:\/\/jobo-borstels.dapprgemaakt.nl\/product\/reinigungsbuersten-rosshaar\/"},"modified":"2024-07-12T09:08:19","modified_gmt":"2024-07-12T09:08:19","slug":"reinigungsbuersten-rosshaar","status":"publish","type":"product","link":"https:\/\/jobo-borstels.dapprgemaakt.nl\/de\/produkt\/reinigungsbuersten-rosshaar\/","title":{"rendered":"Reinigungsb\u00fcrsten Rosshaar"},"content":{"rendered":"<div class=\"font-semibold\">\n<p>Rosshaar-Reinigungsb\u00fcrsten sind ideal zum Entfernen von Staub in Luftkan\u00e4len, Rohren und Leitungen. Dank ihrer weichen und flexiblen Borsten kratzt diese B\u00fcrste nicht. Die B\u00fcrste hat antistatische Eigenschaften und eignet sich daher perfekt f\u00fcr den Einsatz in empfindlichen Umgebungen. Ihre Haltbarkeit und Vielseitigkeit machen sie zu einer verantwortungsvollen Wahl f\u00fcr verschiedene Reinigungsanwendungen.<\/p>\n<p>Hergestellt in Hoogeveen, den Niederlanden.<\/p>\n<\/div>\n<div class=\"layout-container\">\n<div class=\"row layout-row\">\n<div class=\"layout-column-1 layout-column-size-4 col-xs-12 col-sm-4 layout-column\" data-sizes=\"XS:12\/12, SM:4\/12\"><\/div>\n<\/div>\n<\/div>\n","protected":false},"excerpt":{"rendered":"<p>Unsere industriellen Rosshaar-Reinigungsb\u00fcrsten bieten eine weiche, flexible und langlebige L\u00f6sung f\u00fcr die Reinigung von Rohren, Kan\u00e4len und Maschinenteilen, selbst an den unzug\u00e4nglichsten Stellen, mit feuchtigkeitsregulierenden und antistatischen Eigenschaften, die zu einer l\u00e4ngeren Lebensdauer beitragen.<\/p>\n","protected":false},"featured_media":2112,"template":"","meta":{"_acf_changed":false},"product_cat":[231,245],"product_tag":[],"class_list":{"0":"post-2743","1":"product","2":"type-product","3":"status-publish","4":"has-post-thumbnail","6":"product_cat-alle-buersten","7":"product_cat-reinigungsbuersten","9":"first","10":"instock","11":"shipping-taxable","12":"product-type-simple"},"acf":[],"yoast_head":"<!-- This site is optimized with the Yoast SEO plugin v24.0 - https:\/\/yoast.com\/wordpress\/plugins\/seo\/ -->\n<title>Reinigungsb\u00fcrsten Rosshaar - Jobo Borstelfabriek<\/title>\n<meta name=\"description\" content=\"Entdecken Sie unsere hochwertigen Rosshaarb\u00fcrsten, hergestellt in den Niederlanden. Perfekt f\u00fcr die sanfte, effektive Reinigung. Rosshaarb\u00fcrsten sind langlebig, haben nat\u00fcrlich antistatische Eigenschaften und sind feuchtigkeitsregulierend. Ideal f\u00fcr den professionellen und t\u00e4glichen Gebrauch. Rufen Sie uns jetzt an f\u00fcr B\u00fcrsten, die Qualit\u00e4t und Funktionalit\u00e4t vereinen\" \/>\n<meta name=\"robots\" content=\"noindex, follow, max-snippet:-1, max-image-preview:large, max-video-preview:-1\" \/>\n<meta property=\"og:locale\" content=\"de_DE\" \/>\n<meta property=\"og:type\" content=\"article\" \/>\n<meta property=\"og:title\" content=\"Reinigungsb\u00fcrsten Rosshaar - Jobo Borstelfabriek\" \/>\n<meta property=\"og:description\" content=\"Entdecken Sie unsere hochwertigen Rosshaarb\u00fcrsten, hergestellt in den Niederlanden. Perfekt f\u00fcr die sanfte, effektive Reinigung. Rosshaarb\u00fcrsten sind langlebig, haben nat\u00fcrlich antistatische Eigenschaften und sind feuchtigkeitsregulierend. Ideal f\u00fcr den professionellen und t\u00e4glichen Gebrauch. Rufen Sie uns jetzt an f\u00fcr B\u00fcrsten, die Qualit\u00e4t und Funktionalit\u00e4t vereinen\" \/>\n<meta property=\"og:url\" content=\"https:\/\/jobo-borstels.dapprgemaakt.nl\/de\/produkt\/reinigungsbuersten-rosshaar\/\" \/>\n<meta property=\"og:site_name\" content=\"Jobo Borstelfabriek\" \/>\n<meta property=\"article:modified_time\" content=\"2024-07-12T09:08:19+00:00\" \/>\n<meta property=\"og:image\" content=\"https:\/\/jobo-borstels.dapprgemaakt.nl\/wp-content\/uploads\/2023\/08\/Wissers-paardenhaar-met-waaierpluim-4.jpg\" \/>\n\t<meta property=\"og:image:width\" content=\"2000\" \/>\n\t<meta property=\"og:image:height\" content=\"1333\" \/>\n\t<meta property=\"og:image:type\" content=\"image\/jpeg\" \/>\n<meta name=\"twitter:card\" content=\"summary_large_image\" \/>\n<meta name=\"twitter:label1\" content=\"Gesch\u00e4tzte Lesezeit\" \/>\n\t<meta name=\"twitter:data1\" content=\"1\u00a0Minute\" \/>\n<script type=\"application\/ld+json\" class=\"yoast-schema-graph\">{\"@context\":\"https:\/\/schema.org\",\"@graph\":[{\"@type\":\"WebPage\",\"@id\":\"https:\/\/jobo-borstels.dapprgemaakt.nl\/de\/produkt\/reinigungsbuersten-rosshaar\/\",\"url\":\"https:\/\/jobo-borstels.dapprgemaakt.nl\/de\/produkt\/reinigungsbuersten-rosshaar\/\",\"name\":\"Reinigungsb\u00fcrsten Rosshaar - Jobo Borstelfabriek\",\"isPartOf\":{\"@id\":\"https:\/\/jobo-borstels.dapprgemaakt.nl\/de\/#website\"},\"primaryImageOfPage\":{\"@id\":\"https:\/\/jobo-borstels.dapprgemaakt.nl\/de\/produkt\/reinigungsbuersten-rosshaar\/#primaryimage\"},\"image\":{\"@id\":\"https:\/\/jobo-borstels.dapprgemaakt.nl\/de\/produkt\/reinigungsbuersten-rosshaar\/#primaryimage\"},\"thumbnailUrl\":\"https:\/\/jobo-borstels.dapprgemaakt.nl\/wp-content\/uploads\/2023\/08\/Wissers-paardenhaar-met-waaierpluim-4.jpg\",\"datePublished\":\"2023-08-12T09:05:39+00:00\",\"dateModified\":\"2024-07-12T09:08:19+00:00\",\"description\":\"Entdecken Sie unsere hochwertigen Rosshaarb\u00fcrsten, hergestellt in den Niederlanden. Perfekt f\u00fcr die sanfte, effektive Reinigung. Rosshaarb\u00fcrsten sind langlebig, haben nat\u00fcrlich antistatische Eigenschaften und sind feuchtigkeitsregulierend. Ideal f\u00fcr den professionellen und t\u00e4glichen Gebrauch. Rufen Sie uns jetzt an f\u00fcr B\u00fcrsten, die Qualit\u00e4t und Funktionalit\u00e4t vereinen\",\"breadcrumb\":{\"@id\":\"https:\/\/jobo-borstels.dapprgemaakt.nl\/de\/produkt\/reinigungsbuersten-rosshaar\/#breadcrumb\"},\"inLanguage\":\"de\",\"potentialAction\":[{\"@type\":\"ReadAction\",\"target\":[\"https:\/\/jobo-borstels.dapprgemaakt.nl\/de\/produkt\/reinigungsbuersten-rosshaar\/\"]}]},{\"@type\":\"ImageObject\",\"inLanguage\":\"de\",\"@id\":\"https:\/\/jobo-borstels.dapprgemaakt.nl\/de\/produkt\/reinigungsbuersten-rosshaar\/#primaryimage\",\"url\":\"https:\/\/jobo-borstels.dapprgemaakt.nl\/wp-content\/uploads\/2023\/08\/Wissers-paardenhaar-met-waaierpluim-4.jpg\",\"contentUrl\":\"https:\/\/jobo-borstels.dapprgemaakt.nl\/wp-content\/uploads\/2023\/08\/Wissers-paardenhaar-met-waaierpluim-4.jpg\",\"width\":2000,\"height\":1333,\"caption\":\"Wissers paardenhaar met waaierpluim\"},{\"@type\":\"BreadcrumbList\",\"@id\":\"https:\/\/jobo-borstels.dapprgemaakt.nl\/de\/produkt\/reinigungsbuersten-rosshaar\/#breadcrumb\",\"itemListElement\":[{\"@type\":\"ListItem\",\"position\":1,\"name\":\"Home\",\"item\":\"https:\/\/besenundbuersten.de\/\"},{\"@type\":\"ListItem\",\"position\":2,\"name\":\"Produkte\",\"item\":\"https:\/\/jobo-borstels.dapprgemaakt.nl\/de\/shop\/\"},{\"@type\":\"ListItem\",\"position\":3,\"name\":\"Reinigungsb\u00fcrsten Rosshaar\"}]},{\"@type\":\"WebSite\",\"@id\":\"https:\/\/jobo-borstels.dapprgemaakt.nl\/de\/#website\",\"url\":\"https:\/\/jobo-borstels.dapprgemaakt.nl\/de\/\",\"name\":\"Jobo Borstelfabriek\",\"description\":\"\",\"potentialAction\":[{\"@type\":\"SearchAction\",\"target\":{\"@type\":\"EntryPoint\",\"urlTemplate\":\"https:\/\/jobo-borstels.dapprgemaakt.nl\/de\/?s={search_term_string}\"},\"query-input\":{\"@type\":\"PropertyValueSpecification\",\"valueRequired\":true,\"valueName\":\"search_term_string\"}}],\"inLanguage\":\"de\"}]}<\/script>\n<!-- \/ Yoast SEO plugin. -->","yoast_head_json":{"title":"Reinigungsb\u00fcrsten Rosshaar - Jobo Borstelfabriek","description":"Entdecken Sie unsere hochwertigen Rosshaarb\u00fcrsten, hergestellt in den Niederlanden. Perfekt f\u00fcr die sanfte, effektive Reinigung. Rosshaarb\u00fcrsten sind langlebig, haben nat\u00fcrlich antistatische Eigenschaften und sind feuchtigkeitsregulierend. Ideal f\u00fcr den professionellen und t\u00e4glichen Gebrauch. Rufen Sie uns jetzt an f\u00fcr B\u00fcrsten, die Qualit\u00e4t und Funktionalit\u00e4t vereinen","robots":{"index":"noindex","follow":"follow","max-snippet":"max-snippet:-1","max-image-preview":"max-image-preview:large","max-video-preview":"max-video-preview:-1"},"og_locale":"de_DE","og_type":"article","og_title":"Reinigungsb\u00fcrsten Rosshaar - Jobo Borstelfabriek","og_description":"Entdecken Sie unsere hochwertigen Rosshaarb\u00fcrsten, hergestellt in den Niederlanden. Perfekt f\u00fcr die sanfte, effektive Reinigung. Rosshaarb\u00fcrsten sind langlebig, haben nat\u00fcrlich antistatische Eigenschaften und sind feuchtigkeitsregulierend. Ideal f\u00fcr den professionellen und t\u00e4glichen Gebrauch. Rufen Sie uns jetzt an f\u00fcr B\u00fcrsten, die Qualit\u00e4t und Funktionalit\u00e4t vereinen","og_url":"https:\/\/jobo-borstels.dapprgemaakt.nl\/de\/produkt\/reinigungsbuersten-rosshaar\/","og_site_name":"Jobo Borstelfabriek","article_modified_time":"2024-07-12T09:08:19+00:00","og_image":[{"width":2000,"height":1333,"url":"https:\/\/jobo-borstels.dapprgemaakt.nl\/wp-content\/uploads\/2023\/08\/Wissers-paardenhaar-met-waaierpluim-4.jpg","type":"image\/jpeg"}],"twitter_card":"summary_large_image","twitter_misc":{"Gesch\u00e4tzte Lesezeit":"1\u00a0Minute"},"schema":{"@context":"https:\/\/schema.org","@graph":[{"@type":"WebPage","@id":"https:\/\/jobo-borstels.dapprgemaakt.nl\/de\/produkt\/reinigungsbuersten-rosshaar\/","url":"https:\/\/jobo-borstels.dapprgemaakt.nl\/de\/produkt\/reinigungsbuersten-rosshaar\/","name":"Reinigungsb\u00fcrsten Rosshaar - Jobo Borstelfabriek","isPartOf":{"@id":"https:\/\/jobo-borstels.dapprgemaakt.nl\/de\/#website"},"primaryImageOfPage":{"@id":"https:\/\/jobo-borstels.dapprgemaakt.nl\/de\/produkt\/reinigungsbuersten-rosshaar\/#primaryimage"},"image":{"@id":"https:\/\/jobo-borstels.dapprgemaakt.nl\/de\/produkt\/reinigungsbuersten-rosshaar\/#primaryimage"},"thumbnailUrl":"https:\/\/jobo-borstels.dapprgemaakt.nl\/wp-content\/uploads\/2023\/08\/Wissers-paardenhaar-met-waaierpluim-4.jpg","datePublished":"2023-08-12T09:05:39+00:00","dateModified":"2024-07-12T09:08:19+00:00","description":"Entdecken Sie unsere hochwertigen Rosshaarb\u00fcrsten, hergestellt in den Niederlanden. Perfekt f\u00fcr die sanfte, effektive Reinigung. Rosshaarb\u00fcrsten sind langlebig, haben nat\u00fcrlich antistatische Eigenschaften und sind feuchtigkeitsregulierend. Ideal f\u00fcr den professionellen und t\u00e4glichen Gebrauch. Rufen Sie uns jetzt an f\u00fcr B\u00fcrsten, die Qualit\u00e4t und Funktionalit\u00e4t vereinen","breadcrumb":{"@id":"https:\/\/jobo-borstels.dapprgemaakt.nl\/de\/produkt\/reinigungsbuersten-rosshaar\/#breadcrumb"},"inLanguage":"de","potentialAction":[{"@type":"ReadAction","target":["https:\/\/jobo-borstels.dapprgemaakt.nl\/de\/produkt\/reinigungsbuersten-rosshaar\/"]}]},{"@type":"ImageObject","inLanguage":"de","@id":"https:\/\/jobo-borstels.dapprgemaakt.nl\/de\/produkt\/reinigungsbuersten-rosshaar\/#primaryimage","url":"https:\/\/jobo-borstels.dapprgemaakt.nl\/wp-content\/uploads\/2023\/08\/Wissers-paardenhaar-met-waaierpluim-4.jpg","contentUrl":"https:\/\/jobo-borstels.dapprgemaakt.nl\/wp-content\/uploads\/2023\/08\/Wissers-paardenhaar-met-waaierpluim-4.jpg","width":2000,"height":1333,"caption":"Wissers paardenhaar met waaierpluim"},{"@type":"BreadcrumbList","@id":"https:\/\/jobo-borstels.dapprgemaakt.nl\/de\/produkt\/reinigungsbuersten-rosshaar\/#breadcrumb","itemListElement":[{"@type":"ListItem","position":1,"name":"Home","item":"https:\/\/besenundbuersten.de\/"},{"@type":"ListItem","position":2,"name":"Produkte","item":"https:\/\/jobo-borstels.dapprgemaakt.nl\/de\/shop\/"},{"@type":"ListItem","position":3,"name":"Reinigungsb\u00fcrsten Rosshaar"}]},{"@type":"WebSite","@id":"https:\/\/jobo-borstels.dapprgemaakt.nl\/de\/#website","url":"https:\/\/jobo-borstels.dapprgemaakt.nl\/de\/","name":"Jobo Borstelfabriek","description":"","potentialAction":[{"@type":"SearchAction","target":{"@type":"EntryPoint","urlTemplate":"https:\/\/jobo-borstels.dapprgemaakt.nl\/de\/?s={search_term_string}"},"query-input":{"@type":"PropertyValueSpecification","valueRequired":true,"valueName":"search_term_string"}}],"inLanguage":"de"}]}},"_links":{"self":[{"href":"https:\/\/jobo-borstels.dapprgemaakt.nl\/de\/wp-json\/wp\/v2\/product\/2743","targetHints":{"allow":["GET"]}}],"collection":[{"href":"https:\/\/jobo-borstels.dapprgemaakt.nl\/de\/wp-json\/wp\/v2\/product"}],"about":[{"href":"https:\/\/jobo-borstels.dapprgemaakt.nl\/de\/wp-json\/wp\/v2\/types\/product"}],"wp:featuredmedia":[{"embeddable":true,"href":"https:\/\/jobo-borstels.dapprgemaakt.nl\/de\/wp-json\/wp\/v2\/media\/2112"}],"wp:attachment":[{"href":"https:\/\/jobo-borstels.dapprgemaakt.nl\/de\/wp-json\/wp\/v2\/media?parent=2743"}],"wp:term":[{"taxonomy":"product_cat","embeddable":true,"href":"https:\/\/jobo-borstels.dapprgemaakt.nl\/de\/wp-json\/wp\/v2\/product_cat?post=2743"},{"taxonomy":"product_tag","embeddable":true,"href":"https:\/\/jobo-borstels.dapprgemaakt.nl\/de\/wp-json\/wp\/v2\/product_tag?post=2743"}],"curies":[{"name":"wp","href":"https:\/\/api.w.org\/{rel}","templated":true}]}}