{"id":2744,"date":"2023-07-12T09:01:54","date_gmt":"2023-07-12T09:01:54","guid":{"rendered":"https:\/\/jobo-borstels.dapprgemaakt.nl\/product\/reinigungsbuersten-mit-schweineborsten\/"},"modified":"2024-07-12T09:09:14","modified_gmt":"2024-07-12T09:09:14","slug":"reinigungsbuersten-mit-schweineborsten","status":"publish","type":"product","link":"https:\/\/jobo-borstels.dapprgemaakt.nl\/de\/produkt\/reinigungsbuersten-mit-schweineborsten\/","title":{"rendered":"Reinigungsb\u00fcrsten mit Schweineborsten"},"content":{"rendered":"<p>Unsere Industrieborstenb\u00fcrsten wurden speziell f\u00fcr verschiedene Reinigungsanwendungen entwickelt und eignen sich perfekt f\u00fcr die effektive und kratzfreie Reinigung von Rohren, Schl\u00e4uchen und anderen schwer zug\u00e4nglichen Stellen. Diese Pinsel kombinieren eine robuste Struktur mit Flexibilit\u00e4t und verf\u00fcgen \u00fcber nat\u00fcrliche feuchtigkeits- und \u00f6lresistente Eigenschaften, die eine lang anhaltende, pflegeleichte und sichere Anwendung gew\u00e4hrleisten.<\/p>\n<p>Hergestellt in Hoogeveen, den Niederlanden.<\/p>\n","protected":false},"excerpt":{"rendered":"<p>Unsere Industrieborstenb\u00fcrsten wurden speziell f\u00fcr verschiedene Reinigungsanwendungen entwickelt und eignen sich perfekt f\u00fcr die effektive und kratzfreie Reinigung von Rohren, Schl\u00e4uchen und anderen schwer zug\u00e4nglichen [&hellip;]<\/p>\n","protected":false},"featured_media":2117,"template":"","meta":{"_acf_changed":false},"product_cat":[231,245],"product_tag":[],"class_list":{"0":"post-2744","1":"product","2":"type-product","3":"status-publish","4":"has-post-thumbnail","6":"product_cat-alle-buersten","7":"product_cat-reinigungsbuersten","9":"first","10":"instock","11":"shipping-taxable","12":"product-type-simple"},"acf":[],"yoast_head":"<!-- This site is optimized with the Yoast SEO plugin v24.0 - https:\/\/yoast.com\/wordpress\/plugins\/seo\/ -->\n<title>Reinigungsb\u00fcrsten mit Schweineborsten - Jobo Borstelfabriek<\/title>\n<meta name=\"robots\" content=\"noindex, follow, max-snippet:-1, max-image-preview:large, max-video-preview:-1\" \/>\n<meta property=\"og:locale\" content=\"de_DE\" \/>\n<meta property=\"og:type\" content=\"article\" \/>\n<meta property=\"og:title\" content=\"Reinigungsb\u00fcrsten mit Schweineborsten - Jobo Borstelfabriek\" \/>\n<meta property=\"og:description\" content=\"Unsere Industrieborstenb\u00fcrsten wurden speziell f\u00fcr verschiedene Reinigungsanwendungen entwickelt und eignen sich perfekt f\u00fcr die effektive und kratzfreie Reinigung von Rohren, Schl\u00e4uchen und anderen schwer zug\u00e4nglichen [&hellip;]\" \/>\n<meta property=\"og:url\" content=\"https:\/\/jobo-borstels.dapprgemaakt.nl\/de\/produkt\/reinigungsbuersten-mit-schweineborsten\/\" \/>\n<meta property=\"og:site_name\" content=\"Jobo Borstelfabriek\" \/>\n<meta property=\"article:modified_time\" content=\"2024-07-12T09:09:14+00:00\" \/>\n<meta property=\"og:image\" content=\"https:\/\/jobo-borstels.dapprgemaakt.nl\/wp-content\/uploads\/2023\/07\/Wissers-varkenshaar-2.jpg\" \/>\n\t<meta property=\"og:image:width\" content=\"2000\" \/>\n\t<meta property=\"og:image:height\" content=\"1333\" \/>\n\t<meta property=\"og:image:type\" content=\"image\/jpeg\" \/>\n<meta name=\"twitter:card\" content=\"summary_large_image\" \/>\n<meta name=\"twitter:label1\" content=\"Gesch\u00e4tzte Lesezeit\" \/>\n\t<meta name=\"twitter:data1\" content=\"1\u00a0Minute\" \/>\n<script type=\"application\/ld+json\" class=\"yoast-schema-graph\">{\"@context\":\"https:\/\/schema.org\",\"@graph\":[{\"@type\":\"WebPage\",\"@id\":\"https:\/\/jobo-borstels.dapprgemaakt.nl\/de\/produkt\/reinigungsbuersten-mit-schweineborsten\/\",\"url\":\"https:\/\/jobo-borstels.dapprgemaakt.nl\/de\/produkt\/reinigungsbuersten-mit-schweineborsten\/\",\"name\":\"Reinigungsb\u00fcrsten mit Schweineborsten - Jobo Borstelfabriek\",\"isPartOf\":{\"@id\":\"https:\/\/jobo-borstels.dapprgemaakt.nl\/de\/#website\"},\"primaryImageOfPage\":{\"@id\":\"https:\/\/jobo-borstels.dapprgemaakt.nl\/de\/produkt\/reinigungsbuersten-mit-schweineborsten\/#primaryimage\"},\"image\":{\"@id\":\"https:\/\/jobo-borstels.dapprgemaakt.nl\/de\/produkt\/reinigungsbuersten-mit-schweineborsten\/#primaryimage\"},\"thumbnailUrl\":\"https:\/\/jobo-borstels.dapprgemaakt.nl\/wp-content\/uploads\/2023\/07\/Wissers-varkenshaar-2.jpg\",\"datePublished\":\"2023-07-12T09:01:54+00:00\",\"dateModified\":\"2024-07-12T09:09:14+00:00\",\"breadcrumb\":{\"@id\":\"https:\/\/jobo-borstels.dapprgemaakt.nl\/de\/produkt\/reinigungsbuersten-mit-schweineborsten\/#breadcrumb\"},\"inLanguage\":\"de\",\"potentialAction\":[{\"@type\":\"ReadAction\",\"target\":[\"https:\/\/jobo-borstels.dapprgemaakt.nl\/de\/produkt\/reinigungsbuersten-mit-schweineborsten\/\"]}]},{\"@type\":\"ImageObject\",\"inLanguage\":\"de\",\"@id\":\"https:\/\/jobo-borstels.dapprgemaakt.nl\/de\/produkt\/reinigungsbuersten-mit-schweineborsten\/#primaryimage\",\"url\":\"https:\/\/jobo-borstels.dapprgemaakt.nl\/wp-content\/uploads\/2023\/07\/Wissers-varkenshaar-2.jpg\",\"contentUrl\":\"https:\/\/jobo-borstels.dapprgemaakt.nl\/wp-content\/uploads\/2023\/07\/Wissers-varkenshaar-2.jpg\",\"width\":2000,\"height\":1333,\"caption\":\"Wissers varkenshaar\"},{\"@type\":\"BreadcrumbList\",\"@id\":\"https:\/\/jobo-borstels.dapprgemaakt.nl\/de\/produkt\/reinigungsbuersten-mit-schweineborsten\/#breadcrumb\",\"itemListElement\":[{\"@type\":\"ListItem\",\"position\":1,\"name\":\"Home\",\"item\":\"https:\/\/besenundbuersten.de\/\"},{\"@type\":\"ListItem\",\"position\":2,\"name\":\"Produkte\",\"item\":\"https:\/\/jobo-borstels.dapprgemaakt.nl\/de\/shop\/\"},{\"@type\":\"ListItem\",\"position\":3,\"name\":\"Reinigungsb\u00fcrsten mit Schweineborsten\"}]},{\"@type\":\"WebSite\",\"@id\":\"https:\/\/jobo-borstels.dapprgemaakt.nl\/de\/#website\",\"url\":\"https:\/\/jobo-borstels.dapprgemaakt.nl\/de\/\",\"name\":\"Jobo Borstelfabriek\",\"description\":\"\",\"potentialAction\":[{\"@type\":\"SearchAction\",\"target\":{\"@type\":\"EntryPoint\",\"urlTemplate\":\"https:\/\/jobo-borstels.dapprgemaakt.nl\/de\/?s={search_term_string}\"},\"query-input\":{\"@type\":\"PropertyValueSpecification\",\"valueRequired\":true,\"valueName\":\"search_term_string\"}}],\"inLanguage\":\"de\"}]}<\/script>\n<!-- \/ Yoast SEO plugin. -->","yoast_head_json":{"title":"Reinigungsb\u00fcrsten mit Schweineborsten - Jobo Borstelfabriek","robots":{"index":"noindex","follow":"follow","max-snippet":"max-snippet:-1","max-image-preview":"max-image-preview:large","max-video-preview":"max-video-preview:-1"},"og_locale":"de_DE","og_type":"article","og_title":"Reinigungsb\u00fcrsten mit Schweineborsten - Jobo Borstelfabriek","og_description":"Unsere Industrieborstenb\u00fcrsten wurden speziell f\u00fcr verschiedene Reinigungsanwendungen entwickelt und eignen sich perfekt f\u00fcr die effektive und kratzfreie Reinigung von Rohren, Schl\u00e4uchen und anderen schwer zug\u00e4nglichen [&hellip;]","og_url":"https:\/\/jobo-borstels.dapprgemaakt.nl\/de\/produkt\/reinigungsbuersten-mit-schweineborsten\/","og_site_name":"Jobo Borstelfabriek","article_modified_time":"2024-07-12T09:09:14+00:00","og_image":[{"width":2000,"height":1333,"url":"https:\/\/jobo-borstels.dapprgemaakt.nl\/wp-content\/uploads\/2023\/07\/Wissers-varkenshaar-2.jpg","type":"image\/jpeg"}],"twitter_card":"summary_large_image","twitter_misc":{"Gesch\u00e4tzte Lesezeit":"1\u00a0Minute"},"schema":{"@context":"https:\/\/schema.org","@graph":[{"@type":"WebPage","@id":"https:\/\/jobo-borstels.dapprgemaakt.nl\/de\/produkt\/reinigungsbuersten-mit-schweineborsten\/","url":"https:\/\/jobo-borstels.dapprgemaakt.nl\/de\/produkt\/reinigungsbuersten-mit-schweineborsten\/","name":"Reinigungsb\u00fcrsten mit Schweineborsten - Jobo Borstelfabriek","isPartOf":{"@id":"https:\/\/jobo-borstels.dapprgemaakt.nl\/de\/#website"},"primaryImageOfPage":{"@id":"https:\/\/jobo-borstels.dapprgemaakt.nl\/de\/produkt\/reinigungsbuersten-mit-schweineborsten\/#primaryimage"},"image":{"@id":"https:\/\/jobo-borstels.dapprgemaakt.nl\/de\/produkt\/reinigungsbuersten-mit-schweineborsten\/#primaryimage"},"thumbnailUrl":"https:\/\/jobo-borstels.dapprgemaakt.nl\/wp-content\/uploads\/2023\/07\/Wissers-varkenshaar-2.jpg","datePublished":"2023-07-12T09:01:54+00:00","dateModified":"2024-07-12T09:09:14+00:00","breadcrumb":{"@id":"https:\/\/jobo-borstels.dapprgemaakt.nl\/de\/produkt\/reinigungsbuersten-mit-schweineborsten\/#breadcrumb"},"inLanguage":"de","potentialAction":[{"@type":"ReadAction","target":["https:\/\/jobo-borstels.dapprgemaakt.nl\/de\/produkt\/reinigungsbuersten-mit-schweineborsten\/"]}]},{"@type":"ImageObject","inLanguage":"de","@id":"https:\/\/jobo-borstels.dapprgemaakt.nl\/de\/produkt\/reinigungsbuersten-mit-schweineborsten\/#primaryimage","url":"https:\/\/jobo-borstels.dapprgemaakt.nl\/wp-content\/uploads\/2023\/07\/Wissers-varkenshaar-2.jpg","contentUrl":"https:\/\/jobo-borstels.dapprgemaakt.nl\/wp-content\/uploads\/2023\/07\/Wissers-varkenshaar-2.jpg","width":2000,"height":1333,"caption":"Wissers varkenshaar"},{"@type":"BreadcrumbList","@id":"https:\/\/jobo-borstels.dapprgemaakt.nl\/de\/produkt\/reinigungsbuersten-mit-schweineborsten\/#breadcrumb","itemListElement":[{"@type":"ListItem","position":1,"name":"Home","item":"https:\/\/besenundbuersten.de\/"},{"@type":"ListItem","position":2,"name":"Produkte","item":"https:\/\/jobo-borstels.dapprgemaakt.nl\/de\/shop\/"},{"@type":"ListItem","position":3,"name":"Reinigungsb\u00fcrsten mit Schweineborsten"}]},{"@type":"WebSite","@id":"https:\/\/jobo-borstels.dapprgemaakt.nl\/de\/#website","url":"https:\/\/jobo-borstels.dapprgemaakt.nl\/de\/","name":"Jobo Borstelfabriek","description":"","potentialAction":[{"@type":"SearchAction","target":{"@type":"EntryPoint","urlTemplate":"https:\/\/jobo-borstels.dapprgemaakt.nl\/de\/?s={search_term_string}"},"query-input":{"@type":"PropertyValueSpecification","valueRequired":true,"valueName":"search_term_string"}}],"inLanguage":"de"}]}},"_links":{"self":[{"href":"https:\/\/jobo-borstels.dapprgemaakt.nl\/de\/wp-json\/wp\/v2\/product\/2744","targetHints":{"allow":["GET"]}}],"collection":[{"href":"https:\/\/jobo-borstels.dapprgemaakt.nl\/de\/wp-json\/wp\/v2\/product"}],"about":[{"href":"https:\/\/jobo-borstels.dapprgemaakt.nl\/de\/wp-json\/wp\/v2\/types\/product"}],"wp:featuredmedia":[{"embeddable":true,"href":"https:\/\/jobo-borstels.dapprgemaakt.nl\/de\/wp-json\/wp\/v2\/media\/2117"}],"wp:attachment":[{"href":"https:\/\/jobo-borstels.dapprgemaakt.nl\/de\/wp-json\/wp\/v2\/media?parent=2744"}],"wp:term":[{"taxonomy":"product_cat","embeddable":true,"href":"https:\/\/jobo-borstels.dapprgemaakt.nl\/de\/wp-json\/wp\/v2\/product_cat?post=2744"},{"taxonomy":"product_tag","embeddable":true,"href":"https:\/\/jobo-borstels.dapprgemaakt.nl\/de\/wp-json\/wp\/v2\/product_tag?post=2744"}],"curies":[{"name":"wp","href":"https:\/\/api.w.org\/{rel}","templated":true}]}}