{"id":2745,"date":"2023-07-12T08:50:25","date_gmt":"2023-07-12T08:50:25","guid":{"rendered":"https:\/\/jobo-borstels.dapprgemaakt.nl\/product\/reinigungsbuersten-aus-nylon\/"},"modified":"2024-07-12T09:09:23","modified_gmt":"2024-07-12T09:09:23","slug":"reinigungsbuersten-aus-nylon","status":"publish","type":"product","link":"https:\/\/jobo-borstels.dapprgemaakt.nl\/de\/produkt\/reinigungsbuersten-aus-nylon\/","title":{"rendered":"Reinigungsb\u00fcrsten aus Nylon"},"content":{"rendered":"<p>Nylon-Reinigungsb\u00fcrsten sind hochwertige und vielseitige B\u00fcrsten, die in verschiedenen Haarst\u00e4rken von sehr weich bis sehr hart erh\u00e4ltlich sind und sich daher f\u00fcr eine Vielzahl von Reinigungsaufgaben eignen. Ob Sie Milchschl\u00e4uche, Schl\u00f6sser, Bohrl\u00f6cher oder Rohre reinigen, diese B\u00fcrsten sind f\u00fcr jede Aufgabe geeignet. Sie sind stark, flexibel und sicher f\u00fcr den Einsatz in der Lebensmittelindustrie, und ihre Alkalibest\u00e4ndigkeit macht sie noch vielseitiger einsetzbar.<\/p>\n","protected":false},"excerpt":{"rendered":"<p>Nylon-Reinigungsb\u00fcrsten sind die perfekte L\u00f6sung, um Schl\u00e4uche und Rohre selbst an den unzug\u00e4nglichsten Stellen m\u00fchelos und gr\u00fcndlich zu reinigen, ohne sie zu besch\u00e4digen. Ihre Flexibilit\u00e4t und Langlebigkeit machen sie zu einem unverzichtbaren Werkzeug f\u00fcr jede Reinigungsaufgabe.<\/p>\n","protected":false},"featured_media":2101,"template":"","meta":{"_acf_changed":false},"product_cat":[231,245],"product_tag":[],"class_list":{"0":"post-2745","1":"product","2":"type-product","3":"status-publish","4":"has-post-thumbnail","6":"product_cat-alle-buersten","7":"product_cat-reinigungsbuersten","9":"first","10":"instock","11":"shipping-taxable","12":"product-type-simple"},"acf":[],"yoast_head":"<!-- This site is optimized with the Yoast SEO plugin v24.0 - https:\/\/yoast.com\/wordpress\/plugins\/seo\/ -->\n<title>Reinigungsb\u00fcrsten aus Nylon - Jobo Borstelfabriek<\/title>\n<meta name=\"robots\" content=\"noindex, follow, max-snippet:-1, max-image-preview:large, max-video-preview:-1\" \/>\n<meta property=\"og:locale\" content=\"de_DE\" \/>\n<meta property=\"og:type\" content=\"article\" \/>\n<meta property=\"og:title\" content=\"Reinigungsb\u00fcrsten aus Nylon - Jobo Borstelfabriek\" \/>\n<meta property=\"og:description\" content=\"Nylon-Reinigungsb\u00fcrsten sind die perfekte L\u00f6sung, um Schl\u00e4uche und Rohre selbst an den unzug\u00e4nglichsten Stellen m\u00fchelos und gr\u00fcndlich zu reinigen, ohne sie zu besch\u00e4digen. Ihre Flexibilit\u00e4t und Langlebigkeit machen sie zu einem unverzichtbaren Werkzeug f\u00fcr jede Reinigungsaufgabe.\" \/>\n<meta property=\"og:url\" content=\"https:\/\/jobo-borstels.dapprgemaakt.nl\/de\/produkt\/reinigungsbuersten-aus-nylon\/\" \/>\n<meta property=\"og:site_name\" content=\"Jobo Borstelfabriek\" \/>\n<meta property=\"article:modified_time\" content=\"2024-07-12T09:09:23+00:00\" \/>\n<meta property=\"og:image\" content=\"https:\/\/jobo-borstels.dapprgemaakt.nl\/wp-content\/uploads\/2023\/07\/1C5A1675-scaled.jpg\" \/>\n\t<meta property=\"og:image:width\" content=\"2560\" \/>\n\t<meta property=\"og:image:height\" content=\"1862\" \/>\n\t<meta property=\"og:image:type\" content=\"image\/jpeg\" \/>\n<meta name=\"twitter:card\" content=\"summary_large_image\" \/>\n<meta name=\"twitter:label1\" content=\"Gesch\u00e4tzte Lesezeit\" \/>\n\t<meta name=\"twitter:data1\" content=\"1\u00a0Minute\" \/>\n<script type=\"application\/ld+json\" class=\"yoast-schema-graph\">{\"@context\":\"https:\/\/schema.org\",\"@graph\":[{\"@type\":\"WebPage\",\"@id\":\"https:\/\/jobo-borstels.dapprgemaakt.nl\/de\/produkt\/reinigungsbuersten-aus-nylon\/\",\"url\":\"https:\/\/jobo-borstels.dapprgemaakt.nl\/de\/produkt\/reinigungsbuersten-aus-nylon\/\",\"name\":\"Reinigungsb\u00fcrsten aus Nylon - Jobo Borstelfabriek\",\"isPartOf\":{\"@id\":\"https:\/\/jobo-borstels.dapprgemaakt.nl\/de\/#website\"},\"primaryImageOfPage\":{\"@id\":\"https:\/\/jobo-borstels.dapprgemaakt.nl\/de\/produkt\/reinigungsbuersten-aus-nylon\/#primaryimage\"},\"image\":{\"@id\":\"https:\/\/jobo-borstels.dapprgemaakt.nl\/de\/produkt\/reinigungsbuersten-aus-nylon\/#primaryimage\"},\"thumbnailUrl\":\"https:\/\/jobo-borstels.dapprgemaakt.nl\/wp-content\/uploads\/2023\/07\/1C5A1675-scaled.jpg\",\"datePublished\":\"2023-07-12T08:50:25+00:00\",\"dateModified\":\"2024-07-12T09:09:23+00:00\",\"breadcrumb\":{\"@id\":\"https:\/\/jobo-borstels.dapprgemaakt.nl\/de\/produkt\/reinigungsbuersten-aus-nylon\/#breadcrumb\"},\"inLanguage\":\"de\",\"potentialAction\":[{\"@type\":\"ReadAction\",\"target\":[\"https:\/\/jobo-borstels.dapprgemaakt.nl\/de\/produkt\/reinigungsbuersten-aus-nylon\/\"]}]},{\"@type\":\"ImageObject\",\"inLanguage\":\"de\",\"@id\":\"https:\/\/jobo-borstels.dapprgemaakt.nl\/de\/produkt\/reinigungsbuersten-aus-nylon\/#primaryimage\",\"url\":\"https:\/\/jobo-borstels.dapprgemaakt.nl\/wp-content\/uploads\/2023\/07\/1C5A1675-scaled.jpg\",\"contentUrl\":\"https:\/\/jobo-borstels.dapprgemaakt.nl\/wp-content\/uploads\/2023\/07\/1C5A1675-scaled.jpg\",\"width\":2560,\"height\":1862,\"caption\":\"Reinigingsborstels nylon\"},{\"@type\":\"BreadcrumbList\",\"@id\":\"https:\/\/jobo-borstels.dapprgemaakt.nl\/de\/produkt\/reinigungsbuersten-aus-nylon\/#breadcrumb\",\"itemListElement\":[{\"@type\":\"ListItem\",\"position\":1,\"name\":\"Home\",\"item\":\"https:\/\/besenundbuersten.de\/\"},{\"@type\":\"ListItem\",\"position\":2,\"name\":\"Produkte\",\"item\":\"https:\/\/jobo-borstels.dapprgemaakt.nl\/de\/shop\/\"},{\"@type\":\"ListItem\",\"position\":3,\"name\":\"Reinigungsb\u00fcrsten aus Nylon\"}]},{\"@type\":\"WebSite\",\"@id\":\"https:\/\/jobo-borstels.dapprgemaakt.nl\/de\/#website\",\"url\":\"https:\/\/jobo-borstels.dapprgemaakt.nl\/de\/\",\"name\":\"Jobo Borstelfabriek\",\"description\":\"\",\"potentialAction\":[{\"@type\":\"SearchAction\",\"target\":{\"@type\":\"EntryPoint\",\"urlTemplate\":\"https:\/\/jobo-borstels.dapprgemaakt.nl\/de\/?s={search_term_string}\"},\"query-input\":{\"@type\":\"PropertyValueSpecification\",\"valueRequired\":true,\"valueName\":\"search_term_string\"}}],\"inLanguage\":\"de\"}]}<\/script>\n<!-- \/ Yoast SEO plugin. -->","yoast_head_json":{"title":"Reinigungsb\u00fcrsten aus Nylon - Jobo Borstelfabriek","robots":{"index":"noindex","follow":"follow","max-snippet":"max-snippet:-1","max-image-preview":"max-image-preview:large","max-video-preview":"max-video-preview:-1"},"og_locale":"de_DE","og_type":"article","og_title":"Reinigungsb\u00fcrsten aus Nylon - Jobo Borstelfabriek","og_description":"Nylon-Reinigungsb\u00fcrsten sind die perfekte L\u00f6sung, um Schl\u00e4uche und Rohre selbst an den unzug\u00e4nglichsten Stellen m\u00fchelos und gr\u00fcndlich zu reinigen, ohne sie zu besch\u00e4digen. Ihre Flexibilit\u00e4t und Langlebigkeit machen sie zu einem unverzichtbaren Werkzeug f\u00fcr jede Reinigungsaufgabe.","og_url":"https:\/\/jobo-borstels.dapprgemaakt.nl\/de\/produkt\/reinigungsbuersten-aus-nylon\/","og_site_name":"Jobo Borstelfabriek","article_modified_time":"2024-07-12T09:09:23+00:00","og_image":[{"width":2560,"height":1862,"url":"https:\/\/jobo-borstels.dapprgemaakt.nl\/wp-content\/uploads\/2023\/07\/1C5A1675-scaled.jpg","type":"image\/jpeg"}],"twitter_card":"summary_large_image","twitter_misc":{"Gesch\u00e4tzte Lesezeit":"1\u00a0Minute"},"schema":{"@context":"https:\/\/schema.org","@graph":[{"@type":"WebPage","@id":"https:\/\/jobo-borstels.dapprgemaakt.nl\/de\/produkt\/reinigungsbuersten-aus-nylon\/","url":"https:\/\/jobo-borstels.dapprgemaakt.nl\/de\/produkt\/reinigungsbuersten-aus-nylon\/","name":"Reinigungsb\u00fcrsten aus Nylon - Jobo Borstelfabriek","isPartOf":{"@id":"https:\/\/jobo-borstels.dapprgemaakt.nl\/de\/#website"},"primaryImageOfPage":{"@id":"https:\/\/jobo-borstels.dapprgemaakt.nl\/de\/produkt\/reinigungsbuersten-aus-nylon\/#primaryimage"},"image":{"@id":"https:\/\/jobo-borstels.dapprgemaakt.nl\/de\/produkt\/reinigungsbuersten-aus-nylon\/#primaryimage"},"thumbnailUrl":"https:\/\/jobo-borstels.dapprgemaakt.nl\/wp-content\/uploads\/2023\/07\/1C5A1675-scaled.jpg","datePublished":"2023-07-12T08:50:25+00:00","dateModified":"2024-07-12T09:09:23+00:00","breadcrumb":{"@id":"https:\/\/jobo-borstels.dapprgemaakt.nl\/de\/produkt\/reinigungsbuersten-aus-nylon\/#breadcrumb"},"inLanguage":"de","potentialAction":[{"@type":"ReadAction","target":["https:\/\/jobo-borstels.dapprgemaakt.nl\/de\/produkt\/reinigungsbuersten-aus-nylon\/"]}]},{"@type":"ImageObject","inLanguage":"de","@id":"https:\/\/jobo-borstels.dapprgemaakt.nl\/de\/produkt\/reinigungsbuersten-aus-nylon\/#primaryimage","url":"https:\/\/jobo-borstels.dapprgemaakt.nl\/wp-content\/uploads\/2023\/07\/1C5A1675-scaled.jpg","contentUrl":"https:\/\/jobo-borstels.dapprgemaakt.nl\/wp-content\/uploads\/2023\/07\/1C5A1675-scaled.jpg","width":2560,"height":1862,"caption":"Reinigingsborstels nylon"},{"@type":"BreadcrumbList","@id":"https:\/\/jobo-borstels.dapprgemaakt.nl\/de\/produkt\/reinigungsbuersten-aus-nylon\/#breadcrumb","itemListElement":[{"@type":"ListItem","position":1,"name":"Home","item":"https:\/\/besenundbuersten.de\/"},{"@type":"ListItem","position":2,"name":"Produkte","item":"https:\/\/jobo-borstels.dapprgemaakt.nl\/de\/shop\/"},{"@type":"ListItem","position":3,"name":"Reinigungsb\u00fcrsten aus Nylon"}]},{"@type":"WebSite","@id":"https:\/\/jobo-borstels.dapprgemaakt.nl\/de\/#website","url":"https:\/\/jobo-borstels.dapprgemaakt.nl\/de\/","name":"Jobo Borstelfabriek","description":"","potentialAction":[{"@type":"SearchAction","target":{"@type":"EntryPoint","urlTemplate":"https:\/\/jobo-borstels.dapprgemaakt.nl\/de\/?s={search_term_string}"},"query-input":{"@type":"PropertyValueSpecification","valueRequired":true,"valueName":"search_term_string"}}],"inLanguage":"de"}]}},"_links":{"self":[{"href":"https:\/\/jobo-borstels.dapprgemaakt.nl\/de\/wp-json\/wp\/v2\/product\/2745","targetHints":{"allow":["GET"]}}],"collection":[{"href":"https:\/\/jobo-borstels.dapprgemaakt.nl\/de\/wp-json\/wp\/v2\/product"}],"about":[{"href":"https:\/\/jobo-borstels.dapprgemaakt.nl\/de\/wp-json\/wp\/v2\/types\/product"}],"wp:featuredmedia":[{"embeddable":true,"href":"https:\/\/jobo-borstels.dapprgemaakt.nl\/de\/wp-json\/wp\/v2\/media\/2101"}],"wp:attachment":[{"href":"https:\/\/jobo-borstels.dapprgemaakt.nl\/de\/wp-json\/wp\/v2\/media?parent=2745"}],"wp:term":[{"taxonomy":"product_cat","embeddable":true,"href":"https:\/\/jobo-borstels.dapprgemaakt.nl\/de\/wp-json\/wp\/v2\/product_cat?post=2745"},{"taxonomy":"product_tag","embeddable":true,"href":"https:\/\/jobo-borstels.dapprgemaakt.nl\/de\/wp-json\/wp\/v2\/product_tag?post=2745"}],"curies":[{"name":"wp","href":"https:\/\/api.w.org\/{rel}","templated":true}]}}