{"id":2747,"date":"2023-06-16T09:27:01","date_gmt":"2023-06-16T09:27:01","guid":{"rendered":"https:\/\/jobo-borstels.dapprgemaakt.nl\/product\/buerste-zur-vogelabwehr\/"},"modified":"2024-07-12T08:05:28","modified_gmt":"2024-07-12T08:05:28","slug":"buerste-zur-vogelabwehr","status":"publish","type":"product","link":"https:\/\/jobo-borstels.dapprgemaakt.nl\/de\/produkt\/buerste-zur-vogelabwehr\/","title":{"rendered":"B\u00fcrste zur Vogelabwehr"},"content":{"rendered":"<h1>Geb\u00e4ude mit B\u00fcrsten vor der Natur sch\u00fctzen<\/h1>\n<p>Suchen Sie nach einer umweltbewussten L\u00f6sung, um unerw\u00fcnschte Tiere von Ihren Bauprojekten fernzuhalten, und zwar im Einklang mit dem Naturschutzgesetz? Entdecken Sie unsere innovativen Dichtungsb\u00fcrsten aus recyceltem Kunststoff. Diese Vogelabwehrb\u00fcrsten sind eine nachweislich wirksame Methode zur Vogel- und Fledermausbek\u00e4mpfung. Sie dichten Eing\u00e4nge zu D\u00e4chern, Spalten, Hohlw\u00e4nden und L\u00f6chern in Geb\u00e4uden effektiv ab, ohne Tiere zu verletzen oder die Luftzirkulation zu beeintr\u00e4chtigen. Dieser Ansatz ist wichtig bei Renovierungen, um Geb\u00e4ude naturfrei zu machen. Unsere Abwehrb\u00fcrsten lassen sich nach Abschluss des Projekts leicht entfernen, k\u00f6nnen aber auch dauerhaft installiert werden, um Flederm\u00e4use und br\u00fctende V\u00f6gel am Zugang zu D\u00e4chern zu hindern.<\/p>\n","protected":false},"excerpt":{"rendered":"<p>Entdecken Sie unsere Dichtungsb\u00fcrsten aus recyceltem Kunststoff f\u00fcr effektiven Vogel- und Fledermausschutz bei Bauprojekten.<\/p>\n","protected":false},"featured_media":1540,"template":"","meta":{"_acf_changed":false},"product_cat":[231,236,243,239],"product_tag":[],"class_list":{"0":"post-2747","1":"product","2":"type-product","3":"status-publish","4":"has-post-thumbnail","6":"product_cat-alle-buersten","7":"product_cat-baugewerbe","8":"product_cat-beliebt","9":"product_cat-grosse-rundbuersten","11":"first","12":"instock","13":"shipping-taxable","14":"product-type-simple"},"acf":[],"yoast_head":"<!-- This site is optimized with the Yoast SEO plugin v24.0 - https:\/\/yoast.com\/wordpress\/plugins\/seo\/ -->\n<title>B\u00fcrste zur Vogelabwehr - Jobo Borstelfabriek<\/title>\n<meta name=\"robots\" content=\"noindex, follow, max-snippet:-1, max-image-preview:large, max-video-preview:-1\" \/>\n<meta property=\"og:locale\" content=\"de_DE\" \/>\n<meta property=\"og:type\" content=\"article\" \/>\n<meta property=\"og:title\" content=\"B\u00fcrste zur Vogelabwehr - Jobo Borstelfabriek\" \/>\n<meta property=\"og:description\" content=\"Entdecken Sie unsere Dichtungsb\u00fcrsten aus recyceltem Kunststoff f\u00fcr effektiven Vogel- und Fledermausschutz bei Bauprojekten.\" \/>\n<meta property=\"og:url\" content=\"https:\/\/jobo-borstels.dapprgemaakt.nl\/de\/produkt\/buerste-zur-vogelabwehr\/\" \/>\n<meta property=\"og:site_name\" content=\"Jobo Borstelfabriek\" \/>\n<meta property=\"article:modified_time\" content=\"2024-07-12T08:05:28+00:00\" \/>\n<meta property=\"og:image\" content=\"https:\/\/besenundbuersten.de\/wp-content\/uploads\/2023\/11\/weringsborstel-1024x922.jpg\" \/>\n\t<meta property=\"og:image:width\" content=\"1024\" \/>\n\t<meta property=\"og:image:height\" content=\"922\" \/>\n\t<meta property=\"og:image:type\" content=\"image\/jpeg\" \/>\n<meta name=\"twitter:card\" content=\"summary_large_image\" \/>\n<meta name=\"twitter:label1\" content=\"Gesch\u00e4tzte Lesezeit\" \/>\n\t<meta name=\"twitter:data1\" content=\"1\u00a0Minute\" \/>\n<script type=\"application\/ld+json\" class=\"yoast-schema-graph\">{\"@context\":\"https:\/\/schema.org\",\"@graph\":[{\"@type\":\"WebPage\",\"@id\":\"https:\/\/jobo-borstels.dapprgemaakt.nl\/de\/produkt\/buerste-zur-vogelabwehr\/\",\"url\":\"https:\/\/jobo-borstels.dapprgemaakt.nl\/de\/produkt\/buerste-zur-vogelabwehr\/\",\"name\":\"B\u00fcrste zur Vogelabwehr - Jobo Borstelfabriek\",\"isPartOf\":{\"@id\":\"https:\/\/jobo-borstels.dapprgemaakt.nl\/de\/#website\"},\"primaryImageOfPage\":{\"@id\":\"https:\/\/jobo-borstels.dapprgemaakt.nl\/de\/produkt\/buerste-zur-vogelabwehr\/#primaryimage\"},\"image\":{\"@id\":\"https:\/\/jobo-borstels.dapprgemaakt.nl\/de\/produkt\/buerste-zur-vogelabwehr\/#primaryimage\"},\"thumbnailUrl\":\"https:\/\/jobo-borstels.dapprgemaakt.nl\/wp-content\/uploads\/2023\/11\/weringsborstel.jpg\",\"datePublished\":\"2023-06-16T09:27:01+00:00\",\"dateModified\":\"2024-07-12T08:05:28+00:00\",\"breadcrumb\":{\"@id\":\"https:\/\/jobo-borstels.dapprgemaakt.nl\/de\/produkt\/buerste-zur-vogelabwehr\/#breadcrumb\"},\"inLanguage\":\"de\",\"potentialAction\":[{\"@type\":\"ReadAction\",\"target\":[\"https:\/\/jobo-borstels.dapprgemaakt.nl\/de\/produkt\/buerste-zur-vogelabwehr\/\"]}]},{\"@type\":\"ImageObject\",\"inLanguage\":\"de\",\"@id\":\"https:\/\/jobo-borstels.dapprgemaakt.nl\/de\/produkt\/buerste-zur-vogelabwehr\/#primaryimage\",\"url\":\"https:\/\/jobo-borstels.dapprgemaakt.nl\/wp-content\/uploads\/2023\/11\/weringsborstel.jpg\",\"contentUrl\":\"https:\/\/jobo-borstels.dapprgemaakt.nl\/wp-content\/uploads\/2023\/11\/weringsborstel.jpg\",\"width\":2362,\"height\":2126,\"caption\":\"weringsborstel\"},{\"@type\":\"BreadcrumbList\",\"@id\":\"https:\/\/jobo-borstels.dapprgemaakt.nl\/de\/produkt\/buerste-zur-vogelabwehr\/#breadcrumb\",\"itemListElement\":[{\"@type\":\"ListItem\",\"position\":1,\"name\":\"Home\",\"item\":\"https:\/\/besenundbuersten.de\/\"},{\"@type\":\"ListItem\",\"position\":2,\"name\":\"Produkte\",\"item\":\"https:\/\/jobo-borstels.dapprgemaakt.nl\/de\/shop\/\"},{\"@type\":\"ListItem\",\"position\":3,\"name\":\"B\u00fcrste zur Vogelabwehr\"}]},{\"@type\":\"WebSite\",\"@id\":\"https:\/\/jobo-borstels.dapprgemaakt.nl\/de\/#website\",\"url\":\"https:\/\/jobo-borstels.dapprgemaakt.nl\/de\/\",\"name\":\"Jobo Borstelfabriek\",\"description\":\"\",\"potentialAction\":[{\"@type\":\"SearchAction\",\"target\":{\"@type\":\"EntryPoint\",\"urlTemplate\":\"https:\/\/jobo-borstels.dapprgemaakt.nl\/de\/?s={search_term_string}\"},\"query-input\":{\"@type\":\"PropertyValueSpecification\",\"valueRequired\":true,\"valueName\":\"search_term_string\"}}],\"inLanguage\":\"de\"}]}<\/script>\n<!-- \/ Yoast SEO plugin. -->","yoast_head_json":{"title":"B\u00fcrste zur Vogelabwehr - Jobo Borstelfabriek","robots":{"index":"noindex","follow":"follow","max-snippet":"max-snippet:-1","max-image-preview":"max-image-preview:large","max-video-preview":"max-video-preview:-1"},"og_locale":"de_DE","og_type":"article","og_title":"B\u00fcrste zur Vogelabwehr - Jobo Borstelfabriek","og_description":"Entdecken Sie unsere Dichtungsb\u00fcrsten aus recyceltem Kunststoff f\u00fcr effektiven Vogel- und Fledermausschutz bei Bauprojekten.","og_url":"https:\/\/jobo-borstels.dapprgemaakt.nl\/de\/produkt\/buerste-zur-vogelabwehr\/","og_site_name":"Jobo Borstelfabriek","article_modified_time":"2024-07-12T08:05:28+00:00","og_image":[{"width":1024,"height":922,"url":"https:\/\/besenundbuersten.de\/wp-content\/uploads\/2023\/11\/weringsborstel-1024x922.jpg","type":"image\/jpeg"}],"twitter_card":"summary_large_image","twitter_misc":{"Gesch\u00e4tzte Lesezeit":"1\u00a0Minute"},"schema":{"@context":"https:\/\/schema.org","@graph":[{"@type":"WebPage","@id":"https:\/\/jobo-borstels.dapprgemaakt.nl\/de\/produkt\/buerste-zur-vogelabwehr\/","url":"https:\/\/jobo-borstels.dapprgemaakt.nl\/de\/produkt\/buerste-zur-vogelabwehr\/","name":"B\u00fcrste zur Vogelabwehr - Jobo Borstelfabriek","isPartOf":{"@id":"https:\/\/jobo-borstels.dapprgemaakt.nl\/de\/#website"},"primaryImageOfPage":{"@id":"https:\/\/jobo-borstels.dapprgemaakt.nl\/de\/produkt\/buerste-zur-vogelabwehr\/#primaryimage"},"image":{"@id":"https:\/\/jobo-borstels.dapprgemaakt.nl\/de\/produkt\/buerste-zur-vogelabwehr\/#primaryimage"},"thumbnailUrl":"https:\/\/jobo-borstels.dapprgemaakt.nl\/wp-content\/uploads\/2023\/11\/weringsborstel.jpg","datePublished":"2023-06-16T09:27:01+00:00","dateModified":"2024-07-12T08:05:28+00:00","breadcrumb":{"@id":"https:\/\/jobo-borstels.dapprgemaakt.nl\/de\/produkt\/buerste-zur-vogelabwehr\/#breadcrumb"},"inLanguage":"de","potentialAction":[{"@type":"ReadAction","target":["https:\/\/jobo-borstels.dapprgemaakt.nl\/de\/produkt\/buerste-zur-vogelabwehr\/"]}]},{"@type":"ImageObject","inLanguage":"de","@id":"https:\/\/jobo-borstels.dapprgemaakt.nl\/de\/produkt\/buerste-zur-vogelabwehr\/#primaryimage","url":"https:\/\/jobo-borstels.dapprgemaakt.nl\/wp-content\/uploads\/2023\/11\/weringsborstel.jpg","contentUrl":"https:\/\/jobo-borstels.dapprgemaakt.nl\/wp-content\/uploads\/2023\/11\/weringsborstel.jpg","width":2362,"height":2126,"caption":"weringsborstel"},{"@type":"BreadcrumbList","@id":"https:\/\/jobo-borstels.dapprgemaakt.nl\/de\/produkt\/buerste-zur-vogelabwehr\/#breadcrumb","itemListElement":[{"@type":"ListItem","position":1,"name":"Home","item":"https:\/\/besenundbuersten.de\/"},{"@type":"ListItem","position":2,"name":"Produkte","item":"https:\/\/jobo-borstels.dapprgemaakt.nl\/de\/shop\/"},{"@type":"ListItem","position":3,"name":"B\u00fcrste zur Vogelabwehr"}]},{"@type":"WebSite","@id":"https:\/\/jobo-borstels.dapprgemaakt.nl\/de\/#website","url":"https:\/\/jobo-borstels.dapprgemaakt.nl\/de\/","name":"Jobo Borstelfabriek","description":"","potentialAction":[{"@type":"SearchAction","target":{"@type":"EntryPoint","urlTemplate":"https:\/\/jobo-borstels.dapprgemaakt.nl\/de\/?s={search_term_string}"},"query-input":{"@type":"PropertyValueSpecification","valueRequired":true,"valueName":"search_term_string"}}],"inLanguage":"de"}]}},"_links":{"self":[{"href":"https:\/\/jobo-borstels.dapprgemaakt.nl\/de\/wp-json\/wp\/v2\/product\/2747","targetHints":{"allow":["GET"]}}],"collection":[{"href":"https:\/\/jobo-borstels.dapprgemaakt.nl\/de\/wp-json\/wp\/v2\/product"}],"about":[{"href":"https:\/\/jobo-borstels.dapprgemaakt.nl\/de\/wp-json\/wp\/v2\/types\/product"}],"wp:featuredmedia":[{"embeddable":true,"href":"https:\/\/jobo-borstels.dapprgemaakt.nl\/de\/wp-json\/wp\/v2\/media\/1540"}],"wp:attachment":[{"href":"https:\/\/jobo-borstels.dapprgemaakt.nl\/de\/wp-json\/wp\/v2\/media?parent=2747"}],"wp:term":[{"taxonomy":"product_cat","embeddable":true,"href":"https:\/\/jobo-borstels.dapprgemaakt.nl\/de\/wp-json\/wp\/v2\/product_cat?post=2747"},{"taxonomy":"product_tag","embeddable":true,"href":"https:\/\/jobo-borstels.dapprgemaakt.nl\/de\/wp-json\/wp\/v2\/product_tag?post=2747"}],"curies":[{"name":"wp","href":"https:\/\/api.w.org\/{rel}","templated":true}]}}