{"id":2750,"date":"2023-05-30T11:15:31","date_gmt":"2023-05-30T11:15:31","guid":{"rendered":"https:\/\/jobo-borstels.dapprgemaakt.nl\/product\/reinigungsbuerste-messing\/"},"modified":"2024-07-12T09:09:20","modified_gmt":"2024-07-12T09:09:20","slug":"reinigungsbuerste-messing","status":"publish","type":"product","link":"https:\/\/jobo-borstels.dapprgemaakt.nl\/de\/produkt\/reinigungsbuerste-messing\/","title":{"rendered":"Reinigungsb\u00fcrste Messing"},"content":{"rendered":"<p>Messingb\u00fcrsten sind eine ausgezeichnete Wahl f\u00fcr spezielle Reinigungsaufgaben, bei denen Weichheit und Effektivit\u00e4t gefragt sind. Diese B\u00fcrsten bestehen aus einer Legierung aus Kupfer und Zink, wodurch sie weniger hart sind als Stahlb\u00fcrsten und daher weniger leicht zerkratzen. Sie sind ideal f\u00fcr die Reinigung von Metalloberfl\u00e4chen, ohne diese zu besch\u00e4digen, z.B. bei der Entfernung von Rost oder Farbe. Messingb\u00fcrsten sind auch resistent gegen Funkenbildung, was sie f\u00fcr den Einsatz in explosionsgef\u00e4hrdeten Umgebungen sicher macht. Dank ihrer einzigartigen Eigenschaften eignen sie sich f\u00fcr den Einsatz in der Metallverarbeitung, der Automobilindustrie und f\u00fcr allgemeine Reinigungsarbeiten, bei denen eine sanfte, aber effektive Vorgehensweise erforderlich ist.<\/p>\n","protected":false},"excerpt":{"rendered":"<p>Rundb\u00fcrsten aus Messing eignen sich hervorragend f\u00fcr leichte industrielle Anwendungen wie das sanfte Entgraten, Polieren und Reinigen von Metallen, ohne die Oberfl\u00e4che zu besch\u00e4digen.<\/p>\n","protected":false},"featured_media":1526,"template":"","meta":{"_acf_changed":false},"product_cat":[231,236,245],"product_tag":[],"class_list":{"0":"post-2750","1":"product","2":"type-product","3":"status-publish","4":"has-post-thumbnail","6":"product_cat-alle-buersten","7":"product_cat-baugewerbe","8":"product_cat-reinigungsbuersten","10":"first","11":"instock","12":"shipping-taxable","13":"product-type-simple"},"acf":[],"yoast_head":"<!-- This site is optimized with the Yoast SEO plugin v24.0 - https:\/\/yoast.com\/wordpress\/plugins\/seo\/ -->\n<title>Reinigungsb\u00fcrste Messing - Jobo Borstelfabriek<\/title>\n<meta name=\"robots\" content=\"noindex, follow, max-snippet:-1, max-image-preview:large, max-video-preview:-1\" \/>\n<meta property=\"og:locale\" content=\"de_DE\" \/>\n<meta property=\"og:type\" content=\"article\" \/>\n<meta property=\"og:title\" content=\"Reinigungsb\u00fcrste Messing - Jobo Borstelfabriek\" \/>\n<meta property=\"og:description\" content=\"Rundb\u00fcrsten aus Messing eignen sich hervorragend f\u00fcr leichte industrielle Anwendungen wie das sanfte Entgraten, Polieren und Reinigen von Metallen, ohne die Oberfl\u00e4che zu besch\u00e4digen.\" \/>\n<meta property=\"og:url\" content=\"https:\/\/jobo-borstels.dapprgemaakt.nl\/de\/produkt\/reinigungsbuerste-messing\/\" \/>\n<meta property=\"og:site_name\" content=\"Jobo Borstelfabriek\" \/>\n<meta property=\"article:modified_time\" content=\"2024-07-12T09:09:20+00:00\" \/>\n<meta property=\"og:image\" content=\"https:\/\/jobo-borstels.dapprgemaakt.nl\/wp-content\/uploads\/2023\/05\/Wissers-groep-messing-2.jpg\" \/>\n\t<meta property=\"og:image:width\" content=\"2000\" \/>\n\t<meta property=\"og:image:height\" content=\"1333\" \/>\n\t<meta property=\"og:image:type\" content=\"image\/jpeg\" \/>\n<meta name=\"twitter:card\" content=\"summary_large_image\" \/>\n<meta name=\"twitter:label1\" content=\"Gesch\u00e4tzte Lesezeit\" \/>\n\t<meta name=\"twitter:data1\" content=\"1\u00a0Minute\" \/>\n<script type=\"application\/ld+json\" class=\"yoast-schema-graph\">{\"@context\":\"https:\/\/schema.org\",\"@graph\":[{\"@type\":\"WebPage\",\"@id\":\"https:\/\/jobo-borstels.dapprgemaakt.nl\/de\/produkt\/reinigungsbuerste-messing\/\",\"url\":\"https:\/\/jobo-borstels.dapprgemaakt.nl\/de\/produkt\/reinigungsbuerste-messing\/\",\"name\":\"Reinigungsb\u00fcrste Messing - Jobo Borstelfabriek\",\"isPartOf\":{\"@id\":\"https:\/\/jobo-borstels.dapprgemaakt.nl\/de\/#website\"},\"primaryImageOfPage\":{\"@id\":\"https:\/\/jobo-borstels.dapprgemaakt.nl\/de\/produkt\/reinigungsbuerste-messing\/#primaryimage\"},\"image\":{\"@id\":\"https:\/\/jobo-borstels.dapprgemaakt.nl\/de\/produkt\/reinigungsbuerste-messing\/#primaryimage\"},\"thumbnailUrl\":\"https:\/\/jobo-borstels.dapprgemaakt.nl\/wp-content\/uploads\/2023\/05\/Wissers-groep-messing-2.jpg\",\"datePublished\":\"2023-05-30T11:15:31+00:00\",\"dateModified\":\"2024-07-12T09:09:20+00:00\",\"breadcrumb\":{\"@id\":\"https:\/\/jobo-borstels.dapprgemaakt.nl\/de\/produkt\/reinigungsbuerste-messing\/#breadcrumb\"},\"inLanguage\":\"de\",\"potentialAction\":[{\"@type\":\"ReadAction\",\"target\":[\"https:\/\/jobo-borstels.dapprgemaakt.nl\/de\/produkt\/reinigungsbuerste-messing\/\"]}]},{\"@type\":\"ImageObject\",\"inLanguage\":\"de\",\"@id\":\"https:\/\/jobo-borstels.dapprgemaakt.nl\/de\/produkt\/reinigungsbuerste-messing\/#primaryimage\",\"url\":\"https:\/\/jobo-borstels.dapprgemaakt.nl\/wp-content\/uploads\/2023\/05\/Wissers-groep-messing-2.jpg\",\"contentUrl\":\"https:\/\/jobo-borstels.dapprgemaakt.nl\/wp-content\/uploads\/2023\/05\/Wissers-groep-messing-2.jpg\",\"width\":2000,\"height\":1333,\"caption\":\"messing reinigingsborstels\"},{\"@type\":\"BreadcrumbList\",\"@id\":\"https:\/\/jobo-borstels.dapprgemaakt.nl\/de\/produkt\/reinigungsbuerste-messing\/#breadcrumb\",\"itemListElement\":[{\"@type\":\"ListItem\",\"position\":1,\"name\":\"Home\",\"item\":\"https:\/\/besenundbuersten.de\/\"},{\"@type\":\"ListItem\",\"position\":2,\"name\":\"Produkte\",\"item\":\"https:\/\/jobo-borstels.dapprgemaakt.nl\/de\/shop\/\"},{\"@type\":\"ListItem\",\"position\":3,\"name\":\"Reinigungsb\u00fcrste Messing\"}]},{\"@type\":\"WebSite\",\"@id\":\"https:\/\/jobo-borstels.dapprgemaakt.nl\/de\/#website\",\"url\":\"https:\/\/jobo-borstels.dapprgemaakt.nl\/de\/\",\"name\":\"Jobo Borstelfabriek\",\"description\":\"\",\"potentialAction\":[{\"@type\":\"SearchAction\",\"target\":{\"@type\":\"EntryPoint\",\"urlTemplate\":\"https:\/\/jobo-borstels.dapprgemaakt.nl\/de\/?s={search_term_string}\"},\"query-input\":{\"@type\":\"PropertyValueSpecification\",\"valueRequired\":true,\"valueName\":\"search_term_string\"}}],\"inLanguage\":\"de\"}]}<\/script>\n<!-- \/ Yoast SEO plugin. -->","yoast_head_json":{"title":"Reinigungsb\u00fcrste Messing - Jobo Borstelfabriek","robots":{"index":"noindex","follow":"follow","max-snippet":"max-snippet:-1","max-image-preview":"max-image-preview:large","max-video-preview":"max-video-preview:-1"},"og_locale":"de_DE","og_type":"article","og_title":"Reinigungsb\u00fcrste Messing - Jobo Borstelfabriek","og_description":"Rundb\u00fcrsten aus Messing eignen sich hervorragend f\u00fcr leichte industrielle Anwendungen wie das sanfte Entgraten, Polieren und Reinigen von Metallen, ohne die Oberfl\u00e4che zu besch\u00e4digen.","og_url":"https:\/\/jobo-borstels.dapprgemaakt.nl\/de\/produkt\/reinigungsbuerste-messing\/","og_site_name":"Jobo Borstelfabriek","article_modified_time":"2024-07-12T09:09:20+00:00","og_image":[{"width":2000,"height":1333,"url":"https:\/\/jobo-borstels.dapprgemaakt.nl\/wp-content\/uploads\/2023\/05\/Wissers-groep-messing-2.jpg","type":"image\/jpeg"}],"twitter_card":"summary_large_image","twitter_misc":{"Gesch\u00e4tzte Lesezeit":"1\u00a0Minute"},"schema":{"@context":"https:\/\/schema.org","@graph":[{"@type":"WebPage","@id":"https:\/\/jobo-borstels.dapprgemaakt.nl\/de\/produkt\/reinigungsbuerste-messing\/","url":"https:\/\/jobo-borstels.dapprgemaakt.nl\/de\/produkt\/reinigungsbuerste-messing\/","name":"Reinigungsb\u00fcrste Messing - Jobo Borstelfabriek","isPartOf":{"@id":"https:\/\/jobo-borstels.dapprgemaakt.nl\/de\/#website"},"primaryImageOfPage":{"@id":"https:\/\/jobo-borstels.dapprgemaakt.nl\/de\/produkt\/reinigungsbuerste-messing\/#primaryimage"},"image":{"@id":"https:\/\/jobo-borstels.dapprgemaakt.nl\/de\/produkt\/reinigungsbuerste-messing\/#primaryimage"},"thumbnailUrl":"https:\/\/jobo-borstels.dapprgemaakt.nl\/wp-content\/uploads\/2023\/05\/Wissers-groep-messing-2.jpg","datePublished":"2023-05-30T11:15:31+00:00","dateModified":"2024-07-12T09:09:20+00:00","breadcrumb":{"@id":"https:\/\/jobo-borstels.dapprgemaakt.nl\/de\/produkt\/reinigungsbuerste-messing\/#breadcrumb"},"inLanguage":"de","potentialAction":[{"@type":"ReadAction","target":["https:\/\/jobo-borstels.dapprgemaakt.nl\/de\/produkt\/reinigungsbuerste-messing\/"]}]},{"@type":"ImageObject","inLanguage":"de","@id":"https:\/\/jobo-borstels.dapprgemaakt.nl\/de\/produkt\/reinigungsbuerste-messing\/#primaryimage","url":"https:\/\/jobo-borstels.dapprgemaakt.nl\/wp-content\/uploads\/2023\/05\/Wissers-groep-messing-2.jpg","contentUrl":"https:\/\/jobo-borstels.dapprgemaakt.nl\/wp-content\/uploads\/2023\/05\/Wissers-groep-messing-2.jpg","width":2000,"height":1333,"caption":"messing reinigingsborstels"},{"@type":"BreadcrumbList","@id":"https:\/\/jobo-borstels.dapprgemaakt.nl\/de\/produkt\/reinigungsbuerste-messing\/#breadcrumb","itemListElement":[{"@type":"ListItem","position":1,"name":"Home","item":"https:\/\/besenundbuersten.de\/"},{"@type":"ListItem","position":2,"name":"Produkte","item":"https:\/\/jobo-borstels.dapprgemaakt.nl\/de\/shop\/"},{"@type":"ListItem","position":3,"name":"Reinigungsb\u00fcrste Messing"}]},{"@type":"WebSite","@id":"https:\/\/jobo-borstels.dapprgemaakt.nl\/de\/#website","url":"https:\/\/jobo-borstels.dapprgemaakt.nl\/de\/","name":"Jobo Borstelfabriek","description":"","potentialAction":[{"@type":"SearchAction","target":{"@type":"EntryPoint","urlTemplate":"https:\/\/jobo-borstels.dapprgemaakt.nl\/de\/?s={search_term_string}"},"query-input":{"@type":"PropertyValueSpecification","valueRequired":true,"valueName":"search_term_string"}}],"inLanguage":"de"}]}},"_links":{"self":[{"href":"https:\/\/jobo-borstels.dapprgemaakt.nl\/de\/wp-json\/wp\/v2\/product\/2750","targetHints":{"allow":["GET"]}}],"collection":[{"href":"https:\/\/jobo-borstels.dapprgemaakt.nl\/de\/wp-json\/wp\/v2\/product"}],"about":[{"href":"https:\/\/jobo-borstels.dapprgemaakt.nl\/de\/wp-json\/wp\/v2\/types\/product"}],"wp:featuredmedia":[{"embeddable":true,"href":"https:\/\/jobo-borstels.dapprgemaakt.nl\/de\/wp-json\/wp\/v2\/media\/1526"}],"wp:attachment":[{"href":"https:\/\/jobo-borstels.dapprgemaakt.nl\/de\/wp-json\/wp\/v2\/media?parent=2750"}],"wp:term":[{"taxonomy":"product_cat","embeddable":true,"href":"https:\/\/jobo-borstels.dapprgemaakt.nl\/de\/wp-json\/wp\/v2\/product_cat?post=2750"},{"taxonomy":"product_tag","embeddable":true,"href":"https:\/\/jobo-borstels.dapprgemaakt.nl\/de\/wp-json\/wp\/v2\/product_tag?post=2750"}],"curies":[{"name":"wp","href":"https:\/\/api.w.org\/{rel}","templated":true}]}}